{"id":104,"date":"2023-06-06T00:16:48","date_gmt":"2023-06-05T22:16:48","guid":{"rendered":"https:\/\/hoyre.no\/vestvagoy\/?page_id=104"},"modified":"2023-06-06T17:59:35","modified_gmt":"2023-06-06T15:59:35","slug":"naering","status":"publish","type":"page","link":"https:\/\/hoyre.no\/vestvagoy\/politikk\/naering\/","title":{"rendered":"N\u00e6ring"},"content":{"rendered":"\n<div class=\"wp-block-hoyre-hero with-image-gradient text-color-light  has-media alignfull has-background\"><div class=\"hoyre-hero has-image\"><h1 class=\"title\">N\u00e6ring<\/h1><p class=\"preamble\">Det er verdien av arbeid som gir velferd, derfor vil vi tilrettelegge for at det skapes flere arbeidsplasser i hele kommunen<\/p>\t\t\t<div class=\"post-meta wp-block teft-byline-wrapper\">\n\t\t\t\t<div class=\"top\">\n\t\t\t\t\t<div class=\"signature\">\n\t\t\t\t\t\t<div class=\"teft-byline\">\n\t\t\t\t\t\t\t\t\t\t\t\t\t\t<div>\n\t\t\t\t\t\t\t\t<h3>H\u00f8yres redaksjon<\/h3>\t\t\t\t\t\t\t\t\n\t\t\t\t\t\t\t\t\t\t\t\t\t\t\t\t\t<span class=\"date\">Sist oppdatert: 6. juni 2023<\/span>\n\t\t\t\t\t\t\t\t\t\t\t\t\t\t\t\t\t\t\t\t\t\t\t\t\t<span class=\"reading-time\" itemprop=\"timeRequired\" content=\"PT4M\"><em>Ca. 4 minutter lesetid<\/em><\/span>\n\t\t\t\t\t\t\t\t\t\t\t\t\t\t\t<\/div>\n\t\t\t\t\t\t<\/div>\n\t\t\t\t\t<\/div>\n\t\t\t\t\t\t<div class=\"sharing\">\n\t\t<a class=\"share-button share-link copy-link\" data-copy=\"https:\/\/hoyre.no\/vestvagoy\/politikk\/naering\/\" target=\"_blank\"><span class=\"screen-reader-text\">Del link<\/span><\/a>\n\t\t<a class=\"share-button share-twitter\" href=\"http:\/\/twitter.com\/share?text=N\u00e6ring&#038;url=https:\/\/hoyre.no\/vestvagoy\/politikk\/naering\/&#038;hashtags=Hoyre\" target=\"_blank\"><span class=\"screen-reader-text\">Del p\u00e5 twitter<\/span><\/a>\n\t\t<a class=\"share-button share-facebook\" href=\"https:\/\/www.facebook.com\/sharer\/sharer.php?u=https:\/\/hoyre.no\/vestvagoy\/politikk\/naering\/\" target=\"_blank\"><span class=\"screen-reader-text\">Del p\u00e5 facebook<\/span><\/a>\n\t<\/div>\n\t\t\t\t\t<\/div>\n\t\t\t<\/div>\n\n\t\t\t<figure class=\"hoyre-image-wrapper\"><div class=\"hoyre-image\"><img loading=\"lazy\" decoding=\"async\" width=\"2500\" height=\"1667\" src=\"https:\/\/hoyre.no\/content\/uploads\/sites\/118\/2023\/06\/GettyImages-1210182430-scaled.jpg\" class=\"attachment-scaled size-scaled\" alt=\"\" style=\"object-position: 51% 36%\" srcset=\"https:\/\/hoyre.no\/content\/uploads\/sites\/118\/2023\/06\/GettyImages-1210182430-scaled.jpg 2500w, https:\/\/hoyre.no\/content\/uploads\/sites\/118\/2023\/06\/GettyImages-1210182430-300x200.jpg 300w, https:\/\/hoyre.no\/content\/uploads\/sites\/118\/2023\/06\/GettyImages-1210182430-1024x683.jpg 1024w, https:\/\/hoyre.no\/content\/uploads\/sites\/118\/2023\/06\/GettyImages-1210182430-768x512.jpg 768w, https:\/\/hoyre.no\/content\/uploads\/sites\/118\/2023\/06\/GettyImages-1210182430-1536x1024.jpg 1536w, https:\/\/hoyre.no\/content\/uploads\/sites\/118\/2023\/06\/GettyImages-1210182430-2048x1365.jpg 2048w\" sizes=\"auto, (max-width: 2500px) 100vw, 2500px\" \/><\/div><\/figure><\/div><\/div>\n\n\n\n\n<p>H\u00f8yre vil f\u00f8re en n\u00e6ringspolitikk som bidrar til \u00e5 skape mer og inkludere flere. Det er verdien av arbeid som gir velferd, derfor vil vi tilrettelegge for at det skapes flere arbeidsplasser i hele kommunen. Fiskeri- og sj\u00f8matsn\u00e6ringen er blant Norges viktigste fremtidsn\u00e6ringer og bidrar til verdiskaping og sysselsetting i hele landet. H\u00f8yre vil legge til rette for at n\u00e6ringen fortsatt skal vokse og utvikle seg. Vestv\u00e5g\u00f8y H\u00f8yre mener at kommunen har et stort potensial for \u00e5 skape arbeidsplasser gjennom hel\u00e5rsturisme og \u00f8kt verdiskaping ved \u00e5 legge til rette for kvalitetsturisme hvor un\u00f8dig slitasje og fors\u00f8pling forebygges. Vi \u00f8nsker \u00e5 tilrettelegge for at bonden som selvstendig n\u00e6ringsdrivende f\u00e5r st\u00f8rre mulighet for l\u00f8nnsom drift, blant annet gjennom \u00e5 kunne investere i og utnytte egen eiendom.<\/p>\n\n\n\n<h3 class=\"wp-block-heading\">Arbeide for \u00e5 sikre gode havneforhold i Vestv\u00e5g\u00f8y<\/h3>\n\n\n\n<p>Vestv\u00e5g\u00f8y Kommune er Norges nest st\u00f8rste fiskerikommune. Vestv\u00e5g\u00f8y H\u00f8yre er en garantist for at reguleringsplan for Ballstad havn ferdigstilles.<\/p>\n\n\n\n<p>Vestv\u00e5g\u00f8y H\u00f8yre vil jobbe aktivt for \u00e5 bidra til at Ballstad havn blir utdypet slik at det kan legges til rette for positiv utvikling innenfor fiskeri og relaterte n\u00e6ringer.<\/p>\n\n\n\n<p>Vestv\u00e5g\u00f8y H\u00f8yre vil prioritere \u00e5 styrke og utvikle Leknes havn som Lofotens foretrukne cruisehavn med gode fasiliteter, og utvikle Leknes havn som n\u00f8dhavn for Lofoten.<\/p>\n\n\n\n<p>Vestv\u00e5g\u00f8y H\u00f8yre vil arbeide for at en fremtidig kystgodsrute anl\u00f8per Leknes havn.<\/p>\n\n\n\n<h3 class=\"wp-block-heading\">Prioritere en aktiv satsing p\u00e5 reiselivsn\u00e6ringen<\/h3>\n\n\n\n<p>Vestv\u00e5g\u00f8y H\u00f8yre vil spille p\u00e5 lag med reiselivsn\u00e6ringen for \u00e5 sikre kompetanse, rekruttering og ei b\u00e6rekraftig utvikling av denne viktige n\u00e6ringen.<\/p>\n\n\n\n<p>Vestv\u00e5g\u00f8y H\u00f8yre vil prioritere \u00f8kt tilrettelegging med n\u00f8dvendig infrastruktur i Vestv\u00e5g\u00f8y, og i Lofoten, for \u00e5 im\u00f8tekomme og forsterke den positive utviklingen innenfor reiseliv og turisme. Vi er positive til turistskatt\/bes\u00f8ksbidrag, og vi \u00f8nsker at disse midlene skal forvaltes gjennom et eget interkommunalt selskap.<\/p>\n\n\n\n<p>Vestv\u00e5g\u00f8y H\u00f8yre vil vurdere opprettelse av en ny n\u00e6ringskomite (fiskeri, landbruk, reiseliv, handel) for utvikling og samhandling med administrasjonen.<\/p>\n\n\n\n<p>Vi \u00f8nsker \u00e5 st\u00f8tte H\u00f8stvekka, slik at den kan utvikle seg til \u00e5 bli en viktig kultur-, kunnskaps- og n\u00e6ringsfestival som settes p\u00e5 kartet nasjonalt.<\/p>\n\n\n\n<h3 class=\"wp-block-heading\">Videreutvikle fiskeri og havbruk<\/h3>\n\n\n\n<p>Vestv\u00e5g\u00f8y H\u00f8yre vil jobbe aktivt for \u00e5 videreutvikle fiskeri- og havbruksn\u00e6ringen for \u00e5 sikre rekruttering, l\u00e6rlingeplasser, og at alle fiskerihavnene i kommunen ivaretas.<\/p>\n\n\n\n<p>Vi \u00f8nsker mer foredling lokalt, og vil arbeide aktivt sammen med n\u00e6ringen for \u00e5 f\u00e5 til dette. Havbruksn\u00e6ringen er Norges nest st\u00f8rste eksportn\u00e6ring, og Vestv\u00e5g\u00f8y H\u00f8yre \u00f8nsker \u00e5 legge til rette for at de etablerte akt\u00f8rene i kommunen kan fortsette sin positive utvikling, gjerne i kombinasjon og samhandling med nyetableringer.<\/p>\n\n\n\n<p>Kystsoneplanen m\u00e5 revideres slik at vi tilrettelegger for utvikling innenfor fiskeri, havbruk og andre sj\u00f8relaterte n\u00e6ringer\/marin sektor.<\/p>\n\n\n\n<p>Vestv\u00e5g\u00f8y H\u00f8yre skal jobbe aktivt for \u00e5 fremme Vestv\u00e5g\u00f8y som en attraktiv kommune for investeringer fra det Europeiske markedet inn mot maritim n\u00e6ring.<\/p>\n\n\n\n<h3 class=\"wp-block-heading\">Sikre gode rammebetingelser for landbruk<\/h3>\n\n\n\n<p>Vestv\u00e5g\u00f8y H\u00f8yre er positiv til tiltak som reduserer andelen leiejord.<\/p>\n\n\n\n<p>Vi vil v\u00e6re en p\u00e5driver for effektiv saksbehandling med tanke p\u00e5 nydyrking, utbygging og overdragelse av drift.<\/p>\n\n\n\n<p>Vestv\u00e5g\u00f8y H\u00f8yre \u00f8nsker \u00e5 samarbeide tett med landbruket for \u00e5 sikre gode rammebetingelser som gj\u00f8re det attraktivt \u00e5 utvikle g\u00e5rdene, ogs\u00e5 som et viktig tiltak for rekrutteringen til n\u00e6ringen.<\/p>\n\n\n\n<p>Vestv\u00e5g\u00f8y H\u00f8yre \u00f8nsker \u00e5 styrke samhandlingen mellom landbruket og reiseliv for en b\u00e6rekraftig utvikling av begge n\u00e6ringene.&nbsp;<\/p>\n\n\n\n<p>I Vestv\u00e5g\u00f8y har vi mange dyktige lokalmatprodusenter, og vi \u00f8nsker \u00e5 legge til rette for videre utvikling og vekst for de eksisterende, samt stimulere, via blant annet n\u00e6ringsfondet, til at nye produsenter etablerer seg i kommunen.<\/p>\n\n\n\n<h3 class=\"wp-block-heading\">Styrke n\u00e6ringssamarbeid og st\u00f8tte gr\u00fcndermilj\u00f8<\/h3>\n\n\n\n<p>Vestv\u00e5g\u00f8y H\u00f8yre \u00f8nsker \u00e5 spille p\u00e5 lag med den private handels- og servicen\u00e6ringen, herunder ogs\u00e5 \u00e5 sikre et godt samspill med kommunen for \u00e5 styrke og utvikle Leknes som regionens st\u00f8rste handelssenter.<\/p>\n\n\n\n<p>Vestv\u00e5g\u00f8y H\u00f8yre vil arbeide for \u00e5 inspirere lokale bedrifter til \u00e5 vokse ut i et globalt marked, samle lokale ressurser til et yrende gr\u00fcndermilj\u00f8, samt inspirere gr\u00fcndere til \u00e5 \u00f8ke egen synlighet.<\/p>\n\n\n\n<p>Vi vil arbeide aktivt for \u00e5 skaffe flere l\u00e6rlinger og l\u00e6rlingeplasser, s\u00e6rlig innenfor bygg- og anleggsbransjen, slik at det kan utdannes flere fagarbeidere p\u00e5 litt lengre sikt. For \u00e5 lykkes med dette vil Vestv\u00e5g\u00f8y H\u00f8yre samarbeide tett med blant andre oppl\u00e6ringskontor og n\u00e6ringen selv for \u00e5 finne treffsikre tiltak.<\/p>\n\n\n\n<p>Vestv\u00e5g\u00f8y H\u00f8yre vil s\u00f8rge for at det reguleres og klargj\u00f8res mer n\u00e6ringsareal i kommunen, gjerne i samarbeid mellom kommunen, grunneiere og n\u00e6ringsakt\u00f8rer. Vi vil arbeide aktivt for \u00e5 beholde og f\u00e5 etablert flere statlige- og fylkeskommunale arbeidsplasser i kommunen som f\u00f8lge av regionreformen, med m\u00e5l om \u00e5 realisere et Statens hus i Vestv\u00e5g\u00f8y<\/p>\n\n\n\n<div class=\"wp-block-buttons is-layout-flex wp-block-buttons-is-layout-flex\">\n<div class=\"wp-block-button\"><a class=\"wp-block-button__link\" href=\"https:\/\/hoyre.no\/vestvagoy\/politikk\/\">Tilbake til politikk<\/a><\/div>\n<\/div>\n\n","protected":false},"excerpt":{"rendered":"","protected":false},"author":41535,"featured_media":0,"parent":37,"menu_order":0,"comment_status":"closed","ping_status":"closed","template":"","meta":{"teft_cards_image_url":"","teft_cards_custom_pretitle":"","teft_cards_image_id":105,"teft_cards_image_focal_point_x":0.5,"teft_cards_image_focal_point_y":0.5,"teft_cards_title":"","teft_cards_excerpt":"","teft_show_chapters":false,"footnotes":""},"class_list":["post-104","page","type-page","status-publish","hentry"],"yoast_head":"<!-- This site is optimized with the Yoast SEO plugin v26.6 - https:\/\/yoast.com\/wordpress\/plugins\/seo\/ -->\n<title>N\u00e6ring - Vestv\u00e5g\u00f8y H\u00f8yre<\/title>\n<meta name=\"robots\" content=\"index, follow, max-snippet:-1, max-image-preview:large, max-video-preview:-1\" \/>\n<link rel=\"canonical\" href=\"https:\/\/hoyre.no\/vestvagoy\/politikk\/naering\/\" \/>\n<meta property=\"og:locale\" content=\"nb_NO\" \/>\n<meta property=\"og:type\" content=\"article\" \/>\n<meta property=\"og:title\" content=\"N\u00e6ring - Vestv\u00e5g\u00f8y H\u00f8yre\" \/>\n<meta property=\"og:url\" content=\"https:\/\/hoyre.no\/vestvagoy\/politikk\/naering\/\" \/>\n<meta property=\"og:site_name\" content=\"Vestv\u00e5g\u00f8y H\u00f8yre\" \/>\n<meta property=\"article:modified_time\" content=\"2023-06-06T15:59:35+00:00\" \/>\n<meta property=\"og:image\" content=\"https:\/\/hoyre.no\/content\/uploads\/sites\/118\/2023\/06\/GettyImages-1210182430-1024x683.jpg\" \/>\n<meta name=\"twitter:card\" content=\"summary_large_image\" \/>\n<meta name=\"twitter:label1\" content=\"Ansl. lesetid\" \/>\n\t<meta name=\"twitter:data1\" content=\"5 minutter\" \/>\n<script type=\"application\/ld+json\" class=\"yoast-schema-graph\">{\"@context\":\"https:\/\/schema.org\",\"@graph\":[{\"@type\":\"WebPage\",\"@id\":\"https:\/\/hoyre.no\/vestvagoy\/politikk\/naering\/\",\"url\":\"https:\/\/hoyre.no\/vestvagoy\/politikk\/naering\/\",\"name\":\"N\u00e6ring - Vestv\u00e5g\u00f8y H\u00f8yre\",\"isPartOf\":{\"@id\":\"https:\/\/hoyre.no\/vestvagoy\/#website\"},\"datePublished\":\"2023-06-05T22:16:48+00:00\",\"dateModified\":\"2023-06-06T15:59:35+00:00\",\"breadcrumb\":{\"@id\":\"https:\/\/hoyre.no\/vestvagoy\/politikk\/naering\/#breadcrumb\"},\"inLanguage\":\"nb-NO\",\"potentialAction\":[{\"@type\":\"ReadAction\",\"target\":[\"https:\/\/hoyre.no\/vestvagoy\/politikk\/naering\/\"]}]},{\"@type\":\"BreadcrumbList\",\"@id\":\"https:\/\/hoyre.no\/vestvagoy\/politikk\/naering\/#breadcrumb\",\"itemListElement\":[{\"@type\":\"ListItem\",\"position\":1,\"name\":\"Til hoyre.no\",\"item\":\"https:\/\/hoyre.no\"},{\"@type\":\"ListItem\",\"position\":2,\"name\":\"Hjem\",\"item\":\"https:\/\/hoyre.no\/vestvagoy\/\"},{\"@type\":\"ListItem\",\"position\":3,\"name\":\"Politikk\",\"item\":\"https:\/\/hoyre.no\/vestvagoy\/politikk\/\"},{\"@type\":\"ListItem\",\"position\":4,\"name\":\"N\u00e6ring\"}]},{\"@type\":\"WebSite\",\"@id\":\"https:\/\/hoyre.no\/vestvagoy\/#website\",\"url\":\"https:\/\/hoyre.no\/vestvagoy\/\",\"name\":\"Vestv\u00e5g\u00f8y H\u00f8yre\",\"description\":\"Bare enda et H\u00f8yres nettsteder-nettsted\",\"inLanguage\":\"nb-NO\"}]}<\/script>\n<!-- \/ Yoast SEO plugin. -->","yoast_head_json":{"title":"N\u00e6ring - Vestv\u00e5g\u00f8y H\u00f8yre","robots":{"index":"index","follow":"follow","max-snippet":"max-snippet:-1","max-image-preview":"max-image-preview:large","max-video-preview":"max-video-preview:-1"},"canonical":"https:\/\/hoyre.no\/vestvagoy\/politikk\/naering\/","og_locale":"nb_NO","og_type":"article","og_title":"N\u00e6ring - Vestv\u00e5g\u00f8y H\u00f8yre","og_url":"https:\/\/hoyre.no\/vestvagoy\/politikk\/naering\/","og_site_name":"Vestv\u00e5g\u00f8y H\u00f8yre","article_modified_time":"2023-06-06T15:59:35+00:00","og_image":[{"url":"https:\/\/hoyre.no\/content\/uploads\/sites\/118\/2023\/06\/GettyImages-1210182430-1024x683.jpg","width":"","height":"","type":""}],"twitter_card":"summary_large_image","twitter_misc":{"Ansl. lesetid":"5 minutter"},"schema":{"@context":"https:\/\/schema.org","@graph":[{"@type":"WebPage","@id":"https:\/\/hoyre.no\/vestvagoy\/politikk\/naering\/","url":"https:\/\/hoyre.no\/vestvagoy\/politikk\/naering\/","name":"N\u00e6ring - Vestv\u00e5g\u00f8y H\u00f8yre","isPartOf":{"@id":"https:\/\/hoyre.no\/vestvagoy\/#website"},"datePublished":"2023-06-05T22:16:48+00:00","dateModified":"2023-06-06T15:59:35+00:00","breadcrumb":{"@id":"https:\/\/hoyre.no\/vestvagoy\/politikk\/naering\/#breadcrumb"},"inLanguage":"nb-NO","potentialAction":[{"@type":"ReadAction","target":["https:\/\/hoyre.no\/vestvagoy\/politikk\/naering\/"]}]},{"@type":"BreadcrumbList","@id":"https:\/\/hoyre.no\/vestvagoy\/politikk\/naering\/#breadcrumb","itemListElement":[{"@type":"ListItem","position":1,"name":"Til hoyre.no","item":"https:\/\/hoyre.no"},{"@type":"ListItem","position":2,"name":"Hjem","item":"https:\/\/hoyre.no\/vestvagoy\/"},{"@type":"ListItem","position":3,"name":"Politikk","item":"https:\/\/hoyre.no\/vestvagoy\/politikk\/"},{"@type":"ListItem","position":4,"name":"N\u00e6ring"}]},{"@type":"WebSite","@id":"https:\/\/hoyre.no\/vestvagoy\/#website","url":"https:\/\/hoyre.no\/vestvagoy\/","name":"Vestv\u00e5g\u00f8y H\u00f8yre","description":"Bare enda et H\u00f8yres nettsteder-nettsted","inLanguage":"nb-NO"}]}},"distributor_meta":false,"distributor_terms":false,"distributor_media":false,"distributor_original_site_name":"Vestv\u00e5g\u00f8y H\u00f8yre","distributor_original_site_url":"https:\/\/hoyre.no\/vestvagoy","push-errors":false,"_links":{"self":[{"href":"https:\/\/hoyre.no\/vestvagoy\/wp-json\/wp\/v2\/pages\/104","targetHints":{"allow":["GET"]}}],"collection":[{"href":"https:\/\/hoyre.no\/vestvagoy\/wp-json\/wp\/v2\/pages"}],"about":[{"href":"https:\/\/hoyre.no\/vestvagoy\/wp-json\/wp\/v2\/types\/page"}],"author":[{"embeddable":true,"href":"https:\/\/hoyre.no\/vestvagoy\/wp-json\/wp\/v2\/users\/41535"}],"replies":[{"embeddable":true,"href":"https:\/\/hoyre.no\/vestvagoy\/wp-json\/wp\/v2\/comments?post=104"}],"version-history":[{"count":2,"href":"https:\/\/hoyre.no\/vestvagoy\/wp-json\/wp\/v2\/pages\/104\/revisions"}],"predecessor-version":[{"id":132,"href":"https:\/\/hoyre.no\/vestvagoy\/wp-json\/wp\/v2\/pages\/104\/revisions\/132"}],"up":[{"embeddable":true,"href":"https:\/\/hoyre.no\/vestvagoy\/wp-json\/wp\/v2\/pages\/37"}],"wp:attachment":[{"href":"https:\/\/hoyre.no\/vestvagoy\/wp-json\/wp\/v2\/media?parent=104"}],"curies":[{"name":"wp","href":"https:\/\/api.w.org\/{rel}","templated":true}]}}