{"id":150,"date":"2023-09-29T15:07:05","date_gmt":"2023-09-29T13:07:05","guid":{"rendered":"https:\/\/hoyre.no\/vestvagoy\/?page_id=150"},"modified":"2023-09-29T15:11:50","modified_gmt":"2023-09-29T13:11:50","slug":"forandring-til-det-bedre","status":"publish","type":"page","link":"https:\/\/hoyre.no\/vestvagoy\/forandring-til-det-bedre\/","title":{"rendered":"Forandring til det bedre"},"content":{"rendered":"\n<div class=\"wp-block-hoyre-hero with-image-gradient text-color-light  has-media alignfull has-background\"><div class=\"hoyre-hero has-image\"><h1 class=\"title\">Forandring til det bedre<\/h1><p class=\"preamble\">V\u00e5rt m\u00e5l er at det politiske skiftet skal f\u00f8re til at Vestv\u00e5g\u00f8y fremst\u00e5r som en \u00abja-kommune\u00bb med h\u00f8y tillit og godt omd\u00f8mme, og som legger til rette for utvikling og bosetting.<br>\u00a0<br>Vi vil gjennom \u00e5pne og ryddige prosesser legge til rette for et konstruktivt samarbeid med administrasjonen, og et sterkere fellesskap p\u00e5 tvers av politiske skillelinjer i kommunestyret.<\/p>\t\t\t<div class=\"post-meta wp-block teft-byline-wrapper\">\n\t\t\t\t<div class=\"top\">\n\t\t\t\t\t<div class=\"signature\">\n\t\t\t\t\t\t<div class=\"teft-byline\">\n\t\t\t\t\t\t\t\t\t\t\t\t\t\t<div>\n\t\t\t\t\t\t\t\t<h3>H\u00f8yres redaksjon<\/h3>\t\t\t\t\t\t\t\t\n\t\t\t\t\t\t\t\t\t\t\t\t\t\t\t\t\t<span class=\"date\">Sist oppdatert: 29. september 2023<\/span>\n\t\t\t\t\t\t\t\t\t\t\t\t\t\t\t\t\t\t\t\t\t\t\t\t\t<span class=\"reading-time\" itemprop=\"timeRequired\" content=\"PT8M\"><em>Ca. 8 minutter lesetid<\/em><\/span>\n\t\t\t\t\t\t\t\t\t\t\t\t\t\t\t<\/div>\n\t\t\t\t\t\t<\/div>\n\t\t\t\t\t<\/div>\n\t\t\t\t\t\t<div class=\"sharing\">\n\t\t<a class=\"share-button share-link copy-link\" data-copy=\"https:\/\/hoyre.no\/vestvagoy\/forandring-til-det-bedre\/\" target=\"_blank\"><span class=\"screen-reader-text\">Del link<\/span><\/a>\n\t\t<a class=\"share-button share-twitter\" href=\"http:\/\/twitter.com\/share?text=Forandring til det bedre&#038;url=https:\/\/hoyre.no\/vestvagoy\/forandring-til-det-bedre\/&#038;hashtags=Hoyre\" target=\"_blank\"><span class=\"screen-reader-text\">Del p\u00e5 twitter<\/span><\/a>\n\t\t<a class=\"share-button share-facebook\" href=\"https:\/\/www.facebook.com\/sharer\/sharer.php?u=https:\/\/hoyre.no\/vestvagoy\/forandring-til-det-bedre\/\" target=\"_blank\"><span class=\"screen-reader-text\">Del p\u00e5 facebook<\/span><\/a>\n\t<\/div>\n\t\t\t\t\t<\/div>\n\t\t\t<\/div>\n\n\t\t\t<figure class=\"hoyre-image-wrapper\"><div class=\"hoyre-image\"><img loading=\"lazy\" decoding=\"async\" width=\"2500\" height=\"1667\" src=\"https:\/\/hoyre.no\/content\/uploads\/sites\/118\/2023\/09\/uttakleiv-beach-aerial-02-2023-03-01-02-55-53-utc-scaled.jpg\" class=\"attachment-scaled size-scaled\" alt=\"\" style=\"object-position: 50% 50%\" srcset=\"https:\/\/hoyre.no\/content\/uploads\/sites\/118\/2023\/09\/uttakleiv-beach-aerial-02-2023-03-01-02-55-53-utc-scaled.jpg 2500w, https:\/\/hoyre.no\/content\/uploads\/sites\/118\/2023\/09\/uttakleiv-beach-aerial-02-2023-03-01-02-55-53-utc-300x200.jpg 300w, https:\/\/hoyre.no\/content\/uploads\/sites\/118\/2023\/09\/uttakleiv-beach-aerial-02-2023-03-01-02-55-53-utc-1024x683.jpg 1024w, https:\/\/hoyre.no\/content\/uploads\/sites\/118\/2023\/09\/uttakleiv-beach-aerial-02-2023-03-01-02-55-53-utc-768x512.jpg 768w, https:\/\/hoyre.no\/content\/uploads\/sites\/118\/2023\/09\/uttakleiv-beach-aerial-02-2023-03-01-02-55-53-utc-1536x1024.jpg 1536w, https:\/\/hoyre.no\/content\/uploads\/sites\/118\/2023\/09\/uttakleiv-beach-aerial-02-2023-03-01-02-55-53-utc-2048x1365.jpg 2048w\" sizes=\"auto, (max-width: 2500px) 100vw, 2500px\" \/><\/div><\/figure><\/div><\/div>\n\n\n\n\n<h1 class=\"wp-block-heading\"><a>Innledning<\/a><\/h1>\n\n\n\n<p>Vestv\u00e5g\u00f8y Fremskrittsparti, Vestv\u00e5g\u00f8y H\u00f8yre og Vestv\u00e5g\u00f8y Kristelig Folkeparti har kommet til enighet om \u00e5 danne en flertallskoalisjon for kommunestyreperioden 2023-2027.<\/p>\n\n\n\n<p>Samarbeidet tar utgangspunkt i partienes liberalistiske, konservative og kristendemokratiske politikk som gir st\u00f8rre frihet for enkeltmennesket, en enklere hverdag, mer nestekj\u00e6rlighet og et st\u00f8rre forvalteransvar for den enkelte.<\/p>\n\n\n\n<p>V\u00e5rt m\u00e5l er at det politiske skiftet skal f\u00f8re til at Vestv\u00e5g\u00f8y fremst\u00e5r som en \u00abja-kommune\u00bb med h\u00f8y tillit og godt omd\u00f8mme, og som legger til rette for utvikling og bosetting.<\/p>\n\n\n\n<p>Vi vil gjennom \u00e5pne og ryddige prosesser legge til rette for et konstruktivt samarbeid med administrasjonen, og et sterkere fellesskap p\u00e5 tvers av politiske skillelinjer i kommunestyret.<\/p>\n\n\n\n<p>De tre partiene har i valgkampen benyttet mottoet \u00abTa hele \u00f8ya i bruk\u00bb (FrP), \u00abMuligheter for alle\u00bb (H) og \u00abSammen for et varmere felleskap\u00bb (KrF). V\u00e5rt felles motto vil v\u00e6re; \u00abForandring til det bedre\u00bb.<\/p>\n\n\n\n<h1 class=\"wp-block-heading\"><a>Fordeling av verv og politisk organisering.<\/a><\/h1>\n\n\n\n<ul class=\"wp-block-list\">\n<li><strong>Jonny Finstad<\/strong> fra <strong>H\u00f8yre<\/strong> blir ordf\u00f8rer.<\/li>\n\n\n\n<li><strong>P\u00e5l Kr\u00fcger<\/strong> fra <strong>Frp<\/strong> blir varaordf\u00f8rer.&nbsp;<\/li>\n\n\n\n<li><strong>Monica Kleffelg\u00e5rd Hartviksen<\/strong> fra <strong>Krf<\/strong>, frikj\u00f8pes tilsvarende ca 10% stilling til politisk arbeid. Stillingen finansieres innenfor folkevalgt budsjett.<\/li>\n\n\n\n<li>Frp f\u00e5r to <strong>formannskapsplasser<\/strong> &#8211; H\u00f8yre og Krf f\u00e5r en <strong>formannskapsplass<\/strong> hver.<\/li>\n\n\n\n<li>Frp f\u00e5r leder av forvaltningsutvalget- som skifter navn til <strong>utvalget for samfunn og teknikk<\/strong>, H\u00f8yre f\u00e5r nestleder.<\/li>\n\n\n\n<li>Frp f\u00e5r leder av <strong>valgnemnda<\/strong>, H\u00f8yre f\u00e5r nestleder.<\/li>\n\n\n\n<li>Frp f\u00e5r leder av nyopprettet <strong>utvalg for Helse, mestring og omsorg<\/strong>, H\u00f8yre f\u00e5r nestleder.<\/li>\n\n\n\n<li>H\u00f8yre f\u00e5r leder av nyopprettet <strong>utvalg for oppvekst, kultur og integrering<\/strong>, Krf f\u00e5r nestleder.<\/li>\n\n\n\n<li>H\u00f8yre f\u00e5r leder av <strong>administrasjonsutvalget<\/strong>, Frp f\u00e5r nestleder.<\/li>\n\n\n\n<li>Trafikksikkerhetsutvalget legges til formannskapet.<\/li>\n\n\n\n<li>Havneforvaltningen som i dag er lagt til formannskapet, skal utredes som eget utvalg, alternativt KF.<\/li>\n\n\n\n<li>Driftsutvalget legges ned og oppgavene fordeles p\u00e5 formannskap og \u00f8vrige utvalg.<\/li>\n\n\n\n<li>Gruppeleder for posisjonen blir H\u00f8yres gruppeleder.<\/li>\n\n\n\n<li>Det utarbeides nytt delegasjons og politisk reglement i tr\u00e5d med ny politisk organisering.<\/li>\n\n\n\n<li>Ny lokalisering av politisk ledelse p\u00e5 r\u00e5dhuset, samt opprettelse av politikerkontor til bruk for alle partier.<\/li>\n<\/ul>\n\n\n\n<h1 class=\"wp-block-heading\"><a>Politiske prioriteringer<\/a><\/h1>\n\n\n\n<h2 class=\"wp-block-heading\"><a>\u00d8konomi<\/a><\/h2>\n\n\n\n<ul class=\"wp-block-list\">\n<li>V\u00e5rt m\u00e5l er en <strong>sunn og forutsigbar kommune\u00f8konomi<\/strong>.<\/li>\n\n\n\n<li><strong>Eiendomsskatten reduseres med 5 millioner<\/strong> allerede fra og med 2024.&nbsp; Nedtaket skjer ved \u00e5 gjeninnf\u00f8re ordningen med et tidsbegrenset fritak p\u00e5 fem \u00e5r for nybygde boliger, samt \u00f8kt bunnfradrag.<\/li>\n\n\n\n<li>For selvkostomr\u00e5det holdes <strong>avgiftsniv\u00e5et p\u00e5 dagens niv\u00e5.<\/strong><\/li>\n\n\n\n<li>\u00d8kt fokus p\u00e5 <strong>samfunnsutvikling som gir \u00f8kte inntekte<\/strong>r.<\/li>\n<\/ul>\n\n\n\n<h2 class=\"wp-block-heading\"><a>Samferdsel<\/a><\/h2>\n\n\n\n<ul class=\"wp-block-list\">\n<li>Rutetilbudet med fly er altfor d\u00e5rlig. Opprette dialog med samferdselsdepartementet og fylkeskommunen for <strong>\u00e5 kreve et bedre rutetilbud<\/strong>. Involvere n\u00e6ringslivet generelt, og reiselivet spesielt.<\/li>\n\n\n\n<li>Ny og mer moderne <strong>flyplass<\/strong> p\u00e5 Leknes.<\/li>\n\n\n\n<li><strong>E10 <\/strong>m\u00e5 utbedres raskt.<\/li>\n\n\n\n<li><strong>Ballstad Havn<\/strong>. Det politiske arbeidet med \u00e5 f\u00e5 Ballstad Havn inn i NTP fortsetter.&nbsp; Samtidig vil vi utrede alternative gjennomf\u00f8ringsm\u00e5ter \/ finansieringsm\u00e5ter.<\/li>\n\n\n\n<li>Trafikksikkerheten ved skolene skal gjennomg\u00e5s og forbedres, herunder <strong>bygging av gang- og sykkelstier<\/strong>, minimum 2 km fra samtlige skoler.<\/li>\n\n\n\n<li>Forbedre trafikksikkerheten mellom <strong>Leknes Havn og Storeide<\/strong>, og generelt jobbe for fortgang i etablering av gang og sykkelveier.<\/li>\n<\/ul>\n\n\n\n<h2 class=\"wp-block-heading\"><a>Helse og omsorg<\/a><\/h2>\n\n\n\n<ul class=\"wp-block-list\">\n<li><strong>Lofoten sykehus videreutvikles<\/strong>, og m\u00e5 beholde f\u00f8detilbud, medisinsk- og akuttkirurgisk beredskap.<\/li>\n\n\n\n<li><strong>Styrke \u00abfrivillighetens\u00bb muligheter<\/strong> innenfor helse og omsorg.<\/li>\n\n\n\n<li>\u00ab<strong>Heltidskommunen<\/strong>\u00bb. \u00d8ke grunnbemanningen med flere heltidsstillinger og gode turnusordninger, jf FAFOs rapport \u00abDypdykk i deltidskulturen i fire S\u00f8rlandskommuner\u00bb.<\/li>\n\n\n\n<li>Utrede og gjennomf\u00f8re bygging av <strong>flere held\u00f8gns omsorgsboliger<\/strong>.<\/li>\n\n\n\n<li><strong>Sykehjemmet<\/strong> p\u00e5 Gravdal beholdes og utvikles.<\/li>\n\n\n\n<li><strong>Rehabilitering og hverdagsmestring<\/strong> styrkes slik at flere f\u00e5r bo hjemme.<\/li>\n\n\n\n<li>Helhetlig gjennomgang av <strong>rus og psykiatriomr\u00e5det<\/strong>, herunder forebygging og ettervern.<\/li>\n\n\n\n<li>Utredning av \u00ab<strong>Helsehus<\/strong>\u00bb med legetjenester og andre vitale helse-&nbsp;og omsorgstjenester.<\/li>\n\n\n\n<li>Vedtak om \u00f8konomisk ramme for realisering av <strong>Folkebadet<\/strong> vil skje senest omkring \u00e5rsskiftet.<\/li>\n<\/ul>\n\n\n\n<h2 class=\"wp-block-heading\"><a>Oppvekst<\/a><\/h2>\n\n\n\n<ul class=\"wp-block-list\">\n<li><strong>Skolestrukturen endres ikke<\/strong>.<\/li>\n\n\n\n<li><strong>Bedre l\u00e6ringsmilj\u00f8et<\/strong> i skolen.<\/li>\n\n\n\n<li>Rekruttering, videre- og etterutdanning av <strong>l\u00e6rere<\/strong> og fagpersonell.<\/li>\n\n\n\n<li>Sikre tilgang p\u00e5 <strong>helsykepleiere<\/strong>, <strong>psykologer<\/strong> og <strong>milj\u00f8terapeuter<\/strong> i <strong>skolen<\/strong> for bedre psykisk helse og \u00f8kt sosial mestring.<\/li>\n<\/ul>\n\n\n\n<h2 class=\"wp-block-heading\"><a>Jordvern<\/a><\/h2>\n\n\n\n<ul class=\"wp-block-list\">\n<li>Opprettholde andelen <strong>dyrket mark<\/strong>.<\/li>\n\n\n\n<li>Kartlegge arealer egnet til <strong>mottak av matjord<\/strong>.&nbsp; For eksempel nydyrking eller forbedring av eksisterende landbruksarealer.<\/li>\n\n\n\n<li>Utrede tiltak <strong>mot gjengroing<\/strong> av landbruksarealer.<\/li>\n\n\n\n<li>Legge til rette for <strong>nydyrking<\/strong>.<\/li>\n<\/ul>\n\n\n\n<h2 class=\"wp-block-heading\"><a>Klima\/Milj\u00f8<\/a><\/h2>\n\n\n\n<ul class=\"wp-block-list\">\n<li>Fokus p\u00e5 utviklingsmulighetene i det <strong>gr\u00f8nne skiftet<\/strong>.<\/li>\n\n\n\n<li>V\u00e6re p\u00e5driver for utvikling av <strong>nye energikilder<\/strong>, som solceller, tidevanns- og b\u00f8lgekraft.<\/li>\n\n\n\n<li>Kjernekraftens rolle i et fornybart energisystem, eksempelvis <strong>Thoriumkraftverk<\/strong>.<\/li>\n\n\n\n<li><strong>Ja til g\u00e5rdsvindm\u00f8ller<\/strong>, men nei til vindm\u00f8llepark.<\/li>\n\n\n\n<li><strong>Energi\u00f8konomisering<\/strong> \/ fornybar energi i kommunale bygg.<\/li>\n\n\n\n<li><strong>Rensing av avl\u00f8p <\/strong>og opprydding i allerede forurensede omr\u00e5der.<\/li>\n<\/ul>\n\n\n\n<h2 class=\"wp-block-heading\"><a>Samfunnsutvikling<\/a><\/h2>\n\n\n\n<ul class=\"wp-block-list\">\n<li><strong>Byen langs Buksnesfjorden<\/strong> realiseres.<\/li>\n\n\n\n<li><strong>Dispensasjon<\/strong> er en viktig del av plan- og bygningsloven.<\/li>\n\n\n\n<li>H\u00e5ndheving av <strong>reklameregler<\/strong> p\u00e5 n\u00e6ringsbygg utsettes til nytt regelverk er p\u00e5 plass.<\/li>\n\n\n\n<li>Mer veiledning og <strong>mindre kontrollvirksomhet<\/strong> innenfor teknisk sektor.<\/li>\n<\/ul>\n\n\n\n<h2 class=\"wp-block-heading\"><a>Frivillighet<\/a><\/h2>\n\n\n\n<ul class=\"wp-block-list\">\n<li>Innf\u00f8re <strong>st\u00f8tteordninger til frivillighetsarbeid<\/strong>. Det settes av midler i budsjettet.<\/li>\n\n\n\n<li>Innf\u00f8re <strong>gebyrfritak<\/strong> p\u00e5 dugnadsarbeid.<\/li>\n\n\n\n<li>Opprette en <strong>portal for frivillige<\/strong> som \u00f8nsker \u00e5 v\u00e6re til hjelp som bes\u00f8ksperson, natteravn, aktivitetsleder eller liknende.<\/li>\n\n\n\n<li>Vurdere <strong>tilskuddsordninger<\/strong> til lag og foreninger som aktiviserer barn og unge.<\/li>\n<\/ul>\n\n\n\n<h2 class=\"wp-block-heading\"><a>Kirke, kultur og idrett<\/a><\/h2>\n\n\n\n<ul class=\"wp-block-list\">\n<li>Innf\u00f8re <strong>fritidskortet<\/strong> for barn og ungdom som gir gratis tilgang til minst en fritidsaktivitet i uka.<\/li>\n\n\n\n<li>\u00abProsjektst\u00f8tte\u00bb av <strong>kulturmidlene<\/strong> som lag og foreninger kan s\u00f8ke.<\/li>\n\n\n\n<li>Bidra til at <strong>kirkebyggene<\/strong>&nbsp;holdes i hevd, slik at de fortsatt kan v\u00e6re gode rammer for trosliv og seremonier, for&nbsp;konserter og andre arrangementer.<\/li>\n\n\n\n<li>Bidra til vedlikehold av <strong>gravlunder og kirkeg\u00e5rder<\/strong>.<\/li>\n\n\n\n<li>Anerkjenne&nbsp;<strong>frivillige lag og foreninger,&nbsp;tros- og livssynsorganisasjoners<\/strong>&nbsp;samfunnsoppdrag som en ressurs i arbeidet mot&nbsp;ensomhet og forebygging av psykisk uhelse.<\/li>\n\n\n\n<li>L\u00f8fte og synliggj\u00f8re det <strong>diakonale arbeidet<\/strong> som trossamfunnene i kommunen tilbyr.<\/li>\n\n\n\n<li><strong>Rekruttering<\/strong> til frivilligheten.&nbsp;<\/li>\n\n\n\n<li>Utrede <strong>trosn\u00f8ytralt&nbsp;seremonirom\/bygg<\/strong>.<\/li>\n<\/ul>\n\n\n\n<h2 class=\"wp-block-heading\"><a>N\u00e6ringsutvikling<\/a><\/h2>\n\n\n\n<ul class=\"wp-block-list\">\n<li><strong>Videreutvikle turistn\u00e6ringen<\/strong>, og i dialog med n\u00e6ringa v\u00e6re med \u00e5 legge til rette for planlegging av <strong>b\u00e6rekraftige reiselivsstrategier<\/strong>. Samtidig m\u00e5 arbeidet med merking og klopping av stier, skilting, parkeringsproblematikk, avfallsh\u00e5ndtering og toalettanlegg intensiveres.<\/li>\n\n\n\n<li>Ferdigstille <strong>kystsoneplan<\/strong>.<\/li>\n\n\n\n<li>Flere <strong>utdanningstilbud<\/strong> til Vestv\u00e5g\u00f8y.<\/li>\n\n\n\n<li>Egen plan for rekruttering av <strong>kritisk kompetanse<\/strong>.<\/li>\n\n\n\n<li>\u00d8kt samhandling med <strong>lokalt n\u00e6ringsliv<\/strong> og <strong>flere m\u00f8teplasser<\/strong>.<\/li>\n\n\n\n<li>Tilrettelegging av n\u00f8dvendige <strong>n\u00e6ringsarealer<\/strong>.<\/li>\n\n\n\n<li>Det settes av budsjettmidler for strategisk <strong>samferdsels- og utviklingsarbeid<\/strong>.<\/li>\n\n\n\n<li>\u00d8kt <strong>lokal verdiskaping<\/strong> av ressurser fra landbruk, fiskeri og havbruk.<\/li>\n<\/ul>\n\n\n\n<h2 class=\"wp-block-heading\"><a>\u00abUtenrikspolitikk\u00bb<\/a><\/h2>\n\n\n\n<ul class=\"wp-block-list\">\n<li><strong>Lofotr\u00e5det<\/strong> \u2013 demokratisk samhandling.<\/li>\n\n\n\n<li>Utrede etablering av et felles organisert <strong>samferdselsarbeid<\/strong> i Lofoten med dedikerte ressurser.<\/li>\n\n\n\n<li>Utrede felles interkommunalt selskap for <strong>h\u00e5ndtering og tilrettelegging av turismen\/turistskatt<\/strong> mv.<\/li>\n\n\n\n<li>NTP-prosessen \u2013 <strong>E10 \/ Flyplass \/ Havner<\/strong>.<\/li>\n\n\n\n<li><strong>Sykehuset<\/strong> \u2013 samarbeid med <strong>Helse Nord<\/strong>, samt innspill til ny nasjonal helse og sykehusplan.<\/li>\n\n\n\n<li>Utrede <strong>sikring av nok str\u00f8m<\/strong> til regionen i et tjue\u00e5rs perspektiv.<\/li>\n<\/ul>\n\n\n\n<p><\/p>\n\n\n\n<p><em>Den politiske ledelsen vil like over nytt\u00e5r invitere til pressekonferanse hvor det redegj\u00f8res for de f\u00f8rste 100 dagene i posisjon.<\/em><\/p>\n\n\n\n<p><\/p>\n\n\n\n<div class=\"wp-block-teft-file icon-link-block\"><a href=\"https:\/\/hoyre.no\/content\/uploads\/sites\/118\/2023\/09\/Politisk-plattform-2023-2027-Forandring-til-det-bedre.pdf\" download><span class=\"file-title\">Politisk plattform 2023-2027 &#8211; Forandring til det bedre<\/span><span class=\"file-name\">Politisk-plattform-2023-2027-Forandring-til-det-bedre.pdf [1563.7kb]<\/span><\/a><\/div>\n\n","protected":false},"excerpt":{"rendered":"","protected":false},"author":41535,"featured_media":0,"parent":0,"menu_order":0,"comment_status":"closed","ping_status":"closed","template":"","meta":{"teft_cards_image_url":"","teft_cards_custom_pretitle":"","teft_cards_image_id":151,"teft_cards_image_focal_point_x":0.5,"teft_cards_image_focal_point_y":0.5,"teft_cards_title":"","teft_cards_excerpt":"","teft_show_chapters":false,"footnotes":""},"class_list":["post-150","page","type-page","status-publish","hentry"],"yoast_head":"<!-- This site is optimized with the Yoast SEO plugin v26.6 - https:\/\/yoast.com\/wordpress\/plugins\/seo\/ -->\n<title>Forandring til det bedre - Vestv\u00e5g\u00f8y H\u00f8yre<\/title>\n<meta name=\"robots\" content=\"index, follow, max-snippet:-1, max-image-preview:large, max-video-preview:-1\" \/>\n<link rel=\"canonical\" href=\"https:\/\/hoyre.no\/vestvagoy\/forandring-til-det-bedre\/\" \/>\n<meta property=\"og:locale\" content=\"nb_NO\" \/>\n<meta property=\"og:type\" content=\"article\" \/>\n<meta property=\"og:title\" content=\"Forandring til det bedre - Vestv\u00e5g\u00f8y H\u00f8yre\" \/>\n<meta property=\"og:url\" content=\"https:\/\/hoyre.no\/vestvagoy\/forandring-til-det-bedre\/\" \/>\n<meta property=\"og:site_name\" content=\"Vestv\u00e5g\u00f8y H\u00f8yre\" \/>\n<meta property=\"article:modified_time\" content=\"2023-09-29T13:11:50+00:00\" \/>\n<meta property=\"og:image\" content=\"https:\/\/hoyre.no\/content\/uploads\/sites\/118\/2023\/09\/uttakleiv-beach-aerial-02-2023-03-01-02-55-53-utc-1024x683.jpg\" \/>\n<meta name=\"twitter:card\" content=\"summary_large_image\" \/>\n<meta name=\"twitter:label1\" content=\"Ansl. lesetid\" \/>\n\t<meta name=\"twitter:data1\" content=\"6 minutter\" \/>\n<script type=\"application\/ld+json\" class=\"yoast-schema-graph\">{\"@context\":\"https:\/\/schema.org\",\"@graph\":[{\"@type\":\"WebPage\",\"@id\":\"https:\/\/hoyre.no\/vestvagoy\/forandring-til-det-bedre\/\",\"url\":\"https:\/\/hoyre.no\/vestvagoy\/forandring-til-det-bedre\/\",\"name\":\"Forandring til det bedre - Vestv\u00e5g\u00f8y H\u00f8yre\",\"isPartOf\":{\"@id\":\"https:\/\/hoyre.no\/vestvagoy\/#website\"},\"datePublished\":\"2023-09-29T13:07:05+00:00\",\"dateModified\":\"2023-09-29T13:11:50+00:00\",\"breadcrumb\":{\"@id\":\"https:\/\/hoyre.no\/vestvagoy\/forandring-til-det-bedre\/#breadcrumb\"},\"inLanguage\":\"nb-NO\",\"potentialAction\":[{\"@type\":\"ReadAction\",\"target\":[\"https:\/\/hoyre.no\/vestvagoy\/forandring-til-det-bedre\/\"]}]},{\"@type\":\"BreadcrumbList\",\"@id\":\"https:\/\/hoyre.no\/vestvagoy\/forandring-til-det-bedre\/#breadcrumb\",\"itemListElement\":[{\"@type\":\"ListItem\",\"position\":1,\"name\":\"Til hoyre.no\",\"item\":\"https:\/\/hoyre.no\"},{\"@type\":\"ListItem\",\"position\":2,\"name\":\"Hjem\",\"item\":\"https:\/\/hoyre.no\/vestvagoy\/\"},{\"@type\":\"ListItem\",\"position\":3,\"name\":\"Forandring til det bedre\"}]},{\"@type\":\"WebSite\",\"@id\":\"https:\/\/hoyre.no\/vestvagoy\/#website\",\"url\":\"https:\/\/hoyre.no\/vestvagoy\/\",\"name\":\"Vestv\u00e5g\u00f8y H\u00f8yre\",\"description\":\"Bare enda et H\u00f8yres nettsteder-nettsted\",\"inLanguage\":\"nb-NO\"}]}<\/script>\n<!-- \/ Yoast SEO plugin. -->","yoast_head_json":{"title":"Forandring til det bedre - Vestv\u00e5g\u00f8y H\u00f8yre","robots":{"index":"index","follow":"follow","max-snippet":"max-snippet:-1","max-image-preview":"max-image-preview:large","max-video-preview":"max-video-preview:-1"},"canonical":"https:\/\/hoyre.no\/vestvagoy\/forandring-til-det-bedre\/","og_locale":"nb_NO","og_type":"article","og_title":"Forandring til det bedre - Vestv\u00e5g\u00f8y H\u00f8yre","og_url":"https:\/\/hoyre.no\/vestvagoy\/forandring-til-det-bedre\/","og_site_name":"Vestv\u00e5g\u00f8y H\u00f8yre","article_modified_time":"2023-09-29T13:11:50+00:00","og_image":[{"url":"https:\/\/hoyre.no\/content\/uploads\/sites\/118\/2023\/09\/uttakleiv-beach-aerial-02-2023-03-01-02-55-53-utc-1024x683.jpg","width":"","height":"","type":""}],"twitter_card":"summary_large_image","twitter_misc":{"Ansl. lesetid":"6 minutter"},"schema":{"@context":"https:\/\/schema.org","@graph":[{"@type":"WebPage","@id":"https:\/\/hoyre.no\/vestvagoy\/forandring-til-det-bedre\/","url":"https:\/\/hoyre.no\/vestvagoy\/forandring-til-det-bedre\/","name":"Forandring til det bedre - Vestv\u00e5g\u00f8y H\u00f8yre","isPartOf":{"@id":"https:\/\/hoyre.no\/vestvagoy\/#website"},"datePublished":"2023-09-29T13:07:05+00:00","dateModified":"2023-09-29T13:11:50+00:00","breadcrumb":{"@id":"https:\/\/hoyre.no\/vestvagoy\/forandring-til-det-bedre\/#breadcrumb"},"inLanguage":"nb-NO","potentialAction":[{"@type":"ReadAction","target":["https:\/\/hoyre.no\/vestvagoy\/forandring-til-det-bedre\/"]}]},{"@type":"BreadcrumbList","@id":"https:\/\/hoyre.no\/vestvagoy\/forandring-til-det-bedre\/#breadcrumb","itemListElement":[{"@type":"ListItem","position":1,"name":"Til hoyre.no","item":"https:\/\/hoyre.no"},{"@type":"ListItem","position":2,"name":"Hjem","item":"https:\/\/hoyre.no\/vestvagoy\/"},{"@type":"ListItem","position":3,"name":"Forandring til det bedre"}]},{"@type":"WebSite","@id":"https:\/\/hoyre.no\/vestvagoy\/#website","url":"https:\/\/hoyre.no\/vestvagoy\/","name":"Vestv\u00e5g\u00f8y H\u00f8yre","description":"Bare enda et H\u00f8yres nettsteder-nettsted","inLanguage":"nb-NO"}]}},"distributor_meta":false,"distributor_terms":false,"distributor_media":false,"distributor_original_site_name":"Vestv\u00e5g\u00f8y H\u00f8yre","distributor_original_site_url":"https:\/\/hoyre.no\/vestvagoy","push-errors":false,"_links":{"self":[{"href":"https:\/\/hoyre.no\/vestvagoy\/wp-json\/wp\/v2\/pages\/150","targetHints":{"allow":["GET"]}}],"collection":[{"href":"https:\/\/hoyre.no\/vestvagoy\/wp-json\/wp\/v2\/pages"}],"about":[{"href":"https:\/\/hoyre.no\/vestvagoy\/wp-json\/wp\/v2\/types\/page"}],"author":[{"embeddable":true,"href":"https:\/\/hoyre.no\/vestvagoy\/wp-json\/wp\/v2\/users\/41535"}],"replies":[{"embeddable":true,"href":"https:\/\/hoyre.no\/vestvagoy\/wp-json\/wp\/v2\/comments?post=150"}],"version-history":[{"count":4,"href":"https:\/\/hoyre.no\/vestvagoy\/wp-json\/wp\/v2\/pages\/150\/revisions"}],"predecessor-version":[{"id":159,"href":"https:\/\/hoyre.no\/vestvagoy\/wp-json\/wp\/v2\/pages\/150\/revisions\/159"}],"wp:attachment":[{"href":"https:\/\/hoyre.no\/vestvagoy\/wp-json\/wp\/v2\/media?parent=150"}],"curies":[{"name":"wp","href":"https:\/\/api.w.org\/{rel}","templated":true}]}}