{"id":36,"date":"2023-05-24T22:01:20","date_gmt":"2023-05-24T20:01:20","guid":{"rendered":"https:\/\/hoyre.no\/vestvagoy\/?page_id=36"},"modified":"2023-10-13T13:48:54","modified_gmt":"2023-10-13T11:48:54","slug":"ordforerkandidat","status":"publish","type":"page","link":"https:\/\/hoyre.no\/vestvagoy\/ordforerkandidat\/","title":{"rendered":"Ordf\u00f8rerkandidat"},"content":{"rendered":"\n<div class=\"wp-block-hoyre-hero with-image-gradient text-color-light  has-media alignfull has-background\"><div class=\"hoyre-hero has-image\"><h1 class=\"title\">Jonny Finstad &#8211; ordf\u00f8rer<\/h1><p class=\"preamble\">Bli bedre kjent med Vestv\u00e5g\u00f8ys ordf\u00f8rer<\/p>\t\t\t<div class=\"post-meta wp-block teft-byline-wrapper\">\n\t\t\t\t<div class=\"top\">\n\t\t\t\t\t<div class=\"signature\">\n\t\t\t\t\t\t<div class=\"teft-byline\">\n\t\t\t\t\t\t\t\t\t\t\t\t\t\t<div>\n\t\t\t\t\t\t\t\t<h3>H\u00f8yres redaksjon<\/h3>\t\t\t\t\t\t\t\t\n\t\t\t\t\t\t\t\t\t\t\t\t\t\t\t\t\t<span class=\"date\">Sist oppdatert: 13. oktober 2023<\/span>\n\t\t\t\t\t\t\t\t\t\t\t\t\t\t\t\t\t\t\t\t\t\t\t\t\t<span class=\"reading-time\" itemprop=\"timeRequired\" content=\"PT3M\"><em>Ca. 3 minutter lesetid<\/em><\/span>\n\t\t\t\t\t\t\t\t\t\t\t\t\t\t\t<\/div>\n\t\t\t\t\t\t<\/div>\n\t\t\t\t\t<\/div>\n\t\t\t\t\t\t<div class=\"sharing\">\n\t\t<a class=\"share-button share-link copy-link\" data-copy=\"https:\/\/hoyre.no\/vestvagoy\/ordforerkandidat\/\" target=\"_blank\"><span class=\"screen-reader-text\">Del link<\/span><\/a>\n\t\t<a class=\"share-button share-twitter\" href=\"http:\/\/twitter.com\/share?text=Ordf\u00f8rerkandidat&#038;url=https:\/\/hoyre.no\/vestvagoy\/ordforerkandidat\/&#038;hashtags=Hoyre\" target=\"_blank\"><span class=\"screen-reader-text\">Del p\u00e5 twitter<\/span><\/a>\n\t\t<a class=\"share-button share-facebook\" href=\"https:\/\/www.facebook.com\/sharer\/sharer.php?u=https:\/\/hoyre.no\/vestvagoy\/ordforerkandidat\/\" target=\"_blank\"><span class=\"screen-reader-text\">Del p\u00e5 facebook<\/span><\/a>\n\t<\/div>\n\t\t\t\t\t<\/div>\n\t\t\t<\/div>\n\n\t\t\t<figure class=\"hoyre-image-wrapper\"><div class=\"hoyre-image\"><img loading=\"lazy\" decoding=\"async\" width=\"2500\" height=\"1875\" src=\"https:\/\/hoyre.no\/content\/uploads\/sites\/118\/2023\/05\/IMG_5382-scaled.jpg\" class=\"attachment-scaled size-scaled\" alt=\"\" style=\"object-position: 65% 40%\" srcset=\"https:\/\/hoyre.no\/content\/uploads\/sites\/118\/2023\/05\/IMG_5382-scaled.jpg 2500w, https:\/\/hoyre.no\/content\/uploads\/sites\/118\/2023\/05\/IMG_5382-300x225.jpg 300w, https:\/\/hoyre.no\/content\/uploads\/sites\/118\/2023\/05\/IMG_5382-1024x768.jpg 1024w, https:\/\/hoyre.no\/content\/uploads\/sites\/118\/2023\/05\/IMG_5382-768x576.jpg 768w, https:\/\/hoyre.no\/content\/uploads\/sites\/118\/2023\/05\/IMG_5382-1536x1152.jpg 1536w, https:\/\/hoyre.no\/content\/uploads\/sites\/118\/2023\/05\/IMG_5382-2048x1536.jpg 2048w\" sizes=\"auto, (max-width: 2500px) 100vw, 2500px\" \/><\/div><\/figure><\/div><\/div>\n\n\n\n\n<div class=\"wp-block-buttons is-content-justification-center is-layout-flex wp-container-core-buttons-is-layout-16018d1d wp-block-buttons-is-layout-flex\">\n<div class=\"wp-block-button\"><a class=\"wp-block-button__link wp-element-button\" href=\"https:\/\/hoyre.no\/nyhetsbrev\/\">abonner p\u00e5 h\u00f8yres nyhetsbrev<\/a><\/div>\n\n\n\n<div class=\"wp-block-button\"><a class=\"wp-block-button__link wp-element-button\" href=\"mailto:jonnyfin@outlook.com\" target=\"_blank\" rel=\"noreferrer noopener\">kom i kontakt med JONNY<\/a><\/div>\n\n\n\n<div class=\"wp-block-button\"><a class=\"wp-block-button__link wp-element-button\" href=\"https:\/\/www.facebook.com\/vestvagoyhoyre\" target=\"_blank\" rel=\"noreferrer noopener\">f\u00f8lg VESTV\u00c5G\u00d8Y h\u00f8yre p\u00e5 facebook<\/a><\/div>\n<\/div>\n\n\n\n<div class=\"wp-block-hoyre-banner undefined has-icon-title icon-heart is-style-blue\"><div class=\"banner-inner\"><div class=\"banner-content\"><div class=\"entry-content\">\n<h2 class=\"wp-block-heading has-text-align-center\" id=\"h-bli-bedre-kjent-med-navn\">Bli bedre kjent med Jonny!<\/h2>\n\n\n\n<p class=\"has-text-align-left\"><strong>Alder:<\/strong> 57<\/p>\n\n\n\n<p class=\"has-text-align-left\"><strong>Bosted:<\/strong> Leknes<\/p>\n\n\n\n<p class=\"has-text-align-left\"><strong>Sivilstatus:<\/strong> Gift, 6 barn<\/p>\n\n\n\n<p class=\"has-text-align-left\"><strong>Jobb:<\/strong> Politiker<\/p>\n\n\n\n<p class=\"has-text-align-left\"><strong>Bakgrunn:<\/strong>Glassmester og politiker<\/p>\n\n\n\n<p class=\"has-text-align-left\"><strong>Politisk erfaring:<\/strong> Ordf\u00f8rer i 8 \u00e5r, fylkesleder i Nordland og Stortingsrepresentant<\/p>\n\n\n\n<p class=\"has-text-align-left\"><strong>Hvorfor er H\u00f8yre rett parti for deg?<\/strong> H\u00f8yre er et styringsparti med en helhetlig politikk. som tar vare p\u00e5 det beste fra fortiden, men t\u00f8r \u00e5 se framover og utvikle ny politikk til det beste for hele samfunnet.<\/p>\n\n\n\n<p class=\"has-text-align-left\"><strong>Det er l\u00f8rdag, klokka n\u00e6rmer seg 19.00. Hva spiser du helst til middag?<\/strong> Taco med familien<\/p>\n\n\n\n<p class=\"has-text-align-left\"><strong>Konsert eller idrettsarrangement?<\/strong> Jatakk begge deler<\/p>\n\n\n\n<p class=\"has-text-align-left\"><strong>Hvis du skulle valgt en, hva er din favorittartist?<\/strong> Meat Loaf<\/p>\n\n\n\n<p class=\"has-text-align-left\"><strong>Funfact?<\/strong> Jeg er kjempegod til \u00e5 sy p\u00e5 symaskin<\/p>\n\n\n\n<p class=\"has-text-align-left\"><strong>Hva er din favorittplass i kommunen og utenfor kommunen?<\/strong>&nbsp;I kommunen er det Valberg, utenfor kommunen er det Vestfold<\/p>\n\n\n\n<div class=\"wp-block-buttons is-layout-flex wp-block-buttons-is-layout-flex\"><\/div>\n<\/div><\/div><\/div><\/div>\n\n\n\n<div class=\"wp-block-teft-accentuated-link undefined has-image\"><div class=\"kf-link__wrapper\"><div class=\"kf-link__tagline\">LES MER<\/div><a class=\"kf-link__link\" href=\"mailto:jonnyfin@outlook.com\" rel=\"noreferrer noopener\" target=\"_blank\">Kom i kontakt med Jonny Finstad<\/a><\/div><figure class=\"hoyre-image-wrapper\"><div class=\"hoyre-image\"><\/div><\/figure><\/div>\n\n\n\n<figure class=\"wp-block-teft-gallery columns-3 count-3 rows-2 is-cropped\"><ul class=\"teft-gallery-grid\"><li class=\"teft-gallery-item \"><figure><a href=\"https:\/\/res.cloudinary.com\/hoyre\/images\/v1607434042\/Nye%20hoyre.no\/Hovedside\/2020_RGB_hoyre_logo_profilbilde_01_14862029458\/2020_RGB_hoyre_logo_profilbilde_01_14862029458.png?_i=AA\" data-size=\"1000x1000\"><\/a><\/figure><\/li><li class=\"teft-gallery-item \"><figure><a href=\"https:\/\/res.cloudinary.com\/hoyre\/images\/v1607438265\/Nye%20hoyre.no\/Hovedside\/2020_RGB_hoyre_logo_profilbilde_01_161697e40a\/2020_RGB_hoyre_logo_profilbilde_01_161697e40a.png?_i=AA\" data-size=\"1000x1000\"><\/a><\/figure><\/li><li class=\"teft-gallery-item \"><figure><a href=\"https:\/\/res.cloudinary.com\/hoyre\/images\/v1607500832\/Nye%20hoyre.no\/Hovedside\/Design-uten-navn-4_1219163575\/Design-uten-navn-4_1219163575.png?_i=AA\" data-size=\"2880x1620\"><\/a><\/figure><\/li><\/ul><\/figure>\n\n\n\n<h2 class=\"wp-block-heading has-text-align-center\">Jonnys hjertesaker<\/h2>\n\n\n\n<h3 class=\"wp-block-heading\"><strong>\u00d8kt sosial mestring og bedre l\u00e6ringsresultater i skolen<\/strong><\/h3>\n\n\n\n<p>Vestv\u00e5g\u00f8y H\u00f8yres politikk for oppvekst er at barnets beste alltid skal komme f\u00f8rst. Barn og unge er forskjellige, med ulike og sammensatte behov, derfor mener vi at det viktigste er \u00e5 tilpasse innsatsen etter behovet. Det offentliges oppgave er \u00e5 st\u00f8tte opp under familiene, ikke \u00e5 styre dem. Menneskets egenverdi, valgfrihet og selvrespekt st\u00e5r sentralt i Vestv\u00e5g\u00f8y H\u00f8yres familiepolitikk. Vi \u00f8nsker en skole med kvalitet og kunnskap, hvor alle elever har like muligheter og hvor innsatsen settes inn tidlig nok, slik at flere elever kjenner l\u00e6ringsglede og flere fullf\u00f8rer og best\u00e5r skolel\u00f8pet.<\/p>\n\n\n\n<h3 class=\"wp-block-heading\"><strong>Styrket lokalsykehus, akuttberedskap og eldreomsorg<\/strong><\/h3>\n\n\n\n<p>Vestv\u00e5g\u00f8y H\u00f8yre mener at kommunen m\u00e5 ta en aktiv rolle i Helsefellesskapet for \u00e5 sikre en forutsigbar akuttberedskap samt skape et mer sammenhengende tjenestetilbud for pasienter og p\u00e5r\u00f8rende. M\u00e5let er \u00e5 gi innbyggerne \u00f8kt trygghet og forutsigbarhet gjennom gode pasientforl\u00f8p og overganger mellom eget hjem, sykehus og sykehjem.<\/p>\n\n\n\n<p>Vestv\u00e5g\u00f8y H\u00f8yre vil ta en aktiv rolle i arbeidet for at Nordlandssykehuset Lofoten skal styrkes og videreutvikles, b\u00e5de n\u00e5r det gjelder kompetanse, tilbud, og fysiske lokaler. <\/p>\n\n\n\n<p>Pasientreiser er i dagens modell krevende for innbyggerne, samt helse\u00f8konomisk og samfunns\u00f8konomisk belastende. Vestv\u00e5g\u00f8y H\u00f8yre vil gjennom Helsefellesskapet arbeide for at flere spesialisttjenester tilbys ved lokalsykehuset.<\/p>\n\n","protected":false},"excerpt":{"rendered":"","protected":false},"author":41535,"featured_media":0,"parent":0,"menu_order":0,"comment_status":"closed","ping_status":"closed","template":"","meta":{"teft_cards_image_url":"","teft_cards_custom_pretitle":"","teft_cards_image_id":0,"teft_cards_image_focal_point_x":0,"teft_cards_image_focal_point_y":0,"teft_cards_title":"","teft_cards_excerpt":"","teft_show_chapters":false,"footnotes":""},"class_list":["post-36","page","type-page","status-publish","hentry"],"yoast_head":"<!-- This site is optimized with the Yoast SEO plugin v26.6 - https:\/\/yoast.com\/wordpress\/plugins\/seo\/ -->\n<title>Jonny Finstad - Ordf\u00f8rerkandidat Vestv\u00e5g\u00f8y<\/title>\n<meta name=\"description\" content=\"Vi skal ta tilbake politisk kontroll av Vestv\u00e5g\u00f8y, slik at vi kan skape nye muligheter for alle i Vestv\u00e5g\u00f8y.\" \/>\n<meta name=\"robots\" content=\"index, follow, max-snippet:-1, max-image-preview:large, max-video-preview:-1\" \/>\n<link rel=\"canonical\" href=\"https:\/\/hoyre.no\/vestvagoy\/ordforerkandidat\/\" \/>\n<meta property=\"og:locale\" content=\"nb_NO\" \/>\n<meta property=\"og:type\" content=\"article\" \/>\n<meta property=\"og:title\" content=\"Jonny Finstad - Ordf\u00f8rerkandidat Vestv\u00e5g\u00f8y\" \/>\n<meta property=\"og:description\" content=\"Vi skal ta tilbake politisk kontroll av Vestv\u00e5g\u00f8y, slik at vi kan skape nye muligheter for alle.\" \/>\n<meta property=\"og:url\" content=\"https:\/\/hoyre.no\/vestvagoy\/ordforerkandidat\/\" \/>\n<meta property=\"og:site_name\" content=\"Vestv\u00e5g\u00f8y H\u00f8yre\" \/>\n<meta property=\"article:modified_time\" content=\"2023-10-13T11:48:54+00:00\" \/>\n<meta property=\"og:image\" content=\"https:\/\/hoyre.no\/content\/uploads\/sites\/118\/2023\/05\/IMG_5382-scaled.jpg\" \/>\n\t<meta property=\"og:image:width\" content=\"2500\" \/>\n\t<meta property=\"og:image:height\" content=\"1875\" \/>\n\t<meta property=\"og:image:type\" content=\"image\/jpeg\" \/>\n<meta name=\"twitter:card\" content=\"summary_large_image\" \/>\n<meta name=\"twitter:title\" content=\"Jonny Finstad - Ordf\u00f8rerkandidat Vestv\u00e5g\u00f8y\" \/>\n<meta name=\"twitter:description\" content=\"Vi skal ta tilbake politisk kontroll av Vestv\u00e5g\u00f8y, slik at vi kan skape nye muligheter for alle.\" \/>\n<meta name=\"twitter:image\" content=\"https:\/\/hoyre.no\/content\/uploads\/sites\/118\/2023\/05\/IMG_5382-scaled.jpg\" \/>\n<meta name=\"twitter:label1\" content=\"Ansl. lesetid\" \/>\n\t<meta name=\"twitter:data1\" content=\"3 minutter\" \/>\n<script type=\"application\/ld+json\" class=\"yoast-schema-graph\">{\"@context\":\"https:\/\/schema.org\",\"@graph\":[{\"@type\":\"WebPage\",\"@id\":\"https:\/\/hoyre.no\/vestvagoy\/ordforerkandidat\/\",\"url\":\"https:\/\/hoyre.no\/vestvagoy\/ordforerkandidat\/\",\"name\":\"Jonny Finstad - Ordf\u00f8rerkandidat Vestv\u00e5g\u00f8y\",\"isPartOf\":{\"@id\":\"https:\/\/hoyre.no\/vestvagoy\/#website\"},\"datePublished\":\"2023-05-24T20:01:20+00:00\",\"dateModified\":\"2023-10-13T11:48:54+00:00\",\"description\":\"Vi skal ta tilbake politisk kontroll av Vestv\u00e5g\u00f8y, slik at vi kan skape nye muligheter for alle i Vestv\u00e5g\u00f8y.\",\"breadcrumb\":{\"@id\":\"https:\/\/hoyre.no\/vestvagoy\/ordforerkandidat\/#breadcrumb\"},\"inLanguage\":\"nb-NO\",\"potentialAction\":[{\"@type\":\"ReadAction\",\"target\":[\"https:\/\/hoyre.no\/vestvagoy\/ordforerkandidat\/\"]}]},{\"@type\":\"BreadcrumbList\",\"@id\":\"https:\/\/hoyre.no\/vestvagoy\/ordforerkandidat\/#breadcrumb\",\"itemListElement\":[{\"@type\":\"ListItem\",\"position\":1,\"name\":\"Til hoyre.no\",\"item\":\"https:\/\/hoyre.no\"},{\"@type\":\"ListItem\",\"position\":2,\"name\":\"Hjem\",\"item\":\"https:\/\/hoyre.no\/vestvagoy\/\"},{\"@type\":\"ListItem\",\"position\":3,\"name\":\"Ordf\u00f8rerkandidat\"}]},{\"@type\":\"WebSite\",\"@id\":\"https:\/\/hoyre.no\/vestvagoy\/#website\",\"url\":\"https:\/\/hoyre.no\/vestvagoy\/\",\"name\":\"Vestv\u00e5g\u00f8y H\u00f8yre\",\"description\":\"Bare enda et H\u00f8yres nettsteder-nettsted\",\"inLanguage\":\"nb-NO\"}]}<\/script>\n<!-- \/ Yoast SEO plugin. -->","yoast_head_json":{"title":"Jonny Finstad - Ordf\u00f8rerkandidat Vestv\u00e5g\u00f8y","description":"Vi skal ta tilbake politisk kontroll av Vestv\u00e5g\u00f8y, slik at vi kan skape nye muligheter for alle i Vestv\u00e5g\u00f8y.","robots":{"index":"index","follow":"follow","max-snippet":"max-snippet:-1","max-image-preview":"max-image-preview:large","max-video-preview":"max-video-preview:-1"},"canonical":"https:\/\/hoyre.no\/vestvagoy\/ordforerkandidat\/","og_locale":"nb_NO","og_type":"article","og_title":"Jonny Finstad - Ordf\u00f8rerkandidat Vestv\u00e5g\u00f8y","og_description":"Vi skal ta tilbake politisk kontroll av Vestv\u00e5g\u00f8y, slik at vi kan skape nye muligheter for alle.","og_url":"https:\/\/hoyre.no\/vestvagoy\/ordforerkandidat\/","og_site_name":"Vestv\u00e5g\u00f8y H\u00f8yre","article_modified_time":"2023-10-13T11:48:54+00:00","og_image":[{"width":2500,"height":1875,"url":"https:\/\/hoyre.no\/content\/uploads\/sites\/118\/2023\/05\/IMG_5382-scaled.jpg","type":"image\/jpeg"}],"twitter_card":"summary_large_image","twitter_title":"Jonny Finstad - Ordf\u00f8rerkandidat Vestv\u00e5g\u00f8y","twitter_description":"Vi skal ta tilbake politisk kontroll av Vestv\u00e5g\u00f8y, slik at vi kan skape nye muligheter for alle.","twitter_image":"https:\/\/hoyre.no\/content\/uploads\/sites\/118\/2023\/05\/IMG_5382-scaled.jpg","twitter_misc":{"Ansl. lesetid":"3 minutter"},"schema":{"@context":"https:\/\/schema.org","@graph":[{"@type":"WebPage","@id":"https:\/\/hoyre.no\/vestvagoy\/ordforerkandidat\/","url":"https:\/\/hoyre.no\/vestvagoy\/ordforerkandidat\/","name":"Jonny Finstad - Ordf\u00f8rerkandidat Vestv\u00e5g\u00f8y","isPartOf":{"@id":"https:\/\/hoyre.no\/vestvagoy\/#website"},"datePublished":"2023-05-24T20:01:20+00:00","dateModified":"2023-10-13T11:48:54+00:00","description":"Vi skal ta tilbake politisk kontroll av Vestv\u00e5g\u00f8y, slik at vi kan skape nye muligheter for alle i Vestv\u00e5g\u00f8y.","breadcrumb":{"@id":"https:\/\/hoyre.no\/vestvagoy\/ordforerkandidat\/#breadcrumb"},"inLanguage":"nb-NO","potentialAction":[{"@type":"ReadAction","target":["https:\/\/hoyre.no\/vestvagoy\/ordforerkandidat\/"]}]},{"@type":"BreadcrumbList","@id":"https:\/\/hoyre.no\/vestvagoy\/ordforerkandidat\/#breadcrumb","itemListElement":[{"@type":"ListItem","position":1,"name":"Til hoyre.no","item":"https:\/\/hoyre.no"},{"@type":"ListItem","position":2,"name":"Hjem","item":"https:\/\/hoyre.no\/vestvagoy\/"},{"@type":"ListItem","position":3,"name":"Ordf\u00f8rerkandidat"}]},{"@type":"WebSite","@id":"https:\/\/hoyre.no\/vestvagoy\/#website","url":"https:\/\/hoyre.no\/vestvagoy\/","name":"Vestv\u00e5g\u00f8y H\u00f8yre","description":"Bare enda et H\u00f8yres nettsteder-nettsted","inLanguage":"nb-NO"}]}},"distributor_meta":false,"distributor_terms":false,"distributor_media":false,"distributor_original_site_name":"Vestv\u00e5g\u00f8y H\u00f8yre","distributor_original_site_url":"https:\/\/hoyre.no\/vestvagoy","push-errors":false,"_links":{"self":[{"href":"https:\/\/hoyre.no\/vestvagoy\/wp-json\/wp\/v2\/pages\/36","targetHints":{"allow":["GET"]}}],"collection":[{"href":"https:\/\/hoyre.no\/vestvagoy\/wp-json\/wp\/v2\/pages"}],"about":[{"href":"https:\/\/hoyre.no\/vestvagoy\/wp-json\/wp\/v2\/types\/page"}],"author":[{"embeddable":true,"href":"https:\/\/hoyre.no\/vestvagoy\/wp-json\/wp\/v2\/users\/41535"}],"replies":[{"embeddable":true,"href":"https:\/\/hoyre.no\/vestvagoy\/wp-json\/wp\/v2\/comments?post=36"}],"version-history":[{"count":5,"href":"https:\/\/hoyre.no\/vestvagoy\/wp-json\/wp\/v2\/pages\/36\/revisions"}],"predecessor-version":[{"id":180,"href":"https:\/\/hoyre.no\/vestvagoy\/wp-json\/wp\/v2\/pages\/36\/revisions\/180"}],"wp:attachment":[{"href":"https:\/\/hoyre.no\/vestvagoy\/wp-json\/wp\/v2\/media?parent=36"}],"curies":[{"name":"wp","href":"https:\/\/api.w.org\/{rel}","templated":true}]}}