{"id":37,"date":"2023-05-02T12:45:44","date_gmt":"2023-05-02T10:45:44","guid":{"rendered":"https:\/\/hoyre.no\/vestvagoy\/?page_id=37"},"modified":"2023-07-21T09:29:27","modified_gmt":"2023-07-21T07:29:27","slug":"politikk","status":"publish","type":"page","link":"https:\/\/hoyre.no\/vestvagoy\/politikk\/","title":{"rendered":"Politikk"},"content":{"rendered":"\n<div class=\"wp-block-hoyre-hero with-image-gradient text-color-light  has-media alignfull has-background\"><div class=\"hoyre-hero has-image\"><h1 class=\"title\">Politikk<\/h1><p class=\"preamble\"><br>Folk i Vestv\u00e5g\u00f8y skal f\u00e5 beholde mer av sine egne penger. Avgiftsniv\u00e5et skal holdes nede, eiendomsskatten reduseres og p\u00e5 sikt avvikles. Vestv\u00e5g\u00f8y H\u00f8yre vil revidere og forenkle arealplanene. Vi \u00f8nsker et mindre detaljert og rigid planverk, og en dreining fra kontroll til veiledning, service og tilgjengelighet i teknisk sektor. Sykehuset med akuttberedskap skal videreutvikles, og vi m\u00e5 skape en eldreomsorg som gir trygghet. H\u00f8yre vil ha enklere, og mer fremtidsrettede transport-l\u00f8sninger til og fra Lofoten.\u00a0<\/p>\t\t\t<div class=\"post-meta wp-block teft-byline-wrapper\">\n\t\t\t\t<div class=\"top\">\n\t\t\t\t\t<div class=\"signature\">\n\t\t\t\t\t\t<div class=\"teft-byline\">\n\t\t\t\t\t\t\t\t\t\t\t\t\t\t<div>\n\t\t\t\t\t\t\t\t<h3>H\u00f8yres redaksjon<\/h3>\t\t\t\t\t\t\t\t\n\t\t\t\t\t\t\t\t\t\t\t\t\t\t\t\t\t<span class=\"date\">Sist oppdatert: 21. juli 2023<\/span>\n\t\t\t\t\t\t\t\t\t\t\t\t\t\t\t\t\t\t\t\t\t\t\t\t\t<span class=\"reading-time\" itemprop=\"timeRequired\" content=\"PT4M\"><em>Ca. 4 minutter lesetid<\/em><\/span>\n\t\t\t\t\t\t\t\t\t\t\t\t\t\t\t<\/div>\n\t\t\t\t\t\t<\/div>\n\t\t\t\t\t<\/div>\n\t\t\t\t\t\t<div class=\"sharing\">\n\t\t<a class=\"share-button share-link copy-link\" data-copy=\"https:\/\/hoyre.no\/vestvagoy\/politikk\/\" target=\"_blank\"><span class=\"screen-reader-text\">Del link<\/span><\/a>\n\t\t<a class=\"share-button share-twitter\" href=\"http:\/\/twitter.com\/share?text=Politikk&#038;url=https:\/\/hoyre.no\/vestvagoy\/politikk\/&#038;hashtags=Hoyre\" target=\"_blank\"><span class=\"screen-reader-text\">Del p\u00e5 twitter<\/span><\/a>\n\t\t<a class=\"share-button share-facebook\" href=\"https:\/\/www.facebook.com\/sharer\/sharer.php?u=https:\/\/hoyre.no\/vestvagoy\/politikk\/\" target=\"_blank\"><span class=\"screen-reader-text\">Del p\u00e5 facebook<\/span><\/a>\n\t<\/div>\n\t\t\t\t\t<\/div>\n\t\t\t<\/div>\n\n\t\t\t<figure class=\"hoyre-image-wrapper\"><div class=\"hoyre-image\"><img loading=\"lazy\" decoding=\"async\" width=\"2500\" height=\"1875\" src=\"https:\/\/hoyre.no\/content\/uploads\/sites\/118\/2023\/06\/IMG_5399-scaled.jpeg\" class=\"attachment-scaled size-scaled\" alt=\"\" style=\"object-position: 50% 50%\" srcset=\"https:\/\/hoyre.no\/content\/uploads\/sites\/118\/2023\/06\/IMG_5399-scaled.jpeg 2500w, https:\/\/hoyre.no\/content\/uploads\/sites\/118\/2023\/06\/IMG_5399-300x225.jpeg 300w, https:\/\/hoyre.no\/content\/uploads\/sites\/118\/2023\/06\/IMG_5399-1024x768.jpeg 1024w, https:\/\/hoyre.no\/content\/uploads\/sites\/118\/2023\/06\/IMG_5399-768x576.jpeg 768w, https:\/\/hoyre.no\/content\/uploads\/sites\/118\/2023\/06\/IMG_5399-1536x1152.jpeg 1536w, https:\/\/hoyre.no\/content\/uploads\/sites\/118\/2023\/06\/IMG_5399-2048x1536.jpeg 2048w\" sizes=\"auto, (max-width: 2500px) 100vw, 2500px\" \/><\/div><\/figure><\/div><\/div>\n\n\n\n<h2 class=\"wp-block-heading\"><a href=\"https:\/\/hoyre.no\/vestvagoy\/politikk\/helse-og-mestring\/\">Helse og mestring <\/a><\/h2>\n\n\n\n<p>H\u00f8yre mener at hver enkelt innbygger selv skal bestemme mest mulig over egen hverdag, ogs\u00e5 n\u00e5r behovet for hjelp inntreffer. Da skal prinsippet \u00abHva er viktig for deg?\u00bb gjelde. Ingen beslutning om deg, skal tas uten deg. Vestv\u00e5g\u00f8y skal v\u00e6re et aldersvennlig samfunn med mulighet for gode boforhold, et rikt sosialt liv, deltagelse i arbeidslivet, og man skal f\u00e5 rett hjelp til rett tid n\u00e5r man har behov for det. I valgperioden vil Vestv\u00e5g\u00f8y H\u00f8yre etablere og f\u00f8lge en tydelig plan for rekruttering, stabilisering, kompetanse- og fagutvikling, samt forskning i kommunens helse- og mestringstjeneste. <\/p>\n\n\n\n<div class=\"wp-block-buttons is-layout-flex wp-block-buttons-is-layout-flex\">\n<div class=\"wp-block-button\"><a class=\"wp-block-button__link\" href=\"https:\/\/hoyre.no\/vestvagoy\/politikk\/helse-og-mestring\/\">Les mer om helse og mestring<\/a><\/div>\n<\/div>\n\n\n\n<h2 class=\"wp-block-heading\"><a href=\"https:\/\/hoyre.no\/vestvagoy\/politikk\/oppvekst\/\">Oppvekst<\/a><\/h2>\n\n\n\n<p>H\u00f8yres politikk for oppvekst er at barnets beste alltid skal komme f\u00f8rst. Barn og unge er forskjellige, med ulike og sammensatte behov, derfor mener vi at det viktigste er \u00e5 tilpasse innsatsen etter behovet. Det offentliges oppgave er \u00e5 st\u00f8tte opp under familiene, ikke \u00e5 styre dem. Menneskets egenverdi, valgfrihet og selvrespekt st\u00e5r sentralt i H\u00f8yres familiepolitikk. H\u00f8yre \u00f8nsker en skole med kvalitet og kunnskap, hvor alle elever har like muligheter og hvor innsatsen settes inn tidlig nok, slik at flere elever kjenner l\u00e6ringsglede og flere fullf\u00f8rer og best\u00e5r skolel\u00f8pet. Innen oppvekst har Vestv\u00e5g\u00f8y H\u00f8yre fem s\u00e6rskilte satsningsomr\u00e5der<strong>.<\/strong><\/p>\n\n\n\n<div class=\"wp-block-buttons is-layout-flex wp-block-buttons-is-layout-flex\">\n<div class=\"wp-block-button\"><a class=\"wp-block-button__link\" href=\"https:\/\/hoyre.no\/vestvagoy\/politikk\/oppvekst\/\">Les mer om Oppvekst<\/a><\/div>\n<\/div>\n\n\n\n<h2 class=\"wp-block-heading\"><a href=\"https:\/\/hoyre.no\/vestvagoy\/politikk\/samfunnsutvikling\/\">Samfunnsutvikling<\/a><\/h2>\n\n\n\n<p>H\u00f8yre vil tilrettelegge for at det bygges flere boliger ved \u00e5 forenkle regelverk og effektivisere byggeprosesser. Vi vil stille krav til utbyggere om at f\u00f8rstegangskj\u00f8pere prioriteres, og ta i bruk leie-til-eie-modeller. H\u00f8yres m\u00e5l er \u00e5 binde by og bygd sammen med flere jobber i distriktene, bedre veier og gode velferdstjenester der folk bor. H\u00f8yre \u00f8nsker et inkluderende og mangfoldig kultur- og idrettsliv. Vestv\u00e5g\u00f8y H\u00f8yre vil i samarbeid med relevante universiteter og h\u00f8yskoler arbeide for felles kunnskapsbygging gjennom forskning og etablering av fleksible og digitale utdanningstilbud som legger til rette for livslang l\u00e6ring i kommunen.<\/p>\n\n\n\n<div class=\"wp-block-buttons is-layout-flex wp-block-buttons-is-layout-flex\">\n<div class=\"wp-block-button\"><a class=\"wp-block-button__link\" href=\"https:\/\/hoyre.no\/vestvagoy\/politikk\/samfunnsutvikling\/\">Les mer om Samfunnsutvikling<\/a><\/div>\n<\/div>\n\n\n\n<h2 class=\"wp-block-heading\"><a href=\"https:\/\/hoyre.no\/vestvagoy\/politikk\/en-gronn-utvikling\/\">En gr\u00f8nn utvikling<\/a><\/h2>\n\n\n\n<p>De menneskeskapte klimaendringene er det st\u00f8rste problemet verden st\u00e5r overfor. H\u00f8yere temperaturer, ekstremv\u00e6r og svekkede \u00f8kosystemer setter selve livsgrunnlaget v\u00e5rt p\u00e5 spill og truer fremtidig velferd og vekst. For \u00e5 forhindre dette er vi n\u00f8dt til \u00e5 kutte utslippene v\u00e5re.&nbsp; H\u00f8yre vil imidlertid kutte utslippene, ikke utviklingen. Dette gj\u00f8r vi gjennom \u00e5 gj\u00f8re det l\u00f8nnsomt for bedriftene \u00e5 omstille seg til gr\u00f8nnere l\u00f8sninger og satse p\u00e5 nye gr\u00f8nne n\u00e6ringer. Vestv\u00e5g\u00f8y H\u00f8yre skal gjennom m\u00e5lrettet arbeid v\u00e6re garantisten for en gr\u00f8nn utvikling i kommunen.<\/p>\n\n\n\n<div class=\"wp-block-buttons is-layout-flex wp-block-buttons-is-layout-flex\">\n<div class=\"wp-block-button\"><a class=\"wp-block-button__link\" href=\"https:\/\/hoyre.no\/vestvagoy\/politikk\/en-gronn-utvikling\/\">Les mer om En gr\u00f8nn utvikling<\/a><\/div>\n<\/div>\n\n\n\n<h2 class=\"wp-block-heading\"><a href=\"https:\/\/hoyre.no\/vestvagoy\/politikk\/naering\/\">N\u00e6ring<\/a><\/h2>\n\n\n\n<p>H\u00f8yre vil f\u00f8re en n\u00e6ringspolitikk som bidrar til \u00e5 skape mer og inkludere flere. Det er verdien av arbeid som gir velferd, derfor vil vi tilrettelegge for at det skapes flere arbeidsplasser i hele kommunen. Fiskeri- og sj\u00f8matsn\u00e6ringen er blant Norges viktigste fremtidsn\u00e6ringer og bidrar til verdiskaping og sysselsetting i hele landet. H\u00f8yre vil legge til rette for at n\u00e6ringen fortsatt skal vokse og utvikle seg. Vestv\u00e5g\u00f8y H\u00f8yre mener at kommunen har et stort potensial for \u00e5 skape arbeidsplasser gjennom hel\u00e5rsturisme og \u00f8kt verdiskaping ved \u00e5 legge til rette for kvalitetsturisme hvor un\u00f8dig slitasje og fors\u00f8pling forebygges. Vi \u00f8nsker \u00e5 tilrettelegge for at bonden som selvstendig n\u00e6ringsdrivende f\u00e5r st\u00f8rre mulighet for l\u00f8nnsom drift, blant annet gjennom \u00e5 kunne investere i og utnytte egen eiendom.<\/p>\n\n\n\n<div class=\"wp-block-buttons is-layout-flex wp-block-buttons-is-layout-flex\">\n<div class=\"wp-block-button\"><a class=\"wp-block-button__link\" href=\"https:\/\/hoyre.no\/vestvagoy\/politikk\/naering\/\">Les mer om N\u00e6ring<\/a><\/div>\n<\/div>\n\n\n\n<h2 class=\"wp-block-heading\"><a href=\"https:\/\/hoyre.no\/vestvagoy\/politikk\/samferdsel\/\">Samferdsel<\/a><\/h2>\n\n\n\n<p>H\u00f8yres viktigste m\u00e5l med samferdselspolitikken er \u00e5 binde landet sammen. God infrastruktur gj\u00f8r at n\u00e6ringslivet f\u00e5r varene sine raskere frem og at flere kommer seg trygt dit de skal. Vi vil samtidig sikre at vi f\u00e5r mest mulig ut av hver investerte krone<\/p>\n\n\n\n<div class=\"wp-block-buttons is-layout-flex wp-block-buttons-is-layout-flex\">\n<div class=\"wp-block-button\"><a class=\"wp-block-button__link\" href=\"https:\/\/hoyre.no\/vestvagoy\/politikk\/samferdsel\/\">Les mer om Samferdsel<\/a><\/div>\n<\/div>\n\n\n\n<p> <\/p>\n\n\n\n\n<div class=\"teft-cards-grid alignwide\"><div class=\"teft-cards-item is-card-hoyre\">\n\t<div class=\"teft-card hoyre-teft-card page-teft-card\">\n\t\t<a href=\"https:\/\/hoyre.no\/vestvagoy\/politikk\/samferdsel\/\" class=\"teft-card__primary-action\">\n\n\t\t\t\t\t<div class=\"teft-card__media teft-card__media--16-9\">\n\t\t\t\t\t\t<img loading=\"lazy\" decoding=\"async\" width=\"768\" height=\"524\" src=\"https:\/\/hoyre.no\/content\/uploads\/sites\/118\/2023\/06\/vidar-nordli-mathisen-wbRKOVVbdfY-unsplash-768x524.jpg\" class=\"attachment-medium_large size-medium_large\" alt=\"\" srcset=\"https:\/\/hoyre.no\/content\/uploads\/sites\/118\/2023\/06\/vidar-nordli-mathisen-wbRKOVVbdfY-unsplash-768x524.jpg 768w, https:\/\/hoyre.no\/content\/uploads\/sites\/118\/2023\/06\/vidar-nordli-mathisen-wbRKOVVbdfY-unsplash-300x205.jpg 300w, https:\/\/hoyre.no\/content\/uploads\/sites\/118\/2023\/06\/vidar-nordli-mathisen-wbRKOVVbdfY-unsplash-1024x698.jpg 1024w, https:\/\/hoyre.no\/content\/uploads\/sites\/118\/2023\/06\/vidar-nordli-mathisen-wbRKOVVbdfY-unsplash-1536x1048.jpg 1536w, https:\/\/hoyre.no\/content\/uploads\/sites\/118\/2023\/06\/vidar-nordli-mathisen-wbRKOVVbdfY-unsplash-2048x1397.jpg 2048w\" sizes=\"auto, (max-width: 768px) 100vw, 768px\" \/>\t\t<\/div>\n\t\t\n\t\t\t<div class=\"teft-card__content-wrapper\">\n\t\t\t\t<div class=\"teft-card__secondary\">\n\t\t\t\t\t\t\t\t\t<\/div>\n\n\t\t\t\t<div class=\"teft-card__primary\">\n\t\t\t\t\t<h2 class=\"teft-card__title\">Samferdsel&nbsp;<span class=\"teft-card__primary-title-append\"><\/span><\/h2>\t\t\t\t<\/div>\n\t\t\t<\/div>\n\t\t<\/a>\n\t<\/div>\n\n\t<\/div><div class=\"teft-cards-item is-card-hoyre\">\n\t<div class=\"teft-card hoyre-teft-card page-teft-card\">\n\t\t<a href=\"https:\/\/hoyre.no\/vestvagoy\/politikk\/naering\/\" class=\"teft-card__primary-action\">\n\n\t\t\t\t\t<div class=\"teft-card__media teft-card__media--16-9\">\n\t\t\t\t\t\t<img loading=\"lazy\" decoding=\"async\" width=\"768\" height=\"512\" src=\"https:\/\/hoyre.no\/content\/uploads\/sites\/118\/2023\/06\/GettyImages-1210182430-768x512.jpg\" class=\"attachment-medium_large size-medium_large\" alt=\"\" srcset=\"https:\/\/hoyre.no\/content\/uploads\/sites\/118\/2023\/06\/GettyImages-1210182430-768x512.jpg 768w, https:\/\/hoyre.no\/content\/uploads\/sites\/118\/2023\/06\/GettyImages-1210182430-300x200.jpg 300w, https:\/\/hoyre.no\/content\/uploads\/sites\/118\/2023\/06\/GettyImages-1210182430-1024x683.jpg 1024w, https:\/\/hoyre.no\/content\/uploads\/sites\/118\/2023\/06\/GettyImages-1210182430-1536x1024.jpg 1536w, https:\/\/hoyre.no\/content\/uploads\/sites\/118\/2023\/06\/GettyImages-1210182430-2048x1365.jpg 2048w\" sizes=\"auto, (max-width: 768px) 100vw, 768px\" \/>\t\t<\/div>\n\t\t\n\t\t\t<div class=\"teft-card__content-wrapper\">\n\t\t\t\t<div class=\"teft-card__secondary\">\n\t\t\t\t\t\t\t\t\t<\/div>\n\n\t\t\t\t<div class=\"teft-card__primary\">\n\t\t\t\t\t<h2 class=\"teft-card__title\">N\u00e6ring&nbsp;<span class=\"teft-card__primary-title-append\"><\/span><\/h2>\t\t\t\t<\/div>\n\t\t\t<\/div>\n\t\t<\/a>\n\t<\/div>\n\n\t<\/div><div class=\"teft-cards-item is-card-hoyre\">\n\t<div class=\"teft-card hoyre-teft-card page-teft-card\">\n\t\t<a href=\"https:\/\/hoyre.no\/vestvagoy\/politikk\/en-gronn-utvikling\/\" class=\"teft-card__primary-action\">\n\n\t\t\t\t\t<div class=\"teft-card__media teft-card__media--16-9\">\n\t\t\t\t\t\t<img loading=\"lazy\" decoding=\"async\" width=\"768\" height=\"576\" src=\"https:\/\/hoyre.no\/content\/uploads\/sites\/118\/2023\/06\/IMG_5407-768x576.jpeg\" class=\"attachment-medium_large size-medium_large\" alt=\"\" srcset=\"https:\/\/hoyre.no\/content\/uploads\/sites\/118\/2023\/06\/IMG_5407-768x576.jpeg 768w, https:\/\/hoyre.no\/content\/uploads\/sites\/118\/2023\/06\/IMG_5407-300x225.jpeg 300w, https:\/\/hoyre.no\/content\/uploads\/sites\/118\/2023\/06\/IMG_5407-1024x768.jpeg 1024w, https:\/\/hoyre.no\/content\/uploads\/sites\/118\/2023\/06\/IMG_5407-1536x1152.jpeg 1536w, https:\/\/hoyre.no\/content\/uploads\/sites\/118\/2023\/06\/IMG_5407-2048x1536.jpeg 2048w\" sizes=\"auto, (max-width: 768px) 100vw, 768px\" \/>\t\t<\/div>\n\t\t\n\t\t\t<div class=\"teft-card__content-wrapper\">\n\t\t\t\t<div class=\"teft-card__secondary\">\n\t\t\t\t\t\t\t\t\t<\/div>\n\n\t\t\t\t<div class=\"teft-card__primary\">\n\t\t\t\t\t<h2 class=\"teft-card__title\">En gr\u00f8nn utvikling&nbsp;<span class=\"teft-card__primary-title-append\"><\/span><\/h2>\t\t\t\t<\/div>\n\t\t\t<\/div>\n\t\t<\/a>\n\t<\/div>\n\n\t<\/div><div class=\"teft-cards-item is-card-hoyre\">\n\t<div class=\"teft-card hoyre-teft-card page-teft-card\">\n\t\t<a href=\"https:\/\/hoyre.no\/vestvagoy\/politikk\/samfunnsutvikling\/\" class=\"teft-card__primary-action\">\n\n\t\t\t\t\t<div class=\"teft-card__media teft-card__media--16-9\">\n\t\t\t\t\t\t<img loading=\"lazy\" decoding=\"async\" width=\"768\" height=\"576\" src=\"https:\/\/hoyre.no\/content\/uploads\/sites\/118\/2023\/06\/IMG_5399-768x576.jpeg\" class=\"attachment-medium_large size-medium_large\" alt=\"\" srcset=\"https:\/\/hoyre.no\/content\/uploads\/sites\/118\/2023\/06\/IMG_5399-768x576.jpeg 768w, https:\/\/hoyre.no\/content\/uploads\/sites\/118\/2023\/06\/IMG_5399-300x225.jpeg 300w, https:\/\/hoyre.no\/content\/uploads\/sites\/118\/2023\/06\/IMG_5399-1024x768.jpeg 1024w, https:\/\/hoyre.no\/content\/uploads\/sites\/118\/2023\/06\/IMG_5399-1536x1152.jpeg 1536w, https:\/\/hoyre.no\/content\/uploads\/sites\/118\/2023\/06\/IMG_5399-2048x1536.jpeg 2048w\" sizes=\"auto, (max-width: 768px) 100vw, 768px\" \/>\t\t<\/div>\n\t\t\n\t\t\t<div class=\"teft-card__content-wrapper\">\n\t\t\t\t<div class=\"teft-card__secondary\">\n\t\t\t\t\t\t\t\t\t<\/div>\n\n\t\t\t\t<div class=\"teft-card__primary\">\n\t\t\t\t\t<h2 class=\"teft-card__title\">Samfunnsutvikling&nbsp;<span class=\"teft-card__primary-title-append\"><\/span><\/h2>\t\t\t\t<\/div>\n\t\t\t<\/div>\n\t\t<\/a>\n\t<\/div>\n\n\t<\/div><div class=\"teft-cards-item is-card-hoyre\">\n\t<div class=\"teft-card hoyre-teft-card page-teft-card\">\n\t\t<a href=\"https:\/\/hoyre.no\/vestvagoy\/politikk\/oppvekst\/\" class=\"teft-card__primary-action\">\n\n\t\t\t\t\t<div class=\"teft-card__media teft-card__media--16-9\">\n\t\t\t\t\t\t<img loading=\"lazy\" decoding=\"async\" width=\"768\" height=\"512\" src=\"https:\/\/hoyre.no\/content\/uploads\/sites\/118\/2023\/06\/GettyImages-497326755-768x512.jpg\" class=\"attachment-medium_large size-medium_large\" alt=\"\" srcset=\"https:\/\/hoyre.no\/content\/uploads\/sites\/118\/2023\/06\/GettyImages-497326755-768x512.jpg 768w, https:\/\/hoyre.no\/content\/uploads\/sites\/118\/2023\/06\/GettyImages-497326755-300x200.jpg 300w, https:\/\/hoyre.no\/content\/uploads\/sites\/118\/2023\/06\/GettyImages-497326755-1024x683.jpg 1024w, https:\/\/hoyre.no\/content\/uploads\/sites\/118\/2023\/06\/GettyImages-497326755-1536x1024.jpg 1536w, https:\/\/hoyre.no\/content\/uploads\/sites\/118\/2023\/06\/GettyImages-497326755-2048x1366.jpg 2048w\" sizes=\"auto, (max-width: 768px) 100vw, 768px\" \/>\t\t<\/div>\n\t\t\n\t\t\t<div class=\"teft-card__content-wrapper\">\n\t\t\t\t<div class=\"teft-card__secondary\">\n\t\t\t\t\t\t\t\t\t<\/div>\n\n\t\t\t\t<div class=\"teft-card__primary\">\n\t\t\t\t\t<h2 class=\"teft-card__title\">Oppvekst&nbsp;<span class=\"teft-card__primary-title-append\"><\/span><\/h2>\t\t\t\t<\/div>\n\t\t\t<\/div>\n\t\t<\/a>\n\t<\/div>\n\n\t<\/div><div class=\"teft-cards-item is-card-hoyre\">\n\t<div class=\"teft-card hoyre-teft-card page-teft-card\">\n\t\t<a href=\"https:\/\/hoyre.no\/vestvagoy\/politikk\/helse-og-mestring\/\" class=\"teft-card__primary-action\">\n\n\t\t\t\t\t<div class=\"teft-card__media teft-card__media--16-9\">\n\t\t\t\t\t\t<img loading=\"lazy\" decoding=\"async\" width=\"768\" height=\"512\" src=\"https:\/\/hoyre.no\/content\/uploads\/sites\/118\/2023\/06\/GettyImages-1212931050-768x512.jpg\" class=\"attachment-medium_large size-medium_large\" alt=\"\" srcset=\"https:\/\/hoyre.no\/content\/uploads\/sites\/118\/2023\/06\/GettyImages-1212931050-768x512.jpg 768w, https:\/\/hoyre.no\/content\/uploads\/sites\/118\/2023\/06\/GettyImages-1212931050-300x200.jpg 300w, https:\/\/hoyre.no\/content\/uploads\/sites\/118\/2023\/06\/GettyImages-1212931050-1024x683.jpg 1024w, https:\/\/hoyre.no\/content\/uploads\/sites\/118\/2023\/06\/GettyImages-1212931050-1536x1024.jpg 1536w, https:\/\/hoyre.no\/content\/uploads\/sites\/118\/2023\/06\/GettyImages-1212931050-2048x1365.jpg 2048w\" sizes=\"auto, (max-width: 768px) 100vw, 768px\" \/>\t\t<\/div>\n\t\t\n\t\t\t<div class=\"teft-card__content-wrapper\">\n\t\t\t\t<div class=\"teft-card__secondary\">\n\t\t\t\t\t\t\t\t\t<\/div>\n\n\t\t\t\t<div class=\"teft-card__primary\">\n\t\t\t\t\t<h2 class=\"teft-card__title\">Helse og mestring&nbsp;<span class=\"teft-card__primary-title-append\"><\/span><\/h2>\t\t\t\t<\/div>\n\t\t\t<\/div>\n\t\t<\/a>\n\t<\/div>\n\n\t<\/div><\/div>","protected":false},"excerpt":{"rendered":"<p>Helse og mestring H\u00f8yre mener at hver enkelt innbygger selv skal bestemme mest mulig over egen hverdag, ogs\u00e5 n\u00e5r behovet for hjelp inntreffer. Da skal prinsippet \u00abHva er viktig for deg?\u00bb gjelde. Ingen beslutning om deg, skal tas uten deg. Vestv\u00e5g\u00f8y skal v\u00e6re et aldersvennlig samfunn med mulighet for gode boforhold, et rikt sosialt liv, [&hellip;]<\/p>\n","protected":false},"author":41535,"featured_media":0,"parent":0,"menu_order":0,"comment_status":"closed","ping_status":"closed","template":"","meta":{"teft_cards_image_url":"","teft_cards_custom_pretitle":"","teft_cards_image_id":0,"teft_cards_image_focal_point_x":0,"teft_cards_image_focal_point_y":0,"teft_cards_title":"","teft_cards_excerpt":"","teft_show_chapters":true,"footnotes":""},"class_list":["post-37","page","type-page","status-publish","hentry"],"yoast_head":"<!-- This site is optimized with the Yoast SEO plugin v26.6 - https:\/\/yoast.com\/wordpress\/plugins\/seo\/ -->\n<title>Politikk - Vestv\u00e5g\u00f8y H\u00f8yre<\/title>\n<meta name=\"robots\" content=\"index, follow, max-snippet:-1, max-image-preview:large, max-video-preview:-1\" \/>\n<link rel=\"canonical\" href=\"https:\/\/hoyre.no\/vestvagoy\/politikk\/\" \/>\n<meta property=\"og:locale\" content=\"nb_NO\" \/>\n<meta property=\"og:type\" content=\"article\" \/>\n<meta property=\"og:title\" content=\"Vi vil mer for Vestv\u00e5g\u00f8y - Styrket lokalsykehus, akuttberedskap\" \/>\n<meta property=\"og:description\" content=\"og eldreomsorg, Enklere arealplaner slik at flere oppn\u00e5r boligdr\u00f8mmen\" \/>\n<meta property=\"og:url\" content=\"https:\/\/hoyre.no\/vestvagoy\/politikk\/\" \/>\n<meta property=\"og:site_name\" content=\"Vestv\u00e5g\u00f8y H\u00f8yre\" \/>\n<meta property=\"article:modified_time\" content=\"2023-07-21T07:29:27+00:00\" \/>\n<meta property=\"og:image\" content=\"https:\/\/hoyre.no\/content\/uploads\/sites\/118\/2023\/06\/IMG_5399-scaled.jpeg\" \/>\n\t<meta property=\"og:image:width\" content=\"2500\" \/>\n\t<meta property=\"og:image:height\" content=\"1875\" \/>\n\t<meta property=\"og:image:type\" content=\"image\/jpeg\" \/>\n<meta name=\"twitter:card\" content=\"summary_large_image\" \/>\n<meta name=\"twitter:label1\" content=\"Ansl. lesetid\" \/>\n\t<meta name=\"twitter:data1\" content=\"4 minutter\" \/>\n<script type=\"application\/ld+json\" class=\"yoast-schema-graph\">{\"@context\":\"https:\/\/schema.org\",\"@graph\":[{\"@type\":\"WebPage\",\"@id\":\"https:\/\/hoyre.no\/vestvagoy\/politikk\/\",\"url\":\"https:\/\/hoyre.no\/vestvagoy\/politikk\/\",\"name\":\"Politikk - Vestv\u00e5g\u00f8y H\u00f8yre\",\"isPartOf\":{\"@id\":\"https:\/\/hoyre.no\/vestvagoy\/#website\"},\"datePublished\":\"2023-05-02T10:45:44+00:00\",\"dateModified\":\"2023-07-21T07:29:27+00:00\",\"breadcrumb\":{\"@id\":\"https:\/\/hoyre.no\/vestvagoy\/politikk\/#breadcrumb\"},\"inLanguage\":\"nb-NO\",\"potentialAction\":[{\"@type\":\"ReadAction\",\"target\":[\"https:\/\/hoyre.no\/vestvagoy\/politikk\/\"]}]},{\"@type\":\"BreadcrumbList\",\"@id\":\"https:\/\/hoyre.no\/vestvagoy\/politikk\/#breadcrumb\",\"itemListElement\":[{\"@type\":\"ListItem\",\"position\":1,\"name\":\"Til hoyre.no\",\"item\":\"https:\/\/hoyre.no\"},{\"@type\":\"ListItem\",\"position\":2,\"name\":\"Hjem\",\"item\":\"https:\/\/hoyre.no\/vestvagoy\/\"},{\"@type\":\"ListItem\",\"position\":3,\"name\":\"Politikk\"}]},{\"@type\":\"WebSite\",\"@id\":\"https:\/\/hoyre.no\/vestvagoy\/#website\",\"url\":\"https:\/\/hoyre.no\/vestvagoy\/\",\"name\":\"Vestv\u00e5g\u00f8y H\u00f8yre\",\"description\":\"Bare enda et H\u00f8yres nettsteder-nettsted\",\"inLanguage\":\"nb-NO\"}]}<\/script>\n<!-- \/ Yoast SEO plugin. -->","yoast_head_json":{"title":"Politikk - Vestv\u00e5g\u00f8y H\u00f8yre","robots":{"index":"index","follow":"follow","max-snippet":"max-snippet:-1","max-image-preview":"max-image-preview:large","max-video-preview":"max-video-preview:-1"},"canonical":"https:\/\/hoyre.no\/vestvagoy\/politikk\/","og_locale":"nb_NO","og_type":"article","og_title":"Vi vil mer for Vestv\u00e5g\u00f8y - Styrket lokalsykehus, akuttberedskap","og_description":"og eldreomsorg, Enklere arealplaner slik at flere oppn\u00e5r boligdr\u00f8mmen","og_url":"https:\/\/hoyre.no\/vestvagoy\/politikk\/","og_site_name":"Vestv\u00e5g\u00f8y H\u00f8yre","article_modified_time":"2023-07-21T07:29:27+00:00","og_image":[{"width":2500,"height":1875,"url":"https:\/\/hoyre.no\/content\/uploads\/sites\/118\/2023\/06\/IMG_5399-scaled.jpeg","type":"image\/jpeg"}],"twitter_card":"summary_large_image","twitter_misc":{"Ansl. lesetid":"4 minutter"},"schema":{"@context":"https:\/\/schema.org","@graph":[{"@type":"WebPage","@id":"https:\/\/hoyre.no\/vestvagoy\/politikk\/","url":"https:\/\/hoyre.no\/vestvagoy\/politikk\/","name":"Politikk - Vestv\u00e5g\u00f8y H\u00f8yre","isPartOf":{"@id":"https:\/\/hoyre.no\/vestvagoy\/#website"},"datePublished":"2023-05-02T10:45:44+00:00","dateModified":"2023-07-21T07:29:27+00:00","breadcrumb":{"@id":"https:\/\/hoyre.no\/vestvagoy\/politikk\/#breadcrumb"},"inLanguage":"nb-NO","potentialAction":[{"@type":"ReadAction","target":["https:\/\/hoyre.no\/vestvagoy\/politikk\/"]}]},{"@type":"BreadcrumbList","@id":"https:\/\/hoyre.no\/vestvagoy\/politikk\/#breadcrumb","itemListElement":[{"@type":"ListItem","position":1,"name":"Til hoyre.no","item":"https:\/\/hoyre.no"},{"@type":"ListItem","position":2,"name":"Hjem","item":"https:\/\/hoyre.no\/vestvagoy\/"},{"@type":"ListItem","position":3,"name":"Politikk"}]},{"@type":"WebSite","@id":"https:\/\/hoyre.no\/vestvagoy\/#website","url":"https:\/\/hoyre.no\/vestvagoy\/","name":"Vestv\u00e5g\u00f8y H\u00f8yre","description":"Bare enda et H\u00f8yres nettsteder-nettsted","inLanguage":"nb-NO"}]}},"distributor_meta":false,"distributor_terms":false,"distributor_media":false,"distributor_original_site_name":"Vestv\u00e5g\u00f8y H\u00f8yre","distributor_original_site_url":"https:\/\/hoyre.no\/vestvagoy","push-errors":false,"_links":{"self":[{"href":"https:\/\/hoyre.no\/vestvagoy\/wp-json\/wp\/v2\/pages\/37","targetHints":{"allow":["GET"]}}],"collection":[{"href":"https:\/\/hoyre.no\/vestvagoy\/wp-json\/wp\/v2\/pages"}],"about":[{"href":"https:\/\/hoyre.no\/vestvagoy\/wp-json\/wp\/v2\/types\/page"}],"author":[{"embeddable":true,"href":"https:\/\/hoyre.no\/vestvagoy\/wp-json\/wp\/v2\/users\/41535"}],"replies":[{"embeddable":true,"href":"https:\/\/hoyre.no\/vestvagoy\/wp-json\/wp\/v2\/comments?post=37"}],"version-history":[{"count":16,"href":"https:\/\/hoyre.no\/vestvagoy\/wp-json\/wp\/v2\/pages\/37\/revisions"}],"predecessor-version":[{"id":140,"href":"https:\/\/hoyre.no\/vestvagoy\/wp-json\/wp\/v2\/pages\/37\/revisions\/140"}],"wp:attachment":[{"href":"https:\/\/hoyre.no\/vestvagoy\/wp-json\/wp\/v2\/media?parent=37"}],"curies":[{"name":"wp","href":"https:\/\/api.w.org\/{rel}","templated":true}]}}