{"id":81,"date":"2023-06-05T23:58:48","date_gmt":"2023-06-05T21:58:48","guid":{"rendered":"https:\/\/hoyre.no\/vestvagoy\/?page_id=81"},"modified":"2023-06-06T17:56:36","modified_gmt":"2023-06-06T15:56:36","slug":"helse-og-mestring","status":"publish","type":"page","link":"https:\/\/hoyre.no\/vestvagoy\/politikk\/helse-og-mestring\/","title":{"rendered":"Helse og mestring"},"content":{"rendered":"\n<div class=\"wp-block-hoyre-hero with-image-gradient text-color-light  has-media alignfull has-background\"><div class=\"hoyre-hero has-image\"><h1 class=\"title\">Helse og mestring<\/h1><p class=\"preamble\">Vi skal arbeide for et styrket lokalsykehus, akuttberedskap og en verdig eldreomsorg<\/p>\t\t\t<div class=\"post-meta wp-block teft-byline-wrapper\">\n\t\t\t\t<div class=\"top\">\n\t\t\t\t\t<div class=\"signature\">\n\t\t\t\t\t\t<div class=\"teft-byline\">\n\t\t\t\t\t\t\t\t\t\t\t\t\t\t<div>\n\t\t\t\t\t\t\t\t<h3>H\u00f8yres redaksjon<\/h3>\t\t\t\t\t\t\t\t\n\t\t\t\t\t\t\t\t\t\t\t\t\t\t\t\t\t<span class=\"date\">Sist oppdatert: 6. juni 2023<\/span>\n\t\t\t\t\t\t\t\t\t\t\t\t\t\t\t\t\t\t\t\t\t\t\t\t\t<span class=\"reading-time\" itemprop=\"timeRequired\" content=\"PT7M\"><em>Ca. 7 minutter lesetid<\/em><\/span>\n\t\t\t\t\t\t\t\t\t\t\t\t\t\t\t<\/div>\n\t\t\t\t\t\t<\/div>\n\t\t\t\t\t<\/div>\n\t\t\t\t\t\t<div class=\"sharing\">\n\t\t<a class=\"share-button share-link copy-link\" data-copy=\"https:\/\/hoyre.no\/vestvagoy\/politikk\/helse-og-mestring\/\" target=\"_blank\"><span class=\"screen-reader-text\">Del link<\/span><\/a>\n\t\t<a class=\"share-button share-twitter\" href=\"http:\/\/twitter.com\/share?text=Helse og mestring&#038;url=https:\/\/hoyre.no\/vestvagoy\/politikk\/helse-og-mestring\/&#038;hashtags=Hoyre\" target=\"_blank\"><span class=\"screen-reader-text\">Del p\u00e5 twitter<\/span><\/a>\n\t\t<a class=\"share-button share-facebook\" href=\"https:\/\/www.facebook.com\/sharer\/sharer.php?u=https:\/\/hoyre.no\/vestvagoy\/politikk\/helse-og-mestring\/\" target=\"_blank\"><span class=\"screen-reader-text\">Del p\u00e5 facebook<\/span><\/a>\n\t<\/div>\n\t\t\t\t\t<\/div>\n\t\t\t<\/div>\n\n\t\t\t<figure class=\"hoyre-image-wrapper\"><div class=\"hoyre-image\"><img loading=\"lazy\" decoding=\"async\" width=\"2500\" height=\"1667\" src=\"https:\/\/hoyre.no\/content\/uploads\/sites\/118\/2023\/06\/GettyImages-1212931050-scaled.jpg\" class=\"attachment-scaled size-scaled\" alt=\"\" style=\"object-position: 56.00000000000001% 43%\" srcset=\"https:\/\/hoyre.no\/content\/uploads\/sites\/118\/2023\/06\/GettyImages-1212931050-scaled.jpg 2500w, https:\/\/hoyre.no\/content\/uploads\/sites\/118\/2023\/06\/GettyImages-1212931050-300x200.jpg 300w, https:\/\/hoyre.no\/content\/uploads\/sites\/118\/2023\/06\/GettyImages-1212931050-1024x683.jpg 1024w, https:\/\/hoyre.no\/content\/uploads\/sites\/118\/2023\/06\/GettyImages-1212931050-768x512.jpg 768w, https:\/\/hoyre.no\/content\/uploads\/sites\/118\/2023\/06\/GettyImages-1212931050-1536x1024.jpg 1536w, https:\/\/hoyre.no\/content\/uploads\/sites\/118\/2023\/06\/GettyImages-1212931050-2048x1365.jpg 2048w\" sizes=\"auto, (max-width: 2500px) 100vw, 2500px\" \/><\/div><\/figure><\/div><\/div>\n\n\n\n\n<p>H\u00f8yre mener at hver enkelt innbygger selv skal bestemme mest mulig over egen hverdag, ogs\u00e5 n\u00e5r behovet for hjelp inntreffer. Da skal prinsippet \u00abHva er viktig for deg?\u00bb gjelde. Ingen beslutning om deg, skal tas uten deg. Vestv\u00e5g\u00f8y skal v\u00e6re et aldersvennlig samfunn med mulighet for gode boforhold, et rikt sosialt liv, deltagelse i arbeidslivet, og man skal f\u00e5 rett hjelp til rett tid n\u00e5r man har behov for det. I valgperioden vil Vestv\u00e5g\u00f8y H\u00f8yre etablere og f\u00f8lge en tydelig plan for rekruttering, stabilisering, kompetanse- og fagutvikling, samt forskning i kommunens helse- og mestringstjeneste. Videre har vi fem s\u00e6rskilte satsningsomr\u00e5der:<\/p>\n\n\n\n<p><strong>Vestv\u00e5g\u00f8y H\u00f8yre vil:<\/strong><\/p>\n\n\n\n<h3 class=\"wp-block-heading\">Styrke og videreutvikle Nordlandssykehuset Lofoten, opprettholde et godt f\u00f8detilbud og akuttberedskap for kirurgi, samt opprette tilbud om kjeveortoped p\u00e5 Leknes<\/h3>\n\n\n\n<p>Vestv\u00e5g\u00f8y H\u00f8yre mener at kommunen m\u00e5 ta en aktiv rolle i Helsefellesskapet for \u00e5 skape et mer sammenhengende tjenestetilbud for pasienter og p\u00e5r\u00f8rende. M\u00e5let er \u00e5 gi innbyggerne \u00f8kt trygghet og forutsigbarhet gjennom gode pasientforl\u00f8p og overganger mellom eget hjem, sykehus og sykehjem.<\/p>\n\n\n\n<p>Vestv\u00e5g\u00f8y H\u00f8yre vil ta en aktiv rolle i arbeidet for at Nordlandssykehuset Lofoten skal styrkes og videreutvikles, b\u00e5de n\u00e5r det gjelder kompetanse, tilbud, og fysiske lokaler.<\/p>\n\n\n\n<p>Pasientreiser er i dagens modell krevende for innbyggerne, samt helse\u00f8konomisk og samfunns\u00f8konomisk belastende. Vestv\u00e5g\u00f8y H\u00f8yre vil gjennom Helsefellesskapet arbeide for at flere spesialisttjenester tilbys ved lokalsykehuset, og en effektivisering slik at innbyggerne i Vestv\u00e5g\u00f8y kan motta helsetjenester i Bod\u00f8 og Troms\u00f8 uten dagens forsinkende reisel\u00f8sninger. Det samme gjelder for Fylkeskommunens tannhelse- og kjeveortopedtilbud, hvor vi vil kreve at kjeveortopedi tilbys p\u00e5 Leknes.<strong><br><\/strong><\/p>\n\n\n\n<h3 class=\"wp-block-heading\">Gi innbyggerne mulighet til \u00e5 v\u00e6re sjef i eget hus &#8211; ogs\u00e5 n\u00e5r man trenger helse- og mestringstjenester<\/h3>\n\n\n\n<p>Vestv\u00e5g\u00f8y kommune skal v\u00e6re et attraktivt og inkluderende lokalsamfunn hvor vi ivaretar den enkeltes verdighet, trygghet og selvstendighet. Vestv\u00e5g\u00f8y H\u00f8yre \u00f8nsker \u00e5 bidra til at eldre og andre som trenger hjelp til daglige gj\u00f8rem\u00e5l og egenomsorg, skal leve s\u00e5 uavhengige liv som mulig. Vi vil derfor utvikle tjenester for morgendagen og<\/p>\n\n\n\n<p>samarbeide med b\u00e5de frivillige, ideelle og private akt\u00f8rer for \u00e5 gi den best mulige omsorgen tilpasset den enkeltes behov.<\/p>\n\n\n\n<p>For \u00e5 sikre en god samhandling mellom politisk niv\u00e5 og administrasjonen \u00f8nsker vi \u00e5 opprette en egen politisk komite for kommunalomr\u00e5det Helse og mestring.<\/p>\n\n\n\n<p>Vi vil bidra til at innbyggerne i st\u00f8rst mulig grad kan bo i egen bolig gjennom hele livsl\u00f8pet, og gjennomf\u00f8re allerede planlagte byggeprosesser for boliger tilrettelagt for held\u00f8gns omsorg.<\/p>\n\n\n\n<p>God fysisk og psykisk helse er en forutsetning for \u00e5 leve et godt liv. De fleste mennesker liker \u00e5 v\u00e6re sosiale og har behov for \u00e5 v\u00e6re aktive og sammen med andre. Vestv\u00e5g\u00f8y H\u00f8yre vil prioritere aktiviteter og fellesskap for eldre i lokalsamfunnet, som ikke bare gj\u00f8r livet bedre og mer meningsfullt for mange, men ogs\u00e5 forebygger en rekke fysiske og psykiske helseutfordringer.<\/p>\n\n\n\n<p>Vestv\u00e5g\u00f8y H\u00f8yre vil bidra til at innbyggere, politikere, administrasjon, n\u00e6ringsliv og frivillige lag og foreninger i en aktiv samskapingsprosess sikrer at Vestv\u00e5g\u00f8y er en aldersvennlig kommune.<\/p>\n\n\n\n<h3 class=\"wp-block-heading\">Samlokalisere helse- og mestringstjenestene<\/h3>\n\n\n\n<p>Vestv\u00e5g\u00f8y H\u00f8yre \u00f8nsker \u00e5 samlokalisere de kommunale helse- og mestringstjenestene i et felles bygg (helsehus) for \u00e5 styrke kompetansemilj\u00f8ene, fremme tilgjengeligheten av tjenestene, samt \u00f8ke det tverrfaglige samarbeidet.<\/p>\n\n\n\n<p>Hovedoppgavene i et helsehus er pleie, opptrening, rehabilitering og etterbehandling. Ved \u00e5 samle flest mulig kommunale helse- og mestringstjenester i samme lokaler tilrettelegger man for at innbyggerne f\u00e5r en raskere og mer effektiv behandling. \u00c5 samlokalisere eksempelvis legetjenester, hjemmetjeneste, kommunale akutte d\u00f8gnplasser og rehabiliteringstjenester vil gi et \u00f8kt utgangspunkt for tverrfaglige og fleksible tjenester. Det vil kunne redusere un\u00f8dige forsinkelser i overgangen mellom tjenester, sikre at ansvarsforholdene mellom tjenester er avklarte, at en unng\u00e5r dobbeltarbeid, og at ulike faggrupper arbeider i samme retning mot innbyggerens m\u00e5l.<\/p>\n\n\n\n<h3 class=\"wp-block-heading\">Prioritere en ressursmessig og kompetansemessig styrking av de hjemmebaserte tjenestene og rehabiliteringstjenestene<\/h3>\n\n\n\n<p>Vestv\u00e5g\u00f8y H\u00f8yre vil prioritere kompetanseutvikling i helse- og mestringstjenestene, og at nasjonale kvalitetssatsninger f\u00f8lges opp. Herav ligger en s\u00e6rlig ressursmessig og kompetansemessig satsning p\u00e5 hjemmebaserte tjenester og rehabiliteringstjenester.<\/p>\n\n\n\n<p>Vestv\u00e5g\u00f8y H\u00f8yre mener at Vestv\u00e5g\u00f8y kommune skal v\u00e6re et aldersvennlig samfunn, og vil sikre at kommunen f\u00f8lger opp satsningene som f\u00f8rst ble beskrevet i reformen \u00abLeve hele livet\u00bb, etablert av H\u00f8yre i regjering. Reformen handler om de grunnleggende tingene som oftest svikter i tilbudet til eldre: mat og m\u00e5ltidet, aktivitet og fellesskap, helsehjelp, og sammenheng i tjenestene. Fra 2023 videref\u00f8res denne reformen av Bo trygt hjemme-reformen. Vi vil s\u00f8rge for at kommunen iverksetter Demensplan 2025, som ogs\u00e5 er lansert av H\u00f8yre. Planen inneb\u00e6rer at vi tidlig fanger opp n\u00e5r mennesker f\u00e5r demens, og at vi sikrer gode og tilpassede tjenester.&nbsp;&nbsp;<\/p>\n\n\n\n<p>H\u00f8yre \u00f8nsker en ruspolitikk som har som m\u00e5l \u00e5 forebygge rusproblemer og \u00e5 begrense de negative skadevirkningene som f\u00f8lger av narkotika og alkohol, heriblant sikre et godt ettervern. Det skal fortsatt v\u00e6re forbudt \u00e5 bruke og besitte narkotika, men H\u00f8yre \u00f8nsker at personer med rusutfordringer skal f\u00e5 hjelp, behandling og oppf\u00f8lging heller enn straff. Vestv\u00e5g\u00f8y H\u00f8yre ser behov for at tilbudet til personer med utfordringer innen psykisk helse og rus videreutvikles i samarbeid mellom tversektorielle kommunale tjenester og spesialisthelsetjenesten, og med en ressursmessig s\u00e6rskilt prioritering av tilbudet til barn og unge.<\/p>\n\n\n\n<p>Vestv\u00e5g\u00f8y H\u00f8yre \u00f8nsker at det etableres en tydelig plan for rekruttering, stabilisering, kompetanseutvikling, fagutvikling og forskning i kommunens helse- og mestringstjeneste. Vestv\u00e5g\u00f8y H\u00f8yre mener de hjemmebaserte tjenestene b\u00f8r ytes av faste team som sikrer st\u00f8rre fleksibilitet, og at eldre og p\u00e5r\u00f8rende f\u00e5r f\u00e6rre helsepersonell \u00e5 forholde seg til. Selv om de fleste av oss \u00f8nsker \u00e5 leve mest mulig selvhjulpent, er det de f\u00e6rreste av oss som klarer oss uten hjelp p\u00e5 veien. Det er viktig \u00e5 f\u00e5 hjelp n\u00e5r man trenger det, og helsehjelpen m\u00e5 v\u00e6re god.&nbsp;<\/p>\n\n\n\n<p>Vi vil \u00f8ke kvaliteten i hjemmetjenesten, og begrense antall helsepersonell eldre m\u00e5 forholde seg til i hverdagen. De mest s\u00e5rbare og syke, som er avhengig av forutsigbarhet, m\u00e5 prioriteres f\u00f8rst. Videre \u00f8nsker vi \u00e5 inkludere flere akt\u00f8rer i hjemmetjenesten og \u00e5 bidra til bedre samarbeid mellom hjemmetjenesten, eldre- og p\u00e5r\u00f8rendekoordinator, p\u00e5r\u00f8rende og frivillige, for \u00e5 forebygge og redusere ensomhet, inaktivitet, og fare for underern\u00e6ring hos hjemmeboende eldre. Forebyggende hjemmebes\u00f8k, hvor man ogs\u00e5 vurderer fremtidig bosituasjon, b\u00f8r gjeninnf\u00f8res i Vestv\u00e5g\u00f8y kommune.<\/p>\n\n\n\n<p>Vi trenger \u00e5penhet og innsyn i hvordan det st\u00e5r til i tjenestene \u2013 for \u00e5 sikre et best mulig tilbud. Derfor vil Vestv\u00e5g\u00f8y H\u00f8yre ha regelmessige bruker- og p\u00e5r\u00f8rende unders\u00f8kelser &#8211; og \u00e5penhet om resultatene. Vi \u00f8nsker at kommunestyret \u00e5rlig skal behandle en rapport om tilstanden i helse- og mestringstjenestene, der b\u00e5de brukerunders\u00f8kelser, objektive kvalitetsindikatorer, og brukertilfredshet m\u00e5les.<\/p>\n\n\n\n<h3 class=\"wp-block-heading\">Etablere Lekneshagen som Livsgledehjem<\/h3>\n\n\n\n<p>For Vestv\u00e5g\u00f8y H\u00f8yre er det viktig \u00e5 sikre at helsehjelpen som skjer hjemme er god, og at syke eldre f\u00e5r sykehjemsplass n\u00e5r det ikke lenger er mulig \u00e5 gi denne hjelpen hjemme. H\u00f8yre har over mange \u00e5r jobbet med hvordan vi m\u00f8ter den demografiske utviklingen med at vi blir flere eldre i Norge, at vi blir f\u00e6rre yrkesaktive, og at vi f\u00e5r flere syke eldre. Vi har bidratt til en historisk satsing p\u00e5 held\u00f8gns omsorgsplasser, flere \u00e5rsverk og \u00f8kt kompetanse hos ansatte. Denne satsningen vil vi ogs\u00e5 f\u00f8lge opp lokalt i Vestv\u00e5g\u00f8y kommune. Sykehjem skal ikke bare v\u00e6re et oppholdssted for behandling og pleie, men ogs\u00e5 et sted for aktivitet og fellesskap. Vi \u00f8nsker derfor \u00e5 styrke fagkompetansen p\u00e5 sykehjemmet, b\u00e5de n\u00e5r det gjelder legeressurser og annen tverrfaglig kompetanse som ergoterapi og fysioterapi. Vestv\u00e5g\u00f8y H\u00f8yre ettersp\u00f8r ogs\u00e5 at fjor\u00e5rets kommunestyrevedtak om etablering av Livsgledestatus ved Lekneshagen Bofellesskap f\u00f8lges opp. Sertifiseringsordningen Livsgledehjem er et systemverkt\u00f8y for personsentrert omsorg, som sikrer at de som bor p\u00e5 virksomheter med held\u00f8gns eldreomsorg f\u00e5r tilrettelagte aktiviteter, frisk luft og meningsfulle \u00f8yeblikk.<\/p>\n\n\n\n<div class=\"wp-block-buttons is-layout-flex wp-block-buttons-is-layout-flex\">\n<div class=\"wp-block-button\"><a class=\"wp-block-button__link\" href=\"https:\/\/hoyre.no\/vestvagoy\/politikk\/\">Tilbake til politikk<\/a><\/div>\n<\/div>\n\n","protected":false},"excerpt":{"rendered":"","protected":false},"author":41535,"featured_media":0,"parent":37,"menu_order":0,"comment_status":"closed","ping_status":"closed","template":"","meta":{"teft_cards_image_url":"","teft_cards_custom_pretitle":"","teft_cards_image_id":83,"teft_cards_image_focal_point_x":0.5,"teft_cards_image_focal_point_y":0.5,"teft_cards_title":"","teft_cards_excerpt":"","teft_show_chapters":false,"footnotes":""},"class_list":["post-81","page","type-page","status-publish","hentry"],"yoast_head":"<!-- This site is optimized with the Yoast SEO plugin v26.6 - https:\/\/yoast.com\/wordpress\/plugins\/seo\/ -->\n<title>Helse og mestring - Vestv\u00e5g\u00f8y H\u00f8yre<\/title>\n<meta name=\"robots\" content=\"index, follow, max-snippet:-1, max-image-preview:large, max-video-preview:-1\" \/>\n<link rel=\"canonical\" href=\"https:\/\/hoyre.no\/vestvagoy\/politikk\/helse-og-mestring\/\" \/>\n<meta property=\"og:locale\" content=\"nb_NO\" \/>\n<meta property=\"og:type\" content=\"article\" \/>\n<meta property=\"og:title\" content=\"Helse og mestring - Vestv\u00e5g\u00f8y H\u00f8yre\" \/>\n<meta property=\"og:url\" content=\"https:\/\/hoyre.no\/vestvagoy\/politikk\/helse-og-mestring\/\" \/>\n<meta property=\"og:site_name\" content=\"Vestv\u00e5g\u00f8y H\u00f8yre\" \/>\n<meta property=\"article:modified_time\" content=\"2023-06-06T15:56:36+00:00\" \/>\n<meta property=\"og:image\" content=\"https:\/\/hoyre.no\/content\/uploads\/sites\/118\/2023\/06\/GettyImages-1212931050-1024x683.jpg\" \/>\n<meta name=\"twitter:card\" content=\"summary_large_image\" \/>\n<meta name=\"twitter:label1\" content=\"Ansl. lesetid\" \/>\n\t<meta name=\"twitter:data1\" content=\"7 minutter\" \/>\n<script type=\"application\/ld+json\" class=\"yoast-schema-graph\">{\"@context\":\"https:\/\/schema.org\",\"@graph\":[{\"@type\":\"WebPage\",\"@id\":\"https:\/\/hoyre.no\/vestvagoy\/politikk\/helse-og-mestring\/\",\"url\":\"https:\/\/hoyre.no\/vestvagoy\/politikk\/helse-og-mestring\/\",\"name\":\"Helse og mestring - Vestv\u00e5g\u00f8y H\u00f8yre\",\"isPartOf\":{\"@id\":\"https:\/\/hoyre.no\/vestvagoy\/#website\"},\"datePublished\":\"2023-06-05T21:58:48+00:00\",\"dateModified\":\"2023-06-06T15:56:36+00:00\",\"breadcrumb\":{\"@id\":\"https:\/\/hoyre.no\/vestvagoy\/politikk\/helse-og-mestring\/#breadcrumb\"},\"inLanguage\":\"nb-NO\",\"potentialAction\":[{\"@type\":\"ReadAction\",\"target\":[\"https:\/\/hoyre.no\/vestvagoy\/politikk\/helse-og-mestring\/\"]}]},{\"@type\":\"BreadcrumbList\",\"@id\":\"https:\/\/hoyre.no\/vestvagoy\/politikk\/helse-og-mestring\/#breadcrumb\",\"itemListElement\":[{\"@type\":\"ListItem\",\"position\":1,\"name\":\"Til hoyre.no\",\"item\":\"https:\/\/hoyre.no\"},{\"@type\":\"ListItem\",\"position\":2,\"name\":\"Hjem\",\"item\":\"https:\/\/hoyre.no\/vestvagoy\/\"},{\"@type\":\"ListItem\",\"position\":3,\"name\":\"Politikk\",\"item\":\"https:\/\/hoyre.no\/vestvagoy\/politikk\/\"},{\"@type\":\"ListItem\",\"position\":4,\"name\":\"Helse og mestring\"}]},{\"@type\":\"WebSite\",\"@id\":\"https:\/\/hoyre.no\/vestvagoy\/#website\",\"url\":\"https:\/\/hoyre.no\/vestvagoy\/\",\"name\":\"Vestv\u00e5g\u00f8y H\u00f8yre\",\"description\":\"Bare enda et H\u00f8yres nettsteder-nettsted\",\"inLanguage\":\"nb-NO\"}]}<\/script>\n<!-- \/ Yoast SEO plugin. -->","yoast_head_json":{"title":"Helse og mestring - Vestv\u00e5g\u00f8y H\u00f8yre","robots":{"index":"index","follow":"follow","max-snippet":"max-snippet:-1","max-image-preview":"max-image-preview:large","max-video-preview":"max-video-preview:-1"},"canonical":"https:\/\/hoyre.no\/vestvagoy\/politikk\/helse-og-mestring\/","og_locale":"nb_NO","og_type":"article","og_title":"Helse og mestring - Vestv\u00e5g\u00f8y H\u00f8yre","og_url":"https:\/\/hoyre.no\/vestvagoy\/politikk\/helse-og-mestring\/","og_site_name":"Vestv\u00e5g\u00f8y H\u00f8yre","article_modified_time":"2023-06-06T15:56:36+00:00","og_image":[{"url":"https:\/\/hoyre.no\/content\/uploads\/sites\/118\/2023\/06\/GettyImages-1212931050-1024x683.jpg","width":"","height":"","type":""}],"twitter_card":"summary_large_image","twitter_misc":{"Ansl. lesetid":"7 minutter"},"schema":{"@context":"https:\/\/schema.org","@graph":[{"@type":"WebPage","@id":"https:\/\/hoyre.no\/vestvagoy\/politikk\/helse-og-mestring\/","url":"https:\/\/hoyre.no\/vestvagoy\/politikk\/helse-og-mestring\/","name":"Helse og mestring - Vestv\u00e5g\u00f8y H\u00f8yre","isPartOf":{"@id":"https:\/\/hoyre.no\/vestvagoy\/#website"},"datePublished":"2023-06-05T21:58:48+00:00","dateModified":"2023-06-06T15:56:36+00:00","breadcrumb":{"@id":"https:\/\/hoyre.no\/vestvagoy\/politikk\/helse-og-mestring\/#breadcrumb"},"inLanguage":"nb-NO","potentialAction":[{"@type":"ReadAction","target":["https:\/\/hoyre.no\/vestvagoy\/politikk\/helse-og-mestring\/"]}]},{"@type":"BreadcrumbList","@id":"https:\/\/hoyre.no\/vestvagoy\/politikk\/helse-og-mestring\/#breadcrumb","itemListElement":[{"@type":"ListItem","position":1,"name":"Til hoyre.no","item":"https:\/\/hoyre.no"},{"@type":"ListItem","position":2,"name":"Hjem","item":"https:\/\/hoyre.no\/vestvagoy\/"},{"@type":"ListItem","position":3,"name":"Politikk","item":"https:\/\/hoyre.no\/vestvagoy\/politikk\/"},{"@type":"ListItem","position":4,"name":"Helse og mestring"}]},{"@type":"WebSite","@id":"https:\/\/hoyre.no\/vestvagoy\/#website","url":"https:\/\/hoyre.no\/vestvagoy\/","name":"Vestv\u00e5g\u00f8y H\u00f8yre","description":"Bare enda et H\u00f8yres nettsteder-nettsted","inLanguage":"nb-NO"}]}},"distributor_meta":false,"distributor_terms":false,"distributor_media":false,"distributor_original_site_name":"Vestv\u00e5g\u00f8y H\u00f8yre","distributor_original_site_url":"https:\/\/hoyre.no\/vestvagoy","push-errors":false,"_links":{"self":[{"href":"https:\/\/hoyre.no\/vestvagoy\/wp-json\/wp\/v2\/pages\/81","targetHints":{"allow":["GET"]}}],"collection":[{"href":"https:\/\/hoyre.no\/vestvagoy\/wp-json\/wp\/v2\/pages"}],"about":[{"href":"https:\/\/hoyre.no\/vestvagoy\/wp-json\/wp\/v2\/types\/page"}],"author":[{"embeddable":true,"href":"https:\/\/hoyre.no\/vestvagoy\/wp-json\/wp\/v2\/users\/41535"}],"replies":[{"embeddable":true,"href":"https:\/\/hoyre.no\/vestvagoy\/wp-json\/wp\/v2\/comments?post=81"}],"version-history":[{"count":7,"href":"https:\/\/hoyre.no\/vestvagoy\/wp-json\/wp\/v2\/pages\/81\/revisions"}],"predecessor-version":[{"id":130,"href":"https:\/\/hoyre.no\/vestvagoy\/wp-json\/wp\/v2\/pages\/81\/revisions\/130"}],"up":[{"embeddable":true,"href":"https:\/\/hoyre.no\/vestvagoy\/wp-json\/wp\/v2\/pages\/37"}],"wp:attachment":[{"href":"https:\/\/hoyre.no\/vestvagoy\/wp-json\/wp\/v2\/media?parent=81"}],"curies":[{"name":"wp","href":"https:\/\/api.w.org\/{rel}","templated":true}]}}