{"id":96,"date":"2023-06-06T00:09:48","date_gmt":"2023-06-05T22:09:48","guid":{"rendered":"https:\/\/hoyre.no\/vestvagoy\/?page_id=96"},"modified":"2023-06-06T18:00:29","modified_gmt":"2023-06-06T16:00:29","slug":"samfunnsutvikling","status":"publish","type":"page","link":"https:\/\/hoyre.no\/vestvagoy\/politikk\/samfunnsutvikling\/","title":{"rendered":"Samfunnsutvikling"},"content":{"rendered":"\n<div class=\"wp-block-hoyre-hero with-image-gradient text-color-light  has-media alignfull has-background\"><div class=\"hoyre-hero has-image\"><h1 class=\"title\">Samfunns-utvikling<\/h1><p class=\"preamble\">H\u00f8yre vil tilrettelegge for at det bygges flere boliger ved \u00e5 forenkle regelverk og effektivisere byggeprosesser. Vi vil stille krav til utbyggere om at f\u00f8rstegangskj\u00f8pere prioriteres, og ta i bruk leie-til-eie-modeller. H\u00f8yres m\u00e5l er \u00e5 binde by og bygd sammen med flere jobber i distriktene, bedre veier og gode velferdstjenester der folk bor<\/p>\t\t\t<div class=\"post-meta wp-block teft-byline-wrapper\">\n\t\t\t\t<div class=\"top\">\n\t\t\t\t\t<div class=\"signature\">\n\t\t\t\t\t\t<div class=\"teft-byline\">\n\t\t\t\t\t\t\t\t\t\t\t\t\t\t<div>\n\t\t\t\t\t\t\t\t<h3>H\u00f8yres redaksjon<\/h3>\t\t\t\t\t\t\t\t\n\t\t\t\t\t\t\t\t\t\t\t\t\t\t\t\t\t<span class=\"date\">Sist oppdatert: 6. juni 2023<\/span>\n\t\t\t\t\t\t\t\t\t\t\t\t\t\t\t\t\t\t\t\t\t\t\t\t\t<span class=\"reading-time\" itemprop=\"timeRequired\" content=\"PT4M\"><em>Ca. 4 minutter lesetid<\/em><\/span>\n\t\t\t\t\t\t\t\t\t\t\t\t\t\t\t<\/div>\n\t\t\t\t\t\t<\/div>\n\t\t\t\t\t<\/div>\n\t\t\t\t\t\t<div class=\"sharing\">\n\t\t<a class=\"share-button share-link copy-link\" data-copy=\"https:\/\/hoyre.no\/vestvagoy\/politikk\/samfunnsutvikling\/\" target=\"_blank\"><span class=\"screen-reader-text\">Del link<\/span><\/a>\n\t\t<a class=\"share-button share-twitter\" href=\"http:\/\/twitter.com\/share?text=Samfunnsutvikling&#038;url=https:\/\/hoyre.no\/vestvagoy\/politikk\/samfunnsutvikling\/&#038;hashtags=Hoyre\" target=\"_blank\"><span class=\"screen-reader-text\">Del p\u00e5 twitter<\/span><\/a>\n\t\t<a class=\"share-button share-facebook\" href=\"https:\/\/www.facebook.com\/sharer\/sharer.php?u=https:\/\/hoyre.no\/vestvagoy\/politikk\/samfunnsutvikling\/\" target=\"_blank\"><span class=\"screen-reader-text\">Del p\u00e5 facebook<\/span><\/a>\n\t<\/div>\n\t\t\t\t\t<\/div>\n\t\t\t<\/div>\n\n\t\t\t<figure class=\"hoyre-image-wrapper\"><div class=\"hoyre-image\"><img loading=\"lazy\" decoding=\"async\" width=\"2500\" height=\"1875\" src=\"https:\/\/hoyre.no\/content\/uploads\/sites\/118\/2023\/06\/IMG_5399-scaled.jpeg\" class=\"attachment-scaled size-scaled\" alt=\"\" style=\"object-position: 50% 50%\" srcset=\"https:\/\/hoyre.no\/content\/uploads\/sites\/118\/2023\/06\/IMG_5399-scaled.jpeg 2500w, https:\/\/hoyre.no\/content\/uploads\/sites\/118\/2023\/06\/IMG_5399-300x225.jpeg 300w, https:\/\/hoyre.no\/content\/uploads\/sites\/118\/2023\/06\/IMG_5399-1024x768.jpeg 1024w, https:\/\/hoyre.no\/content\/uploads\/sites\/118\/2023\/06\/IMG_5399-768x576.jpeg 768w, https:\/\/hoyre.no\/content\/uploads\/sites\/118\/2023\/06\/IMG_5399-1536x1152.jpeg 1536w, https:\/\/hoyre.no\/content\/uploads\/sites\/118\/2023\/06\/IMG_5399-2048x1536.jpeg 2048w\" sizes=\"auto, (max-width: 2500px) 100vw, 2500px\" \/><\/div><\/figure><\/div><\/div>\n\n\n\n\n<p>H\u00f8yre vil tilrettelegge for at det bygges flere boliger ved \u00e5 forenkle regelverk og effektivisere byggeprosesser. Vi vil stille krav til utbyggere om at f\u00f8rstegangskj\u00f8pere prioriteres, og ta i bruk leie-til-eie-modeller. H\u00f8yres m\u00e5l er \u00e5 binde by og bygd sammen med flere jobber i distriktene, bedre veier og gode velferdstjenester der folk bor. H\u00f8yre \u00f8nsker et inkluderende og mangfoldig kultur- og idrettsliv. Vestv\u00e5g\u00f8y H\u00f8yre vil i samarbeid med relevante universiteter og h\u00f8yskoler arbeide for felles kunnskapsbygging gjennom forskning og etablering av fleksible og digitale utdanningstilbud som legger til rette for livslang l\u00e6ring i kommunen.<\/p>\n\n\n\n<p><strong>Vestv\u00e5g\u00f8y H\u00f8yre vil:<\/strong><\/p>\n\n\n\n<h3 class=\"wp-block-heading\">Sikre at flere i Vestv\u00e5g\u00f8y skal oppn\u00e5 boligdr\u00f8mmen sin, samt legge til rette for n\u00e6ringsutvikling.<\/h3>\n\n\n\n<p>Vestv\u00e5g\u00f8y H\u00f8yre vil revidere og forenkle arealplanene. Vi \u00f8nsker et mindre detaljert og rigid planverk, og en dreining fra kontroll til veiledning, service og tilgjengelighet i teknisk sektor. Vestv\u00e5g\u00f8y H\u00f8yre \u00f8nsker p\u00e5 bakgrunn av dette \u00e5 opprette en teknisk veilederstilling i servicetorget.<\/p>\n\n\n\n<p>For \u00e5 sikre en god samhandling mellom politisk niv\u00e5 og administrasjonen \u00f8nsker vi \u00e5 opprette en egen politisk komite for kommunalomr\u00e5det samfunn og teknikk.<\/p>\n\n\n\n<p>Vi vil stimulere til bygging av flere og mer varierte boliger i hele kommunen.<\/p>\n\n\n\n<p>Vi \u00f8nsker \u00e5 ta i bruk ulike boligsosiale modeller som leie-til-eie i utbyggingsprosjekter, S\u00e5kalte leie-til-eie-boliger gj\u00f8r at man kan kj\u00f8pe boligen man leier til fast pris i l\u00f8pet av fem \u00e5r. Da f\u00e5r man sjansen til \u00e5 spare opp til st\u00f8rre egenkapital samtidig som man ogs\u00e5 f\u00e5r ta del i prisstigningen som skjer i mellomtiden.<\/p>\n\n\n\n<p>Vi vil ogs\u00e5 styrke den kommunale garantien i Husbanken slik at flere familier med d\u00e5rlig r\u00e5d i Vestv\u00e5g\u00f8y kan f\u00e5 startl\u00e5n.<\/p>\n\n\n\n<h3 class=\"wp-block-heading\">Satse p\u00e5 kultur, kunst og idrett som viktig del av samfunnsutviklingen, b\u00e5de fordi det har en verdi i seg selv og fordi det skaper aktivitet, mening, engasjement og bolyst.&nbsp;<\/h3>\n\n\n\n<p>Vestv\u00e5g\u00f8y H\u00f8yre vil arbeide for \u00e5 videreutvikle de kulturelle institusjonene og m\u00f8teplassene i kommunen, blant annet ved \u00e5 stille seg positiv til utbygging av Lofotr vikingmuseum, nytt bygg for Figurteatret og bygningsmessige tilpasninger p\u00e5 Meieriet kultursenter. Vi vil at idretts- og n\u00e6rmilj\u00f8anleggene skal vedlikeholdes. Det frivillige kultur- og idrettslivet m\u00e5 gis gode vilk\u00e5r for \u00e5 kunne drive sine aktiviteter i hele kommunen.&nbsp;<\/p>\n\n\n\n<h3 class=\"wp-block-heading\">Fortsette utviklingen av byen ved Buksnesfjorden, som Lofotens attraktive handels- og regionssenter, blant annet gjennom fortsatt sentrumsopprusting, torgfasiliteter, skulpturpark og parkeringsregulering.<\/h3>\n\n\n\n<p>Vestv\u00e5g\u00f8y H\u00f8yre vil etablere en ny bydel i omr\u00e5det Mj\u00e5neset\/Leknessjyen med koblinger til museale planer fra Vikingetiden i Hols\u00f8ya-omr\u00e5det, samt vurdere \u00e5 utvikle en vikingeprofil for byen og hele kommunen v\u00e5r.<\/p>\n\n\n\n<h3 class=\"wp-block-heading\">Skape en varig, sunn kommune\u00f8konomi med overskudd &#8211; for \u00e5 investere i utvikling, lavere skatte og avgiftsniv\u00e5 og bedre servicetilbud til innbyggerne<\/h3>\n\n\n\n<p>Avgiftsniv\u00e5et skal holdes nede, eiendomsskatten reduseres og p\u00e5 sikt avvikles.<\/p>\n\n\n\n<p>Vestv\u00e5g\u00f8y H\u00f8yre vil arbeide for at andelen heltidsstillinger i kommunen \u00f8kes.<\/p>\n\n\n\n<p>Vi vil gjennom en offensiv holdning til lederutvikling \u00f8ke lederkompetansen i offentlig sektor.<\/p>\n\n\n\n<p>Vestv\u00e5g\u00f8y H\u00f8yre er positiv til kommunesammensl\u00e5ing i Lofoten.<\/p>\n\n\n\n<h3 class=\"wp-block-heading\">Utvikle bygdene i Vestv\u00e5g\u00f8y<\/h3>\n\n\n\n<p>Vestv\u00e5g\u00f8y H\u00f8yre vil utvikle Ballstad, B\u00f8stad, Gravdal og Stamsund som attraktive sentre i kommunedelene, blant annet gjennom bedre kollektivtilbud, et godt bredb\u00e5ndstilbud og bedre tilpasset planverk for \u00f8kt bygging, bosetting og investering.<\/p>\n\n\n\n<p>Vi \u00f8nsker \u00e5 gjennomf\u00f8re mulighetsstudier, utviklingsplaner og reetablere bygdeutviklingsmidler.<\/p>\n\n\n\n<h3 class=\"wp-block-heading\">Arbeide aktivt for etablering av kunnskapspark<\/h3>\n\n\n\n<p>For \u00e5 sikre n\u00f8dvendig fremtidig kompetanse til n\u00e6ringsliv\/offentlig sektor, forebygge sosiale helseforskjeller, og skape \u00f8kt attraktivitet og bosetting \u00f8nsker Vestv\u00e5g\u00f8y H\u00f8yre \u00e5 etablere en kunnskapspark p\u00e5 Vestv\u00e5g\u00f8y. Etablering av lokal h\u00f8yere kompetanse og l\u00e6ringsmilj\u00f8er gjennom desentralisert h\u00f8yere utdanning har en rekke positive samfunnsutviklende konsekvenser.<\/p>\n\n\n\n<div class=\"wp-block-buttons is-layout-flex wp-block-buttons-is-layout-flex\">\n<div class=\"wp-block-button\"><a class=\"wp-block-button__link\" href=\"https:\/\/hoyre.no\/vestvagoy\/politikk\/\">Tilbake til politikk<\/a><\/div>\n<\/div>\n\n","protected":false},"excerpt":{"rendered":"","protected":false},"author":41535,"featured_media":0,"parent":37,"menu_order":0,"comment_status":"closed","ping_status":"closed","template":"","meta":{"teft_cards_image_url":"","teft_cards_custom_pretitle":"","teft_cards_image_id":67,"teft_cards_image_focal_point_x":0.5,"teft_cards_image_focal_point_y":0.6,"teft_cards_title":"","teft_cards_excerpt":"","teft_show_chapters":false,"footnotes":""},"class_list":["post-96","page","type-page","status-publish","hentry"],"yoast_head":"<!-- This site is optimized with the Yoast SEO plugin v26.6 - https:\/\/yoast.com\/wordpress\/plugins\/seo\/ -->\n<title>Samfunnsutvikling - Vestv\u00e5g\u00f8y H\u00f8yre<\/title>\n<meta name=\"robots\" content=\"index, follow, max-snippet:-1, max-image-preview:large, max-video-preview:-1\" \/>\n<link rel=\"canonical\" href=\"https:\/\/hoyre.no\/vestvagoy\/politikk\/samfunnsutvikling\/\" \/>\n<meta property=\"og:locale\" content=\"nb_NO\" \/>\n<meta property=\"og:type\" content=\"article\" \/>\n<meta property=\"og:title\" content=\"Samfunnsutvikling - Vestv\u00e5g\u00f8y H\u00f8yre\" \/>\n<meta property=\"og:url\" content=\"https:\/\/hoyre.no\/vestvagoy\/politikk\/samfunnsutvikling\/\" \/>\n<meta property=\"og:site_name\" content=\"Vestv\u00e5g\u00f8y H\u00f8yre\" \/>\n<meta property=\"article:modified_time\" content=\"2023-06-06T16:00:29+00:00\" \/>\n<meta property=\"og:image\" content=\"https:\/\/hoyre.no\/content\/uploads\/sites\/118\/2023\/06\/IMG_5399-1024x768.jpeg\" \/>\n<meta name=\"twitter:card\" content=\"summary_large_image\" \/>\n<meta name=\"twitter:label1\" content=\"Ansl. lesetid\" \/>\n\t<meta name=\"twitter:data1\" content=\"4 minutter\" \/>\n<script type=\"application\/ld+json\" class=\"yoast-schema-graph\">{\"@context\":\"https:\/\/schema.org\",\"@graph\":[{\"@type\":\"WebPage\",\"@id\":\"https:\/\/hoyre.no\/vestvagoy\/politikk\/samfunnsutvikling\/\",\"url\":\"https:\/\/hoyre.no\/vestvagoy\/politikk\/samfunnsutvikling\/\",\"name\":\"Samfunnsutvikling - Vestv\u00e5g\u00f8y H\u00f8yre\",\"isPartOf\":{\"@id\":\"https:\/\/hoyre.no\/vestvagoy\/#website\"},\"datePublished\":\"2023-06-05T22:09:48+00:00\",\"dateModified\":\"2023-06-06T16:00:29+00:00\",\"breadcrumb\":{\"@id\":\"https:\/\/hoyre.no\/vestvagoy\/politikk\/samfunnsutvikling\/#breadcrumb\"},\"inLanguage\":\"nb-NO\",\"potentialAction\":[{\"@type\":\"ReadAction\",\"target\":[\"https:\/\/hoyre.no\/vestvagoy\/politikk\/samfunnsutvikling\/\"]}]},{\"@type\":\"BreadcrumbList\",\"@id\":\"https:\/\/hoyre.no\/vestvagoy\/politikk\/samfunnsutvikling\/#breadcrumb\",\"itemListElement\":[{\"@type\":\"ListItem\",\"position\":1,\"name\":\"Til hoyre.no\",\"item\":\"https:\/\/hoyre.no\"},{\"@type\":\"ListItem\",\"position\":2,\"name\":\"Hjem\",\"item\":\"https:\/\/hoyre.no\/vestvagoy\/\"},{\"@type\":\"ListItem\",\"position\":3,\"name\":\"Politikk\",\"item\":\"https:\/\/hoyre.no\/vestvagoy\/politikk\/\"},{\"@type\":\"ListItem\",\"position\":4,\"name\":\"Samfunnsutvikling\"}]},{\"@type\":\"WebSite\",\"@id\":\"https:\/\/hoyre.no\/vestvagoy\/#website\",\"url\":\"https:\/\/hoyre.no\/vestvagoy\/\",\"name\":\"Vestv\u00e5g\u00f8y H\u00f8yre\",\"description\":\"Bare enda et H\u00f8yres nettsteder-nettsted\",\"inLanguage\":\"nb-NO\"}]}<\/script>\n<!-- \/ Yoast SEO plugin. -->","yoast_head_json":{"title":"Samfunnsutvikling - Vestv\u00e5g\u00f8y H\u00f8yre","robots":{"index":"index","follow":"follow","max-snippet":"max-snippet:-1","max-image-preview":"max-image-preview:large","max-video-preview":"max-video-preview:-1"},"canonical":"https:\/\/hoyre.no\/vestvagoy\/politikk\/samfunnsutvikling\/","og_locale":"nb_NO","og_type":"article","og_title":"Samfunnsutvikling - Vestv\u00e5g\u00f8y H\u00f8yre","og_url":"https:\/\/hoyre.no\/vestvagoy\/politikk\/samfunnsutvikling\/","og_site_name":"Vestv\u00e5g\u00f8y H\u00f8yre","article_modified_time":"2023-06-06T16:00:29+00:00","og_image":[{"url":"https:\/\/hoyre.no\/content\/uploads\/sites\/118\/2023\/06\/IMG_5399-1024x768.jpeg","width":"","height":"","type":""}],"twitter_card":"summary_large_image","twitter_misc":{"Ansl. lesetid":"4 minutter"},"schema":{"@context":"https:\/\/schema.org","@graph":[{"@type":"WebPage","@id":"https:\/\/hoyre.no\/vestvagoy\/politikk\/samfunnsutvikling\/","url":"https:\/\/hoyre.no\/vestvagoy\/politikk\/samfunnsutvikling\/","name":"Samfunnsutvikling - Vestv\u00e5g\u00f8y H\u00f8yre","isPartOf":{"@id":"https:\/\/hoyre.no\/vestvagoy\/#website"},"datePublished":"2023-06-05T22:09:48+00:00","dateModified":"2023-06-06T16:00:29+00:00","breadcrumb":{"@id":"https:\/\/hoyre.no\/vestvagoy\/politikk\/samfunnsutvikling\/#breadcrumb"},"inLanguage":"nb-NO","potentialAction":[{"@type":"ReadAction","target":["https:\/\/hoyre.no\/vestvagoy\/politikk\/samfunnsutvikling\/"]}]},{"@type":"BreadcrumbList","@id":"https:\/\/hoyre.no\/vestvagoy\/politikk\/samfunnsutvikling\/#breadcrumb","itemListElement":[{"@type":"ListItem","position":1,"name":"Til hoyre.no","item":"https:\/\/hoyre.no"},{"@type":"ListItem","position":2,"name":"Hjem","item":"https:\/\/hoyre.no\/vestvagoy\/"},{"@type":"ListItem","position":3,"name":"Politikk","item":"https:\/\/hoyre.no\/vestvagoy\/politikk\/"},{"@type":"ListItem","position":4,"name":"Samfunnsutvikling"}]},{"@type":"WebSite","@id":"https:\/\/hoyre.no\/vestvagoy\/#website","url":"https:\/\/hoyre.no\/vestvagoy\/","name":"Vestv\u00e5g\u00f8y H\u00f8yre","description":"Bare enda et H\u00f8yres nettsteder-nettsted","inLanguage":"nb-NO"}]}},"distributor_meta":false,"distributor_terms":false,"distributor_media":false,"distributor_original_site_name":"Vestv\u00e5g\u00f8y H\u00f8yre","distributor_original_site_url":"https:\/\/hoyre.no\/vestvagoy","push-errors":false,"_links":{"self":[{"href":"https:\/\/hoyre.no\/vestvagoy\/wp-json\/wp\/v2\/pages\/96","targetHints":{"allow":["GET"]}}],"collection":[{"href":"https:\/\/hoyre.no\/vestvagoy\/wp-json\/wp\/v2\/pages"}],"about":[{"href":"https:\/\/hoyre.no\/vestvagoy\/wp-json\/wp\/v2\/types\/page"}],"author":[{"embeddable":true,"href":"https:\/\/hoyre.no\/vestvagoy\/wp-json\/wp\/v2\/users\/41535"}],"replies":[{"embeddable":true,"href":"https:\/\/hoyre.no\/vestvagoy\/wp-json\/wp\/v2\/comments?post=96"}],"version-history":[{"count":3,"href":"https:\/\/hoyre.no\/vestvagoy\/wp-json\/wp\/v2\/pages\/96\/revisions"}],"predecessor-version":[{"id":134,"href":"https:\/\/hoyre.no\/vestvagoy\/wp-json\/wp\/v2\/pages\/96\/revisions\/134"}],"up":[{"embeddable":true,"href":"https:\/\/hoyre.no\/vestvagoy\/wp-json\/wp\/v2\/pages\/37"}],"wp:attachment":[{"href":"https:\/\/hoyre.no\/vestvagoy\/wp-json\/wp\/v2\/media?parent=96"}],"curies":[{"name":"wp","href":"https:\/\/api.w.org\/{rel}","templated":true}]}}