{"id":44,"date":"2023-09-08T14:29:58","date_gmt":"2023-09-08T12:29:58","guid":{"rendered":"https:\/\/hoyre.no\/vik\/?page_id=44"},"modified":"2025-02-14T13:20:02","modified_gmt":"2025-02-14T12:20:02","slug":"4-gode-grunnar","status":"publish","type":"page","link":"https:\/\/hoyre.no\/vik\/4-gode-grunnar\/","title":{"rendered":"4 gode grunnar"},"content":{"rendered":"\n<div class=\"wp-block-hoyre-hero with-image-gradient text-color-light  has-media alignfull has-background\"><div class=\"hoyre-hero has-image\"><h1 class=\"title\">4 gode grunnar til \u00e5 r\u00f8yste H\u00f8gre i Vik<\/h1><figure class=\"hoyre-image-wrapper\"><div class=\"hoyre-image\"><img loading=\"lazy\" decoding=\"async\" width=\"2500\" height=\"1667\" src=\"https:\/\/hoyre.no\/content\/uploads\/sites\/310\/2023\/09\/Illustrasjonsbilde-Vik-foto-Agathe-Steen-4-scaled.jpg\" class=\"attachment-scaled size-scaled\" alt=\"\" style=\"object-position: 46% 61%\" srcset=\"https:\/\/hoyre.no\/content\/uploads\/sites\/310\/2023\/09\/Illustrasjonsbilde-Vik-foto-Agathe-Steen-4-scaled.jpg 2500w, https:\/\/hoyre.no\/content\/uploads\/sites\/310\/2023\/09\/Illustrasjonsbilde-Vik-foto-Agathe-Steen-4-300x200.jpg 300w, https:\/\/hoyre.no\/content\/uploads\/sites\/310\/2023\/09\/Illustrasjonsbilde-Vik-foto-Agathe-Steen-4-1024x683.jpg 1024w, https:\/\/hoyre.no\/content\/uploads\/sites\/310\/2023\/09\/Illustrasjonsbilde-Vik-foto-Agathe-Steen-4-768x512.jpg 768w, https:\/\/hoyre.no\/content\/uploads\/sites\/310\/2023\/09\/Illustrasjonsbilde-Vik-foto-Agathe-Steen-4-1536x1024.jpg 1536w, https:\/\/hoyre.no\/content\/uploads\/sites\/310\/2023\/09\/Illustrasjonsbilde-Vik-foto-Agathe-Steen-4-2048x1365.jpg 2048w\" sizes=\"auto, (max-width: 2500px) 100vw, 2500px\" \/><\/div><\/figure><\/div><\/div>\n\n\n\n\n\t\t<div class=\"has-lightest-blue-background-color is-layout-left alignwide alignwide wp-block-hoyre-media-text\">\n\t\t\t<div class=\"hoyre-media-text__media\">\n\t\t\t\t<img loading=\"lazy\" decoding=\"async\" width=\"1024\" height=\"566\" src=\"https:\/\/hoyre.no\/content\/uploads\/sites\/310\/2023\/09\/GettyImages-473032112-1024x566.jpg\" class=\"hoyre-media-text__media-image\" alt=\"\" style=\"--focal: 50% 50%;\" srcset=\"https:\/\/hoyre.no\/content\/uploads\/sites\/310\/2023\/09\/GettyImages-473032112-1024x566.jpg 1024w, https:\/\/hoyre.no\/content\/uploads\/sites\/310\/2023\/09\/GettyImages-473032112-300x166.jpg 300w, https:\/\/hoyre.no\/content\/uploads\/sites\/310\/2023\/09\/GettyImages-473032112-768x425.jpg 768w, https:\/\/hoyre.no\/content\/uploads\/sites\/310\/2023\/09\/GettyImages-473032112-1536x850.jpg 1536w, https:\/\/hoyre.no\/content\/uploads\/sites\/310\/2023\/09\/GettyImages-473032112-2048x1133.jpg 2048w\" sizes=\"auto, (max-width: 1024px) 100vw, 1024px\" \/>\n\t\t\t<\/div>\n\t\t\t<div class=\"hoyre-media-text__content\">\n\t\t\t\t<div class=\"hoyre-media-text__content-inner\">\n\t\t\t\t\t\n\t\t\t<div class=\"hoyre-media-text__title-container\">\n\t\t\t\t\n\t\t\t\t<h2 class=\"hoyre-media-text__title\">1. God skule og oppvekst for born og unge<\/h2>\n\t\t\t<\/div>\n\t\t\t\n\t\t\t\t\t<div class=\"hoyre-media-text__blocks\"><\/div>\n\t\t\t\t\t\n\t\t\t\t<\/div>\n\t\t\t<\/div>\n\t\t<\/div>\n\t\t\n\n\n\n\t\t<div class=\"has-pale-purple-background-color is-layout-right alignwide alignwide wp-block-hoyre-media-text\">\n\t\t\t<div class=\"hoyre-media-text__media\">\n\t\t\t\t<img loading=\"lazy\" decoding=\"async\" width=\"1024\" height=\"683\" src=\"https:\/\/hoyre.no\/content\/uploads\/sites\/310\/2023\/09\/Brekke-i-Gulen-foto-Agathe-Steen-37-1024x683.jpg\" class=\"hoyre-media-text__media-image\" alt=\"\" style=\"--focal: 57% 68%;\" srcset=\"https:\/\/hoyre.no\/content\/uploads\/sites\/310\/2023\/09\/Brekke-i-Gulen-foto-Agathe-Steen-37-1024x683.jpg 1024w, https:\/\/hoyre.no\/content\/uploads\/sites\/310\/2023\/09\/Brekke-i-Gulen-foto-Agathe-Steen-37-300x200.jpg 300w, https:\/\/hoyre.no\/content\/uploads\/sites\/310\/2023\/09\/Brekke-i-Gulen-foto-Agathe-Steen-37-768x512.jpg 768w, https:\/\/hoyre.no\/content\/uploads\/sites\/310\/2023\/09\/Brekke-i-Gulen-foto-Agathe-Steen-37-1536x1024.jpg 1536w, https:\/\/hoyre.no\/content\/uploads\/sites\/310\/2023\/09\/Brekke-i-Gulen-foto-Agathe-Steen-37-2048x1365.jpg 2048w\" sizes=\"auto, (max-width: 1024px) 100vw, 1024px\" \/>\n\t\t\t<\/div>\n\t\t\t<div class=\"hoyre-media-text__content\">\n\t\t\t\t<div class=\"hoyre-media-text__content-inner\">\n\t\t\t\t\t\n\t\t\t<div class=\"hoyre-media-text__title-container\">\n\t\t\t\t\n\t\t\t\t<h2 class=\"hoyre-media-text__title\">2. Fjerne eigedomsskatten p\u00e5 bustad- og fritidshus<\/h2>\n\t\t\t<\/div>\n\t\t\t\n\t\t\t\t\t<div class=\"hoyre-media-text__blocks\"><\/div>\n\t\t\t\t\t\n\t\t\t\t<\/div>\n\t\t\t<\/div>\n\t\t<\/div>\n\t\t\n\n\n\t\t<div class=\"has-pale-blue-background-color is-layout-left alignwide alignwide wp-block-hoyre-media-text\">\n\t\t\t<div class=\"hoyre-media-text__media\">\n\t\t\t\t<img loading=\"lazy\" decoding=\"async\" width=\"1024\" height=\"552\" src=\"https:\/\/hoyre.no\/content\/uploads\/sites\/310\/2023\/09\/GettyImages-673304934-1024x552.jpg\" class=\"hoyre-media-text__media-image\" alt=\"\" style=\"--focal: 32% 49%;\" srcset=\"https:\/\/hoyre.no\/content\/uploads\/sites\/310\/2023\/09\/GettyImages-673304934-1024x552.jpg 1024w, https:\/\/hoyre.no\/content\/uploads\/sites\/310\/2023\/09\/GettyImages-673304934-300x162.jpg 300w, https:\/\/hoyre.no\/content\/uploads\/sites\/310\/2023\/09\/GettyImages-673304934-768x414.jpg 768w, https:\/\/hoyre.no\/content\/uploads\/sites\/310\/2023\/09\/GettyImages-673304934-1536x828.jpg 1536w, https:\/\/hoyre.no\/content\/uploads\/sites\/310\/2023\/09\/GettyImages-673304934-2048x1103.jpg 2048w\" sizes=\"auto, (max-width: 1024px) 100vw, 1024px\" \/>\n\t\t\t<\/div>\n\t\t\t<div class=\"hoyre-media-text__content\">\n\t\t\t\t<div class=\"hoyre-media-text__content-inner\">\n\t\t\t\t\t\n\t\t\t<div class=\"hoyre-media-text__title-container\">\n\t\t\t\t\n\t\t\t\t<h2 class=\"hoyre-media-text__title\">3. Trygg eldreomsorg med tilstrekkeleg kvalifisert personell<\/h2>\n\t\t\t<\/div>\n\t\t\t\n\t\t\t\t\t<div class=\"hoyre-media-text__blocks\"><\/div>\n\t\t\t\t\t\n\t\t\t\t<\/div>\n\t\t\t<\/div>\n\t\t<\/div>\n\t\t\n\n\n\t\t<div class=\"has-pale-green-background-color is-layout-right alignwide alignwide wp-block-hoyre-media-text\">\n\t\t\t<div class=\"hoyre-media-text__media\">\n\t\t\t\t<img loading=\"lazy\" decoding=\"async\" width=\"1024\" height=\"683\" src=\"https:\/\/hoyre.no\/content\/uploads\/sites\/310\/2023\/09\/Illustrasjonsbilde-Vik-foto-Agathe-Steen-5-1024x683.jpg\" class=\"hoyre-media-text__media-image\" alt=\"\" style=\"--focal: 41% 78%;\" srcset=\"https:\/\/hoyre.no\/content\/uploads\/sites\/310\/2023\/09\/Illustrasjonsbilde-Vik-foto-Agathe-Steen-5-1024x683.jpg 1024w, https:\/\/hoyre.no\/content\/uploads\/sites\/310\/2023\/09\/Illustrasjonsbilde-Vik-foto-Agathe-Steen-5-300x200.jpg 300w, https:\/\/hoyre.no\/content\/uploads\/sites\/310\/2023\/09\/Illustrasjonsbilde-Vik-foto-Agathe-Steen-5-768x512.jpg 768w, https:\/\/hoyre.no\/content\/uploads\/sites\/310\/2023\/09\/Illustrasjonsbilde-Vik-foto-Agathe-Steen-5-1536x1024.jpg 1536w, https:\/\/hoyre.no\/content\/uploads\/sites\/310\/2023\/09\/Illustrasjonsbilde-Vik-foto-Agathe-Steen-5-2048x1365.jpg 2048w\" sizes=\"auto, (max-width: 1024px) 100vw, 1024px\" \/>\n\t\t\t<\/div>\n\t\t\t<div class=\"hoyre-media-text__content\">\n\t\t\t\t<div class=\"hoyre-media-text__content-inner\">\n\t\t\t\t\t\n\t\t\t<div class=\"hoyre-media-text__title-container\">\n\t\t\t\t\n\t\t\t\t<h2 class=\"hoyre-media-text__title\">4. Kommunen skal velja gr\u00f8ne l\u00f8ysingar<\/h2>\n\t\t\t<\/div>\n\t\t\t\n\t\t\t\t\t<div class=\"hoyre-media-text__blocks\"><\/div>\n\t\t\t\t\t\n\t\t\t\t<\/div>\n\t\t\t<\/div>\n\t\t<\/div>\n\t\t\n\n\n<div class=\"wp-block-hoyre-banner alignwide undefined\"><div class=\"banner-inner\"><figure class=\"hoyre-image-wrapper\"><div class=\"hoyre-image\"><img loading=\"lazy\" decoding=\"async\" width=\"1994\" height=\"1328\" src=\"https:\/\/hoyre.no\/content\/uploads\/sites\/310\/2023\/08\/Skjermbilde-2023-08-12-kl.-21.54.32.png\" class=\"attachment-scaled size-scaled\" alt=\"\" style=\"object-position: 50% 50%\" srcset=\"https:\/\/hoyre.no\/content\/uploads\/sites\/310\/2023\/08\/Skjermbilde-2023-08-12-kl.-21.54.32.png 1994w, https:\/\/hoyre.no\/content\/uploads\/sites\/310\/2023\/08\/Skjermbilde-2023-08-12-kl.-21.54.32-300x200.png 300w, https:\/\/hoyre.no\/content\/uploads\/sites\/310\/2023\/08\/Skjermbilde-2023-08-12-kl.-21.54.32-1024x682.png 1024w, https:\/\/hoyre.no\/content\/uploads\/sites\/310\/2023\/08\/Skjermbilde-2023-08-12-kl.-21.54.32-768x511.png 768w, https:\/\/hoyre.no\/content\/uploads\/sites\/310\/2023\/08\/Skjermbilde-2023-08-12-kl.-21.54.32-1536x1023.png 1536w\" sizes=\"auto, (max-width: 1994px) 100vw, 1994px\" \/><\/div><\/figure><div class=\"banner-content\"><div class=\"entry-content\">\n<h2 class=\"wp-block-heading\">Vil du vite meir?<\/h2>\n\n\n\n<p>Les heile v\u00e5rt valprogram her \ud83d\udc47<\/p>\n\n\n\n<div class=\"wp-block-buttons is-layout-flex wp-block-buttons-is-layout-flex\">\n<div class=\"wp-block-button\"><a class=\"wp-block-button__link\" href=\"https:\/\/hoyre.no\/vik\/valprogram-2023-2027\/\">trykk her for \u00e5 lesa meir<\/a><\/div>\n<\/div>\n<\/div><\/div><\/div><\/div>\n","protected":false},"excerpt":{"rendered":"","protected":false},"author":29319,"featured_media":0,"parent":0,"menu_order":0,"comment_status":"closed","ping_status":"closed","template":"","meta":{"teft_cards_image_url":"","teft_cards_custom_pretitle":"","teft_cards_image_id":0,"teft_cards_image_focal_point_x":0,"teft_cards_image_focal_point_y":0,"teft_cards_title":"","teft_cards_excerpt":"","teft_show_chapters":false,"footnotes":""},"class_list":["post-44","page","type-page","status-publish","hentry"],"yoast_head":"<!-- This site is optimized with the Yoast SEO plugin v26.6 - https:\/\/yoast.com\/wordpress\/plugins\/seo\/ -->\n<title>4 gode grunnar - Vik H\u00f8gre<\/title>\n<meta name=\"description\" content=\"Her er 4 gode grunnar til \u00e5 r\u00f8yste H\u00f8gre i Vik kommune.\" \/>\n<meta name=\"robots\" content=\"index, follow, max-snippet:-1, max-image-preview:large, max-video-preview:-1\" \/>\n<link rel=\"canonical\" href=\"https:\/\/hoyre.no\/vik\/4-gode-grunnar\/\" \/>\n<meta property=\"og:locale\" content=\"nn_NO\" \/>\n<meta property=\"og:type\" content=\"article\" \/>\n<meta property=\"og:title\" content=\"4 gode grunnar - Vik H\u00f8gre\" \/>\n<meta property=\"og:description\" content=\"Her er 4 gode grunnar til \u00e5 r\u00f8yste H\u00f8gre i Vik kommune.\" \/>\n<meta property=\"og:url\" content=\"https:\/\/hoyre.no\/vik\/4-gode-grunnar\/\" \/>\n<meta property=\"og:site_name\" content=\"Vik H\u00f8gre\" \/>\n<meta property=\"article:modified_time\" content=\"2025-02-14T12:20:02+00:00\" \/>\n<meta property=\"og:image\" content=\"https:\/\/hoyre.no\/content\/uploads\/sites\/310\/2022\/11\/Hoyres-logo.png\" \/>\n\t<meta property=\"og:image:width\" content=\"1000\" \/>\n\t<meta property=\"og:image:height\" content=\"1000\" \/>\n\t<meta property=\"og:image:type\" content=\"image\/png\" \/>\n<meta name=\"twitter:card\" content=\"summary_large_image\" \/>\n<meta name=\"twitter:label1\" content=\"Est. reading time\" \/>\n\t<meta name=\"twitter:data1\" content=\"1 minutt\" \/>\n<script type=\"application\/ld+json\" class=\"yoast-schema-graph\">{\"@context\":\"https:\/\/schema.org\",\"@graph\":[{\"@type\":\"WebPage\",\"@id\":\"https:\/\/hoyre.no\/vik\/4-gode-grunnar\/\",\"url\":\"https:\/\/hoyre.no\/vik\/4-gode-grunnar\/\",\"name\":\"4 gode grunnar - Vik H\u00f8gre\",\"isPartOf\":{\"@id\":\"https:\/\/hoyre.no\/vik\/#website\"},\"datePublished\":\"2023-09-08T12:29:58+00:00\",\"dateModified\":\"2025-02-14T12:20:02+00:00\",\"description\":\"Her er 4 gode grunnar til \u00e5 r\u00f8yste H\u00f8gre i Vik kommune.\",\"breadcrumb\":{\"@id\":\"https:\/\/hoyre.no\/vik\/4-gode-grunnar\/#breadcrumb\"},\"inLanguage\":\"nn-NO\",\"potentialAction\":[{\"@type\":\"ReadAction\",\"target\":[\"https:\/\/hoyre.no\/vik\/4-gode-grunnar\/\"]}]},{\"@type\":\"BreadcrumbList\",\"@id\":\"https:\/\/hoyre.no\/vik\/4-gode-grunnar\/#breadcrumb\",\"itemListElement\":[{\"@type\":\"ListItem\",\"position\":1,\"name\":\"Til hoyre.no\",\"item\":\"https:\/\/hoyre.no\"},{\"@type\":\"ListItem\",\"position\":2,\"name\":\"Hjem\",\"item\":\"https:\/\/hoyre.no\/vik\/\"},{\"@type\":\"ListItem\",\"position\":3,\"name\":\"4 gode grunnar\"}]},{\"@type\":\"WebSite\",\"@id\":\"https:\/\/hoyre.no\/vik\/#website\",\"url\":\"https:\/\/hoyre.no\/vik\/\",\"name\":\"Vik H\u00f8gre\",\"description\":\"Bare enda et H\u00f8yres nettsteder-nettsted\",\"inLanguage\":\"nn-NO\"}]}<\/script>\n<!-- \/ Yoast SEO plugin. -->","yoast_head_json":{"title":"4 gode grunnar - Vik H\u00f8gre","description":"Her er 4 gode grunnar til \u00e5 r\u00f8yste H\u00f8gre i Vik kommune.","robots":{"index":"index","follow":"follow","max-snippet":"max-snippet:-1","max-image-preview":"max-image-preview:large","max-video-preview":"max-video-preview:-1"},"canonical":"https:\/\/hoyre.no\/vik\/4-gode-grunnar\/","og_locale":"nn_NO","og_type":"article","og_title":"4 gode grunnar - Vik H\u00f8gre","og_description":"Her er 4 gode grunnar til \u00e5 r\u00f8yste H\u00f8gre i Vik kommune.","og_url":"https:\/\/hoyre.no\/vik\/4-gode-grunnar\/","og_site_name":"Vik H\u00f8gre","article_modified_time":"2025-02-14T12:20:02+00:00","og_image":[{"width":1000,"height":1000,"url":"https:\/\/hoyre.no\/content\/uploads\/sites\/310\/2022\/11\/Hoyres-logo.png","type":"image\/png"}],"twitter_card":"summary_large_image","twitter_misc":{"Est. reading time":"1 minutt"},"schema":{"@context":"https:\/\/schema.org","@graph":[{"@type":"WebPage","@id":"https:\/\/hoyre.no\/vik\/4-gode-grunnar\/","url":"https:\/\/hoyre.no\/vik\/4-gode-grunnar\/","name":"4 gode grunnar - Vik H\u00f8gre","isPartOf":{"@id":"https:\/\/hoyre.no\/vik\/#website"},"datePublished":"2023-09-08T12:29:58+00:00","dateModified":"2025-02-14T12:20:02+00:00","description":"Her er 4 gode grunnar til \u00e5 r\u00f8yste H\u00f8gre i Vik kommune.","breadcrumb":{"@id":"https:\/\/hoyre.no\/vik\/4-gode-grunnar\/#breadcrumb"},"inLanguage":"nn-NO","potentialAction":[{"@type":"ReadAction","target":["https:\/\/hoyre.no\/vik\/4-gode-grunnar\/"]}]},{"@type":"BreadcrumbList","@id":"https:\/\/hoyre.no\/vik\/4-gode-grunnar\/#breadcrumb","itemListElement":[{"@type":"ListItem","position":1,"name":"Til hoyre.no","item":"https:\/\/hoyre.no"},{"@type":"ListItem","position":2,"name":"Hjem","item":"https:\/\/hoyre.no\/vik\/"},{"@type":"ListItem","position":3,"name":"4 gode grunnar"}]},{"@type":"WebSite","@id":"https:\/\/hoyre.no\/vik\/#website","url":"https:\/\/hoyre.no\/vik\/","name":"Vik H\u00f8gre","description":"Bare enda et H\u00f8yres nettsteder-nettsted","inLanguage":"nn-NO"}]}},"distributor_meta":false,"distributor_terms":false,"distributor_media":false,"distributor_original_site_name":"Vik H\u00f8gre","distributor_original_site_url":"https:\/\/hoyre.no\/vik","push-errors":false,"_links":{"self":[{"href":"https:\/\/hoyre.no\/vik\/wp-json\/wp\/v2\/pages\/44","targetHints":{"allow":["GET"]}}],"collection":[{"href":"https:\/\/hoyre.no\/vik\/wp-json\/wp\/v2\/pages"}],"about":[{"href":"https:\/\/hoyre.no\/vik\/wp-json\/wp\/v2\/types\/page"}],"author":[{"embeddable":true,"href":"https:\/\/hoyre.no\/vik\/wp-json\/wp\/v2\/users\/29319"}],"replies":[{"embeddable":true,"href":"https:\/\/hoyre.no\/vik\/wp-json\/wp\/v2\/comments?post=44"}],"version-history":[{"count":2,"href":"https:\/\/hoyre.no\/vik\/wp-json\/wp\/v2\/pages\/44\/revisions"}],"predecessor-version":[{"id":54,"href":"https:\/\/hoyre.no\/vik\/wp-json\/wp\/v2\/pages\/44\/revisions\/54"}],"wp:attachment":[{"href":"https:\/\/hoyre.no\/vik\/wp-json\/wp\/v2\/media?parent=44"}],"curies":[{"name":"wp","href":"https:\/\/api.w.org\/{rel}","templated":true}]}}