{"id":24,"date":"2023-05-02T12:49:32","date_gmt":"2023-05-02T10:49:32","guid":{"rendered":"https:\/\/hoyre.no\/vinje\/?page_id=24"},"modified":"2023-07-04T11:32:39","modified_gmt":"2023-07-04T09:32:39","slug":"politikk","status":"publish","type":"page","link":"https:\/\/hoyre.no\/vinje\/politikk\/","title":{"rendered":"Politikk"},"content":{"rendered":"\n<div class=\"wp-block-hoyre-hero with-image-gradient text-color-light  has-media alignfull has-background\"><div class=\"hoyre-hero has-image\"><h1 class=\"title\">8 gode grunnar til \u00e5 stemme p\u00e5 Vinje H\u00f8gre<\/h1><figure class=\"hoyre-image-wrapper\"><div class=\"hoyre-image\"><img loading=\"lazy\" decoding=\"async\" width=\"2500\" height=\"1875\" src=\"https:\/\/hoyre.no\/content\/uploads\/sites\/352\/2023\/06\/Utsikt-over-rekka-2017-06-27-07.31.37-scaled.jpg\" class=\"attachment-scaled size-scaled\" alt=\"Utsikt fra Neset, Rauland\" style=\"object-position: 56.00000000000001% 66%\" srcset=\"https:\/\/hoyre.no\/content\/uploads\/sites\/352\/2023\/06\/Utsikt-over-rekka-2017-06-27-07.31.37-scaled.jpg 2500w, https:\/\/hoyre.no\/content\/uploads\/sites\/352\/2023\/06\/Utsikt-over-rekka-2017-06-27-07.31.37-300x225.jpg 300w, https:\/\/hoyre.no\/content\/uploads\/sites\/352\/2023\/06\/Utsikt-over-rekka-2017-06-27-07.31.37-1024x768.jpg 1024w, https:\/\/hoyre.no\/content\/uploads\/sites\/352\/2023\/06\/Utsikt-over-rekka-2017-06-27-07.31.37-768x576.jpg 768w, https:\/\/hoyre.no\/content\/uploads\/sites\/352\/2023\/06\/Utsikt-over-rekka-2017-06-27-07.31.37-1536x1152.jpg 1536w, https:\/\/hoyre.no\/content\/uploads\/sites\/352\/2023\/06\/Utsikt-over-rekka-2017-06-27-07.31.37-2048x1536.jpg 2048w\" sizes=\"auto, (max-width: 2500px) 100vw, 2500px\" \/><\/div><\/figure><\/div><\/div>\n\n\n\n\t\t<div class=\"has-lightest-blue-background-color is-layout-left alignwide alignwide wp-block-hoyre-media-text\">\n\t\t\t<div class=\"hoyre-media-text__media\">\n\t\t\t\t<img loading=\"lazy\" decoding=\"async\" width=\"1024\" height=\"683\" src=\"https:\/\/hoyre.no\/content\/uploads\/sites\/352\/2023\/06\/GettyImages-166229590-1024x683.jpg\" class=\"hoyre-media-text__media-image\" alt=\"\" style=\"--focal: 50% 50%;\" srcset=\"https:\/\/hoyre.no\/content\/uploads\/sites\/352\/2023\/06\/GettyImages-166229590-1024x683.jpg 1024w, https:\/\/hoyre.no\/content\/uploads\/sites\/352\/2023\/06\/GettyImages-166229590-300x200.jpg 300w, https:\/\/hoyre.no\/content\/uploads\/sites\/352\/2023\/06\/GettyImages-166229590-768x512.jpg 768w, https:\/\/hoyre.no\/content\/uploads\/sites\/352\/2023\/06\/GettyImages-166229590-1536x1024.jpg 1536w, https:\/\/hoyre.no\/content\/uploads\/sites\/352\/2023\/06\/GettyImages-166229590-2048x1365.jpg 2048w\" sizes=\"auto, (max-width: 1024px) 100vw, 1024px\" \/>\n\t\t\t<\/div>\n\t\t\t<div class=\"hoyre-media-text__content\">\n\t\t\t\t<div class=\"hoyre-media-text__content-inner\">\n\t\t\t\t\t\n\t\t\t<div class=\"hoyre-media-text__title-container\">\n\t\t\t\t\n\t\t\t\t<h2 class=\"hoyre-media-text__title\">1. JA til n\u00e6ringsliv<\/h2>\n\t\t\t<\/div>\n\t\t\t\n\t\t\t\t\t<div class=\"hoyre-media-text__blocks\">\n<p>Vinje H\u00f8gre ser det som viktig og legge til rette for nye verksemder og \u00e5 ta vare p\u00e5 alle n\u00e6ringsverksemder som er liv laga, fr\u00e5 sm\u00e5skala produksjon til store anlegg.<\/p><p><\/p>\n<\/div>\n\t\t\t\t\t\n\t\t\t\t<\/div>\n\t\t\t<\/div>\n\t\t<\/div>\n\t\t\n\n\n\t\t<div class=\"has-lightest-blue-background-color is-layout-right alignwide alignwide wp-block-hoyre-media-text\">\n\t\t\t<div class=\"hoyre-media-text__media\">\n\t\t\t\t<img loading=\"lazy\" decoding=\"async\" width=\"1024\" height=\"683\" src=\"https:\/\/hoyre.no\/content\/uploads\/sites\/352\/2023\/06\/GettyImages-1191193174-1024x683.jpg\" class=\"hoyre-media-text__media-image\" alt=\"\" style=\"--focal: 50% 50%;\" srcset=\"https:\/\/hoyre.no\/content\/uploads\/sites\/352\/2023\/06\/GettyImages-1191193174-1024x683.jpg 1024w, https:\/\/hoyre.no\/content\/uploads\/sites\/352\/2023\/06\/GettyImages-1191193174-300x200.jpg 300w, https:\/\/hoyre.no\/content\/uploads\/sites\/352\/2023\/06\/GettyImages-1191193174-768x512.jpg 768w, https:\/\/hoyre.no\/content\/uploads\/sites\/352\/2023\/06\/GettyImages-1191193174-1536x1024.jpg 1536w, https:\/\/hoyre.no\/content\/uploads\/sites\/352\/2023\/06\/GettyImages-1191193174-2048x1365.jpg 2048w\" sizes=\"auto, (max-width: 1024px) 100vw, 1024px\" \/>\n\t\t\t<\/div>\n\t\t\t<div class=\"hoyre-media-text__content\">\n\t\t\t\t<div class=\"hoyre-media-text__content-inner\">\n\t\t\t\t\t\n\t\t\t<div class=\"hoyre-media-text__title-container\">\n\t\t\t\t\n\t\t\t\t<h2 class=\"hoyre-media-text__title\">2. Ja til reiseliv heile \u00e5ret<\/h2>\n\t\t\t<\/div>\n\t\t\t\n\t\t\t\t\t<div class=\"hoyre-media-text__blocks\">\n<p>Vinje H\u00f8gre vil arbeide for at kommunen er ein attraktiv reiselivsdestinasjon heile \u00e5ret. Anlegga m\u00e5 rustas opp slik at de er tilpassa dagens og framtidas bruk.<\/p>\n<\/div>\n\t\t\t\t\t\n\t\t\t\t<\/div>\n\t\t\t<\/div>\n\t\t<\/div>\n\t\t\n\n\n\t\t<div class=\"has-lightest-blue-background-color is-layout-left alignwide alignwide wp-block-hoyre-media-text\">\n\t\t\t<div class=\"hoyre-media-text__media\">\n\t\t\t\t<img loading=\"lazy\" decoding=\"async\" width=\"1024\" height=\"688\" src=\"https:\/\/hoyre.no\/content\/uploads\/sites\/352\/2023\/06\/eldreomsorg-1024x688.jpg\" class=\"hoyre-media-text__media-image\" alt=\"\" style=\"--focal: 50% 50%;\" srcset=\"https:\/\/hoyre.no\/content\/uploads\/sites\/352\/2023\/06\/eldreomsorg-1024x688.jpg 1024w, https:\/\/hoyre.no\/content\/uploads\/sites\/352\/2023\/06\/eldreomsorg-300x201.jpg 300w, https:\/\/hoyre.no\/content\/uploads\/sites\/352\/2023\/06\/eldreomsorg-768x516.jpg 768w, https:\/\/hoyre.no\/content\/uploads\/sites\/352\/2023\/06\/eldreomsorg-1536x1031.jpg 1536w, https:\/\/hoyre.no\/content\/uploads\/sites\/352\/2023\/06\/eldreomsorg-2048x1375.jpg 2048w\" sizes=\"auto, (max-width: 1024px) 100vw, 1024px\" \/>\n\t\t\t<\/div>\n\t\t\t<div class=\"hoyre-media-text__content\">\n\t\t\t\t<div class=\"hoyre-media-text__content-inner\">\n\t\t\t\t\t\n\t\t\t<div class=\"hoyre-media-text__title-container\">\n\t\t\t\t\n\t\t\t\t<h2 class=\"hoyre-media-text__title\">3. Ja til god eldreomsorg<\/h2>\n\t\t\t<\/div>\n\t\t\t\n\t\t\t\t\t<div class=\"hoyre-media-text__blocks\">\n<p>Vinje H\u00f8gre vil vere din garantist for at det til ei kvar tid er fokus p\u00e5 ern\u00e6ringsrektig og velsmakande mat b\u00e5de i institusjon, p\u00e5 omsorgsentra og til heimebuande som treng hjelp.<\/p>\n<\/div>\n\t\t\t\t\t\n\t\t\t\t<\/div>\n\t\t\t<\/div>\n\t\t<\/div>\n\t\t\n\n\n\t\t<div class=\"has-lightest-blue-background-color is-layout-right alignwide alignwide wp-block-hoyre-media-text\">\n\t\t\t<div class=\"hoyre-media-text__media\">\n\t\t\t\t<img loading=\"lazy\" decoding=\"async\" width=\"1024\" height=\"683\" src=\"https:\/\/hoyre.no\/content\/uploads\/sites\/352\/2023\/06\/GettyImages-153060413-1024x683.jpg\" class=\"hoyre-media-text__media-image\" alt=\"\" style=\"--focal: 50% 50%;\" srcset=\"https:\/\/hoyre.no\/content\/uploads\/sites\/352\/2023\/06\/GettyImages-153060413-1024x683.jpg 1024w, https:\/\/hoyre.no\/content\/uploads\/sites\/352\/2023\/06\/GettyImages-153060413-300x200.jpg 300w, https:\/\/hoyre.no\/content\/uploads\/sites\/352\/2023\/06\/GettyImages-153060413-768x512.jpg 768w, https:\/\/hoyre.no\/content\/uploads\/sites\/352\/2023\/06\/GettyImages-153060413-1536x1024.jpg 1536w, https:\/\/hoyre.no\/content\/uploads\/sites\/352\/2023\/06\/GettyImages-153060413-2048x1365.jpg 2048w\" sizes=\"auto, (max-width: 1024px) 100vw, 1024px\" \/>\n\t\t\t<\/div>\n\t\t\t<div class=\"hoyre-media-text__content\">\n\t\t\t\t<div class=\"hoyre-media-text__content-inner\">\n\t\t\t\t\t\n\t\t\t<div class=\"hoyre-media-text__title-container\">\n\t\t\t\t\n\t\t\t\t<h2 class=\"hoyre-media-text__title\">4. Ja til landbruk<\/h2>\n\t\t\t<\/div>\n\t\t\t\n\t\t\t\t\t<div class=\"hoyre-media-text__blocks\">\n<p>Vinje H\u00f8gre meiner me m\u00e5 styrkje landbruket og stimulere til nyskaping. S\u00e5 langt det let seg gjera b\u00f8r r\u00e5varene fr\u00e5 landbruket bli vidareforedla i Vinje.<\/p>\n<\/div>\n\t\t\t\t\t\n\t\t\t\t<\/div>\n\t\t\t<\/div>\n\t\t<\/div>\n\t\t\n\n\n\t\t<div class=\"has-lightest-blue-background-color is-layout-left alignwide alignwide wp-block-hoyre-media-text\">\n\t\t\t<div class=\"hoyre-media-text__media\">\n\t\t\t\t<img loading=\"lazy\" decoding=\"async\" width=\"1024\" height=\"683\" src=\"https:\/\/hoyre.no\/content\/uploads\/sites\/352\/2023\/06\/GettyImages-172391845-1024x683.jpg\" class=\"hoyre-media-text__media-image\" alt=\"\" style=\"--focal: 74% 39%;\" srcset=\"https:\/\/hoyre.no\/content\/uploads\/sites\/352\/2023\/06\/GettyImages-172391845-1024x683.jpg 1024w, https:\/\/hoyre.no\/content\/uploads\/sites\/352\/2023\/06\/GettyImages-172391845-300x200.jpg 300w, https:\/\/hoyre.no\/content\/uploads\/sites\/352\/2023\/06\/GettyImages-172391845-768x512.jpg 768w, https:\/\/hoyre.no\/content\/uploads\/sites\/352\/2023\/06\/GettyImages-172391845-1536x1024.jpg 1536w, https:\/\/hoyre.no\/content\/uploads\/sites\/352\/2023\/06\/GettyImages-172391845-2048x1365.jpg 2048w\" sizes=\"auto, (max-width: 1024px) 100vw, 1024px\" \/>\n\t\t\t<\/div>\n\t\t\t<div class=\"hoyre-media-text__content\">\n\t\t\t\t<div class=\"hoyre-media-text__content-inner\">\n\t\t\t\t\t\n\t\t\t<div class=\"hoyre-media-text__title-container\">\n\t\t\t\t\n\t\t\t\t<h2 class=\"hoyre-media-text__title\">5. Ja til pristak p\u00e5 straum<\/h2>\n\t\t\t<\/div>\n\t\t\t\n\t\t\t\t\t<div class=\"hoyre-media-text__blocks\">\n<p>Vinje H\u00f8gre vil arbeide for at det vert innf\u00f8rt ein prismodell p\u00e5 straum med TAK og GOLV i den vidare forvaltninga av kommunens kraftinntekter. Me vil sikre dei avtala rettane kraftkommunane har i dag, som er ein rettmessig del av dei inntektene kraftressursane skapar.<\/p>\n<\/div>\n\t\t\t\t\t\n\t\t\t\t<\/div>\n\t\t\t<\/div>\n\t\t<\/div>\n\t\t\n\n\n\t\t<div class=\"has-lightest-blue-background-color is-layout-right alignwide alignwide wp-block-hoyre-media-text\">\n\t\t\t<div class=\"hoyre-media-text__media\">\n\t\t\t\t<img loading=\"lazy\" decoding=\"async\" width=\"1024\" height=\"566\" src=\"https:\/\/hoyre.no\/content\/uploads\/sites\/352\/2023\/06\/GettyImages-473032112-1024x566.jpg\" class=\"hoyre-media-text__media-image\" alt=\"\" style=\"--focal: 50% 50%;\" srcset=\"https:\/\/hoyre.no\/content\/uploads\/sites\/352\/2023\/06\/GettyImages-473032112-1024x566.jpg 1024w, https:\/\/hoyre.no\/content\/uploads\/sites\/352\/2023\/06\/GettyImages-473032112-300x166.jpg 300w, https:\/\/hoyre.no\/content\/uploads\/sites\/352\/2023\/06\/GettyImages-473032112-768x425.jpg 768w, https:\/\/hoyre.no\/content\/uploads\/sites\/352\/2023\/06\/GettyImages-473032112-1536x850.jpg 1536w, https:\/\/hoyre.no\/content\/uploads\/sites\/352\/2023\/06\/GettyImages-473032112-2048x1133.jpg 2048w\" sizes=\"auto, (max-width: 1024px) 100vw, 1024px\" \/>\n\t\t\t<\/div>\n\t\t\t<div class=\"hoyre-media-text__content\">\n\t\t\t\t<div class=\"hoyre-media-text__content-inner\">\n\t\t\t\t\t\n\t\t\t<div class=\"hoyre-media-text__title-container\">\n\t\t\t\t\n\t\t\t\t<h2 class=\"hoyre-media-text__title\">6. Ja til barn og ungdom<\/h2>\n\t\t\t<\/div>\n\t\t\t\n\t\t\t\t\t<div class=\"hoyre-media-text__blocks\">\n<p>Vinje H\u00f8gre vil prioritere skule, idrett og ungdomsarbeid bl.a. ved \u00e5 pr\u00f8ve ut leksefri skule og oppretthalde eit godt og desentralisera kulturskuletilbod<\/p>\n<\/div>\n\t\t\t\t\t\n\t\t\t\t<\/div>\n\t\t\t<\/div>\n\t\t<\/div>\n\t\t\n\n\n\t\t<div class=\"has-lightest-blue-background-color is-layout-left alignwide alignwide wp-block-hoyre-media-text\">\n\t\t\t<div class=\"hoyre-media-text__media\">\n\t\t\t\t<img loading=\"lazy\" decoding=\"async\" width=\"1024\" height=\"683\" src=\"https:\/\/hoyre.no\/content\/uploads\/sites\/352\/2023\/06\/GettyImages-513443410-1024x683.jpg\" class=\"hoyre-media-text__media-image\" alt=\"\" style=\"--focal: 50% 50%;\" srcset=\"https:\/\/hoyre.no\/content\/uploads\/sites\/352\/2023\/06\/GettyImages-513443410-1024x683.jpg 1024w, https:\/\/hoyre.no\/content\/uploads\/sites\/352\/2023\/06\/GettyImages-513443410-300x200.jpg 300w, https:\/\/hoyre.no\/content\/uploads\/sites\/352\/2023\/06\/GettyImages-513443410-768x512.jpg 768w, https:\/\/hoyre.no\/content\/uploads\/sites\/352\/2023\/06\/GettyImages-513443410-1536x1024.jpg 1536w, https:\/\/hoyre.no\/content\/uploads\/sites\/352\/2023\/06\/GettyImages-513443410-2048x1365.jpg 2048w\" sizes=\"auto, (max-width: 1024px) 100vw, 1024px\" \/>\n\t\t\t<\/div>\n\t\t\t<div class=\"hoyre-media-text__content\">\n\t\t\t\t<div class=\"hoyre-media-text__content-inner\">\n\t\t\t\t\t\n\t\t\t<div class=\"hoyre-media-text__title-container\">\n\t\t\t\t\n\t\t\t\t<h2 class=\"hoyre-media-text__title\">7. Ja til kultur<\/h2>\n\t\t\t<\/div>\n\t\t\t\n\t\t\t\t\t<div class=\"hoyre-media-text__blocks\">\n<p>Vinje H\u00f8gre vil st\u00f8 opp om kultur aktivitetar i n\u00e6romr\u00e5da.<\/p>\n<\/div>\n\t\t\t\t\t\n\t\t\t\t<\/div>\n\t\t\t<\/div>\n\t\t<\/div>\n\t\t\n\n\n\t\t<div class=\"has-lightest-blue-background-color is-layout-right alignwide alignwide wp-block-hoyre-media-text\">\n\t\t\t<div class=\"hoyre-media-text__media\">\n\t\t\t\t<img loading=\"lazy\" decoding=\"async\" width=\"1024\" height=\"683\" src=\"https:\/\/hoyre.no\/content\/uploads\/sites\/352\/2023\/06\/GettyImages-1322919743-1024x683.jpg\" class=\"hoyre-media-text__media-image\" alt=\"\" style=\"--focal: 50% 50%;\" srcset=\"https:\/\/hoyre.no\/content\/uploads\/sites\/352\/2023\/06\/GettyImages-1322919743-1024x683.jpg 1024w, https:\/\/hoyre.no\/content\/uploads\/sites\/352\/2023\/06\/GettyImages-1322919743-300x200.jpg 300w, https:\/\/hoyre.no\/content\/uploads\/sites\/352\/2023\/06\/GettyImages-1322919743-768x512.jpg 768w, https:\/\/hoyre.no\/content\/uploads\/sites\/352\/2023\/06\/GettyImages-1322919743-1536x1024.jpg 1536w, https:\/\/hoyre.no\/content\/uploads\/sites\/352\/2023\/06\/GettyImages-1322919743-2048x1365.jpg 2048w\" sizes=\"auto, (max-width: 1024px) 100vw, 1024px\" \/>\n\t\t\t<\/div>\n\t\t\t<div class=\"hoyre-media-text__content\">\n\t\t\t\t<div class=\"hoyre-media-text__content-inner\">\n\t\t\t\t\t\n\t\t\t<div class=\"hoyre-media-text__title-container\">\n\t\t\t\t\n\t\t\t\t<h2 class=\"hoyre-media-text__title\">8. Nei til eigedomsskatt<\/h2>\n\t\t\t<\/div>\n\t\t\t\n\t\t\t\t\t<div class=\"hoyre-media-text__blocks\">\n<p>Vinje H\u00f8gre ynskjer ikkje \u00e5 innf\u00f8re generell eigedomsskatt.<\/p>\n<\/div>\n\t\t\t\t\t\n\t\t\t\t<\/div>\n\t\t\t<\/div>\n\t\t<\/div>\n\t\t\n\n\n\n<div class=\"wp-block-buttons is-content-justification-center is-layout-flex wp-container-core-buttons-is-layout-16018d1d wp-block-buttons-is-layout-flex\">\n<div class=\"wp-block-button\"><a class=\"wp-block-button__link\" href=\"https:\/\/hoyre.no\/vinje\/vinje-hogres-program-2023-2027\/\">Les Heile programmet her<\/a><\/div>\n<\/div>\n\n\n\n<p><\/p>\n\n","protected":false},"excerpt":{"rendered":"","protected":false},"author":29643,"featured_media":0,"parent":0,"menu_order":0,"comment_status":"closed","ping_status":"closed","template":"","meta":{"teft_cards_image_url":"","teft_cards_custom_pretitle":"","teft_cards_image_id":62,"teft_cards_image_focal_point_x":0.5,"teft_cards_image_focal_point_y":0.5,"teft_cards_title":"","teft_cards_excerpt":"","teft_show_chapters":false,"footnotes":""},"class_list":["post-24","page","type-page","status-publish","hentry"],"yoast_head":"<!-- This site is optimized with the Yoast SEO plugin v26.6 - https:\/\/yoast.com\/wordpress\/plugins\/seo\/ -->\n<title>Politikk - Vinje H\u00f8gre<\/title>\n<meta name=\"robots\" content=\"index, follow, max-snippet:-1, max-image-preview:large, max-video-preview:-1\" \/>\n<link rel=\"canonical\" href=\"https:\/\/hoyre.no\/vinje\/politikk\/\" \/>\n<meta property=\"og:locale\" content=\"nn_NO\" \/>\n<meta property=\"og:type\" content=\"article\" \/>\n<meta property=\"og:title\" content=\"Politikk - Vinje H\u00f8gre\" \/>\n<meta property=\"og:url\" content=\"https:\/\/hoyre.no\/vinje\/politikk\/\" \/>\n<meta property=\"og:site_name\" content=\"Vinje H\u00f8gre\" \/>\n<meta property=\"article:modified_time\" content=\"2023-07-04T09:32:39+00:00\" \/>\n<meta property=\"og:image\" content=\"https:\/\/hoyre.no\/content\/uploads\/sites\/352\/2023\/06\/Utsikt-over-rekka-2017-06-27-07.31.37-1024x768.jpg\" \/>\n<meta name=\"twitter:card\" content=\"summary_large_image\" \/>\n<meta name=\"twitter:label1\" content=\"Est. reading time\" \/>\n\t<meta name=\"twitter:data1\" content=\"2 minutt\" \/>\n<script type=\"application\/ld+json\" class=\"yoast-schema-graph\">{\"@context\":\"https:\/\/schema.org\",\"@graph\":[{\"@type\":\"WebPage\",\"@id\":\"https:\/\/hoyre.no\/vinje\/politikk\/\",\"url\":\"https:\/\/hoyre.no\/vinje\/politikk\/\",\"name\":\"Politikk - Vinje H\u00f8gre\",\"isPartOf\":{\"@id\":\"https:\/\/hoyre.no\/vinje\/#website\"},\"datePublished\":\"2023-05-02T10:49:32+00:00\",\"dateModified\":\"2023-07-04T09:32:39+00:00\",\"breadcrumb\":{\"@id\":\"https:\/\/hoyre.no\/vinje\/politikk\/#breadcrumb\"},\"inLanguage\":\"nn-NO\",\"potentialAction\":[{\"@type\":\"ReadAction\",\"target\":[\"https:\/\/hoyre.no\/vinje\/politikk\/\"]}]},{\"@type\":\"BreadcrumbList\",\"@id\":\"https:\/\/hoyre.no\/vinje\/politikk\/#breadcrumb\",\"itemListElement\":[{\"@type\":\"ListItem\",\"position\":1,\"name\":\"Til hoyre.no\",\"item\":\"https:\/\/hoyre.no\"},{\"@type\":\"ListItem\",\"position\":2,\"name\":\"Hjem\",\"item\":\"https:\/\/hoyre.no\/vinje\/\"},{\"@type\":\"ListItem\",\"position\":3,\"name\":\"Politikk\"}]},{\"@type\":\"WebSite\",\"@id\":\"https:\/\/hoyre.no\/vinje\/#website\",\"url\":\"https:\/\/hoyre.no\/vinje\/\",\"name\":\"Vinje H\u00f8gre\",\"description\":\"Bare enda et H\u00f8yres nettsteder-nettsted\",\"inLanguage\":\"nn-NO\"}]}<\/script>\n<!-- \/ Yoast SEO plugin. -->","yoast_head_json":{"title":"Politikk - Vinje H\u00f8gre","robots":{"index":"index","follow":"follow","max-snippet":"max-snippet:-1","max-image-preview":"max-image-preview:large","max-video-preview":"max-video-preview:-1"},"canonical":"https:\/\/hoyre.no\/vinje\/politikk\/","og_locale":"nn_NO","og_type":"article","og_title":"Politikk - Vinje H\u00f8gre","og_url":"https:\/\/hoyre.no\/vinje\/politikk\/","og_site_name":"Vinje H\u00f8gre","article_modified_time":"2023-07-04T09:32:39+00:00","og_image":[{"url":"https:\/\/hoyre.no\/content\/uploads\/sites\/352\/2023\/06\/Utsikt-over-rekka-2017-06-27-07.31.37-1024x768.jpg","width":"","height":"","type":""}],"twitter_card":"summary_large_image","twitter_misc":{"Est. reading time":"2 minutt"},"schema":{"@context":"https:\/\/schema.org","@graph":[{"@type":"WebPage","@id":"https:\/\/hoyre.no\/vinje\/politikk\/","url":"https:\/\/hoyre.no\/vinje\/politikk\/","name":"Politikk - Vinje H\u00f8gre","isPartOf":{"@id":"https:\/\/hoyre.no\/vinje\/#website"},"datePublished":"2023-05-02T10:49:32+00:00","dateModified":"2023-07-04T09:32:39+00:00","breadcrumb":{"@id":"https:\/\/hoyre.no\/vinje\/politikk\/#breadcrumb"},"inLanguage":"nn-NO","potentialAction":[{"@type":"ReadAction","target":["https:\/\/hoyre.no\/vinje\/politikk\/"]}]},{"@type":"BreadcrumbList","@id":"https:\/\/hoyre.no\/vinje\/politikk\/#breadcrumb","itemListElement":[{"@type":"ListItem","position":1,"name":"Til hoyre.no","item":"https:\/\/hoyre.no"},{"@type":"ListItem","position":2,"name":"Hjem","item":"https:\/\/hoyre.no\/vinje\/"},{"@type":"ListItem","position":3,"name":"Politikk"}]},{"@type":"WebSite","@id":"https:\/\/hoyre.no\/vinje\/#website","url":"https:\/\/hoyre.no\/vinje\/","name":"Vinje H\u00f8gre","description":"Bare enda et H\u00f8yres nettsteder-nettsted","inLanguage":"nn-NO"}]}},"distributor_meta":false,"distributor_terms":false,"distributor_media":false,"distributor_original_site_name":"Vinje H\u00f8gre","distributor_original_site_url":"https:\/\/hoyre.no\/vinje","push-errors":false,"_links":{"self":[{"href":"https:\/\/hoyre.no\/vinje\/wp-json\/wp\/v2\/pages\/24","targetHints":{"allow":["GET"]}}],"collection":[{"href":"https:\/\/hoyre.no\/vinje\/wp-json\/wp\/v2\/pages"}],"about":[{"href":"https:\/\/hoyre.no\/vinje\/wp-json\/wp\/v2\/types\/page"}],"author":[{"embeddable":true,"href":"https:\/\/hoyre.no\/vinje\/wp-json\/wp\/v2\/users\/29643"}],"replies":[{"embeddable":true,"href":"https:\/\/hoyre.no\/vinje\/wp-json\/wp\/v2\/comments?post=24"}],"version-history":[{"count":6,"href":"https:\/\/hoyre.no\/vinje\/wp-json\/wp\/v2\/pages\/24\/revisions"}],"predecessor-version":[{"id":131,"href":"https:\/\/hoyre.no\/vinje\/wp-json\/wp\/v2\/pages\/24\/revisions\/131"}],"wp:attachment":[{"href":"https:\/\/hoyre.no\/vinje\/wp-json\/wp\/v2\/media?parent=24"}],"curies":[{"name":"wp","href":"https:\/\/api.w.org\/{rel}","templated":true}]}}