{"id":44,"date":"2023-07-04T11:26:57","date_gmt":"2023-07-04T09:26:57","guid":{"rendered":"https:\/\/hoyre.no\/vinje\/?page_id=44"},"modified":"2023-07-04T11:34:20","modified_gmt":"2023-07-04T09:34:20","slug":"vinje-hogres-program-2023-2027","status":"publish","type":"page","link":"https:\/\/hoyre.no\/vinje\/vinje-hogres-program-2023-2027\/","title":{"rendered":"VINJE H\u00d8GRES PROGRAM 2023 &#8211; 2027"},"content":{"rendered":"\n<h2 class=\"wp-block-heading\">Vinje H\u00f8gres program 2023-2027<\/h2>\n\n\n\n<p><strong>FORM\u00c5LSPARAGRAFEN TIL H\u00d8GRE<\/strong><\/p>\n\n\n\n<p>H\u00f8gre vil f\u00f8re ein konservativ framstegspolitikk bygd p\u00e5 det kristne kulturgrunnlag, rettsstaten og folkestyret for \u00e5 fremme personleg fridom og sosialt ansvar, medr\u00e5derett og eigendomsrett og eit forpliktande nasjonalt og internasjonalt arbeid.<\/p>\n\n\n\n<p>H\u00f8gre vil fornye, forenkle og forbetre:<\/p>\n\n\n\n<p>&#8211; Bygge samfunnet nedanfr\u00e5 og opp \u2013 lokalt styre av lokalsamfunnet, avgjerder b\u00f8r takast n\u00e6r der det gjeld.<\/p>\n\n\n\n<p>&#8211; Redusere byr\u00e5krati \u2013 ein skal bruke arbeidsdagen p\u00e5 \u00e5 gjera den viktige delen av jobben sin.<\/p>\n\n\n\n<p>&#8211; Folk skal leve frie og sj\u00f8lvstendige liv \u2013 menneske som vert vist tillit tek ansvar. Innsatsvilje og skaparkraft styrkjer fellesskapen.<\/p>\n\n\n\n<p><strong>VINJE H\u00d8GRE<\/strong><\/p>\n\n\n\n<p>Vinje er ein god kommune \u00e5 bu i med gode oppvekstvilk\u00e5r, gode skular, godt helse- og omsorgstilbod og eit breitt og engasjera kulturliv. Vinje kommune sitt tenestetilbod sk\u00e5rar h\u00f8gt p\u00e5 mange nasjonale k\u00e5ringar og Vinje H\u00f8gre meiner at kommunen skal halde fram med gode tenestetilbod.<\/p>\n\n\n\n<p><strong>Kommunal administrasjon og forvaltning<\/strong><\/p>\n\n\n\n<p>Vinje kommune skal vera ein kommune der kvar eining har ansvar for at brukerane f\u00e5r den hjelp og service dei treng. Vinje H\u00f8gre meiner at einingane m\u00e5 vera budsjettansvarlege. Ein m\u00e5 til ei kvar tid vurdere om ein kan sl\u00e5 saman einingar for \u00e5 redusere driftskostnadane.<\/p>\n\n\n\n<p>Vinje H\u00f8gre meiner at storleiken p\u00e5 den kommunale administrasjonen m\u00e5 st\u00e5 i h\u00f8ve til aktivitetsniv\u00e5et. Ein vil ha fortl\u00f8pande vurdering av dette.<\/p>\n\n\n\n<p>Vinje H\u00f8gre meiner at hovudoppg\u00e5va m\u00e5 vera \u00e5 gjennomf\u00f8re dei lovp\u00e5lagde kommunale oppg\u00e5vene fyrst. Nye store, ikkje p\u00e5lagde investeringar og tiltak som medf\u00f8rer faste driftskostnadar m\u00e5 vurderast n\u00f8ye.<\/p>\n\n\n\n<p>Vinje H\u00f8gre vil arbeide for at kommunestyret skal ha st\u00f8rre r\u00e5derett over utviklinga i eigen kommune.<\/p>\n\n\n\n<p>Vinje H\u00f8gre vil arbeide for at det blir \u00e5rem\u00e5l stillingar i viktige posisjoner.<\/p>\n\n\n\n<p><strong>\u00d8konomi<\/strong><\/p>\n\n\n\n<p>Vinje H\u00f8gre meiner det m\u00e5 f\u00f8rast ein strengare \u00f8konomisk politikk i kommunal administrasjon. Budsjett som blir vedteke til drift og investeringar m\u00e5 fylgjast. Ved endring eller behov for fleire midlar skal saka handsamast politisk f\u00f8r tiltaket vert sett i verk.<\/p>\n\n\n\n<p>Vinje H\u00f8gre vil arbeide for at kommunen i framtida skal ha eigedomsskatt p\u00e5 kraftverk og overf\u00f8ringsnettet.<\/p>\n\n\n\n<p>Vinje H\u00f8gre ynskjer ikkje \u00e5 innf\u00f8re generell eigedomsskatt.<\/p>\n\n\n\n<p>Vinje H\u00f8gre er uroa over at l\u00e5negjelda i Vinje no er sv\u00e6rt h\u00f8g. Me meiner dette m\u00e5 takast p\u00e5 alvor og at tida er inne for \u00e5 redusere l\u00e5negjelda. For \u00e5 gjennomf\u00f8re dette m\u00e5 fleire store investeringar takast over tid. Spesielt n\u00e5 med dei aukande rentekostnadane.<\/p>\n\n\n\n<p><strong>N\u00e6ring\/landbruk<\/strong><\/p>\n\n\n\n<p>Reiselivet i Vinje vil i framtida f\u00e5 meir konkurranse fr\u00e5 nye destinasjonar som veks opp. Det er viktig for turistn\u00e6ringa i Vinje \u00e5 utvikle seg ved at heisanlegga og l\u00f8ypenettet i hovedsatsingsomr\u00e5da blir attraktive for turistn\u00e6ringa, hyttefolk og fastbuande. Anlegga m\u00e5 rustas opp slik at de er tilpassa dagens og framtidas bruk.<\/p>\n\n\n\n<p>Vinje H\u00f8gre vil arbeide for at kommunen er ein attraktiv reiselivs-destinasjon heile \u00e5ret. Turistn\u00e6ringa m\u00e5 arbeide for \u00e5 ha noko \u00e5 tilby reisande slik at dei oppheld seg i Vinje over tid.<\/p>\n\n\n\n<p>Vinje H\u00f8gre ser det som viktig \u00e5 ta vare p\u00e5 alle n\u00e6ringsverksemder som er liv laga, fr\u00e5 sm\u00e5skala produksjon til store anlegg, og legge til rette for nye verksemder. Vinje kommune har bygd opp mykje av n\u00e6ringslivet rundt utbygging av hytter. Derfor er det viktig at me stimulerar til bruk av hyttene og d\u00e5 er straumprisen med ein makspris eit viktig hjelpemiddel som b\u00e5de vil stimulere til bruk og styrke heile n\u00e6ringslivet i kommunen.<\/p>\n\n\n\n<p>Vinje H\u00f8gre vil passe p\u00e5 at det til ei kvar tid er ledige industri- og bustad tomter. Kommunen m\u00e5 ligge i forkant av \u00e5 ha ledige tomter. Alle tomter- ogs\u00e5 dei private- b\u00f8r leggast ut p\u00e5 kommunens sine nettsider med kart og opplysingar.<\/p>\n\n\n\n<p>Vinje H\u00f8gre meiner me m\u00e5 styrkje landbruket, bonden er ein sj\u00f8lvstendig n\u00e6ringsdrivande og Vinje H\u00f8gre vil stimulere til nyskaping i landbruket. S\u00e5 langt de let seg gjera b\u00f8r r\u00e5varene fr\u00e5 landbruket bli vidareforedla i Vinje.<\/p>\n\n\n\n<p>Vinje H\u00f8gre vil at rovdyrforvaltinga skal byggje p\u00e5 erfaringsbasera kunnskap, lokal forvaltning, respekt for eigedomsrett og livskvaliteten til enkeltmennesket og lokalsamfunnet.<\/p>\n\n\n\n<p>Vinje H\u00f8gre vil arbeide for at det vert oppretta ein avdeling for fjellredning ved lensmannskontoret i Vinje.<\/p>\n\n\n\n<p><strong>Energipolitikk og konsesjonskraft<\/strong><\/p>\n\n\n\n<p>Vinje H\u00f8gre vil sikre dei avtala rettane kraftkommunane har i dag, som er ein rettmessig del av dei inntektene kraftressursane skapar for storsamfunnet.<\/p>\n\n\n\n<p>Vinje H\u00f8gre ynskjer at kraftinntektene skal forvaltast lokalt, samt ha fokus p\u00e5 kraftkompetanse.<\/p>\n\n\n\n<p>NVE\/Statkraft m\u00e5 taka p\u00e5 alvor dei milj\u00f8-utfordringane som er i Tokke \u2013 Vinje vassdraget. Vinje H\u00f8gre vil at elvel\u00f8p langs hovudvegar og tettstadomr\u00e5de m\u00e5 rustast opp, og det m\u00e5 vera ei minstevassf\u00f8ring heile \u00e5ret.<\/p>\n\n\n\n<p>Vinje H\u00f8gre vil arbeide for at det innf\u00f8ras ein prismodell p\u00e5 straum med TAK og GOLV i den vidare forvaltninga av kommunens kraftinntekter. D\u00e5 blir det f\u00f8reseielegheit for ALLE inkludert kommunen, samt at det blir attraktivt \u00e5 etablere seg i kommunen.<\/p>\n\n\n\n<p><strong>Oppvekst, levek\u00e5r og kultur<\/strong><\/p>\n\n\n\n<p>Vinje H\u00f8gre vil oppretthalde noverande skule\/barnehage\/sfo p\u00e5 dagens niv\u00e5 dersom barne\/elevtalet gjer det forsvarleg.<\/p>\n\n\n\n<p>Vinje H\u00f8gre vil at skulematordninga skal halde fram i heile kommunen.<\/p>\n\n\n\n<p>Vinje H\u00f8gre meiner at skulane i Vinje m\u00e5 ha digitale hjelpemiddel fr\u00e5 1 klasse.<\/p>\n\n\n\n<p>Vinje H\u00f8gre vil pr\u00f8ve ut leksefri skule i Vinje, p\u00e5 ein eller fleire av skulane i Vinje med ei pr\u00f8vetid p\u00e5 3 \u00e5r.<\/p>\n\n\n\n<p>Dette ynskjer me fordi mange foreldre har utfordringar med \u00e5 hjelpe barna sine med heimelekser. Sj\u00f8lv om foreldra har god utdanning s\u00e5 blir l\u00e6replanen stadig endra \u2013 den m\u00e5ten foreldra har l\u00e6rt p\u00e5 er ikkje den m\u00e5ten barna deira l\u00e6rer p\u00e5. Likeins s\u00e5 er det tidspress i familien fordi barna skal vera med p\u00e5 ulike aktivitetar p\u00e5 kveldstid.<\/p>\n\n\n\n<p>Vinje H\u00f8gre vil arbeide for \u00e5 styrke kurs og utdanningstilboda som er utvikla p\u00e5 Rauland av Raulandsakademiet, Universitetet i S\u00f8r Norge (USN) og Rehabiliteringssenteret AiR. Samt den vidareg\u00e5ande skula p\u00e5 Dalen og den private vidareg\u00e5ande skulen i Kviteseid (Kvitsund).<\/p>\n\n\n\n<p>Det m\u00e5 til ei kvar tid vera eit tilbod om l\u00e6rlingplassar i kommunen.<\/p>\n\n\n\n<p>Vinje H\u00f8gre vil prioritere idrett og ungdomsarbeid bl.a. ved \u00e5 oppretthalde eit godt og desentralisera kulturskuletilbod.<\/p>\n\n\n\n<p>Vinje H\u00f8gre meiner det er sv\u00e6rt viktig \u00e5 legge til rette for at fleire vel \u00e5 busette seg i Vinje. Kommunen m\u00e5 ha opparbeid bustadfelt til ei kvar tid.<\/p>\n\n\n\n<p>Vinje H\u00f8gre vil verne om kulturarven og det nynorske m\u00e5let. Marknadsf\u00f8ring av kommunen b\u00f8r skje p\u00e5 nynorsk.<\/p>\n\n\n\n<p>Det er viktig \u00e5 taka vare p\u00e5 kunstsamlingane p\u00e5 Rauland p\u00e5 ein god m\u00e5te. Bygningane er ikkje i den stand dei burde vera. Vinje H\u00f8gre vil st\u00f8tte opp om \u00e5 ruste opp eller finne andre l\u00f8ysningar for bygga som skal innehalde kunstsamlingane.<\/p>\n\n\n\n<p>Vinje H\u00f8gre vil st\u00f8 upp om kultur aktivitetar i n\u00e6romr\u00e5da.<\/p>\n\n\n\n<p>Vinje H\u00f8gre vil arbeide for ein n\u00f8ktern flyktning &#8211; og asylpolitikk der integrering er heilt vesentleg. Dei som sit med ansvar for spr\u00e5koppl\u00e6ring og integrering har no stor utfordring med \u00e5 handtere alle flyktningane som har kome til Vinje.<\/p>\n\n\n\n<p><strong>Helse og Omsorg<\/strong><\/p>\n\n\n\n<p>Vinje H\u00f8gre meiner kommunen har eit godt helse og omsorgs tilbod. Me vil til ei kvar tid arbeide for at brukarar skal ha det beste tilbodet.<\/p>\n\n\n\n<p>Vinje H\u00f8gre st\u00f8tter vedtaket i kommunestyret i legekontorsaka. Ute kontor 2 til 3 dagar i veka p\u00e5 Edland og Rauland med hovudkontor i \u00c5mot.<\/p>\n\n\n\n<p>Vinje H\u00f8gre vil vere din garantist for at det til ei kvar tid er fokus p\u00e5 ern\u00e6ringsriktig og velsmakande mat b\u00e5de i institusjon, p\u00e5 omsorgsentra og til heimebuande som treng hjelp.<\/p>\n\n\n\n<p>Det skal leggast vekt p\u00e5 trivsel , valfridom og matglede.<\/p>\n\n\n\n<p>Vinje H\u00f8gre vil, s\u00e5 langt det er mogeleg, at heimebuande eldre som treng hjelp skal f\u00e5 lik hjelp i heile kommunen.<\/p>\n\n\n\n<p>Vinje H\u00f8gre vil arbeide for at det byggast nok omsorgsbustadar, samt leilighetsbygg som passer for eldre i alle de 3 sentra i kommunen.<\/p>\n\n\n\n<p>Vinje H\u00f8gre vil arbeide for at hyttekommunar f\u00e5r kompensasjon for det helsearbeidet som vert ytt til hyttebuande. Me f\u00e5r fleire eldre som vil bu p\u00e5 hyttene sine og det vil bli meir behov for helsepersonell til hyttebuande som treng hjelp.<\/p>\n\n\n\n<p>Vinje H\u00f8gre meiner me m\u00e5 utvide bruken av digitale hjelpemiddel for \u00e5 utnytte fagkunnskapen ved dei regionale sjukehusa.<\/p>\n\n\n\n<p>Vinje H\u00f8gre vil sikre ambulansetenesta, den er viktig for Vinje Kommune. Det er lange avstandar i kommunen og ikkje minst til sjukehusa.<\/p>\n\n\n\n<p>Vinje H\u00f8gre vil arbeide for \u00e5 f\u00e5 ein landingsplass for luftambulansen lagt til Vinje med signal instrument som flygar kan koble seg opp til n\u00e5r det er t\u00e5ke eller d\u00e5rlig v\u00e6r.<\/p>\n\n\n\n<p>Vinje H\u00f8gre vil oppretthalde eit sterkt barnevern og ei god rusomsorg.<\/p>\n\n\n\n<p><strong>Forvalting av eigedom og rettar.<\/strong><\/p>\n\n\n\n<p>Vinje H\u00f8gre vil arbeide for \u00e5 verne og styrkje den private eigendomsretten. Vinje H\u00f8gre meiner at offentleg innblanding i eigedomsovertakingar hemmar viljen til \u00e5 skape og ta vare p\u00e5 verdiar.<\/p>\n\n\n\n<p>Det offentlege m\u00e5 gje erstatning til grunneigarane for det dei ervervar til fellesskapet.<\/p>\n\n\n\n<p><strong>Samferdsel og milj\u00f8<\/strong><\/p>\n\n\n\n<p>Vinje H\u00f8gre meiner det er viktig \u00e5 f\u00e5 i gang arbeidet med ny tunell Seljestad-R\u00f8ldal (Liamyrane) p\u00e5 E134, med bygge start n\u00e5.<\/p>\n\n\n\n<p>Vinje H\u00f8gre vil arbeide for \u00e5 f\u00e5 ein vintersikker E-134 over Haukelifjell. Det inneber lang tunell over Haukelifjell. Lang tunell gjev st\u00f8rst milj\u00f8gevinst for trafikantane og den raudlista Villreinen.<\/p>\n\n\n\n<p>I eit langsiktig perspektiv for forvaltning av Villreinen er lang tunell eit sv\u00e6rt viktig bidrag for sikring av Villreinens gjenverande leveomr\u00e5der p\u00e5 Hardangervidda og i Setesdal aust- og vesthei\/Ryfylkeheiane.<\/p>\n\n\n\n<p>Vinje H\u00f8gre vil arbeide for \u00e5 ruste opp E-134 fr\u00e5 \u00c5mot til Vinjesvingen medan me ventar p\u00e5 framtidig E-134 mellom Grungedal og Gvammen. Vinje H\u00f8gre vil ta vare p\u00e5 det gode l\u00f8ypenett for sn\u00f8skuter som finst i kommunen. Kontroll med k\u00f8yring er viktig slik at me f\u00e5r behalde l\u00f8ypenettet i framtida.<\/p>\n\n\n\n<p>Vinje H\u00f8gre vil sikre dei mjuke trafikantane. Mykje er gjort men kommunen har att store prosjekt p\u00e5 G\/S vegar. Prioritert tiltaka er Krossen \u2013 Austb\u00f8.<\/p>\n\n\n\n<p><strong>Kyrkja\/menighetshus<\/strong><\/p>\n\n\n\n<p>Vinje H\u00f8gre meiner at kyrkjer og menighetshus er viktige kulturberarar i lokalsamfunnet og at det m\u00e5 settast av tilstrekkeleg med midlar til drift og vedlikehald av desse bygga.<\/p>\n\n\n\n\n<p><\/p>\n\n","protected":false},"excerpt":{"rendered":"<p>Vinje H\u00f8gres program 2023-2027 FORM\u00c5LSPARAGRAFEN TIL H\u00d8GRE H\u00f8gre vil f\u00f8re ein konservativ framstegspolitikk bygd p\u00e5 det kristne kulturgrunnlag, rettsstaten og folkestyret for \u00e5 fremme personleg fridom og sosialt ansvar, medr\u00e5derett og eigendomsrett og eit forpliktande nasjonalt og internasjonalt arbeid. H\u00f8gre vil fornye, forenkle og forbetre: &#8211; Bygge samfunnet nedanfr\u00e5 og opp \u2013 lokalt styre av [&hellip;]<\/p>\n","protected":false},"author":1089,"featured_media":0,"parent":0,"menu_order":0,"comment_status":"closed","ping_status":"closed","template":"","meta":{"teft_cards_image_url":"","teft_cards_custom_pretitle":"","teft_cards_image_id":0,"teft_cards_image_focal_point_x":0,"teft_cards_image_focal_point_y":0,"teft_cards_title":"","teft_cards_excerpt":"","teft_show_chapters":false,"footnotes":""},"class_list":["post-44","page","type-page","status-publish","hentry"],"yoast_head":"<!-- This site is optimized with the Yoast SEO plugin v26.6 - https:\/\/yoast.com\/wordpress\/plugins\/seo\/ -->\n<title>VINJE H\u00d8GRES PROGRAM 2023 - 2027 - Vinje H\u00f8gre<\/title>\n<meta name=\"robots\" content=\"index, follow, max-snippet:-1, max-image-preview:large, max-video-preview:-1\" \/>\n<link rel=\"canonical\" href=\"https:\/\/hoyre.no\/vinje\/vinje-hogres-program-2023-2027\/\" \/>\n<meta property=\"og:locale\" content=\"nn_NO\" \/>\n<meta property=\"og:type\" content=\"article\" \/>\n<meta property=\"og:title\" content=\"VINJE H\u00d8GRES PROGRAM 2023 - 2027 - Vinje H\u00f8gre\" \/>\n<meta property=\"og:description\" content=\"Vinje H\u00f8gres program 2023-2027 FORM\u00c5LSPARAGRAFEN TIL H\u00d8GRE H\u00f8gre vil f\u00f8re ein konservativ framstegspolitikk bygd p\u00e5 det kristne kulturgrunnlag, rettsstaten og folkestyret for \u00e5 fremme personleg fridom og sosialt ansvar, medr\u00e5derett og eigendomsrett og eit forpliktande nasjonalt og internasjonalt arbeid. H\u00f8gre vil fornye, forenkle og forbetre: &#8211; Bygge samfunnet nedanfr\u00e5 og opp \u2013 lokalt styre av [&hellip;]\" \/>\n<meta property=\"og:url\" content=\"https:\/\/hoyre.no\/vinje\/vinje-hogres-program-2023-2027\/\" \/>\n<meta property=\"og:site_name\" content=\"Vinje H\u00f8gre\" \/>\n<meta property=\"article:modified_time\" content=\"2023-07-04T09:34:20+00:00\" \/>\n<meta property=\"og:image\" content=\"https:\/\/hoyre.no\/content\/uploads\/sites\/352\/2022\/11\/Hoyres-logo.png\" \/>\n\t<meta property=\"og:image:width\" content=\"1000\" \/>\n\t<meta property=\"og:image:height\" content=\"1000\" \/>\n\t<meta property=\"og:image:type\" content=\"image\/png\" \/>\n<meta name=\"twitter:card\" content=\"summary_large_image\" \/>\n<meta name=\"twitter:label1\" content=\"Est. reading time\" \/>\n\t<meta name=\"twitter:data1\" content=\"9 minutt\" \/>\n<script type=\"application\/ld+json\" class=\"yoast-schema-graph\">{\"@context\":\"https:\/\/schema.org\",\"@graph\":[{\"@type\":\"WebPage\",\"@id\":\"https:\/\/hoyre.no\/vinje\/vinje-hogres-program-2023-2027\/\",\"url\":\"https:\/\/hoyre.no\/vinje\/vinje-hogres-program-2023-2027\/\",\"name\":\"VINJE H\u00d8GRES PROGRAM 2023 - 2027 - Vinje H\u00f8gre\",\"isPartOf\":{\"@id\":\"https:\/\/hoyre.no\/vinje\/#website\"},\"datePublished\":\"2023-07-04T09:26:57+00:00\",\"dateModified\":\"2023-07-04T09:34:20+00:00\",\"breadcrumb\":{\"@id\":\"https:\/\/hoyre.no\/vinje\/vinje-hogres-program-2023-2027\/#breadcrumb\"},\"inLanguage\":\"nn-NO\",\"potentialAction\":[{\"@type\":\"ReadAction\",\"target\":[\"https:\/\/hoyre.no\/vinje\/vinje-hogres-program-2023-2027\/\"]}]},{\"@type\":\"BreadcrumbList\",\"@id\":\"https:\/\/hoyre.no\/vinje\/vinje-hogres-program-2023-2027\/#breadcrumb\",\"itemListElement\":[{\"@type\":\"ListItem\",\"position\":1,\"name\":\"Til hoyre.no\",\"item\":\"https:\/\/hoyre.no\"},{\"@type\":\"ListItem\",\"position\":2,\"name\":\"Hjem\",\"item\":\"https:\/\/hoyre.no\/vinje\/\"},{\"@type\":\"ListItem\",\"position\":3,\"name\":\"VINJE H\u00d8GRES PROGRAM 2023 &#8211; 2027\"}]},{\"@type\":\"WebSite\",\"@id\":\"https:\/\/hoyre.no\/vinje\/#website\",\"url\":\"https:\/\/hoyre.no\/vinje\/\",\"name\":\"Vinje H\u00f8gre\",\"description\":\"Bare enda et H\u00f8yres nettsteder-nettsted\",\"inLanguage\":\"nn-NO\"}]}<\/script>\n<!-- \/ Yoast SEO plugin. -->","yoast_head_json":{"title":"VINJE H\u00d8GRES PROGRAM 2023 - 2027 - Vinje H\u00f8gre","robots":{"index":"index","follow":"follow","max-snippet":"max-snippet:-1","max-image-preview":"max-image-preview:large","max-video-preview":"max-video-preview:-1"},"canonical":"https:\/\/hoyre.no\/vinje\/vinje-hogres-program-2023-2027\/","og_locale":"nn_NO","og_type":"article","og_title":"VINJE H\u00d8GRES PROGRAM 2023 - 2027 - Vinje H\u00f8gre","og_description":"Vinje H\u00f8gres program 2023-2027 FORM\u00c5LSPARAGRAFEN TIL H\u00d8GRE H\u00f8gre vil f\u00f8re ein konservativ framstegspolitikk bygd p\u00e5 det kristne kulturgrunnlag, rettsstaten og folkestyret for \u00e5 fremme personleg fridom og sosialt ansvar, medr\u00e5derett og eigendomsrett og eit forpliktande nasjonalt og internasjonalt arbeid. H\u00f8gre vil fornye, forenkle og forbetre: &#8211; Bygge samfunnet nedanfr\u00e5 og opp \u2013 lokalt styre av [&hellip;]","og_url":"https:\/\/hoyre.no\/vinje\/vinje-hogres-program-2023-2027\/","og_site_name":"Vinje H\u00f8gre","article_modified_time":"2023-07-04T09:34:20+00:00","og_image":[{"width":1000,"height":1000,"url":"https:\/\/hoyre.no\/content\/uploads\/sites\/352\/2022\/11\/Hoyres-logo.png","type":"image\/png"}],"twitter_card":"summary_large_image","twitter_misc":{"Est. reading time":"9 minutt"},"schema":{"@context":"https:\/\/schema.org","@graph":[{"@type":"WebPage","@id":"https:\/\/hoyre.no\/vinje\/vinje-hogres-program-2023-2027\/","url":"https:\/\/hoyre.no\/vinje\/vinje-hogres-program-2023-2027\/","name":"VINJE H\u00d8GRES PROGRAM 2023 - 2027 - Vinje H\u00f8gre","isPartOf":{"@id":"https:\/\/hoyre.no\/vinje\/#website"},"datePublished":"2023-07-04T09:26:57+00:00","dateModified":"2023-07-04T09:34:20+00:00","breadcrumb":{"@id":"https:\/\/hoyre.no\/vinje\/vinje-hogres-program-2023-2027\/#breadcrumb"},"inLanguage":"nn-NO","potentialAction":[{"@type":"ReadAction","target":["https:\/\/hoyre.no\/vinje\/vinje-hogres-program-2023-2027\/"]}]},{"@type":"BreadcrumbList","@id":"https:\/\/hoyre.no\/vinje\/vinje-hogres-program-2023-2027\/#breadcrumb","itemListElement":[{"@type":"ListItem","position":1,"name":"Til hoyre.no","item":"https:\/\/hoyre.no"},{"@type":"ListItem","position":2,"name":"Hjem","item":"https:\/\/hoyre.no\/vinje\/"},{"@type":"ListItem","position":3,"name":"VINJE H\u00d8GRES PROGRAM 2023 &#8211; 2027"}]},{"@type":"WebSite","@id":"https:\/\/hoyre.no\/vinje\/#website","url":"https:\/\/hoyre.no\/vinje\/","name":"Vinje H\u00f8gre","description":"Bare enda et H\u00f8yres nettsteder-nettsted","inLanguage":"nn-NO"}]}},"distributor_meta":false,"distributor_terms":false,"distributor_media":false,"distributor_original_site_name":"Vinje H\u00f8gre","distributor_original_site_url":"https:\/\/hoyre.no\/vinje","push-errors":false,"_links":{"self":[{"href":"https:\/\/hoyre.no\/vinje\/wp-json\/wp\/v2\/pages\/44","targetHints":{"allow":["GET"]}}],"collection":[{"href":"https:\/\/hoyre.no\/vinje\/wp-json\/wp\/v2\/pages"}],"about":[{"href":"https:\/\/hoyre.no\/vinje\/wp-json\/wp\/v2\/types\/page"}],"author":[{"embeddable":true,"href":"https:\/\/hoyre.no\/vinje\/wp-json\/wp\/v2\/users\/1089"}],"replies":[{"embeddable":true,"href":"https:\/\/hoyre.no\/vinje\/wp-json\/wp\/v2\/comments?post=44"}],"version-history":[{"count":5,"href":"https:\/\/hoyre.no\/vinje\/wp-json\/wp\/v2\/pages\/44\/revisions"}],"predecessor-version":[{"id":132,"href":"https:\/\/hoyre.no\/vinje\/wp-json\/wp\/v2\/pages\/44\/revisions\/132"}],"wp:attachment":[{"href":"https:\/\/hoyre.no\/vinje\/wp-json\/wp\/v2\/media?parent=44"}],"curies":[{"name":"wp","href":"https:\/\/api.w.org\/{rel}","templated":true}]}}