{"id":87,"date":"2023-06-12T10:42:41","date_gmt":"2023-06-12T08:42:41","guid":{"rendered":"https:\/\/hoyre.no\/vinje\/?page_id=87"},"modified":"2025-02-04T15:26:54","modified_gmt":"2025-02-04T14:26:54","slug":"liv-bente-tvenge","status":"publish","type":"page","link":"https:\/\/hoyre.no\/vinje\/liv-bente-tvenge\/","title":{"rendered":"Liv Bente Tvenge"},"content":{"rendered":"\n<div class=\"wp-block-hoyre-hero with-image-gradient text-color-light  has-media alignfull has-background\"><div class=\"hoyre-hero has-image\"><h1 class=\"title\">Liv Bente Tvenge<\/h1><p class=\"preamble\"><strong>Gruppeleder<\/strong> <strong>og kommunestyrerepresentant<\/strong><\/p>\t\t\t<div class=\"post-meta wp-block teft-byline-wrapper\">\n\t\t\t\t<div class=\"top\">\n\t\t\t\t\t<div class=\"signature\">\n\t\t\t\t\t\t<div class=\"teft-byline\">\n\t\t\t\t\t\t\t\t\t\t\t\t\t\t<div>\n\t\t\t\t\t\t\t\t<h3>H\u00f8yres redaksjon<\/h3>\t\t\t\t\t\t\t\t\n\t\t\t\t\t\t\t\t\t\t\t\t\t\t\t\t\t<span class=\"date\">Sist oppdatert: 4. februar 2025<\/span>\n\t\t\t\t\t\t\t\t\t\t\t\t\t\t\t\t\t\t\t\t\t\t\t\t\t<span class=\"reading-time\" itemprop=\"timeRequired\" content=\"PT3M\"><em>Ca. 3 minutter lesetid<\/em><\/span>\n\t\t\t\t\t\t\t\t\t\t\t\t\t\t\t<\/div>\n\t\t\t\t\t\t<\/div>\n\t\t\t\t\t<\/div>\n\t\t\t\t\t\t<div class=\"sharing\">\n\t\t<a class=\"share-button share-link copy-link\" data-copy=\"https:\/\/hoyre.no\/vinje\/liv-bente-tvenge\/\" target=\"_blank\"><span class=\"screen-reader-text\">Del link<\/span><\/a>\n\t\t<a class=\"share-button share-twitter\" href=\"http:\/\/twitter.com\/share?text=Liv Bente Tvenge&#038;url=https:\/\/hoyre.no\/vinje\/liv-bente-tvenge\/&#038;hashtags=Hoyre\" target=\"_blank\"><span class=\"screen-reader-text\">Del p\u00e5 twitter<\/span><\/a>\n\t\t<a class=\"share-button share-facebook\" href=\"https:\/\/www.facebook.com\/sharer\/sharer.php?u=https:\/\/hoyre.no\/vinje\/liv-bente-tvenge\/\" target=\"_blank\"><span class=\"screen-reader-text\">Del p\u00e5 facebook<\/span><\/a>\n\t<\/div>\n\t\t\t\t\t<\/div>\n\t\t\t<\/div>\n\n\t\t\t<figure class=\"hoyre-image-wrapper\"><div class=\"hoyre-image\"><img loading=\"lazy\" decoding=\"async\" width=\"1875\" height=\"2500\" src=\"https:\/\/hoyre.no\/content\/uploads\/sites\/352\/2023\/06\/Profilbilde-2-scaled.jpg\" class=\"attachment-scaled size-scaled\" alt=\"\" style=\"object-position: 50% 50%\" srcset=\"https:\/\/hoyre.no\/content\/uploads\/sites\/352\/2023\/06\/Profilbilde-2-scaled.jpg 1875w, https:\/\/hoyre.no\/content\/uploads\/sites\/352\/2023\/06\/Profilbilde-2-225x300.jpg 225w, https:\/\/hoyre.no\/content\/uploads\/sites\/352\/2023\/06\/Profilbilde-2-768x1024.jpg 768w, https:\/\/hoyre.no\/content\/uploads\/sites\/352\/2023\/06\/Profilbilde-2-1152x1536.jpg 1152w, https:\/\/hoyre.no\/content\/uploads\/sites\/352\/2023\/06\/Profilbilde-2-1536x2048.jpg 1536w\" sizes=\"auto, (max-width: 1875px) 100vw, 1875px\" \/><\/div><\/figure><\/div><\/div>\n\n\n\n\n<div class=\"wp-block-hoyre-banner undefined has-icon-title icon-heart is-style-dark\"><div class=\"banner-inner\"><div class=\"banner-content\"><div class=\"entry-content\">\n<h2 class=\"wp-block-heading has-text-align-center\">Bli bedre kjent med<br>Liv Bente!<\/h2>\n\n\n\n<p class=\"has-text-align-left\">Bosted:&nbsp;Rauland, Vinje<\/p>\n\n\n\n<p class=\"has-text-align-left\"><strong>Jobb:&nbsp;<\/strong>Driver Neset Gard, som er et Telemarkstun med 15 bygninger fra 1600- og 1700 tallet. Tar imot gjester og turister, arrangerer eventer og konserter, restaurerer og vedlikeholder. Har et hytteprosjekt g\u00e5ende \u2013 \u00abTotaktunet\u00bb \u2013 og driver med utleie. F\u00f8rer regnskap for flere firmaer p\u00e5 fritiden og er styreleder for 3 selskaper p\u00e5 Kajalund i Oslo, som er et boligsameie for voksne (50+). Varamedlem i styret i Fjellv\u00e5ken.<\/p>\n\n\n\n<p class=\"has-text-align-left\"><strong>Bakgrunn:&nbsp;<\/strong>Studert fransk mellomfag og er bedrifts\u00f8konom fra BI. Jobbet innen reiseliv, som reiseleder p\u00e5 Hurtigruten og som flyvertinne i Lufthansa.  Innen n\u00e6ringsliv (Coca-Cola) og ledet en interi\u00f8rkjede (KA International) i 10 \u00e5r, men viktigst av alt \u2013 Livets skole!<\/p>\n\n\n\n<p class=\"has-text-align-left\"><strong>Politisk erfaring:&nbsp;<\/strong>Engasjert borger<\/p>\n\n\n\n<p class=\"has-text-align-left\"><strong>Hvorfor er H\u00f8yre rett parti for deg?<\/strong>&nbsp;Jeg deler verdisynet til H\u00f8yre. Jeg er opptatt av enkeltmenneskets verdighet og frihet, og \u00f8nsker \u00e5 arbeide for et samfunn hvor menneskene opplever at de er deltakere og deres mening har en verdi. I H\u00f8yre ligger det ogs\u00e5 en grunnleggende respekt for tradisjon og historie samtidig som man alltid etterstreber \u00e5 l\u00f8se oppgavene bedre. Dette er verdier jeg identifiserer meg med og som jeg daglig jobber med.<\/p>\n\n\n\n<p class=\"has-text-align-left\"><strong>Hva er din hjertesak lokalt?<\/strong>&nbsp;Reiseliv og kultur og FRAMSNAKKING! Vi skal heie p\u00e5 og lytte til n\u00e6ringslivsledere og gr\u00fcndere. Vi skal involvere borgerne i saker som betyr noe for dem. Vi m\u00e5 legge til rette for et blomstrende kulturliv. Politikerne har ikke alle l\u00f8sninger \u2013 vi m\u00e5 lytte til fastboende, hyttefolk og turister, og sammen skape et attraktivt milj\u00f8 i Vinje!<\/p>\n\n\n\n<p class=\"has-text-align-left\"><strong>Hva er din hjertesak nasjonalt?&nbsp;<\/strong>Helse, omsorg og skole \u2013 vi m\u00e5 fokusere p\u00e5 hvor friske vi er og bygge videre p\u00e5 det. Se p\u00e5 hvor flink hver elev er og bygge videre p\u00e5 det, og jobbe for en strukturert skole med disiplin som faktisk forbereder elevene til \u00e5 bli borgere i morgendagens samfunn.&nbsp;<\/p>\n\n\n\n<p class=\"has-text-align-left\"><strong>Det er l\u00f8rdag, klokka n\u00e6rmer seg 19.00. Hva spiser du helst til middag?&nbsp;<\/strong>Statsbudeias gravaure med sennepsaus, selvfisket Totak-aure med agurksalat, og til dessert selvplukkede multer!<\/p>\n\n\n\n<p class=\"has-text-align-left\"><strong>Konsert eller idrettsarrangement?<\/strong>&nbsp;Konsert<\/p>\n\n\n\n<p class=\"has-text-align-left\"><strong>Hvis du skulle valgt en, hva er din favorittartist?&nbsp;<\/strong>Vanskelig \u00e5 velge en siden det er dette jeg driver med! Det st\u00e5r mellom Knut Buen, Sondre Bratland, Tuva eller Jon Solberg fra Ni Liv!<\/p>\n\n\n\n<p class=\"has-text-align-left\"><strong>Interesser<\/strong>: G\u00e5 i fjellet om sommeren, langrenn og slalom om vinteren.<\/p>\n\n\n\n<p class=\"has-text-align-left\"><strong>Hobby<\/strong>: H\u00e5ndarbeid &#8211; skinnfell, strikking og brodering<\/p>\n\n\n\n<p class=\"has-text-align-left\"><strong>Funfact?<\/strong>&nbsp;Er egentlig pensjonist, men jobber mer enn noen gang!<\/p>\n\n\n\n<p class=\"has-text-align-left\"><strong>Hva er din favorittplass i kommunen og utenfor kommunen?&nbsp;<\/strong><\/p>\n\n\n\n<p class=\"has-text-align-left\">Tehytta p\u00e5 Neset i Vinje.<\/p>\n\n\n\n<p class=\"has-text-align-left\">Svalbard eller V\u00e6r\u00f8y i Lofoten utenfor Vinje.<\/p>\n\n\n\n<div class=\"wp-block-buttons is-layout-flex wp-block-buttons-is-layout-flex\"><\/div>\n<\/div><\/div><\/div><\/div>\n\n","protected":false},"excerpt":{"rendered":"","protected":false},"author":29643,"featured_media":0,"parent":0,"menu_order":0,"comment_status":"closed","ping_status":"closed","template":"","meta":{"teft_cards_image_url":"","teft_cards_custom_pretitle":"","teft_cards_image_id":0,"teft_cards_image_focal_point_x":0,"teft_cards_image_focal_point_y":0,"teft_cards_title":"","teft_cards_excerpt":"","teft_show_chapters":false,"footnotes":""},"class_list":["post-87","page","type-page","status-publish","hentry"],"yoast_head":"<!-- This site is optimized with the Yoast SEO plugin v26.6 - https:\/\/yoast.com\/wordpress\/plugins\/seo\/ -->\n<title>Liv Bente Tvenge - Vinje H\u00f8gre<\/title>\n<meta name=\"robots\" content=\"index, follow, max-snippet:-1, max-image-preview:large, max-video-preview:-1\" \/>\n<link rel=\"canonical\" href=\"https:\/\/hoyre.no\/vinje\/liv-bente-tvenge\/\" \/>\n<meta property=\"og:locale\" content=\"nn_NO\" \/>\n<meta property=\"og:type\" content=\"article\" \/>\n<meta property=\"og:title\" content=\"Liv Bente Tvenge - Vinje H\u00f8gre\" \/>\n<meta property=\"og:url\" content=\"https:\/\/hoyre.no\/vinje\/liv-bente-tvenge\/\" \/>\n<meta property=\"og:site_name\" content=\"Vinje H\u00f8gre\" \/>\n<meta property=\"article:modified_time\" content=\"2025-02-04T14:26:54+00:00\" \/>\n<meta property=\"og:image\" content=\"https:\/\/hoyre.no\/content\/uploads\/sites\/352\/2022\/11\/Hoyres-logo.png\" \/>\n\t<meta property=\"og:image:width\" content=\"1000\" \/>\n\t<meta property=\"og:image:height\" content=\"1000\" \/>\n\t<meta property=\"og:image:type\" content=\"image\/png\" \/>\n<meta name=\"twitter:card\" content=\"summary_large_image\" \/>\n<meta name=\"twitter:label1\" content=\"Est. reading time\" \/>\n\t<meta name=\"twitter:data1\" content=\"3 minutt\" \/>\n<script type=\"application\/ld+json\" class=\"yoast-schema-graph\">{\"@context\":\"https:\/\/schema.org\",\"@graph\":[{\"@type\":\"WebPage\",\"@id\":\"https:\/\/hoyre.no\/vinje\/liv-bente-tvenge\/\",\"url\":\"https:\/\/hoyre.no\/vinje\/liv-bente-tvenge\/\",\"name\":\"Liv Bente Tvenge - Vinje H\u00f8gre\",\"isPartOf\":{\"@id\":\"https:\/\/hoyre.no\/vinje\/#website\"},\"datePublished\":\"2023-06-12T08:42:41+00:00\",\"dateModified\":\"2025-02-04T14:26:54+00:00\",\"breadcrumb\":{\"@id\":\"https:\/\/hoyre.no\/vinje\/liv-bente-tvenge\/#breadcrumb\"},\"inLanguage\":\"nn-NO\",\"potentialAction\":[{\"@type\":\"ReadAction\",\"target\":[\"https:\/\/hoyre.no\/vinje\/liv-bente-tvenge\/\"]}]},{\"@type\":\"BreadcrumbList\",\"@id\":\"https:\/\/hoyre.no\/vinje\/liv-bente-tvenge\/#breadcrumb\",\"itemListElement\":[{\"@type\":\"ListItem\",\"position\":1,\"name\":\"Til hoyre.no\",\"item\":\"https:\/\/hoyre.no\"},{\"@type\":\"ListItem\",\"position\":2,\"name\":\"Hjem\",\"item\":\"https:\/\/hoyre.no\/vinje\/\"},{\"@type\":\"ListItem\",\"position\":3,\"name\":\"Liv Bente Tvenge\"}]},{\"@type\":\"WebSite\",\"@id\":\"https:\/\/hoyre.no\/vinje\/#website\",\"url\":\"https:\/\/hoyre.no\/vinje\/\",\"name\":\"Vinje H\u00f8gre\",\"description\":\"Bare enda et H\u00f8yres nettsteder-nettsted\",\"inLanguage\":\"nn-NO\"}]}<\/script>\n<!-- \/ Yoast SEO plugin. -->","yoast_head_json":{"title":"Liv Bente Tvenge - Vinje H\u00f8gre","robots":{"index":"index","follow":"follow","max-snippet":"max-snippet:-1","max-image-preview":"max-image-preview:large","max-video-preview":"max-video-preview:-1"},"canonical":"https:\/\/hoyre.no\/vinje\/liv-bente-tvenge\/","og_locale":"nn_NO","og_type":"article","og_title":"Liv Bente Tvenge - Vinje H\u00f8gre","og_url":"https:\/\/hoyre.no\/vinje\/liv-bente-tvenge\/","og_site_name":"Vinje H\u00f8gre","article_modified_time":"2025-02-04T14:26:54+00:00","og_image":[{"width":1000,"height":1000,"url":"https:\/\/hoyre.no\/content\/uploads\/sites\/352\/2022\/11\/Hoyres-logo.png","type":"image\/png"}],"twitter_card":"summary_large_image","twitter_misc":{"Est. reading time":"3 minutt"},"schema":{"@context":"https:\/\/schema.org","@graph":[{"@type":"WebPage","@id":"https:\/\/hoyre.no\/vinje\/liv-bente-tvenge\/","url":"https:\/\/hoyre.no\/vinje\/liv-bente-tvenge\/","name":"Liv Bente Tvenge - Vinje H\u00f8gre","isPartOf":{"@id":"https:\/\/hoyre.no\/vinje\/#website"},"datePublished":"2023-06-12T08:42:41+00:00","dateModified":"2025-02-04T14:26:54+00:00","breadcrumb":{"@id":"https:\/\/hoyre.no\/vinje\/liv-bente-tvenge\/#breadcrumb"},"inLanguage":"nn-NO","potentialAction":[{"@type":"ReadAction","target":["https:\/\/hoyre.no\/vinje\/liv-bente-tvenge\/"]}]},{"@type":"BreadcrumbList","@id":"https:\/\/hoyre.no\/vinje\/liv-bente-tvenge\/#breadcrumb","itemListElement":[{"@type":"ListItem","position":1,"name":"Til hoyre.no","item":"https:\/\/hoyre.no"},{"@type":"ListItem","position":2,"name":"Hjem","item":"https:\/\/hoyre.no\/vinje\/"},{"@type":"ListItem","position":3,"name":"Liv Bente Tvenge"}]},{"@type":"WebSite","@id":"https:\/\/hoyre.no\/vinje\/#website","url":"https:\/\/hoyre.no\/vinje\/","name":"Vinje H\u00f8gre","description":"Bare enda et H\u00f8yres nettsteder-nettsted","inLanguage":"nn-NO"}]}},"distributor_meta":false,"distributor_terms":false,"distributor_media":false,"distributor_original_site_name":"Vinje H\u00f8gre","distributor_original_site_url":"https:\/\/hoyre.no\/vinje","push-errors":false,"_links":{"self":[{"href":"https:\/\/hoyre.no\/vinje\/wp-json\/wp\/v2\/pages\/87","targetHints":{"allow":["GET"]}}],"collection":[{"href":"https:\/\/hoyre.no\/vinje\/wp-json\/wp\/v2\/pages"}],"about":[{"href":"https:\/\/hoyre.no\/vinje\/wp-json\/wp\/v2\/types\/page"}],"author":[{"embeddable":true,"href":"https:\/\/hoyre.no\/vinje\/wp-json\/wp\/v2\/users\/29643"}],"replies":[{"embeddable":true,"href":"https:\/\/hoyre.no\/vinje\/wp-json\/wp\/v2\/comments?post=87"}],"version-history":[{"count":11,"href":"https:\/\/hoyre.no\/vinje\/wp-json\/wp\/v2\/pages\/87\/revisions"}],"predecessor-version":[{"id":150,"href":"https:\/\/hoyre.no\/vinje\/wp-json\/wp\/v2\/pages\/87\/revisions\/150"}],"wp:attachment":[{"href":"https:\/\/hoyre.no\/vinje\/wp-json\/wp\/v2\/media?parent=87"}],"curies":[{"name":"wp","href":"https:\/\/api.w.org\/{rel}","templated":true}]}}