{"id":150,"date":"2023-06-28T22:23:26","date_gmt":"2023-06-28T20:23:26","guid":{"rendered":"https:\/\/hoyre.no\/volda\/?page_id=150"},"modified":"2023-06-28T22:27:32","modified_gmt":"2023-06-28T20:27:32","slug":"liste-ti-gode-grunnar","status":"publish","type":"page","link":"https:\/\/hoyre.no\/volda\/liste-ti-gode-grunnar\/","title":{"rendered":"Liste ti gode grunnar"},"content":{"rendered":"\n<div class=\"wp-block-hoyre-hero with-image-gradient text-color-light  alignfull has-background\"><div class=\"hoyre-hero \"><h1 class=\"title\"><strong>Ti gode grunnar til \u00e5 stemme H\u00f8gre ved kommunevalet i Volda<\/strong><\/h1><p class=\"preamble\">Vi har samla programmet v\u00e5rt i ti gode grunnar til \u00e5 stemme p\u00e5 H\u00f8gre i Volda<\/p><\/div><\/div>\n\n\n\n\n<p><\/p>\n\n\n\n<ol class=\"wp-block-list\"><li>Barnehagar og skular til barnet og eleven sitt beste<\/li><li>Gode helsetenester og ei trygg eldreomsorg<\/li><li>F\u00f8rebygging, tidleg innsats og rask psykisk helsehjelp<\/li><li>Gode bu- og oppvekstmilj\u00f8<\/li><li>Eit rikhaldig kultur- og fritidstilbod til alle<\/li><\/ol>\n\n\n\n<ol class=\"wp-block-list\" start=\"6\"><li>Eit parti som bind sentrum og bygdene saman<\/li><li>Ei aktiv kommune som spelar p\u00e5 lag med deg<\/li><li>Aktivt samarbeid med n\u00e6ringslivet og institusjonane v\u00e5re<\/li><li>Ei st\u00f8dig driven kommune med&nbsp; valfridom<\/li><li>Vi arbeider for at du skal behalde meir av eiga inntekt og eigne verdiar<\/li><\/ol>\n\n","protected":false},"excerpt":{"rendered":"","protected":false},"author":41878,"featured_media":0,"parent":0,"menu_order":0,"comment_status":"closed","ping_status":"closed","template":"","meta":{"teft_cards_image_url":"","teft_cards_custom_pretitle":"","teft_cards_image_id":0,"teft_cards_image_focal_point_x":0,"teft_cards_image_focal_point_y":0,"teft_cards_title":"","teft_cards_excerpt":"","teft_show_chapters":false,"footnotes":""},"class_list":["post-150","page","type-page","status-publish","hentry"],"yoast_head":"<!-- This site is optimized with the Yoast SEO plugin v26.6 - https:\/\/yoast.com\/wordpress\/plugins\/seo\/ -->\n<title>Liste ti gode grunnar - Volda H\u00f8gre<\/title>\n<meta name=\"robots\" content=\"index, follow, max-snippet:-1, max-image-preview:large, max-video-preview:-1\" \/>\n<link rel=\"canonical\" href=\"https:\/\/hoyre.no\/volda\/liste-ti-gode-grunnar\/\" \/>\n<meta property=\"og:locale\" content=\"nn_NO\" \/>\n<meta property=\"og:type\" content=\"article\" \/>\n<meta property=\"og:title\" content=\"Liste ti gode grunnar - Volda H\u00f8gre\" \/>\n<meta property=\"og:url\" content=\"https:\/\/hoyre.no\/volda\/liste-ti-gode-grunnar\/\" \/>\n<meta property=\"og:site_name\" content=\"Volda H\u00f8gre\" \/>\n<meta property=\"article:modified_time\" content=\"2023-06-28T20:27:32+00:00\" \/>\n<meta property=\"og:image\" content=\"https:\/\/hoyre.no\/content\/uploads\/sites\/89\/2022\/11\/Hoyres-logo.png\" \/>\n\t<meta property=\"og:image:width\" content=\"1000\" \/>\n\t<meta property=\"og:image:height\" content=\"1000\" \/>\n\t<meta property=\"og:image:type\" content=\"image\/png\" \/>\n<meta name=\"twitter:card\" content=\"summary_large_image\" \/>\n<meta name=\"twitter:label1\" content=\"Est. reading time\" \/>\n\t<meta name=\"twitter:data1\" content=\"1 minutt\" \/>\n<script type=\"application\/ld+json\" class=\"yoast-schema-graph\">{\"@context\":\"https:\/\/schema.org\",\"@graph\":[{\"@type\":\"WebPage\",\"@id\":\"https:\/\/hoyre.no\/volda\/liste-ti-gode-grunnar\/\",\"url\":\"https:\/\/hoyre.no\/volda\/liste-ti-gode-grunnar\/\",\"name\":\"Liste ti gode grunnar - Volda H\u00f8gre\",\"isPartOf\":{\"@id\":\"https:\/\/hoyre.no\/volda\/#website\"},\"datePublished\":\"2023-06-28T20:23:26+00:00\",\"dateModified\":\"2023-06-28T20:27:32+00:00\",\"breadcrumb\":{\"@id\":\"https:\/\/hoyre.no\/volda\/liste-ti-gode-grunnar\/#breadcrumb\"},\"inLanguage\":\"nn-NO\",\"potentialAction\":[{\"@type\":\"ReadAction\",\"target\":[\"https:\/\/hoyre.no\/volda\/liste-ti-gode-grunnar\/\"]}]},{\"@type\":\"BreadcrumbList\",\"@id\":\"https:\/\/hoyre.no\/volda\/liste-ti-gode-grunnar\/#breadcrumb\",\"itemListElement\":[{\"@type\":\"ListItem\",\"position\":1,\"name\":\"Til hoyre.no\",\"item\":\"https:\/\/hoyre.no\"},{\"@type\":\"ListItem\",\"position\":2,\"name\":\"Hjem\",\"item\":\"https:\/\/hoyre.no\/volda\/\"},{\"@type\":\"ListItem\",\"position\":3,\"name\":\"Liste ti gode grunnar\"}]},{\"@type\":\"WebSite\",\"@id\":\"https:\/\/hoyre.no\/volda\/#website\",\"url\":\"https:\/\/hoyre.no\/volda\/\",\"name\":\"Volda H\u00f8gre\",\"description\":\"Bare enda et H\u00f8yres nettsteder-nettsted\",\"inLanguage\":\"nn-NO\"}]}<\/script>\n<!-- \/ Yoast SEO plugin. -->","yoast_head_json":{"title":"Liste ti gode grunnar - Volda H\u00f8gre","robots":{"index":"index","follow":"follow","max-snippet":"max-snippet:-1","max-image-preview":"max-image-preview:large","max-video-preview":"max-video-preview:-1"},"canonical":"https:\/\/hoyre.no\/volda\/liste-ti-gode-grunnar\/","og_locale":"nn_NO","og_type":"article","og_title":"Liste ti gode grunnar - Volda H\u00f8gre","og_url":"https:\/\/hoyre.no\/volda\/liste-ti-gode-grunnar\/","og_site_name":"Volda H\u00f8gre","article_modified_time":"2023-06-28T20:27:32+00:00","og_image":[{"width":1000,"height":1000,"url":"https:\/\/hoyre.no\/content\/uploads\/sites\/89\/2022\/11\/Hoyres-logo.png","type":"image\/png"}],"twitter_card":"summary_large_image","twitter_misc":{"Est. reading time":"1 minutt"},"schema":{"@context":"https:\/\/schema.org","@graph":[{"@type":"WebPage","@id":"https:\/\/hoyre.no\/volda\/liste-ti-gode-grunnar\/","url":"https:\/\/hoyre.no\/volda\/liste-ti-gode-grunnar\/","name":"Liste ti gode grunnar - Volda H\u00f8gre","isPartOf":{"@id":"https:\/\/hoyre.no\/volda\/#website"},"datePublished":"2023-06-28T20:23:26+00:00","dateModified":"2023-06-28T20:27:32+00:00","breadcrumb":{"@id":"https:\/\/hoyre.no\/volda\/liste-ti-gode-grunnar\/#breadcrumb"},"inLanguage":"nn-NO","potentialAction":[{"@type":"ReadAction","target":["https:\/\/hoyre.no\/volda\/liste-ti-gode-grunnar\/"]}]},{"@type":"BreadcrumbList","@id":"https:\/\/hoyre.no\/volda\/liste-ti-gode-grunnar\/#breadcrumb","itemListElement":[{"@type":"ListItem","position":1,"name":"Til hoyre.no","item":"https:\/\/hoyre.no"},{"@type":"ListItem","position":2,"name":"Hjem","item":"https:\/\/hoyre.no\/volda\/"},{"@type":"ListItem","position":3,"name":"Liste ti gode grunnar"}]},{"@type":"WebSite","@id":"https:\/\/hoyre.no\/volda\/#website","url":"https:\/\/hoyre.no\/volda\/","name":"Volda H\u00f8gre","description":"Bare enda et H\u00f8yres nettsteder-nettsted","inLanguage":"nn-NO"}]}},"distributor_meta":false,"distributor_terms":false,"distributor_media":false,"distributor_original_site_name":"Volda H\u00f8gre","distributor_original_site_url":"https:\/\/hoyre.no\/volda","push-errors":false,"_links":{"self":[{"href":"https:\/\/hoyre.no\/volda\/wp-json\/wp\/v2\/pages\/150","targetHints":{"allow":["GET"]}}],"collection":[{"href":"https:\/\/hoyre.no\/volda\/wp-json\/wp\/v2\/pages"}],"about":[{"href":"https:\/\/hoyre.no\/volda\/wp-json\/wp\/v2\/types\/page"}],"author":[{"embeddable":true,"href":"https:\/\/hoyre.no\/volda\/wp-json\/wp\/v2\/users\/41878"}],"replies":[{"embeddable":true,"href":"https:\/\/hoyre.no\/volda\/wp-json\/wp\/v2\/comments?post=150"}],"version-history":[{"count":3,"href":"https:\/\/hoyre.no\/volda\/wp-json\/wp\/v2\/pages\/150\/revisions"}],"predecessor-version":[{"id":174,"href":"https:\/\/hoyre.no\/volda\/wp-json\/wp\/v2\/pages\/150\/revisions\/174"}],"wp:attachment":[{"href":"https:\/\/hoyre.no\/volda\/wp-json\/wp\/v2\/media?parent=150"}],"curies":[{"name":"wp","href":"https:\/\/api.w.org\/{rel}","templated":true}]}}