{"id":153,"date":"2023-06-28T22:10:13","date_gmt":"2023-06-28T20:10:13","guid":{"rendered":"https:\/\/hoyre.no\/volda\/?page_id=153"},"modified":"2023-07-03T19:00:02","modified_gmt":"2023-07-03T17:00:02","slug":"barnehagar-og-skular","status":"publish","type":"page","link":"https:\/\/hoyre.no\/volda\/barnehagar-og-skular\/","title":{"rendered":"Barnehagar og skular"},"content":{"rendered":"\n<div class=\"wp-block-hoyre-hero with-image-gradient text-color-light  has-media alignfull has-background\"><div class=\"hoyre-hero has-image\"><h1 class=\"title\"><strong>Barnehagar og skular &#8211; til barnet og eleven sitt beste<\/strong><\/h1><p class=\"preamble\">Alle born og elevar skal ha f\u00e5tt moglegheita til si beste utvikling gjennom barnehage og grunnskule i Volda kommune. Alle elevar skal kunne lese, skrive og rekne p\u00e5 sitt beste n\u00e5r dei g\u00e5r ut av skulen.<\/p>\t\t\t<div class=\"post-meta wp-block teft-byline-wrapper\">\n\t\t\t\t<div class=\"top\">\n\t\t\t\t\t<div class=\"signature\">\n\t\t\t\t\t\t<div class=\"teft-byline\">\n\t\t\t\t\t\t\t\t\t\t\t\t\t\t<div>\n\t\t\t\t\t\t\t\t<h3>H\u00f8yres redaksjon<\/h3>\t\t\t\t\t\t\t\t\n\t\t\t\t\t\t\t\t\t\t\t\t\t\t\t\t\t<span class=\"date\">Sist oppdatert: 3. juli 2023<\/span>\n\t\t\t\t\t\t\t\t\t\t\t\t\t\t\t\t\t\t\t\t\t\t\t\t\t<span class=\"reading-time\" itemprop=\"timeRequired\" content=\"PT2M\"><em>Ca. 2 minutter lesetid<\/em><\/span>\n\t\t\t\t\t\t\t\t\t\t\t\t\t\t\t<\/div>\n\t\t\t\t\t\t<\/div>\n\t\t\t\t\t<\/div>\n\t\t\t\t\t\t<div class=\"sharing\">\n\t\t<a class=\"share-button share-link copy-link\" data-copy=\"https:\/\/hoyre.no\/volda\/barnehagar-og-skular\/\" target=\"_blank\"><span class=\"screen-reader-text\">Del link<\/span><\/a>\n\t\t<a class=\"share-button share-twitter\" href=\"http:\/\/twitter.com\/share?text=Barnehagar og skular&#038;url=https:\/\/hoyre.no\/volda\/barnehagar-og-skular\/&#038;hashtags=Hoyre\" target=\"_blank\"><span class=\"screen-reader-text\">Del p\u00e5 twitter<\/span><\/a>\n\t\t<a class=\"share-button share-facebook\" href=\"https:\/\/www.facebook.com\/sharer\/sharer.php?u=https:\/\/hoyre.no\/volda\/barnehagar-og-skular\/\" target=\"_blank\"><span class=\"screen-reader-text\">Del p\u00e5 facebook<\/span><\/a>\n\t<\/div>\n\t\t\t\t\t<\/div>\n\t\t\t<\/div>\n\n\t\t\t<figure class=\"hoyre-image-wrapper\"><div class=\"hoyre-image\"><img loading=\"lazy\" decoding=\"async\" width=\"2500\" height=\"1875\" src=\"https:\/\/hoyre.no\/content\/uploads\/sites\/89\/2023\/07\/IMG_7917-scaled.jpg\" class=\"attachment-scaled size-scaled\" alt=\"\" style=\"object-position: 50% 50%\" srcset=\"https:\/\/hoyre.no\/content\/uploads\/sites\/89\/2023\/07\/IMG_7917-scaled.jpg 2500w, https:\/\/hoyre.no\/content\/uploads\/sites\/89\/2023\/07\/IMG_7917-300x225.jpg 300w, https:\/\/hoyre.no\/content\/uploads\/sites\/89\/2023\/07\/IMG_7917-1024x768.jpg 1024w, https:\/\/hoyre.no\/content\/uploads\/sites\/89\/2023\/07\/IMG_7917-768x576.jpg 768w, https:\/\/hoyre.no\/content\/uploads\/sites\/89\/2023\/07\/IMG_7917-1536x1152.jpg 1536w, https:\/\/hoyre.no\/content\/uploads\/sites\/89\/2023\/07\/IMG_7917-2048x1536.jpg 2048w\" sizes=\"auto, (max-width: 2500px) 100vw, 2500px\" \/><\/div><\/figure><\/div><\/div>\n\n\n\n\n<figure class=\"wp-block-table alignwide is-style-regular\"><table><tbody><tr><td><strong>V\u00e5r plattform<\/strong><\/td><td><strong>Volda H\u00f8gre<\/strong><\/td><\/tr><tr><td><br>Born og elevar som treng hjelp m\u00e5 fangast opp tidleg. Det vil gi mindre fr\u00e5fall og mindre utanforskap.\u00a0<br><br>Volda H\u00f8gre vil at alle skal kunne fullf\u00f8re vidareg\u00e5ande oppl\u00e6ring. M\u00e5let er at innan 2030 skal minst 9 av 10 elevar fullf\u00f8re videreg\u00e5ande oppl\u00e6ring. Grunnlaget vert lagt i grunnskulen.<br><br>For \u00e5 n\u00e5 ambisjonane, m\u00e5 vi lytte til og satse p\u00e5 pedagogane. L\u00e6raren er den viktigaste enkeltfaktoren for elevar si l\u00e6ring. Dei m\u00e5 f\u00e5 tid til \u00e5 sj\u00e5 kvar enkelt elev slik at dei kan gi tilpassa undervisning. Endringar i skulen m\u00e5 skje i n\u00e6rt samarbeid med leiarane og pedagogane.<br><br>Kommunen sin <strong>Oppvekstplan sektor Oppvekst 2022-2027<\/strong> ligg mellom anna til grunn for omr\u00e5det.<\/td><td>Volda H\u00f8gre vil prioritere \u00e5 ha overordna og dynamiske planar p\u00e5 omr\u00e5det som vi faktisk arbeider etter.\u00a0<br><br>Det er ei m\u00e5lsetting \u00e5 oppretthalde barnehage- og skuletilboda s\u00e5 n\u00e6r heimen som mogleg, s\u00e6rleg for dei yngste.<br><br>I dei tilfella der endring eller nedlegging av barnehage- eller skuletilbod m\u00e5 vurderast, skal borna og elevane sitt beste og kvaliteten i tilbodet vektleggast sterkare enn kommunen sin \u00f8konomi.<br><br>Volda H\u00f8gre legg til grunn nasjonale normer for bemanning i barnehage og skule.<br><br>Vi er positive til dei eksisterande privateigde akt\u00f8rane vi har innan barnehage og skule i kommunen.<br><\/td><\/tr><\/tbody><\/table><\/figure>\n\n","protected":false},"excerpt":{"rendered":"","protected":false},"author":41878,"featured_media":0,"parent":0,"menu_order":0,"comment_status":"closed","ping_status":"closed","template":"","meta":{"teft_cards_image_url":"","teft_cards_custom_pretitle":"","teft_cards_image_id":0,"teft_cards_image_focal_point_x":0,"teft_cards_image_focal_point_y":0,"teft_cards_title":"","teft_cards_excerpt":"","teft_show_chapters":false,"footnotes":""},"class_list":["post-153","page","type-page","status-publish","hentry"],"yoast_head":"<!-- This site is optimized with the Yoast SEO plugin v26.6 - https:\/\/yoast.com\/wordpress\/plugins\/seo\/ -->\n<title>Barnehagar og skular - Volda H\u00f8gre<\/title>\n<meta name=\"robots\" content=\"index, follow, max-snippet:-1, max-image-preview:large, max-video-preview:-1\" \/>\n<link rel=\"canonical\" href=\"https:\/\/hoyre.no\/volda\/barnehagar-og-skular\/\" \/>\n<meta property=\"og:locale\" content=\"nn_NO\" \/>\n<meta property=\"og:type\" content=\"article\" \/>\n<meta property=\"og:title\" content=\"Barnehagar og skular - Volda H\u00f8gre\" \/>\n<meta property=\"og:url\" content=\"https:\/\/hoyre.no\/volda\/barnehagar-og-skular\/\" \/>\n<meta property=\"og:site_name\" content=\"Volda H\u00f8gre\" \/>\n<meta property=\"article:modified_time\" content=\"2023-07-03T17:00:02+00:00\" \/>\n<meta property=\"og:image\" content=\"https:\/\/hoyre.no\/content\/uploads\/sites\/89\/2022\/11\/Hoyres-logo.png\" \/>\n\t<meta property=\"og:image:width\" content=\"1000\" \/>\n\t<meta property=\"og:image:height\" content=\"1000\" \/>\n\t<meta property=\"og:image:type\" content=\"image\/png\" \/>\n<meta name=\"twitter:card\" content=\"summary_large_image\" \/>\n<meta name=\"twitter:label1\" content=\"Est. reading time\" \/>\n\t<meta name=\"twitter:data1\" content=\"2 minutt\" \/>\n<script type=\"application\/ld+json\" class=\"yoast-schema-graph\">{\"@context\":\"https:\/\/schema.org\",\"@graph\":[{\"@type\":\"WebPage\",\"@id\":\"https:\/\/hoyre.no\/volda\/barnehagar-og-skular\/\",\"url\":\"https:\/\/hoyre.no\/volda\/barnehagar-og-skular\/\",\"name\":\"Barnehagar og skular - Volda H\u00f8gre\",\"isPartOf\":{\"@id\":\"https:\/\/hoyre.no\/volda\/#website\"},\"datePublished\":\"2023-06-28T20:10:13+00:00\",\"dateModified\":\"2023-07-03T17:00:02+00:00\",\"breadcrumb\":{\"@id\":\"https:\/\/hoyre.no\/volda\/barnehagar-og-skular\/#breadcrumb\"},\"inLanguage\":\"nn-NO\",\"potentialAction\":[{\"@type\":\"ReadAction\",\"target\":[\"https:\/\/hoyre.no\/volda\/barnehagar-og-skular\/\"]}]},{\"@type\":\"BreadcrumbList\",\"@id\":\"https:\/\/hoyre.no\/volda\/barnehagar-og-skular\/#breadcrumb\",\"itemListElement\":[{\"@type\":\"ListItem\",\"position\":1,\"name\":\"Til hoyre.no\",\"item\":\"https:\/\/hoyre.no\"},{\"@type\":\"ListItem\",\"position\":2,\"name\":\"Hjem\",\"item\":\"https:\/\/hoyre.no\/volda\/\"},{\"@type\":\"ListItem\",\"position\":3,\"name\":\"Barnehagar og skular\"}]},{\"@type\":\"WebSite\",\"@id\":\"https:\/\/hoyre.no\/volda\/#website\",\"url\":\"https:\/\/hoyre.no\/volda\/\",\"name\":\"Volda H\u00f8gre\",\"description\":\"Bare enda et H\u00f8yres nettsteder-nettsted\",\"inLanguage\":\"nn-NO\"}]}<\/script>\n<!-- \/ Yoast SEO plugin. -->","yoast_head_json":{"title":"Barnehagar og skular - Volda H\u00f8gre","robots":{"index":"index","follow":"follow","max-snippet":"max-snippet:-1","max-image-preview":"max-image-preview:large","max-video-preview":"max-video-preview:-1"},"canonical":"https:\/\/hoyre.no\/volda\/barnehagar-og-skular\/","og_locale":"nn_NO","og_type":"article","og_title":"Barnehagar og skular - Volda H\u00f8gre","og_url":"https:\/\/hoyre.no\/volda\/barnehagar-og-skular\/","og_site_name":"Volda H\u00f8gre","article_modified_time":"2023-07-03T17:00:02+00:00","og_image":[{"width":1000,"height":1000,"url":"https:\/\/hoyre.no\/content\/uploads\/sites\/89\/2022\/11\/Hoyres-logo.png","type":"image\/png"}],"twitter_card":"summary_large_image","twitter_misc":{"Est. reading time":"2 minutt"},"schema":{"@context":"https:\/\/schema.org","@graph":[{"@type":"WebPage","@id":"https:\/\/hoyre.no\/volda\/barnehagar-og-skular\/","url":"https:\/\/hoyre.no\/volda\/barnehagar-og-skular\/","name":"Barnehagar og skular - Volda H\u00f8gre","isPartOf":{"@id":"https:\/\/hoyre.no\/volda\/#website"},"datePublished":"2023-06-28T20:10:13+00:00","dateModified":"2023-07-03T17:00:02+00:00","breadcrumb":{"@id":"https:\/\/hoyre.no\/volda\/barnehagar-og-skular\/#breadcrumb"},"inLanguage":"nn-NO","potentialAction":[{"@type":"ReadAction","target":["https:\/\/hoyre.no\/volda\/barnehagar-og-skular\/"]}]},{"@type":"BreadcrumbList","@id":"https:\/\/hoyre.no\/volda\/barnehagar-og-skular\/#breadcrumb","itemListElement":[{"@type":"ListItem","position":1,"name":"Til hoyre.no","item":"https:\/\/hoyre.no"},{"@type":"ListItem","position":2,"name":"Hjem","item":"https:\/\/hoyre.no\/volda\/"},{"@type":"ListItem","position":3,"name":"Barnehagar og skular"}]},{"@type":"WebSite","@id":"https:\/\/hoyre.no\/volda\/#website","url":"https:\/\/hoyre.no\/volda\/","name":"Volda H\u00f8gre","description":"Bare enda et H\u00f8yres nettsteder-nettsted","inLanguage":"nn-NO"}]}},"distributor_meta":false,"distributor_terms":false,"distributor_media":false,"distributor_original_site_name":"Volda H\u00f8gre","distributor_original_site_url":"https:\/\/hoyre.no\/volda","push-errors":false,"_links":{"self":[{"href":"https:\/\/hoyre.no\/volda\/wp-json\/wp\/v2\/pages\/153","targetHints":{"allow":["GET"]}}],"collection":[{"href":"https:\/\/hoyre.no\/volda\/wp-json\/wp\/v2\/pages"}],"about":[{"href":"https:\/\/hoyre.no\/volda\/wp-json\/wp\/v2\/types\/page"}],"author":[{"embeddable":true,"href":"https:\/\/hoyre.no\/volda\/wp-json\/wp\/v2\/users\/41878"}],"replies":[{"embeddable":true,"href":"https:\/\/hoyre.no\/volda\/wp-json\/wp\/v2\/comments?post=153"}],"version-history":[{"count":4,"href":"https:\/\/hoyre.no\/volda\/wp-json\/wp\/v2\/pages\/153\/revisions"}],"predecessor-version":[{"id":196,"href":"https:\/\/hoyre.no\/volda\/wp-json\/wp\/v2\/pages\/153\/revisions\/196"}],"wp:attachment":[{"href":"https:\/\/hoyre.no\/volda\/wp-json\/wp\/v2\/media?parent=153"}],"curies":[{"name":"wp","href":"https:\/\/api.w.org\/{rel}","templated":true}]}}