{"id":163,"date":"2023-06-28T22:17:07","date_gmt":"2023-06-28T20:17:07","guid":{"rendered":"https:\/\/hoyre.no\/volda\/?page_id=163"},"modified":"2023-07-03T19:02:39","modified_gmt":"2023-07-03T17:02:39","slug":"trygg-eldreomsorg","status":"publish","type":"page","link":"https:\/\/hoyre.no\/volda\/trygg-eldreomsorg\/","title":{"rendered":"Trygg eldreomsorg"},"content":{"rendered":"\n<div class=\"wp-block-hoyre-hero with-image-gradient text-color-light  has-media alignfull has-background\"><div class=\"hoyre-hero has-image\"><h1 class=\"title\"><strong>Gode helsetenester og ei trygg eldreomsorg<\/strong><\/h1><p class=\"preamble\">Eldre som mottek tenester skal oppleve tryggheit, trivsel og kvalitet i tenestene, uavhengig om det er heimebasert eller institusjonsbasert.<\/p>\t\t\t<div class=\"post-meta wp-block teft-byline-wrapper\">\n\t\t\t\t<div class=\"top\">\n\t\t\t\t\t<div class=\"signature\">\n\t\t\t\t\t\t<div class=\"teft-byline\">\n\t\t\t\t\t\t\t\t\t\t\t\t\t\t<div>\n\t\t\t\t\t\t\t\t<h3>H\u00f8yres redaksjon<\/h3>\t\t\t\t\t\t\t\t\n\t\t\t\t\t\t\t\t\t\t\t\t\t\t\t\t\t<span class=\"date\">Sist oppdatert: 3. juli 2023<\/span>\n\t\t\t\t\t\t\t\t\t\t\t\t\t\t\t\t\t\t\t\t\t\t\t\t\t<span class=\"reading-time\" itemprop=\"timeRequired\" content=\"PT2M\"><em>Ca. 2 minutter lesetid<\/em><\/span>\n\t\t\t\t\t\t\t\t\t\t\t\t\t\t\t<\/div>\n\t\t\t\t\t\t<\/div>\n\t\t\t\t\t<\/div>\n\t\t\t\t\t\t<div class=\"sharing\">\n\t\t<a class=\"share-button share-link copy-link\" data-copy=\"https:\/\/hoyre.no\/volda\/trygg-eldreomsorg\/\" target=\"_blank\"><span class=\"screen-reader-text\">Del link<\/span><\/a>\n\t\t<a class=\"share-button share-twitter\" href=\"http:\/\/twitter.com\/share?text=Trygg eldreomsorg&#038;url=https:\/\/hoyre.no\/volda\/trygg-eldreomsorg\/&#038;hashtags=Hoyre\" target=\"_blank\"><span class=\"screen-reader-text\">Del p\u00e5 twitter<\/span><\/a>\n\t\t<a class=\"share-button share-facebook\" href=\"https:\/\/www.facebook.com\/sharer\/sharer.php?u=https:\/\/hoyre.no\/volda\/trygg-eldreomsorg\/\" target=\"_blank\"><span class=\"screen-reader-text\">Del p\u00e5 facebook<\/span><\/a>\n\t<\/div>\n\t\t\t\t\t<\/div>\n\t\t\t<\/div>\n\n\t\t\t<figure class=\"hoyre-image-wrapper\"><div class=\"hoyre-image\"><img loading=\"lazy\" decoding=\"async\" width=\"2500\" height=\"1406\" src=\"https:\/\/hoyre.no\/content\/uploads\/sites\/89\/2023\/07\/20230607_185036-scaled.jpg\" class=\"attachment-scaled size-scaled\" alt=\"\" style=\"object-position: 50% 50%\" srcset=\"https:\/\/hoyre.no\/content\/uploads\/sites\/89\/2023\/07\/20230607_185036-scaled.jpg 2500w, https:\/\/hoyre.no\/content\/uploads\/sites\/89\/2023\/07\/20230607_185036-300x169.jpg 300w, https:\/\/hoyre.no\/content\/uploads\/sites\/89\/2023\/07\/20230607_185036-1024x576.jpg 1024w, https:\/\/hoyre.no\/content\/uploads\/sites\/89\/2023\/07\/20230607_185036-768x432.jpg 768w, https:\/\/hoyre.no\/content\/uploads\/sites\/89\/2023\/07\/20230607_185036-1536x864.jpg 1536w, https:\/\/hoyre.no\/content\/uploads\/sites\/89\/2023\/07\/20230607_185036-2048x1152.jpg 2048w\" sizes=\"auto, (max-width: 2500px) 100vw, 2500px\" \/><\/div><\/figure><\/div><\/div>\n\n\n\n\n<p><\/p>\n\n\n\n<figure class=\"wp-block-table alignwide\"><table><tbody><tr><td><strong>V\u00e5r plattform<\/strong><\/td><td><strong>Volda H\u00f8gre<\/strong><\/td><\/tr><tr><td><br>Institusjonane skal vere ein stad for \u00e5 leve eit godt liv med aktivitet og fellesskap, ikkje berre ein opphaldsstad for behandling og pleie.<br><br>Helse- og omsorgstenestene i kommunen har ansvar ogs\u00e5 for andre viktige grupper av pleie- og omsorgstrengande. Prinsippa om tryggheit, trivsel og kvalitet i tenestene, gjeld ogs\u00e5 for desse gruppene.<br><br>Volda H\u00f8gre er innforst\u00e5tt med at vi har ein aukande del av eldre i befolkninga. Vi m\u00e5 difor frigjere og sikre ressursar til \u00e5 kunne yte naudsynte tenester til fleire.<br><br>Fastlegeordninga har utfordringar som g\u00e5r langt utover Volda kommune. Volda H\u00f8gre vil ha aktivt samarbeid med alle politiske parti og administrasjonen for \u00e5 sikre at denne grunnsteinen i helsetenestene v\u00e5re fungerer.<br><br>For \u00e5 n\u00e5 ambisjonane, m\u00e5 vi lytte til, stole p\u00e5 og satse p\u00e5 leiarar og tilsette i tenestene. Endringar i tenestene m\u00e5 skje i n\u00e6rt samarbeid med dei som yter tenestene.<br>Volda kommune sin <strong>Strategiplan Leve heile livet 2022-2034<\/strong> og <strong>Kommunedelplan helse- og omsorg 2022-2034<\/strong> ligg til grunn for arbeidet.<\/td><td>Volda H\u00f8gre vil prioritere \u00e5 ha overordna og dynamiske planar p\u00e5 omr\u00e5det som vi faktisk arbeider etter.&nbsp;<br>&nbsp;<br>Vi vil vidaref\u00f8re og vidareutvikle opne brukar- og p\u00e5r\u00f8randekartleggingar som del av forbetringsprosessane.<br><br>Trygg eldreomsorg skal starte tidlig i folk sine liv, legge godt til rette for den enkelte, baserast p\u00e5 heimar s\u00e5 lenge som mulig og gi den enkelte valfridom der det er mulig.&nbsp;<br><br>Det er ei m\u00e5lsetting \u00e5 oppretthalde strukturen p\u00e5 institusjonsplassar og omsorgsbustadar i kommunen.&nbsp;<br><br>Volda H\u00f8gre meiner at kommunen skal legge til rette for fleire og rimelege bustader tilpassa eldre og andre med behov, gjerne i moderne former for bufellesskap.<br><br>Ved heimebasert omsorg m\u00e5 vi unng\u00e5 for hyppig skifte av personell. Kjende personar og kjende rutiner er med p\u00e5 \u00e5 skape tryggheit.<br><br>Legge til rett for aktivitets- og fritidstilbod for ulike interesser.&nbsp;<br>Volda H\u00f8gre vil st\u00f8tte og halde fram initiativa for faste stillingar, h\u00f8gare stillingsdelar og etterutdanning etter behov.<br><br>Det gode samarbeidet med sjukehuset m\u00e5 halde fram og stimulerast.<br><br>Volda H\u00f8gre st\u00f8ttar frivillige organisasjonar og andre private tilbod som kan gi st\u00f8rre moglegheiter og st\u00f8rre valfridom for den enkelte.<\/td><\/tr><\/tbody><\/table><\/figure>\n\n","protected":false},"excerpt":{"rendered":"","protected":false},"author":41878,"featured_media":0,"parent":0,"menu_order":0,"comment_status":"closed","ping_status":"closed","template":"","meta":{"teft_cards_image_url":"","teft_cards_custom_pretitle":"","teft_cards_image_id":0,"teft_cards_image_focal_point_x":0,"teft_cards_image_focal_point_y":0,"teft_cards_title":"","teft_cards_excerpt":"","teft_show_chapters":false,"footnotes":""},"class_list":["post-163","page","type-page","status-publish","hentry"],"yoast_head":"<!-- This site is optimized with the Yoast SEO plugin v26.6 - https:\/\/yoast.com\/wordpress\/plugins\/seo\/ -->\n<title>Trygg eldreomsorg - Volda H\u00f8gre<\/title>\n<meta name=\"robots\" content=\"index, follow, max-snippet:-1, max-image-preview:large, max-video-preview:-1\" \/>\n<link rel=\"canonical\" href=\"https:\/\/hoyre.no\/volda\/trygg-eldreomsorg\/\" \/>\n<meta property=\"og:locale\" content=\"nn_NO\" \/>\n<meta property=\"og:type\" content=\"article\" \/>\n<meta property=\"og:title\" content=\"Trygg eldreomsorg - Volda H\u00f8gre\" \/>\n<meta property=\"og:url\" content=\"https:\/\/hoyre.no\/volda\/trygg-eldreomsorg\/\" \/>\n<meta property=\"og:site_name\" content=\"Volda H\u00f8gre\" \/>\n<meta property=\"article:modified_time\" content=\"2023-07-03T17:02:39+00:00\" \/>\n<meta property=\"og:image\" content=\"https:\/\/hoyre.no\/content\/uploads\/sites\/89\/2022\/11\/Hoyres-logo.png\" \/>\n\t<meta property=\"og:image:width\" content=\"1000\" \/>\n\t<meta property=\"og:image:height\" content=\"1000\" \/>\n\t<meta property=\"og:image:type\" content=\"image\/png\" \/>\n<meta name=\"twitter:card\" content=\"summary_large_image\" \/>\n<meta name=\"twitter:label1\" content=\"Est. reading time\" \/>\n\t<meta name=\"twitter:data1\" content=\"3 minutt\" \/>\n<script type=\"application\/ld+json\" class=\"yoast-schema-graph\">{\"@context\":\"https:\/\/schema.org\",\"@graph\":[{\"@type\":\"WebPage\",\"@id\":\"https:\/\/hoyre.no\/volda\/trygg-eldreomsorg\/\",\"url\":\"https:\/\/hoyre.no\/volda\/trygg-eldreomsorg\/\",\"name\":\"Trygg eldreomsorg - Volda H\u00f8gre\",\"isPartOf\":{\"@id\":\"https:\/\/hoyre.no\/volda\/#website\"},\"datePublished\":\"2023-06-28T20:17:07+00:00\",\"dateModified\":\"2023-07-03T17:02:39+00:00\",\"breadcrumb\":{\"@id\":\"https:\/\/hoyre.no\/volda\/trygg-eldreomsorg\/#breadcrumb\"},\"inLanguage\":\"nn-NO\",\"potentialAction\":[{\"@type\":\"ReadAction\",\"target\":[\"https:\/\/hoyre.no\/volda\/trygg-eldreomsorg\/\"]}]},{\"@type\":\"BreadcrumbList\",\"@id\":\"https:\/\/hoyre.no\/volda\/trygg-eldreomsorg\/#breadcrumb\",\"itemListElement\":[{\"@type\":\"ListItem\",\"position\":1,\"name\":\"Til hoyre.no\",\"item\":\"https:\/\/hoyre.no\"},{\"@type\":\"ListItem\",\"position\":2,\"name\":\"Hjem\",\"item\":\"https:\/\/hoyre.no\/volda\/\"},{\"@type\":\"ListItem\",\"position\":3,\"name\":\"Trygg eldreomsorg\"}]},{\"@type\":\"WebSite\",\"@id\":\"https:\/\/hoyre.no\/volda\/#website\",\"url\":\"https:\/\/hoyre.no\/volda\/\",\"name\":\"Volda H\u00f8gre\",\"description\":\"Bare enda et H\u00f8yres nettsteder-nettsted\",\"inLanguage\":\"nn-NO\"}]}<\/script>\n<!-- \/ Yoast SEO plugin. -->","yoast_head_json":{"title":"Trygg eldreomsorg - Volda H\u00f8gre","robots":{"index":"index","follow":"follow","max-snippet":"max-snippet:-1","max-image-preview":"max-image-preview:large","max-video-preview":"max-video-preview:-1"},"canonical":"https:\/\/hoyre.no\/volda\/trygg-eldreomsorg\/","og_locale":"nn_NO","og_type":"article","og_title":"Trygg eldreomsorg - Volda H\u00f8gre","og_url":"https:\/\/hoyre.no\/volda\/trygg-eldreomsorg\/","og_site_name":"Volda H\u00f8gre","article_modified_time":"2023-07-03T17:02:39+00:00","og_image":[{"width":1000,"height":1000,"url":"https:\/\/hoyre.no\/content\/uploads\/sites\/89\/2022\/11\/Hoyres-logo.png","type":"image\/png"}],"twitter_card":"summary_large_image","twitter_misc":{"Est. reading time":"3 minutt"},"schema":{"@context":"https:\/\/schema.org","@graph":[{"@type":"WebPage","@id":"https:\/\/hoyre.no\/volda\/trygg-eldreomsorg\/","url":"https:\/\/hoyre.no\/volda\/trygg-eldreomsorg\/","name":"Trygg eldreomsorg - Volda H\u00f8gre","isPartOf":{"@id":"https:\/\/hoyre.no\/volda\/#website"},"datePublished":"2023-06-28T20:17:07+00:00","dateModified":"2023-07-03T17:02:39+00:00","breadcrumb":{"@id":"https:\/\/hoyre.no\/volda\/trygg-eldreomsorg\/#breadcrumb"},"inLanguage":"nn-NO","potentialAction":[{"@type":"ReadAction","target":["https:\/\/hoyre.no\/volda\/trygg-eldreomsorg\/"]}]},{"@type":"BreadcrumbList","@id":"https:\/\/hoyre.no\/volda\/trygg-eldreomsorg\/#breadcrumb","itemListElement":[{"@type":"ListItem","position":1,"name":"Til hoyre.no","item":"https:\/\/hoyre.no"},{"@type":"ListItem","position":2,"name":"Hjem","item":"https:\/\/hoyre.no\/volda\/"},{"@type":"ListItem","position":3,"name":"Trygg eldreomsorg"}]},{"@type":"WebSite","@id":"https:\/\/hoyre.no\/volda\/#website","url":"https:\/\/hoyre.no\/volda\/","name":"Volda H\u00f8gre","description":"Bare enda et H\u00f8yres nettsteder-nettsted","inLanguage":"nn-NO"}]}},"distributor_meta":false,"distributor_terms":false,"distributor_media":false,"distributor_original_site_name":"Volda H\u00f8gre","distributor_original_site_url":"https:\/\/hoyre.no\/volda","push-errors":false,"_links":{"self":[{"href":"https:\/\/hoyre.no\/volda\/wp-json\/wp\/v2\/pages\/163","targetHints":{"allow":["GET"]}}],"collection":[{"href":"https:\/\/hoyre.no\/volda\/wp-json\/wp\/v2\/pages"}],"about":[{"href":"https:\/\/hoyre.no\/volda\/wp-json\/wp\/v2\/types\/page"}],"author":[{"embeddable":true,"href":"https:\/\/hoyre.no\/volda\/wp-json\/wp\/v2\/users\/41878"}],"replies":[{"embeddable":true,"href":"https:\/\/hoyre.no\/volda\/wp-json\/wp\/v2\/comments?post=163"}],"version-history":[{"count":2,"href":"https:\/\/hoyre.no\/volda\/wp-json\/wp\/v2\/pages\/163\/revisions"}],"predecessor-version":[{"id":199,"href":"https:\/\/hoyre.no\/volda\/wp-json\/wp\/v2\/pages\/163\/revisions\/199"}],"wp:attachment":[{"href":"https:\/\/hoyre.no\/volda\/wp-json\/wp\/v2\/media?parent=163"}],"curies":[{"name":"wp","href":"https:\/\/api.w.org\/{rel}","templated":true}]}}