{"id":191,"date":"2023-07-03T18:57:17","date_gmt":"2023-07-03T16:57:17","guid":{"rendered":"https:\/\/hoyre.no\/volda\/?page_id=191"},"modified":"2023-07-03T18:57:26","modified_gmt":"2023-07-03T16:57:26","slug":"gode-bu-og-oppvekstmiljo","status":"publish","type":"page","link":"https:\/\/hoyre.no\/volda\/gode-bu-og-oppvekstmiljo\/","title":{"rendered":"Gode bu- og oppvekstmilj\u00f8"},"content":{"rendered":"\n<div class=\"wp-block-hoyre-hero with-image-gradient text-color-light  has-media alignfull has-background\"><div class=\"hoyre-hero has-image\"><h1 class=\"title\"><strong>Gode bu- og oppvekstmilj\u00f8<\/strong><\/h1><p class=\"preamble\">Alle innbyggarane i Volda kommune skal ha moglegheit til \u00e5 etablere seg i den delen av kommunen dei \u00f8nsker.<\/p>\t\t\t<div class=\"post-meta wp-block teft-byline-wrapper\">\n\t\t\t\t<div class=\"top\">\n\t\t\t\t\t<div class=\"signature\">\n\t\t\t\t\t\t<div class=\"teft-byline\">\n\t\t\t\t\t\t\t\t\t\t\t\t\t\t<div>\n\t\t\t\t\t\t\t\t<h3>H\u00f8yres redaksjon<\/h3>\t\t\t\t\t\t\t\t\n\t\t\t\t\t\t\t\t\t\t\t\t\t\t\t\t\t<span class=\"date\">Sist oppdatert: 3. juli 2023<\/span>\n\t\t\t\t\t\t\t\t\t\t\t\t\t\t\t\t\t\t\t\t\t\t\t\t\t<span class=\"reading-time\" itemprop=\"timeRequired\" content=\"PT2M\"><em>Ca. 2 minutter lesetid<\/em><\/span>\n\t\t\t\t\t\t\t\t\t\t\t\t\t\t\t<\/div>\n\t\t\t\t\t\t<\/div>\n\t\t\t\t\t<\/div>\n\t\t\t\t\t\t<div class=\"sharing\">\n\t\t<a class=\"share-button share-link copy-link\" data-copy=\"https:\/\/hoyre.no\/volda\/gode-bu-og-oppvekstmiljo\/\" target=\"_blank\"><span class=\"screen-reader-text\">Del link<\/span><\/a>\n\t\t<a class=\"share-button share-twitter\" href=\"http:\/\/twitter.com\/share?text=Gode bu- og oppvekstmilj\u00f8&#038;url=https:\/\/hoyre.no\/volda\/gode-bu-og-oppvekstmiljo\/&#038;hashtags=Hoyre\" target=\"_blank\"><span class=\"screen-reader-text\">Del p\u00e5 twitter<\/span><\/a>\n\t\t<a class=\"share-button share-facebook\" href=\"https:\/\/www.facebook.com\/sharer\/sharer.php?u=https:\/\/hoyre.no\/volda\/gode-bu-og-oppvekstmiljo\/\" target=\"_blank\"><span class=\"screen-reader-text\">Del p\u00e5 facebook<\/span><\/a>\n\t<\/div>\n\t\t\t\t\t<\/div>\n\t\t\t<\/div>\n\n\t\t\t<figure class=\"hoyre-image-wrapper\"><div class=\"hoyre-image\"><img loading=\"lazy\" decoding=\"async\" width=\"2500\" height=\"1875\" src=\"https:\/\/hoyre.no\/content\/uploads\/sites\/89\/2023\/07\/IMG_7911-scaled.jpg\" class=\"attachment-scaled size-scaled\" alt=\"\" style=\"object-position: 50% 50%\" srcset=\"https:\/\/hoyre.no\/content\/uploads\/sites\/89\/2023\/07\/IMG_7911-scaled.jpg 2500w, https:\/\/hoyre.no\/content\/uploads\/sites\/89\/2023\/07\/IMG_7911-300x225.jpg 300w, https:\/\/hoyre.no\/content\/uploads\/sites\/89\/2023\/07\/IMG_7911-1024x768.jpg 1024w, https:\/\/hoyre.no\/content\/uploads\/sites\/89\/2023\/07\/IMG_7911-768x576.jpg 768w, https:\/\/hoyre.no\/content\/uploads\/sites\/89\/2023\/07\/IMG_7911-1536x1152.jpg 1536w, https:\/\/hoyre.no\/content\/uploads\/sites\/89\/2023\/07\/IMG_7911-2048x1536.jpg 2048w\" sizes=\"auto, (max-width: 2500px) 100vw, 2500px\" \/><\/div><\/figure><\/div><\/div>\n\n\n\n\n<p><\/p>\n\n\n\n\n<figure class=\"wp-block-table alignwide\"><table><tbody><tr><td><strong>V\u00e5r plattform<\/strong><\/td><td><strong>Volda H\u00f8gre<\/strong><\/td><\/tr><tr><td>Innbyggarane i Volda kommune skal ha moglegheit over tid til \u00e5 eige sin eigen heim.<br><br>Det er ei m\u00e5lsetting for Volda H\u00f8gre \u00e5 gjere kvardagen enklare for den enkelte og for familier. Dette inkluderer ogs\u00e5 at tenestene ideelt sett skal vere tilgjengelege s\u00e5 n\u00e6r bumilj\u00f8a som r\u00e5d.\u00a0<br><br>Volda H\u00f8gre er positiv til alle former for tiltak i n\u00e6rmilj\u00f8a i b\u00e5de privat og offentleg regi som stimulerer til aktivitet, trivsel og folkehelse.\u00a0<br><br>N\u00e5r interessene st\u00e5r mot kvarandre, m\u00e5 viktige landbruksomr\u00e5de vernast mot bygging, og enkelte omr\u00e5de b\u00f8r vernast mot utbygging av milj\u00f8omsyn, s\u00e6rleg gjeld dette myromr\u00e5de og vassn\u00e6re omr\u00e5de.<br><br>Volda H\u00f8gre vil ha ein klimapolitikk som bidrar til \u00e5 kutte utslepp, men ikkje kutte i utviklinga, verken for innbyggarane, n\u00e6ringslivet eller kommunen sj\u00f8lv.\u00a0<br><br>H\u00f8gre vil gjere det lettare \u00e5 velge milj\u00f8vennlig, anten det er \u00e5 betre kollektivtilbodet der du bur eller gode energil\u00f8ysingar i heimen.<br><br>Store delar av planverket i kommunen, overordna og detaljert, gir sentrale premissar for \u00e5 f\u00e5 gode bu- og oppvekstmilj\u00f8.<br><\/td><td>Vi har alle eit ansvar for \u00e5 skape gode bu- og oppvekstmilj\u00f8.<br><br>M\u00e5lsettinga er at det skal vere tilgjengelege tomter i alle delar av kommunen.<br>\u00a0<br>I sentrumsomr\u00e5da skal det alltid vere tilgang p\u00e5 tomter.<br><br>Volda H\u00f8gre har ei positiv innstilling til spreidd busetting p\u00e5 bygdene.\u00a0<br><br>Volda H\u00f8gre vil stimulere frivillige lag, organisasjonar og enkeltpersonar og deira bidrag til gode bumilj\u00f8.<br><br>Volda H\u00f8gre rosar og vil framleis rose\u00a0 det gode arbeidet som er gjort med tilrettelegging for frilufts- og fritidsaktivitetar fleire stader i kommunen.\u00a0<br><br>Volda H\u00f8gre er p\u00e5 enkelte vilk\u00e5r positive til turveg rundt Rotevatn n\u00e5r dette kan gjennomf\u00f8rast med ei milj\u00f8- og landbrukstilpassa regulering, avtalar med grunneigarar og innanfor eit akseptabelt budsjett.\u00a0<br>\u00a0<br>Volda H\u00f8gre vil at kommunen som innkj\u00f8par og brukar skal vere milj\u00f8venleg.<br><\/td><\/tr><\/tbody><\/table><\/figure>\n","protected":false},"excerpt":{"rendered":"<p>V\u00e5r plattform Volda H\u00f8gre Innbyggarane i Volda kommune skal ha moglegheit over tid til \u00e5 eige sin eigen heim. Det er ei m\u00e5lsetting for Volda H\u00f8gre \u00e5 gjere kvardagen enklare for den enkelte og for familier. Dette inkluderer ogs\u00e5 at tenestene ideelt sett skal vere tilgjengelege s\u00e5 n\u00e6r bumilj\u00f8a som r\u00e5d.\u00a0 Volda H\u00f8gre er positiv [&hellip;]<\/p>\n","protected":false},"author":41878,"featured_media":0,"parent":0,"menu_order":0,"comment_status":"closed","ping_status":"closed","template":"","meta":{"teft_cards_image_url":"","teft_cards_custom_pretitle":"","teft_cards_image_id":0,"teft_cards_image_focal_point_x":0,"teft_cards_image_focal_point_y":0,"teft_cards_title":"","teft_cards_excerpt":"","teft_show_chapters":false,"footnotes":""},"class_list":["post-191","page","type-page","status-publish","hentry"],"yoast_head":"<!-- This site is optimized with the Yoast SEO plugin v26.6 - https:\/\/yoast.com\/wordpress\/plugins\/seo\/ -->\n<title>Gode bu- og oppvekstmilj\u00f8 - Volda H\u00f8gre<\/title>\n<meta name=\"robots\" content=\"index, follow, max-snippet:-1, max-image-preview:large, max-video-preview:-1\" \/>\n<link rel=\"canonical\" href=\"https:\/\/hoyre.no\/volda\/gode-bu-og-oppvekstmiljo\/\" \/>\n<meta property=\"og:locale\" content=\"nn_NO\" \/>\n<meta property=\"og:type\" content=\"article\" \/>\n<meta property=\"og:title\" content=\"Gode bu- og oppvekstmilj\u00f8 - Volda H\u00f8gre\" \/>\n<meta property=\"og:description\" content=\"V\u00e5r plattform Volda H\u00f8gre Innbyggarane i Volda kommune skal ha moglegheit over tid til \u00e5 eige sin eigen heim. Det er ei m\u00e5lsetting for Volda H\u00f8gre \u00e5 gjere kvardagen enklare for den enkelte og for familier. Dette inkluderer ogs\u00e5 at tenestene ideelt sett skal vere tilgjengelege s\u00e5 n\u00e6r bumilj\u00f8a som r\u00e5d.\u00a0 Volda H\u00f8gre er positiv [&hellip;]\" \/>\n<meta property=\"og:url\" content=\"https:\/\/hoyre.no\/volda\/gode-bu-og-oppvekstmiljo\/\" \/>\n<meta property=\"og:site_name\" content=\"Volda H\u00f8gre\" \/>\n<meta property=\"article:modified_time\" content=\"2023-07-03T16:57:26+00:00\" \/>\n<meta property=\"og:image\" content=\"https:\/\/hoyre.no\/content\/uploads\/sites\/89\/2022\/11\/Hoyres-logo.png\" \/>\n\t<meta property=\"og:image:width\" content=\"1000\" \/>\n\t<meta property=\"og:image:height\" content=\"1000\" \/>\n\t<meta property=\"og:image:type\" content=\"image\/png\" \/>\n<meta name=\"twitter:card\" content=\"summary_large_image\" \/>\n<meta name=\"twitter:label1\" content=\"Est. reading time\" \/>\n\t<meta name=\"twitter:data1\" content=\"2 minutt\" \/>\n<script type=\"application\/ld+json\" class=\"yoast-schema-graph\">{\"@context\":\"https:\/\/schema.org\",\"@graph\":[{\"@type\":\"WebPage\",\"@id\":\"https:\/\/hoyre.no\/volda\/gode-bu-og-oppvekstmiljo\/\",\"url\":\"https:\/\/hoyre.no\/volda\/gode-bu-og-oppvekstmiljo\/\",\"name\":\"Gode bu- og oppvekstmilj\u00f8 - Volda H\u00f8gre\",\"isPartOf\":{\"@id\":\"https:\/\/hoyre.no\/volda\/#website\"},\"datePublished\":\"2023-07-03T16:57:17+00:00\",\"dateModified\":\"2023-07-03T16:57:26+00:00\",\"breadcrumb\":{\"@id\":\"https:\/\/hoyre.no\/volda\/gode-bu-og-oppvekstmiljo\/#breadcrumb\"},\"inLanguage\":\"nn-NO\",\"potentialAction\":[{\"@type\":\"ReadAction\",\"target\":[\"https:\/\/hoyre.no\/volda\/gode-bu-og-oppvekstmiljo\/\"]}]},{\"@type\":\"BreadcrumbList\",\"@id\":\"https:\/\/hoyre.no\/volda\/gode-bu-og-oppvekstmiljo\/#breadcrumb\",\"itemListElement\":[{\"@type\":\"ListItem\",\"position\":1,\"name\":\"Til hoyre.no\",\"item\":\"https:\/\/hoyre.no\"},{\"@type\":\"ListItem\",\"position\":2,\"name\":\"Hjem\",\"item\":\"https:\/\/hoyre.no\/volda\/\"},{\"@type\":\"ListItem\",\"position\":3,\"name\":\"Gode bu- og oppvekstmilj\u00f8\"}]},{\"@type\":\"WebSite\",\"@id\":\"https:\/\/hoyre.no\/volda\/#website\",\"url\":\"https:\/\/hoyre.no\/volda\/\",\"name\":\"Volda H\u00f8gre\",\"description\":\"Bare enda et H\u00f8yres nettsteder-nettsted\",\"inLanguage\":\"nn-NO\"}]}<\/script>\n<!-- \/ Yoast SEO plugin. -->","yoast_head_json":{"title":"Gode bu- og oppvekstmilj\u00f8 - Volda H\u00f8gre","robots":{"index":"index","follow":"follow","max-snippet":"max-snippet:-1","max-image-preview":"max-image-preview:large","max-video-preview":"max-video-preview:-1"},"canonical":"https:\/\/hoyre.no\/volda\/gode-bu-og-oppvekstmiljo\/","og_locale":"nn_NO","og_type":"article","og_title":"Gode bu- og oppvekstmilj\u00f8 - Volda H\u00f8gre","og_description":"V\u00e5r plattform Volda H\u00f8gre Innbyggarane i Volda kommune skal ha moglegheit over tid til \u00e5 eige sin eigen heim. Det er ei m\u00e5lsetting for Volda H\u00f8gre \u00e5 gjere kvardagen enklare for den enkelte og for familier. Dette inkluderer ogs\u00e5 at tenestene ideelt sett skal vere tilgjengelege s\u00e5 n\u00e6r bumilj\u00f8a som r\u00e5d.\u00a0 Volda H\u00f8gre er positiv [&hellip;]","og_url":"https:\/\/hoyre.no\/volda\/gode-bu-og-oppvekstmiljo\/","og_site_name":"Volda H\u00f8gre","article_modified_time":"2023-07-03T16:57:26+00:00","og_image":[{"width":1000,"height":1000,"url":"https:\/\/hoyre.no\/content\/uploads\/sites\/89\/2022\/11\/Hoyres-logo.png","type":"image\/png"}],"twitter_card":"summary_large_image","twitter_misc":{"Est. reading time":"2 minutt"},"schema":{"@context":"https:\/\/schema.org","@graph":[{"@type":"WebPage","@id":"https:\/\/hoyre.no\/volda\/gode-bu-og-oppvekstmiljo\/","url":"https:\/\/hoyre.no\/volda\/gode-bu-og-oppvekstmiljo\/","name":"Gode bu- og oppvekstmilj\u00f8 - Volda H\u00f8gre","isPartOf":{"@id":"https:\/\/hoyre.no\/volda\/#website"},"datePublished":"2023-07-03T16:57:17+00:00","dateModified":"2023-07-03T16:57:26+00:00","breadcrumb":{"@id":"https:\/\/hoyre.no\/volda\/gode-bu-og-oppvekstmiljo\/#breadcrumb"},"inLanguage":"nn-NO","potentialAction":[{"@type":"ReadAction","target":["https:\/\/hoyre.no\/volda\/gode-bu-og-oppvekstmiljo\/"]}]},{"@type":"BreadcrumbList","@id":"https:\/\/hoyre.no\/volda\/gode-bu-og-oppvekstmiljo\/#breadcrumb","itemListElement":[{"@type":"ListItem","position":1,"name":"Til hoyre.no","item":"https:\/\/hoyre.no"},{"@type":"ListItem","position":2,"name":"Hjem","item":"https:\/\/hoyre.no\/volda\/"},{"@type":"ListItem","position":3,"name":"Gode bu- og oppvekstmilj\u00f8"}]},{"@type":"WebSite","@id":"https:\/\/hoyre.no\/volda\/#website","url":"https:\/\/hoyre.no\/volda\/","name":"Volda H\u00f8gre","description":"Bare enda et H\u00f8yres nettsteder-nettsted","inLanguage":"nn-NO"}]}},"distributor_meta":false,"distributor_terms":false,"distributor_media":false,"distributor_original_site_name":"Volda H\u00f8gre","distributor_original_site_url":"https:\/\/hoyre.no\/volda","push-errors":false,"_links":{"self":[{"href":"https:\/\/hoyre.no\/volda\/wp-json\/wp\/v2\/pages\/191","targetHints":{"allow":["GET"]}}],"collection":[{"href":"https:\/\/hoyre.no\/volda\/wp-json\/wp\/v2\/pages"}],"about":[{"href":"https:\/\/hoyre.no\/volda\/wp-json\/wp\/v2\/types\/page"}],"author":[{"embeddable":true,"href":"https:\/\/hoyre.no\/volda\/wp-json\/wp\/v2\/users\/41878"}],"replies":[{"embeddable":true,"href":"https:\/\/hoyre.no\/volda\/wp-json\/wp\/v2\/comments?post=191"}],"version-history":[{"count":1,"href":"https:\/\/hoyre.no\/volda\/wp-json\/wp\/v2\/pages\/191\/revisions"}],"predecessor-version":[{"id":193,"href":"https:\/\/hoyre.no\/volda\/wp-json\/wp\/v2\/pages\/191\/revisions\/193"}],"wp:attachment":[{"href":"https:\/\/hoyre.no\/volda\/wp-json\/wp\/v2\/media?parent=191"}],"curies":[{"name":"wp","href":"https:\/\/api.w.org\/{rel}","templated":true}]}}