{"id":207,"date":"2023-07-03T19:13:05","date_gmt":"2023-07-03T17:13:05","guid":{"rendered":"https:\/\/hoyre.no\/volda\/?page_id=207"},"modified":"2023-07-03T19:13:06","modified_gmt":"2023-07-03T17:13:06","slug":"aktivt-samarbeid-med-naeringslivet-og-institusjonane-vare","status":"publish","type":"page","link":"https:\/\/hoyre.no\/volda\/aktivt-samarbeid-med-naeringslivet-og-institusjonane-vare\/","title":{"rendered":"Aktivt samarbeid med n\u00e6ringslivet og institusjonane v\u00e5re"},"content":{"rendered":"\n<div class=\"wp-block-hoyre-hero with-image-gradient text-color-light  has-media alignfull has-background\"><div class=\"hoyre-hero has-image\"><h1 class=\"title\"><strong>Aktivt samarbeid med n\u00e6ringslivet og institusjonane v\u00e5re<\/strong><\/h1><p class=\"preamble\">Gode lokalsamfunn krev arbeidsplassar og sterke bedrifter. Det er sentralt for v\u00e5r velstand.<\/p>\t\t\t<div class=\"post-meta wp-block teft-byline-wrapper\">\n\t\t\t\t<div class=\"top\">\n\t\t\t\t\t<div class=\"signature\">\n\t\t\t\t\t\t<div class=\"teft-byline\">\n\t\t\t\t\t\t\t\t\t\t\t\t\t\t<div>\n\t\t\t\t\t\t\t\t<h3>H\u00f8yres redaksjon<\/h3>\t\t\t\t\t\t\t\t\n\t\t\t\t\t\t\t\t\t\t\t\t\t\t\t\t\t<span class=\"date\">Sist oppdatert: 3. juli 2023<\/span>\n\t\t\t\t\t\t\t\t\t\t\t\t\t\t\t\t\t\t\t\t\t\t\t\t\t<span class=\"reading-time\" itemprop=\"timeRequired\" content=\"PT2M\"><em>Ca. 2 minutter lesetid<\/em><\/span>\n\t\t\t\t\t\t\t\t\t\t\t\t\t\t\t<\/div>\n\t\t\t\t\t\t<\/div>\n\t\t\t\t\t<\/div>\n\t\t\t\t\t\t<div class=\"sharing\">\n\t\t<a class=\"share-button share-link copy-link\" data-copy=\"https:\/\/hoyre.no\/volda\/aktivt-samarbeid-med-naeringslivet-og-institusjonane-vare\/\" target=\"_blank\"><span class=\"screen-reader-text\">Del link<\/span><\/a>\n\t\t<a class=\"share-button share-twitter\" href=\"http:\/\/twitter.com\/share?text=Aktivt samarbeid med n\u00e6ringslivet og institusjonane v\u00e5re&#038;url=https:\/\/hoyre.no\/volda\/aktivt-samarbeid-med-naeringslivet-og-institusjonane-vare\/&#038;hashtags=Hoyre\" target=\"_blank\"><span class=\"screen-reader-text\">Del p\u00e5 twitter<\/span><\/a>\n\t\t<a class=\"share-button share-facebook\" href=\"https:\/\/www.facebook.com\/sharer\/sharer.php?u=https:\/\/hoyre.no\/volda\/aktivt-samarbeid-med-naeringslivet-og-institusjonane-vare\/\" target=\"_blank\"><span class=\"screen-reader-text\">Del p\u00e5 facebook<\/span><\/a>\n\t<\/div>\n\t\t\t\t\t<\/div>\n\t\t\t<\/div>\n\n\t\t\t<figure class=\"hoyre-image-wrapper\"><div class=\"hoyre-image\"><img loading=\"lazy\" decoding=\"async\" width=\"2500\" height=\"1406\" src=\"https:\/\/hoyre.no\/content\/uploads\/sites\/89\/2023\/07\/20230604_214828-1-scaled.jpg\" class=\"attachment-scaled size-scaled\" alt=\"\" style=\"object-position: 50% 50%\" srcset=\"https:\/\/hoyre.no\/content\/uploads\/sites\/89\/2023\/07\/20230604_214828-1-scaled.jpg 2500w, https:\/\/hoyre.no\/content\/uploads\/sites\/89\/2023\/07\/20230604_214828-1-300x169.jpg 300w, https:\/\/hoyre.no\/content\/uploads\/sites\/89\/2023\/07\/20230604_214828-1-1024x576.jpg 1024w, https:\/\/hoyre.no\/content\/uploads\/sites\/89\/2023\/07\/20230604_214828-1-768x432.jpg 768w, https:\/\/hoyre.no\/content\/uploads\/sites\/89\/2023\/07\/20230604_214828-1-1536x864.jpg 1536w, https:\/\/hoyre.no\/content\/uploads\/sites\/89\/2023\/07\/20230604_214828-1-2048x1152.jpg 2048w\" sizes=\"auto, (max-width: 2500px) 100vw, 2500px\" \/><\/div><\/figure><\/div><\/div>\n\n\n\n\n<figure class=\"wp-block-table alignwide\"><table><tbody><tr><td><strong>V\u00e5r plattform<\/strong><\/td><td><strong>Volda H\u00f8gre<\/strong><\/td><\/tr><tr><td>Volda H\u00f8gre vil alltid legge til rette for at nye jobbar vert skapte.\u00a0<br><br>Vi lyttar til dei behova bedriftene har &#8211; innan alle n\u00e6ringar og alle delar av kommunen &#8211; og kjem med konkrete l\u00f8ysingar p\u00e5 korleis kommunen kan bli meir n\u00e6ringsvenleg, anten det handlar om \u00e5 f\u00e5 tilgang p\u00e5 kvalifisert arbeidskraft, areal eller ei mer effektiv sakshandsaming.<br><br>Vi skal aktivt spele p\u00e5 lag med dei store og viktige institusjonane v\u00e5re, slik som sjukehuset, h\u00f8gskulen, vidareg\u00e5ande skule og andre.<br><br>Landbruk er ei sentral n\u00e6ring i fleire delar av kommunen. L\u00f8nsemda er under press, og rekruttering har vore vanskelig gjennom lang tid. H\u00f8gre st\u00f8ttar opp under landbruket med \u00e5 legge til rette der kommunen kan gjere det.<br><br>H\u00f8gre arbeider p\u00e5 alle plan og omr\u00e5de for f\u00f8reseielege forhold for n\u00e6ringsdrivande, ogs\u00e5 n\u00e5r det gjeld skattlegging.<\/td><td>Volda H\u00f8gre vil at Volda kommune skal v\u00e6re ei n\u00e6ringsvenleg kommune som legg godt til rette for privat n\u00e6ringsliv &#8211; <strong>innan alle n\u00e6ringar.<\/strong><br><br>Volda H\u00f8gre vil at Volda kommune alltid skal planlegge slik at vi har tilgang p\u00e5 n\u00e6ringsareal.<br><br>Volda H\u00f8gre tek ikkje lett p\u00e5 milj\u00f8utfordringar som kjem av n\u00e6ringsverksemd. Vi vil ha ein klimapolitikk som bidreg til \u00e5 kutte utslepp, men ikkje stoppe utviklinga. Vi g\u00e5r inn i problemstillinga og finn l\u00f8ysingar saman med den som vil.<br><br>Sjukehuset, H\u00f8gskulen og den vidareg\u00e5ande skulen er n\u00f8kkelverksemder som vi legg til rette for, heiar p\u00e5 og samarbeider med p\u00e5 proaktivt vis.\u00a0<br><br>Volda har blitt ei stor landbrukskommune og vi m\u00e5 tilpasse tenestene til dette. H\u00f8gre er positive til alle initiativ som kan halde landbruket levedyktig og berekraftig.<br><br>Volda H\u00f8gre st\u00f8ttar den aukande reiseliv, overnatting-, serverings- og utelivsbransjen og vil prioritere tilrettelegging for desse.<br><br>Vi nyttar eit kvart h\u00f8ve til \u00e5 formidle til alle kor viktige bedriftene &#8211; store og sm\u00e5 &#8211; og dei sentrale institusjonane er i samfunnet v\u00e5rt.<br><br>Volda H\u00f8gre i posisjon vil vitalisere det praktiske samarbeidet mellom kommunen, organisasjonane og bedriftene.<\/td><\/tr><\/tbody><\/table><\/figure>\n\n","protected":false},"excerpt":{"rendered":"","protected":false},"author":41878,"featured_media":0,"parent":0,"menu_order":0,"comment_status":"closed","ping_status":"closed","template":"","meta":{"teft_cards_image_url":"","teft_cards_custom_pretitle":"","teft_cards_image_id":0,"teft_cards_image_focal_point_x":0,"teft_cards_image_focal_point_y":0,"teft_cards_title":"","teft_cards_excerpt":"","teft_show_chapters":false,"footnotes":""},"class_list":["post-207","page","type-page","status-publish","hentry"],"yoast_head":"<!-- This site is optimized with the Yoast SEO plugin v26.6 - https:\/\/yoast.com\/wordpress\/plugins\/seo\/ -->\n<title>Aktivt samarbeid med n\u00e6ringslivet og institusjonane v\u00e5re - Volda H\u00f8gre<\/title>\n<meta name=\"robots\" content=\"index, follow, max-snippet:-1, max-image-preview:large, max-video-preview:-1\" \/>\n<link rel=\"canonical\" href=\"https:\/\/hoyre.no\/volda\/aktivt-samarbeid-med-naeringslivet-og-institusjonane-vare\/\" \/>\n<meta property=\"og:locale\" content=\"nn_NO\" \/>\n<meta property=\"og:type\" content=\"article\" \/>\n<meta property=\"og:title\" content=\"Aktivt samarbeid med n\u00e6ringslivet og institusjonane v\u00e5re - Volda H\u00f8gre\" \/>\n<meta property=\"og:url\" content=\"https:\/\/hoyre.no\/volda\/aktivt-samarbeid-med-naeringslivet-og-institusjonane-vare\/\" \/>\n<meta property=\"og:site_name\" content=\"Volda H\u00f8gre\" \/>\n<meta property=\"article:modified_time\" content=\"2023-07-03T17:13:06+00:00\" \/>\n<meta property=\"og:image\" content=\"https:\/\/hoyre.no\/content\/uploads\/sites\/89\/2022\/11\/Hoyres-logo.png\" \/>\n\t<meta property=\"og:image:width\" content=\"1000\" \/>\n\t<meta property=\"og:image:height\" content=\"1000\" \/>\n\t<meta property=\"og:image:type\" content=\"image\/png\" \/>\n<meta name=\"twitter:card\" content=\"summary_large_image\" \/>\n<meta name=\"twitter:label1\" content=\"Est. reading time\" \/>\n\t<meta name=\"twitter:data1\" content=\"2 minutt\" \/>\n<script type=\"application\/ld+json\" class=\"yoast-schema-graph\">{\"@context\":\"https:\/\/schema.org\",\"@graph\":[{\"@type\":\"WebPage\",\"@id\":\"https:\/\/hoyre.no\/volda\/aktivt-samarbeid-med-naeringslivet-og-institusjonane-vare\/\",\"url\":\"https:\/\/hoyre.no\/volda\/aktivt-samarbeid-med-naeringslivet-og-institusjonane-vare\/\",\"name\":\"Aktivt samarbeid med n\u00e6ringslivet og institusjonane v\u00e5re - Volda H\u00f8gre\",\"isPartOf\":{\"@id\":\"https:\/\/hoyre.no\/volda\/#website\"},\"datePublished\":\"2023-07-03T17:13:05+00:00\",\"dateModified\":\"2023-07-03T17:13:06+00:00\",\"breadcrumb\":{\"@id\":\"https:\/\/hoyre.no\/volda\/aktivt-samarbeid-med-naeringslivet-og-institusjonane-vare\/#breadcrumb\"},\"inLanguage\":\"nn-NO\",\"potentialAction\":[{\"@type\":\"ReadAction\",\"target\":[\"https:\/\/hoyre.no\/volda\/aktivt-samarbeid-med-naeringslivet-og-institusjonane-vare\/\"]}]},{\"@type\":\"BreadcrumbList\",\"@id\":\"https:\/\/hoyre.no\/volda\/aktivt-samarbeid-med-naeringslivet-og-institusjonane-vare\/#breadcrumb\",\"itemListElement\":[{\"@type\":\"ListItem\",\"position\":1,\"name\":\"Til hoyre.no\",\"item\":\"https:\/\/hoyre.no\"},{\"@type\":\"ListItem\",\"position\":2,\"name\":\"Hjem\",\"item\":\"https:\/\/hoyre.no\/volda\/\"},{\"@type\":\"ListItem\",\"position\":3,\"name\":\"Aktivt samarbeid med n\u00e6ringslivet og institusjonane v\u00e5re\"}]},{\"@type\":\"WebSite\",\"@id\":\"https:\/\/hoyre.no\/volda\/#website\",\"url\":\"https:\/\/hoyre.no\/volda\/\",\"name\":\"Volda H\u00f8gre\",\"description\":\"Bare enda et H\u00f8yres nettsteder-nettsted\",\"inLanguage\":\"nn-NO\"}]}<\/script>\n<!-- \/ Yoast SEO plugin. -->","yoast_head_json":{"title":"Aktivt samarbeid med n\u00e6ringslivet og institusjonane v\u00e5re - Volda H\u00f8gre","robots":{"index":"index","follow":"follow","max-snippet":"max-snippet:-1","max-image-preview":"max-image-preview:large","max-video-preview":"max-video-preview:-1"},"canonical":"https:\/\/hoyre.no\/volda\/aktivt-samarbeid-med-naeringslivet-og-institusjonane-vare\/","og_locale":"nn_NO","og_type":"article","og_title":"Aktivt samarbeid med n\u00e6ringslivet og institusjonane v\u00e5re - Volda H\u00f8gre","og_url":"https:\/\/hoyre.no\/volda\/aktivt-samarbeid-med-naeringslivet-og-institusjonane-vare\/","og_site_name":"Volda H\u00f8gre","article_modified_time":"2023-07-03T17:13:06+00:00","og_image":[{"width":1000,"height":1000,"url":"https:\/\/hoyre.no\/content\/uploads\/sites\/89\/2022\/11\/Hoyres-logo.png","type":"image\/png"}],"twitter_card":"summary_large_image","twitter_misc":{"Est. reading time":"2 minutt"},"schema":{"@context":"https:\/\/schema.org","@graph":[{"@type":"WebPage","@id":"https:\/\/hoyre.no\/volda\/aktivt-samarbeid-med-naeringslivet-og-institusjonane-vare\/","url":"https:\/\/hoyre.no\/volda\/aktivt-samarbeid-med-naeringslivet-og-institusjonane-vare\/","name":"Aktivt samarbeid med n\u00e6ringslivet og institusjonane v\u00e5re - Volda H\u00f8gre","isPartOf":{"@id":"https:\/\/hoyre.no\/volda\/#website"},"datePublished":"2023-07-03T17:13:05+00:00","dateModified":"2023-07-03T17:13:06+00:00","breadcrumb":{"@id":"https:\/\/hoyre.no\/volda\/aktivt-samarbeid-med-naeringslivet-og-institusjonane-vare\/#breadcrumb"},"inLanguage":"nn-NO","potentialAction":[{"@type":"ReadAction","target":["https:\/\/hoyre.no\/volda\/aktivt-samarbeid-med-naeringslivet-og-institusjonane-vare\/"]}]},{"@type":"BreadcrumbList","@id":"https:\/\/hoyre.no\/volda\/aktivt-samarbeid-med-naeringslivet-og-institusjonane-vare\/#breadcrumb","itemListElement":[{"@type":"ListItem","position":1,"name":"Til hoyre.no","item":"https:\/\/hoyre.no"},{"@type":"ListItem","position":2,"name":"Hjem","item":"https:\/\/hoyre.no\/volda\/"},{"@type":"ListItem","position":3,"name":"Aktivt samarbeid med n\u00e6ringslivet og institusjonane v\u00e5re"}]},{"@type":"WebSite","@id":"https:\/\/hoyre.no\/volda\/#website","url":"https:\/\/hoyre.no\/volda\/","name":"Volda H\u00f8gre","description":"Bare enda et H\u00f8yres nettsteder-nettsted","inLanguage":"nn-NO"}]}},"distributor_meta":false,"distributor_terms":false,"distributor_media":false,"distributor_original_site_name":"Volda H\u00f8gre","distributor_original_site_url":"https:\/\/hoyre.no\/volda","push-errors":false,"_links":{"self":[{"href":"https:\/\/hoyre.no\/volda\/wp-json\/wp\/v2\/pages\/207","targetHints":{"allow":["GET"]}}],"collection":[{"href":"https:\/\/hoyre.no\/volda\/wp-json\/wp\/v2\/pages"}],"about":[{"href":"https:\/\/hoyre.no\/volda\/wp-json\/wp\/v2\/types\/page"}],"author":[{"embeddable":true,"href":"https:\/\/hoyre.no\/volda\/wp-json\/wp\/v2\/users\/41878"}],"replies":[{"embeddable":true,"href":"https:\/\/hoyre.no\/volda\/wp-json\/wp\/v2\/comments?post=207"}],"version-history":[{"count":1,"href":"https:\/\/hoyre.no\/volda\/wp-json\/wp\/v2\/pages\/207\/revisions"}],"predecessor-version":[{"id":209,"href":"https:\/\/hoyre.no\/volda\/wp-json\/wp\/v2\/pages\/207\/revisions\/209"}],"wp:attachment":[{"href":"https:\/\/hoyre.no\/volda\/wp-json\/wp\/v2\/media?parent=207"}],"curies":[{"name":"wp","href":"https:\/\/api.w.org\/{rel}","templated":true}]}}