{"id":211,"date":"2023-07-03T19:18:38","date_gmt":"2023-07-03T17:18:38","guid":{"rendered":"https:\/\/hoyre.no\/volda\/?page_id=211"},"modified":"2023-07-03T19:18:38","modified_gmt":"2023-07-03T17:18:38","slug":"eit-rikhaldig-kultur-og-fritidstilbod-til-alle","status":"publish","type":"page","link":"https:\/\/hoyre.no\/volda\/eit-rikhaldig-kultur-og-fritidstilbod-til-alle\/","title":{"rendered":"Eit rikhaldig kultur- og fritidstilbod til alle"},"content":{"rendered":"\n<div class=\"wp-block-hoyre-hero with-image-gradient text-color-light  has-media alignfull has-background\"><div class=\"hoyre-hero has-image\"><h1 class=\"title\"><strong>Eit rikhaldig kultur- og fritidstilbod til alle<\/strong><\/h1><p class=\"preamble\">P\u00e5 fritidsaktivitetar m\u00f8ter ein vener, har det g\u00f8y saman med andre og f\u00e5r viktige erfaringar.<\/p>\t\t\t<div class=\"post-meta wp-block teft-byline-wrapper\">\n\t\t\t\t<div class=\"top\">\n\t\t\t\t\t<div class=\"signature\">\n\t\t\t\t\t\t<div class=\"teft-byline\">\n\t\t\t\t\t\t\t\t\t\t\t\t\t\t<div>\n\t\t\t\t\t\t\t\t<h3>H\u00f8yres redaksjon<\/h3>\t\t\t\t\t\t\t\t\n\t\t\t\t\t\t\t\t\t\t\t\t\t\t\t\t\t<span class=\"date\">Sist oppdatert: 3. juli 2023<\/span>\n\t\t\t\t\t\t\t\t\t\t\t\t\t\t\t\t\t\t\t\t\t\t\t\t\t<span class=\"reading-time\" itemprop=\"timeRequired\" content=\"PT2M\"><em>Ca. 2 minutter lesetid<\/em><\/span>\n\t\t\t\t\t\t\t\t\t\t\t\t\t\t\t<\/div>\n\t\t\t\t\t\t<\/div>\n\t\t\t\t\t<\/div>\n\t\t\t\t\t\t<div class=\"sharing\">\n\t\t<a class=\"share-button share-link copy-link\" data-copy=\"https:\/\/hoyre.no\/volda\/eit-rikhaldig-kultur-og-fritidstilbod-til-alle\/\" target=\"_blank\"><span class=\"screen-reader-text\">Del link<\/span><\/a>\n\t\t<a class=\"share-button share-twitter\" href=\"http:\/\/twitter.com\/share?text=Eit rikhaldig kultur- og fritidstilbod til alle&#038;url=https:\/\/hoyre.no\/volda\/eit-rikhaldig-kultur-og-fritidstilbod-til-alle\/&#038;hashtags=Hoyre\" target=\"_blank\"><span class=\"screen-reader-text\">Del p\u00e5 twitter<\/span><\/a>\n\t\t<a class=\"share-button share-facebook\" href=\"https:\/\/www.facebook.com\/sharer\/sharer.php?u=https:\/\/hoyre.no\/volda\/eit-rikhaldig-kultur-og-fritidstilbod-til-alle\/\" target=\"_blank\"><span class=\"screen-reader-text\">Del p\u00e5 facebook<\/span><\/a>\n\t<\/div>\n\t\t\t\t\t<\/div>\n\t\t\t<\/div>\n\n\t\t\t<figure class=\"hoyre-image-wrapper\"><div class=\"hoyre-image\"><img loading=\"lazy\" decoding=\"async\" width=\"2500\" height=\"1406\" src=\"https:\/\/hoyre.no\/content\/uploads\/sites\/89\/2023\/07\/20230308_202756-1-scaled.jpg\" class=\"attachment-scaled size-scaled\" alt=\"\" style=\"object-position: 50% 50%\" srcset=\"https:\/\/hoyre.no\/content\/uploads\/sites\/89\/2023\/07\/20230308_202756-1-scaled.jpg 2500w, https:\/\/hoyre.no\/content\/uploads\/sites\/89\/2023\/07\/20230308_202756-1-300x169.jpg 300w, https:\/\/hoyre.no\/content\/uploads\/sites\/89\/2023\/07\/20230308_202756-1-1024x576.jpg 1024w, https:\/\/hoyre.no\/content\/uploads\/sites\/89\/2023\/07\/20230308_202756-1-768x432.jpg 768w, https:\/\/hoyre.no\/content\/uploads\/sites\/89\/2023\/07\/20230308_202756-1-1536x864.jpg 1536w, https:\/\/hoyre.no\/content\/uploads\/sites\/89\/2023\/07\/20230308_202756-1-2048x1152.jpg 2048w\" sizes=\"auto, (max-width: 2500px) 100vw, 2500px\" \/><\/div><\/figure><\/div><\/div>\n\n\n\n\n<figure class=\"wp-block-table alignwide\"><table><tbody><tr><td><strong>V\u00e5r plattform<\/strong><\/td><td><strong>Volda H\u00f8gre<\/strong><\/td><\/tr><tr><td>I dag er det ikkje alle born og unge som f\u00e5r muligheit til \u00e5 bli med. Det er s\u00e5rt \u00e5 vere den eine som st\u00e5r utanfor fordi familien ikkje har r\u00e5d. Det skal H\u00f8gre gjere noko med.<br>\u00a0<br>Med ei aukande gruppe eldre er det ogs\u00e5 behov for tilrettelegging av fritidsaktivitetar for godt vaksne og eldre.<br><br>Vi har &#8211; og vi m\u00e5 ha &#8211; allsidige fritidstilbod som gir moglegheiter for alle interesser.<br>\u00a0<br>For Volda H\u00f8gre er frivillig lag og organisasjonar heilt sentrale i eit velfungerande kultur- og fritidstilbod.<br><br>Det er for mange born som veks opp i lavinntektsfamilier. Vi m\u00e5 vurdere eit planverk for \u00e5 systematisk vis forbetre situasjonen i kommunen.<br><\/td><td>Volda H\u00f8gre vil at alle skal ha r\u00e5d til \u00e5 delta p\u00e5 minst ein fritidsaktivitet, og vil sj\u00e5 etter konkrete l\u00f8ysingar for dette.<br><br>Vi vil foresl\u00e5 at kommunen vidaref\u00f8rer Fritidskonto og\/eller utviklar eit Opplevelseskort til bruk for dei som treng \u00f8konomisk st\u00f8tte til fritidsaktivitetar.<br><br>Volda H\u00f8gre vil ha moglegheiter for alle og vil st\u00f8tte aktivitetar, interesser og lokasjonar som er sm\u00e5 i omfang, mindre synlige og\/eller med f\u00e6rre aktive. Vi treng alle.<br><br>Fotball, handball og volleyball er store klubbar med mange aktive, mange frivillige og vind i segla. Dette er, har vore og vil vere viktig framover for Volda og H\u00f8gre st\u00f8ttar desse.<br><br>Frivillig arbeid er ein berebjelke i lokalsamfunna v\u00e5re som vi vil stimulere og vise i praksis at vi treng dei og set stor pris p\u00e5 dei.<\/td><\/tr><\/tbody><\/table><\/figure>\n\n","protected":false},"excerpt":{"rendered":"","protected":false},"author":41878,"featured_media":0,"parent":0,"menu_order":0,"comment_status":"closed","ping_status":"closed","template":"","meta":{"teft_cards_image_url":"","teft_cards_custom_pretitle":"","teft_cards_image_id":0,"teft_cards_image_focal_point_x":0,"teft_cards_image_focal_point_y":0,"teft_cards_title":"","teft_cards_excerpt":"","teft_show_chapters":false,"footnotes":""},"class_list":["post-211","page","type-page","status-publish","hentry"],"yoast_head":"<!-- This site is optimized with the Yoast SEO plugin v26.6 - https:\/\/yoast.com\/wordpress\/plugins\/seo\/ -->\n<title>Eit rikhaldig kultur- og fritidstilbod til alle - Volda H\u00f8gre<\/title>\n<meta name=\"robots\" content=\"index, follow, max-snippet:-1, max-image-preview:large, max-video-preview:-1\" \/>\n<link rel=\"canonical\" href=\"https:\/\/hoyre.no\/volda\/eit-rikhaldig-kultur-og-fritidstilbod-til-alle\/\" \/>\n<meta property=\"og:locale\" content=\"nn_NO\" \/>\n<meta property=\"og:type\" content=\"article\" \/>\n<meta property=\"og:title\" content=\"Eit rikhaldig kultur- og fritidstilbod til alle - Volda H\u00f8gre\" \/>\n<meta property=\"og:url\" content=\"https:\/\/hoyre.no\/volda\/eit-rikhaldig-kultur-og-fritidstilbod-til-alle\/\" \/>\n<meta property=\"og:site_name\" content=\"Volda H\u00f8gre\" \/>\n<meta property=\"og:image\" content=\"https:\/\/hoyre.no\/content\/uploads\/sites\/89\/2022\/11\/Hoyres-logo.png\" \/>\n\t<meta property=\"og:image:width\" content=\"1000\" \/>\n\t<meta property=\"og:image:height\" content=\"1000\" \/>\n\t<meta property=\"og:image:type\" content=\"image\/png\" \/>\n<meta name=\"twitter:card\" content=\"summary_large_image\" \/>\n<meta name=\"twitter:label1\" content=\"Est. reading time\" \/>\n\t<meta name=\"twitter:data1\" content=\"2 minutt\" \/>\n<script type=\"application\/ld+json\" class=\"yoast-schema-graph\">{\"@context\":\"https:\/\/schema.org\",\"@graph\":[{\"@type\":\"WebPage\",\"@id\":\"https:\/\/hoyre.no\/volda\/eit-rikhaldig-kultur-og-fritidstilbod-til-alle\/\",\"url\":\"https:\/\/hoyre.no\/volda\/eit-rikhaldig-kultur-og-fritidstilbod-til-alle\/\",\"name\":\"Eit rikhaldig kultur- og fritidstilbod til alle - Volda H\u00f8gre\",\"isPartOf\":{\"@id\":\"https:\/\/hoyre.no\/volda\/#website\"},\"datePublished\":\"2023-07-03T17:18:38+00:00\",\"breadcrumb\":{\"@id\":\"https:\/\/hoyre.no\/volda\/eit-rikhaldig-kultur-og-fritidstilbod-til-alle\/#breadcrumb\"},\"inLanguage\":\"nn-NO\",\"potentialAction\":[{\"@type\":\"ReadAction\",\"target\":[\"https:\/\/hoyre.no\/volda\/eit-rikhaldig-kultur-og-fritidstilbod-til-alle\/\"]}]},{\"@type\":\"BreadcrumbList\",\"@id\":\"https:\/\/hoyre.no\/volda\/eit-rikhaldig-kultur-og-fritidstilbod-til-alle\/#breadcrumb\",\"itemListElement\":[{\"@type\":\"ListItem\",\"position\":1,\"name\":\"Til hoyre.no\",\"item\":\"https:\/\/hoyre.no\"},{\"@type\":\"ListItem\",\"position\":2,\"name\":\"Hjem\",\"item\":\"https:\/\/hoyre.no\/volda\/\"},{\"@type\":\"ListItem\",\"position\":3,\"name\":\"Eit rikhaldig kultur- og fritidstilbod til alle\"}]},{\"@type\":\"WebSite\",\"@id\":\"https:\/\/hoyre.no\/volda\/#website\",\"url\":\"https:\/\/hoyre.no\/volda\/\",\"name\":\"Volda H\u00f8gre\",\"description\":\"Bare enda et H\u00f8yres nettsteder-nettsted\",\"inLanguage\":\"nn-NO\"}]}<\/script>\n<!-- \/ Yoast SEO plugin. -->","yoast_head_json":{"title":"Eit rikhaldig kultur- og fritidstilbod til alle - Volda H\u00f8gre","robots":{"index":"index","follow":"follow","max-snippet":"max-snippet:-1","max-image-preview":"max-image-preview:large","max-video-preview":"max-video-preview:-1"},"canonical":"https:\/\/hoyre.no\/volda\/eit-rikhaldig-kultur-og-fritidstilbod-til-alle\/","og_locale":"nn_NO","og_type":"article","og_title":"Eit rikhaldig kultur- og fritidstilbod til alle - Volda H\u00f8gre","og_url":"https:\/\/hoyre.no\/volda\/eit-rikhaldig-kultur-og-fritidstilbod-til-alle\/","og_site_name":"Volda H\u00f8gre","og_image":[{"width":1000,"height":1000,"url":"https:\/\/hoyre.no\/content\/uploads\/sites\/89\/2022\/11\/Hoyres-logo.png","type":"image\/png"}],"twitter_card":"summary_large_image","twitter_misc":{"Est. reading time":"2 minutt"},"schema":{"@context":"https:\/\/schema.org","@graph":[{"@type":"WebPage","@id":"https:\/\/hoyre.no\/volda\/eit-rikhaldig-kultur-og-fritidstilbod-til-alle\/","url":"https:\/\/hoyre.no\/volda\/eit-rikhaldig-kultur-og-fritidstilbod-til-alle\/","name":"Eit rikhaldig kultur- og fritidstilbod til alle - Volda H\u00f8gre","isPartOf":{"@id":"https:\/\/hoyre.no\/volda\/#website"},"datePublished":"2023-07-03T17:18:38+00:00","breadcrumb":{"@id":"https:\/\/hoyre.no\/volda\/eit-rikhaldig-kultur-og-fritidstilbod-til-alle\/#breadcrumb"},"inLanguage":"nn-NO","potentialAction":[{"@type":"ReadAction","target":["https:\/\/hoyre.no\/volda\/eit-rikhaldig-kultur-og-fritidstilbod-til-alle\/"]}]},{"@type":"BreadcrumbList","@id":"https:\/\/hoyre.no\/volda\/eit-rikhaldig-kultur-og-fritidstilbod-til-alle\/#breadcrumb","itemListElement":[{"@type":"ListItem","position":1,"name":"Til hoyre.no","item":"https:\/\/hoyre.no"},{"@type":"ListItem","position":2,"name":"Hjem","item":"https:\/\/hoyre.no\/volda\/"},{"@type":"ListItem","position":3,"name":"Eit rikhaldig kultur- og fritidstilbod til alle"}]},{"@type":"WebSite","@id":"https:\/\/hoyre.no\/volda\/#website","url":"https:\/\/hoyre.no\/volda\/","name":"Volda H\u00f8gre","description":"Bare enda et H\u00f8yres nettsteder-nettsted","inLanguage":"nn-NO"}]}},"distributor_meta":false,"distributor_terms":false,"distributor_media":false,"distributor_original_site_name":"Volda H\u00f8gre","distributor_original_site_url":"https:\/\/hoyre.no\/volda","push-errors":false,"_links":{"self":[{"href":"https:\/\/hoyre.no\/volda\/wp-json\/wp\/v2\/pages\/211","targetHints":{"allow":["GET"]}}],"collection":[{"href":"https:\/\/hoyre.no\/volda\/wp-json\/wp\/v2\/pages"}],"about":[{"href":"https:\/\/hoyre.no\/volda\/wp-json\/wp\/v2\/types\/page"}],"author":[{"embeddable":true,"href":"https:\/\/hoyre.no\/volda\/wp-json\/wp\/v2\/users\/41878"}],"replies":[{"embeddable":true,"href":"https:\/\/hoyre.no\/volda\/wp-json\/wp\/v2\/comments?post=211"}],"version-history":[{"count":1,"href":"https:\/\/hoyre.no\/volda\/wp-json\/wp\/v2\/pages\/211\/revisions"}],"predecessor-version":[{"id":213,"href":"https:\/\/hoyre.no\/volda\/wp-json\/wp\/v2\/pages\/211\/revisions\/213"}],"wp:attachment":[{"href":"https:\/\/hoyre.no\/volda\/wp-json\/wp\/v2\/media?parent=211"}],"curies":[{"name":"wp","href":"https:\/\/api.w.org\/{rel}","templated":true}]}}