{"id":215,"date":"2023-07-03T19:27:06","date_gmt":"2023-07-03T17:27:06","guid":{"rendered":"https:\/\/hoyre.no\/volda\/?page_id=215"},"modified":"2023-07-03T19:27:07","modified_gmt":"2023-07-03T17:27:07","slug":"eit-parti-som-bind-sentrum-og-bygdene-saman","status":"publish","type":"page","link":"https:\/\/hoyre.no\/volda\/eit-parti-som-bind-sentrum-og-bygdene-saman\/","title":{"rendered":"Eit parti som bind sentrum og bygdene saman"},"content":{"rendered":"\n<div class=\"wp-block-hoyre-hero with-image-gradient text-color-light  has-media alignfull has-background\"><div class=\"hoyre-hero has-image\"><h1 class=\"title\"><strong>Eit parti som bind sentrum og bygdene saman<\/strong><\/h1><p class=\"preamble\">Samhald vert skapt av oss som bur i Volda kommune.<\/p>\t\t\t<div class=\"post-meta wp-block teft-byline-wrapper\">\n\t\t\t\t<div class=\"top\">\n\t\t\t\t\t<div class=\"signature\">\n\t\t\t\t\t\t<div class=\"teft-byline\">\n\t\t\t\t\t\t\t\t\t\t\t\t\t\t<div>\n\t\t\t\t\t\t\t\t<h3>H\u00f8yres redaksjon<\/h3>\t\t\t\t\t\t\t\t\n\t\t\t\t\t\t\t\t\t\t\t\t\t\t\t\t\t<span class=\"date\">Sist oppdatert: 3. juli 2023<\/span>\n\t\t\t\t\t\t\t\t\t\t\t\t\t\t\t\t\t\t\t\t\t\t\t\t\t<span class=\"reading-time\" itemprop=\"timeRequired\" content=\"PT1M\"><em>Ca. 1 minutter lesetid<\/em><\/span>\n\t\t\t\t\t\t\t\t\t\t\t\t\t\t\t<\/div>\n\t\t\t\t\t\t<\/div>\n\t\t\t\t\t<\/div>\n\t\t\t\t\t\t<div class=\"sharing\">\n\t\t<a class=\"share-button share-link copy-link\" data-copy=\"https:\/\/hoyre.no\/volda\/eit-parti-som-bind-sentrum-og-bygdene-saman\/\" target=\"_blank\"><span class=\"screen-reader-text\">Del link<\/span><\/a>\n\t\t<a class=\"share-button share-twitter\" href=\"http:\/\/twitter.com\/share?text=Eit parti som bind sentrum og bygdene saman&#038;url=https:\/\/hoyre.no\/volda\/eit-parti-som-bind-sentrum-og-bygdene-saman\/&#038;hashtags=Hoyre\" target=\"_blank\"><span class=\"screen-reader-text\">Del p\u00e5 twitter<\/span><\/a>\n\t\t<a class=\"share-button share-facebook\" href=\"https:\/\/www.facebook.com\/sharer\/sharer.php?u=https:\/\/hoyre.no\/volda\/eit-parti-som-bind-sentrum-og-bygdene-saman\/\" target=\"_blank\"><span class=\"screen-reader-text\">Del p\u00e5 facebook<\/span><\/a>\n\t<\/div>\n\t\t\t\t\t<\/div>\n\t\t\t<\/div>\n\n\t\t\t<figure class=\"hoyre-image-wrapper\"><div class=\"hoyre-image\"><img loading=\"lazy\" decoding=\"async\" width=\"2500\" height=\"1875\" src=\"https:\/\/hoyre.no\/content\/uploads\/sites\/89\/2023\/07\/IMG_7915-scaled.jpg\" class=\"attachment-scaled size-scaled\" alt=\"\" style=\"object-position: 53% 48%\" srcset=\"https:\/\/hoyre.no\/content\/uploads\/sites\/89\/2023\/07\/IMG_7915-scaled.jpg 2500w, https:\/\/hoyre.no\/content\/uploads\/sites\/89\/2023\/07\/IMG_7915-300x225.jpg 300w, https:\/\/hoyre.no\/content\/uploads\/sites\/89\/2023\/07\/IMG_7915-1024x768.jpg 1024w, https:\/\/hoyre.no\/content\/uploads\/sites\/89\/2023\/07\/IMG_7915-768x576.jpg 768w, https:\/\/hoyre.no\/content\/uploads\/sites\/89\/2023\/07\/IMG_7915-1536x1152.jpg 1536w, https:\/\/hoyre.no\/content\/uploads\/sites\/89\/2023\/07\/IMG_7915-2048x1536.jpg 2048w\" sizes=\"auto, (max-width: 2500px) 100vw, 2500px\" \/><\/div><\/figure><\/div><\/div>\n\n\n\n\n<figure class=\"wp-block-table alignwide\"><table><tbody><tr><td><strong>V\u00e5r plattform<\/strong><\/td><td><strong>Volda H\u00f8gre<\/strong><\/td><\/tr><tr><td>Vi har fleire d\u00f8me over heile kommunen p\u00e5 korleis vi kan skape flotte l\u00f8ysingar saman.<br><br>Gode vegar og kollektivl\u00f8ysingar er viktig for at folk og varer skal kome raskt og trygt fram.<br>\u00a0<br>Det handlar ogs\u00e5 om \u00e5 bygge st\u00f8rre bu- og arbeidsmarknad, som gjer at folk kan jobbe og bu der dei vil. Derfor vil H\u00f8gre bygge og vedlikehalde flere vegar og styrke kollektivtransporten som alternativ til bilen.<br><br>Vi vil st\u00f8tte opp om arbeid med \u00e5 ta vare p\u00e5 kultur og tradisjonar. <br>Medviten bruk av kulturarven v\u00e5r kan generere positiv aktivitet for heile kommunen og kommunen har etablert eit godt planverk for dette gjennom kommunedelplan.<br><br>I tillegg skal vi ha godt samarbeid og konstruktive samtalar med nabokommunene v\u00e5re.<br><\/td><td>Stemninga og \u00e5nda i intensjonsavtalen som vart inng\u00e5tt d\u00e5 dagens Volda kommune vart etablert skal framleis leggast til grunn i m\u00e5ten vi driv <em>heile<\/em> kommunen p\u00e5.<br>\u00a0<br>Innbyggarane i Volda skal ha god informasjon om og tilgang til kommunale tenester, fysisk eller digitalt, i heile kommunen.<br><br>Vedlikehald av kommunale vegar skal ha h\u00f8g prioritet.<br><br>Ferdigstilling av reguleringsplan for E39 Voldatunnelen skal prioriterast.<br><br>Vi skal p\u00e5virke og samarbeide godt med ansvarlege mynde for andre samferdselsomr\u00e5de om \u00d8rsta-Volda Lufthamn, om ferjetilbodet p\u00e5 Voldsfjorden, om utbygging av FV60 Grod\u00e5s-Hellesylt, strekninga E39 Byrkjelo-Svarstad-Grod\u00e5s, ny RV15 over Strynefjellet med arm til Geiranger, og andre viktige fylkesvegar og fjordkryssingar.<br><br>Volda H\u00f8gre vil prioritere tiltak for trafikktryggleik og mjuke trafikantar, slik som s\u00e5kalla hjartesoner rundt skular, fotgjengarfelt, veglys osv.<\/td><\/tr><\/tbody><\/table><\/figure>\n\n","protected":false},"excerpt":{"rendered":"","protected":false},"author":41878,"featured_media":0,"parent":0,"menu_order":0,"comment_status":"closed","ping_status":"closed","template":"","meta":{"teft_cards_image_url":"","teft_cards_custom_pretitle":"","teft_cards_image_id":0,"teft_cards_image_focal_point_x":0,"teft_cards_image_focal_point_y":0,"teft_cards_title":"","teft_cards_excerpt":"","teft_show_chapters":false,"footnotes":""},"class_list":["post-215","page","type-page","status-publish","hentry"],"yoast_head":"<!-- This site is optimized with the Yoast SEO plugin v26.6 - https:\/\/yoast.com\/wordpress\/plugins\/seo\/ -->\n<title>Eit parti som bind sentrum og bygdene saman - Volda H\u00f8gre<\/title>\n<meta name=\"robots\" content=\"index, follow, max-snippet:-1, max-image-preview:large, max-video-preview:-1\" \/>\n<link rel=\"canonical\" href=\"https:\/\/hoyre.no\/volda\/eit-parti-som-bind-sentrum-og-bygdene-saman\/\" \/>\n<meta property=\"og:locale\" content=\"nn_NO\" \/>\n<meta property=\"og:type\" content=\"article\" \/>\n<meta property=\"og:title\" content=\"Eit parti som bind sentrum og bygdene saman - Volda H\u00f8gre\" \/>\n<meta property=\"og:url\" content=\"https:\/\/hoyre.no\/volda\/eit-parti-som-bind-sentrum-og-bygdene-saman\/\" \/>\n<meta property=\"og:site_name\" content=\"Volda H\u00f8gre\" \/>\n<meta property=\"article:modified_time\" content=\"2023-07-03T17:27:07+00:00\" \/>\n<meta property=\"og:image\" content=\"https:\/\/hoyre.no\/content\/uploads\/sites\/89\/2022\/11\/Hoyres-logo.png\" \/>\n\t<meta property=\"og:image:width\" content=\"1000\" \/>\n\t<meta property=\"og:image:height\" content=\"1000\" \/>\n\t<meta property=\"og:image:type\" content=\"image\/png\" \/>\n<meta name=\"twitter:card\" content=\"summary_large_image\" \/>\n<meta name=\"twitter:label1\" content=\"Est. reading time\" \/>\n\t<meta name=\"twitter:data1\" content=\"2 minutt\" \/>\n<script type=\"application\/ld+json\" class=\"yoast-schema-graph\">{\"@context\":\"https:\/\/schema.org\",\"@graph\":[{\"@type\":\"WebPage\",\"@id\":\"https:\/\/hoyre.no\/volda\/eit-parti-som-bind-sentrum-og-bygdene-saman\/\",\"url\":\"https:\/\/hoyre.no\/volda\/eit-parti-som-bind-sentrum-og-bygdene-saman\/\",\"name\":\"Eit parti som bind sentrum og bygdene saman - Volda H\u00f8gre\",\"isPartOf\":{\"@id\":\"https:\/\/hoyre.no\/volda\/#website\"},\"datePublished\":\"2023-07-03T17:27:06+00:00\",\"dateModified\":\"2023-07-03T17:27:07+00:00\",\"breadcrumb\":{\"@id\":\"https:\/\/hoyre.no\/volda\/eit-parti-som-bind-sentrum-og-bygdene-saman\/#breadcrumb\"},\"inLanguage\":\"nn-NO\",\"potentialAction\":[{\"@type\":\"ReadAction\",\"target\":[\"https:\/\/hoyre.no\/volda\/eit-parti-som-bind-sentrum-og-bygdene-saman\/\"]}]},{\"@type\":\"BreadcrumbList\",\"@id\":\"https:\/\/hoyre.no\/volda\/eit-parti-som-bind-sentrum-og-bygdene-saman\/#breadcrumb\",\"itemListElement\":[{\"@type\":\"ListItem\",\"position\":1,\"name\":\"Til hoyre.no\",\"item\":\"https:\/\/hoyre.no\"},{\"@type\":\"ListItem\",\"position\":2,\"name\":\"Hjem\",\"item\":\"https:\/\/hoyre.no\/volda\/\"},{\"@type\":\"ListItem\",\"position\":3,\"name\":\"Eit parti som bind sentrum og bygdene saman\"}]},{\"@type\":\"WebSite\",\"@id\":\"https:\/\/hoyre.no\/volda\/#website\",\"url\":\"https:\/\/hoyre.no\/volda\/\",\"name\":\"Volda H\u00f8gre\",\"description\":\"Bare enda et H\u00f8yres nettsteder-nettsted\",\"inLanguage\":\"nn-NO\"}]}<\/script>\n<!-- \/ Yoast SEO plugin. -->","yoast_head_json":{"title":"Eit parti som bind sentrum og bygdene saman - Volda H\u00f8gre","robots":{"index":"index","follow":"follow","max-snippet":"max-snippet:-1","max-image-preview":"max-image-preview:large","max-video-preview":"max-video-preview:-1"},"canonical":"https:\/\/hoyre.no\/volda\/eit-parti-som-bind-sentrum-og-bygdene-saman\/","og_locale":"nn_NO","og_type":"article","og_title":"Eit parti som bind sentrum og bygdene saman - Volda H\u00f8gre","og_url":"https:\/\/hoyre.no\/volda\/eit-parti-som-bind-sentrum-og-bygdene-saman\/","og_site_name":"Volda H\u00f8gre","article_modified_time":"2023-07-03T17:27:07+00:00","og_image":[{"width":1000,"height":1000,"url":"https:\/\/hoyre.no\/content\/uploads\/sites\/89\/2022\/11\/Hoyres-logo.png","type":"image\/png"}],"twitter_card":"summary_large_image","twitter_misc":{"Est. reading time":"2 minutt"},"schema":{"@context":"https:\/\/schema.org","@graph":[{"@type":"WebPage","@id":"https:\/\/hoyre.no\/volda\/eit-parti-som-bind-sentrum-og-bygdene-saman\/","url":"https:\/\/hoyre.no\/volda\/eit-parti-som-bind-sentrum-og-bygdene-saman\/","name":"Eit parti som bind sentrum og bygdene saman - Volda H\u00f8gre","isPartOf":{"@id":"https:\/\/hoyre.no\/volda\/#website"},"datePublished":"2023-07-03T17:27:06+00:00","dateModified":"2023-07-03T17:27:07+00:00","breadcrumb":{"@id":"https:\/\/hoyre.no\/volda\/eit-parti-som-bind-sentrum-og-bygdene-saman\/#breadcrumb"},"inLanguage":"nn-NO","potentialAction":[{"@type":"ReadAction","target":["https:\/\/hoyre.no\/volda\/eit-parti-som-bind-sentrum-og-bygdene-saman\/"]}]},{"@type":"BreadcrumbList","@id":"https:\/\/hoyre.no\/volda\/eit-parti-som-bind-sentrum-og-bygdene-saman\/#breadcrumb","itemListElement":[{"@type":"ListItem","position":1,"name":"Til hoyre.no","item":"https:\/\/hoyre.no"},{"@type":"ListItem","position":2,"name":"Hjem","item":"https:\/\/hoyre.no\/volda\/"},{"@type":"ListItem","position":3,"name":"Eit parti som bind sentrum og bygdene saman"}]},{"@type":"WebSite","@id":"https:\/\/hoyre.no\/volda\/#website","url":"https:\/\/hoyre.no\/volda\/","name":"Volda H\u00f8gre","description":"Bare enda et H\u00f8yres nettsteder-nettsted","inLanguage":"nn-NO"}]}},"distributor_meta":false,"distributor_terms":false,"distributor_media":false,"distributor_original_site_name":"Volda H\u00f8gre","distributor_original_site_url":"https:\/\/hoyre.no\/volda","push-errors":false,"_links":{"self":[{"href":"https:\/\/hoyre.no\/volda\/wp-json\/wp\/v2\/pages\/215","targetHints":{"allow":["GET"]}}],"collection":[{"href":"https:\/\/hoyre.no\/volda\/wp-json\/wp\/v2\/pages"}],"about":[{"href":"https:\/\/hoyre.no\/volda\/wp-json\/wp\/v2\/types\/page"}],"author":[{"embeddable":true,"href":"https:\/\/hoyre.no\/volda\/wp-json\/wp\/v2\/users\/41878"}],"replies":[{"embeddable":true,"href":"https:\/\/hoyre.no\/volda\/wp-json\/wp\/v2\/comments?post=215"}],"version-history":[{"count":1,"href":"https:\/\/hoyre.no\/volda\/wp-json\/wp\/v2\/pages\/215\/revisions"}],"predecessor-version":[{"id":218,"href":"https:\/\/hoyre.no\/volda\/wp-json\/wp\/v2\/pages\/215\/revisions\/218"}],"wp:attachment":[{"href":"https:\/\/hoyre.no\/volda\/wp-json\/wp\/v2\/media?parent=215"}],"curies":[{"name":"wp","href":"https:\/\/api.w.org\/{rel}","templated":true}]}}