{"id":221,"date":"2023-07-03T19:32:27","date_gmt":"2023-07-03T17:32:27","guid":{"rendered":"https:\/\/hoyre.no\/volda\/?page_id=221"},"modified":"2023-07-03T19:32:27","modified_gmt":"2023-07-03T17:32:27","slug":"ei-stodig-driven-kommune-med-valfridom","status":"publish","type":"page","link":"https:\/\/hoyre.no\/volda\/ei-stodig-driven-kommune-med-valfridom\/","title":{"rendered":"Ei st\u00f8dig driven kommune med\u00a0 valfridom"},"content":{"rendered":"\n<div class=\"wp-block-hoyre-hero with-image-gradient text-color-light  has-media alignfull has-background\"><div class=\"hoyre-hero has-image\"><h1 class=\"title\"><strong>Ei st\u00f8dig driven kommune med\u00a0 valfridom<\/strong><\/h1><p class=\"preamble\">Volda H\u00f8gre st\u00e5r for langsiktig tenking og st\u00f8dig styring av kommunen p\u00e5 alle felt.<\/p>\t\t\t<div class=\"post-meta wp-block teft-byline-wrapper\">\n\t\t\t\t<div class=\"top\">\n\t\t\t\t\t<div class=\"signature\">\n\t\t\t\t\t\t<div class=\"teft-byline\">\n\t\t\t\t\t\t\t\t\t\t\t\t\t\t<div>\n\t\t\t\t\t\t\t\t<h3>H\u00f8yres redaksjon<\/h3>\t\t\t\t\t\t\t\t\n\t\t\t\t\t\t\t\t\t\t\t\t\t\t\t\t\t<span class=\"date\">Sist oppdatert: 3. juli 2023<\/span>\n\t\t\t\t\t\t\t\t\t\t\t\t\t\t\t\t\t\t\t\t\t\t\t\t\t<span class=\"reading-time\" itemprop=\"timeRequired\" content=\"PT1M\"><em>Ca. 1 minutter lesetid<\/em><\/span>\n\t\t\t\t\t\t\t\t\t\t\t\t\t\t\t<\/div>\n\t\t\t\t\t\t<\/div>\n\t\t\t\t\t<\/div>\n\t\t\t\t\t\t<div class=\"sharing\">\n\t\t<a class=\"share-button share-link copy-link\" data-copy=\"https:\/\/hoyre.no\/volda\/ei-stodig-driven-kommune-med-valfridom\/\" target=\"_blank\"><span class=\"screen-reader-text\">Del link<\/span><\/a>\n\t\t<a class=\"share-button share-twitter\" href=\"http:\/\/twitter.com\/share?text=Ei st\u00f8dig driven kommune med\u00a0 valfridom&#038;url=https:\/\/hoyre.no\/volda\/ei-stodig-driven-kommune-med-valfridom\/&#038;hashtags=Hoyre\" target=\"_blank\"><span class=\"screen-reader-text\">Del p\u00e5 twitter<\/span><\/a>\n\t\t<a class=\"share-button share-facebook\" href=\"https:\/\/www.facebook.com\/sharer\/sharer.php?u=https:\/\/hoyre.no\/volda\/ei-stodig-driven-kommune-med-valfridom\/\" target=\"_blank\"><span class=\"screen-reader-text\">Del p\u00e5 facebook<\/span><\/a>\n\t<\/div>\n\t\t\t\t\t<\/div>\n\t\t\t<\/div>\n\n\t\t\t<figure class=\"hoyre-image-wrapper\"><div class=\"hoyre-image\"><img loading=\"lazy\" decoding=\"async\" width=\"2500\" height=\"1875\" src=\"https:\/\/hoyre.no\/content\/uploads\/sites\/89\/2023\/07\/IMG_7360-scaled.jpg\" class=\"attachment-scaled size-scaled\" alt=\"\" style=\"object-position: 50% 50%\" srcset=\"https:\/\/hoyre.no\/content\/uploads\/sites\/89\/2023\/07\/IMG_7360-scaled.jpg 2500w, https:\/\/hoyre.no\/content\/uploads\/sites\/89\/2023\/07\/IMG_7360-300x225.jpg 300w, https:\/\/hoyre.no\/content\/uploads\/sites\/89\/2023\/07\/IMG_7360-1024x768.jpg 1024w, https:\/\/hoyre.no\/content\/uploads\/sites\/89\/2023\/07\/IMG_7360-768x576.jpg 768w, https:\/\/hoyre.no\/content\/uploads\/sites\/89\/2023\/07\/IMG_7360-1536x1152.jpg 1536w, https:\/\/hoyre.no\/content\/uploads\/sites\/89\/2023\/07\/IMG_7360-2048x1536.jpg 2048w\" sizes=\"auto, (max-width: 2500px) 100vw, 2500px\" \/><\/div><\/figure><\/div><\/div>\n\n\n\n\n<figure class=\"wp-block-table alignwide\"><table><tbody><tr><td><strong>V\u00e5r plattform<\/strong><\/td><td><strong>Volda H\u00f8gre<\/strong><\/td><\/tr><tr><td>St\u00f8dig styring vil kreve at vi m\u00e5 prioritere &#8211; noko kan prioriterast, medan anna m\u00e5 prioriterast ned.<br>\u00a0<br>Volda H\u00f8gre vil alltid gjere sitt beste til \u00e5 forklare innbyggarane om prioriteringar ein m\u00e5 gjere og kvifor det m\u00e5 prioriterast slik. \u00c6rleg og sakleg forklaring av fakta er sentralt i H\u00f8gre.<br><br>Vi bryr oss meir om kvaliteten i tenestene enn kven som driv dei. Vi skal alltid sikre at tilsette har ordna arbeidsvilk\u00e5r.<br><br>Du skal i prinsippet ha fridom til \u00e5 velge barnehage, vidareg\u00e5ande skule, sjukeheim, heimehjelp og behandlingsalternativ sj\u00f8lv.<br><\/td><td>God styring over tid gir handlefridom til \u00e5 l\u00f8yse saker vi vil prioritere.<br>\u00a0<br>I godt samarbeid med administrasjonen vil Volda H\u00f8gre syte for st\u00f8dige politiske prosessar der viktige avgjerdsler vert tekne s\u00e5 samstemt som mulig slik at det vert solide fleirtal med aksepterte og varige l\u00f8ysingar.<br><br>Volda H\u00f8gre sin ambisjon er at Volda kommune skal drivast minst s\u00e5 effektivt eller betre enn samanliknbare kommuner. Volda kommune er godt driven &#8211; kvifor ikkje vere litt ambisi\u00f8se p\u00e5 eigne vegne?<br><br>Drift p\u00e5 niv\u00e5 med eller litt betre enn andre kommuner, kan gi handlingsrom til \u00e5 prioritere opp det vi vil ha meir av.<\/td><\/tr><\/tbody><\/table><\/figure>\n\n","protected":false},"excerpt":{"rendered":"","protected":false},"author":41878,"featured_media":0,"parent":0,"menu_order":0,"comment_status":"closed","ping_status":"closed","template":"","meta":{"teft_cards_image_url":"","teft_cards_custom_pretitle":"","teft_cards_image_id":0,"teft_cards_image_focal_point_x":0,"teft_cards_image_focal_point_y":0,"teft_cards_title":"","teft_cards_excerpt":"","teft_show_chapters":false,"footnotes":""},"class_list":["post-221","page","type-page","status-publish","hentry"],"yoast_head":"<!-- This site is optimized with the Yoast SEO plugin v26.6 - https:\/\/yoast.com\/wordpress\/plugins\/seo\/ -->\n<title>Ei st\u00f8dig driven kommune med\u00a0 valfridom - Volda H\u00f8gre<\/title>\n<meta name=\"robots\" content=\"index, follow, max-snippet:-1, max-image-preview:large, max-video-preview:-1\" \/>\n<link rel=\"canonical\" href=\"https:\/\/hoyre.no\/volda\/ei-stodig-driven-kommune-med-valfridom\/\" \/>\n<meta property=\"og:locale\" content=\"nn_NO\" \/>\n<meta property=\"og:type\" content=\"article\" \/>\n<meta property=\"og:title\" content=\"Ei st\u00f8dig driven kommune med\u00a0 valfridom - Volda H\u00f8gre\" \/>\n<meta property=\"og:url\" content=\"https:\/\/hoyre.no\/volda\/ei-stodig-driven-kommune-med-valfridom\/\" \/>\n<meta property=\"og:site_name\" content=\"Volda H\u00f8gre\" \/>\n<meta property=\"og:image\" content=\"https:\/\/hoyre.no\/content\/uploads\/sites\/89\/2022\/11\/Hoyres-logo.png\" \/>\n\t<meta property=\"og:image:width\" content=\"1000\" \/>\n\t<meta property=\"og:image:height\" content=\"1000\" \/>\n\t<meta property=\"og:image:type\" content=\"image\/png\" \/>\n<meta name=\"twitter:card\" content=\"summary_large_image\" \/>\n<meta name=\"twitter:label1\" content=\"Est. reading time\" \/>\n\t<meta name=\"twitter:data1\" content=\"2 minutt\" \/>\n<script type=\"application\/ld+json\" class=\"yoast-schema-graph\">{\"@context\":\"https:\/\/schema.org\",\"@graph\":[{\"@type\":\"WebPage\",\"@id\":\"https:\/\/hoyre.no\/volda\/ei-stodig-driven-kommune-med-valfridom\/\",\"url\":\"https:\/\/hoyre.no\/volda\/ei-stodig-driven-kommune-med-valfridom\/\",\"name\":\"Ei st\u00f8dig driven kommune med\u00a0 valfridom - Volda H\u00f8gre\",\"isPartOf\":{\"@id\":\"https:\/\/hoyre.no\/volda\/#website\"},\"datePublished\":\"2023-07-03T17:32:27+00:00\",\"breadcrumb\":{\"@id\":\"https:\/\/hoyre.no\/volda\/ei-stodig-driven-kommune-med-valfridom\/#breadcrumb\"},\"inLanguage\":\"nn-NO\",\"potentialAction\":[{\"@type\":\"ReadAction\",\"target\":[\"https:\/\/hoyre.no\/volda\/ei-stodig-driven-kommune-med-valfridom\/\"]}]},{\"@type\":\"BreadcrumbList\",\"@id\":\"https:\/\/hoyre.no\/volda\/ei-stodig-driven-kommune-med-valfridom\/#breadcrumb\",\"itemListElement\":[{\"@type\":\"ListItem\",\"position\":1,\"name\":\"Til hoyre.no\",\"item\":\"https:\/\/hoyre.no\"},{\"@type\":\"ListItem\",\"position\":2,\"name\":\"Hjem\",\"item\":\"https:\/\/hoyre.no\/volda\/\"},{\"@type\":\"ListItem\",\"position\":3,\"name\":\"Ei st\u00f8dig driven kommune med\u00a0 valfridom\"}]},{\"@type\":\"WebSite\",\"@id\":\"https:\/\/hoyre.no\/volda\/#website\",\"url\":\"https:\/\/hoyre.no\/volda\/\",\"name\":\"Volda H\u00f8gre\",\"description\":\"Bare enda et H\u00f8yres nettsteder-nettsted\",\"inLanguage\":\"nn-NO\"}]}<\/script>\n<!-- \/ Yoast SEO plugin. -->","yoast_head_json":{"title":"Ei st\u00f8dig driven kommune med\u00a0 valfridom - Volda H\u00f8gre","robots":{"index":"index","follow":"follow","max-snippet":"max-snippet:-1","max-image-preview":"max-image-preview:large","max-video-preview":"max-video-preview:-1"},"canonical":"https:\/\/hoyre.no\/volda\/ei-stodig-driven-kommune-med-valfridom\/","og_locale":"nn_NO","og_type":"article","og_title":"Ei st\u00f8dig driven kommune med\u00a0 valfridom - Volda H\u00f8gre","og_url":"https:\/\/hoyre.no\/volda\/ei-stodig-driven-kommune-med-valfridom\/","og_site_name":"Volda H\u00f8gre","og_image":[{"width":1000,"height":1000,"url":"https:\/\/hoyre.no\/content\/uploads\/sites\/89\/2022\/11\/Hoyres-logo.png","type":"image\/png"}],"twitter_card":"summary_large_image","twitter_misc":{"Est. reading time":"2 minutt"},"schema":{"@context":"https:\/\/schema.org","@graph":[{"@type":"WebPage","@id":"https:\/\/hoyre.no\/volda\/ei-stodig-driven-kommune-med-valfridom\/","url":"https:\/\/hoyre.no\/volda\/ei-stodig-driven-kommune-med-valfridom\/","name":"Ei st\u00f8dig driven kommune med\u00a0 valfridom - Volda H\u00f8gre","isPartOf":{"@id":"https:\/\/hoyre.no\/volda\/#website"},"datePublished":"2023-07-03T17:32:27+00:00","breadcrumb":{"@id":"https:\/\/hoyre.no\/volda\/ei-stodig-driven-kommune-med-valfridom\/#breadcrumb"},"inLanguage":"nn-NO","potentialAction":[{"@type":"ReadAction","target":["https:\/\/hoyre.no\/volda\/ei-stodig-driven-kommune-med-valfridom\/"]}]},{"@type":"BreadcrumbList","@id":"https:\/\/hoyre.no\/volda\/ei-stodig-driven-kommune-med-valfridom\/#breadcrumb","itemListElement":[{"@type":"ListItem","position":1,"name":"Til hoyre.no","item":"https:\/\/hoyre.no"},{"@type":"ListItem","position":2,"name":"Hjem","item":"https:\/\/hoyre.no\/volda\/"},{"@type":"ListItem","position":3,"name":"Ei st\u00f8dig driven kommune med\u00a0 valfridom"}]},{"@type":"WebSite","@id":"https:\/\/hoyre.no\/volda\/#website","url":"https:\/\/hoyre.no\/volda\/","name":"Volda H\u00f8gre","description":"Bare enda et H\u00f8yres nettsteder-nettsted","inLanguage":"nn-NO"}]}},"distributor_meta":false,"distributor_terms":false,"distributor_media":false,"distributor_original_site_name":"Volda H\u00f8gre","distributor_original_site_url":"https:\/\/hoyre.no\/volda","push-errors":false,"_links":{"self":[{"href":"https:\/\/hoyre.no\/volda\/wp-json\/wp\/v2\/pages\/221","targetHints":{"allow":["GET"]}}],"collection":[{"href":"https:\/\/hoyre.no\/volda\/wp-json\/wp\/v2\/pages"}],"about":[{"href":"https:\/\/hoyre.no\/volda\/wp-json\/wp\/v2\/types\/page"}],"author":[{"embeddable":true,"href":"https:\/\/hoyre.no\/volda\/wp-json\/wp\/v2\/users\/41878"}],"replies":[{"embeddable":true,"href":"https:\/\/hoyre.no\/volda\/wp-json\/wp\/v2\/comments?post=221"}],"version-history":[{"count":1,"href":"https:\/\/hoyre.no\/volda\/wp-json\/wp\/v2\/pages\/221\/revisions"}],"predecessor-version":[{"id":223,"href":"https:\/\/hoyre.no\/volda\/wp-json\/wp\/v2\/pages\/221\/revisions\/223"}],"wp:attachment":[{"href":"https:\/\/hoyre.no\/volda\/wp-json\/wp\/v2\/media?parent=221"}],"curies":[{"name":"wp","href":"https:\/\/api.w.org\/{rel}","templated":true}]}}