{"id":244,"date":"2023-07-03T20:15:31","date_gmt":"2023-07-03T18:15:31","guid":{"rendered":"https:\/\/hoyre.no\/volda\/?page_id=244"},"modified":"2023-07-03T20:15:31","modified_gmt":"2023-07-03T18:15:31","slug":"heidi-berg-rusten-grevstad","status":"publish","type":"page","link":"https:\/\/hoyre.no\/volda\/heidi-berg-rusten-grevstad\/","title":{"rendered":"Heidi Berg-Rusten Grevstad"},"content":{"rendered":"\n<div class=\"wp-block-hoyre-hero with-image-gradient text-color-light  alignfull has-background\"><div class=\"hoyre-hero \"><h1 class=\"title\">Heidi Berg-Rusten Grevstad<\/h1><p class=\"preamble\">Heidi er andrekandidat og kumulert p\u00e5 lista<\/p><\/div><\/div>\n\n\n\n\n<figure class=\"wp-block-table\"><table><tbody><tr><td>Alder<\/td><td>39 \u00e5r (1983)<\/td><\/tr><tr><td>Bur<\/td><td>Volda sentrum<\/td><\/tr><tr><td>Sivilstatus<\/td><td>Gift med Paul Ottar Tornes, tre born<\/td><\/tr><tr><td>Bakgrunn<\/td><td>Heidi er oppvaksen i Volda sentrum<\/td><\/tr><tr><td>Utdanning<\/td><td>Jurist (Master of Law), Universitetet i Bergen<\/td><\/tr><tr><td>Jobb<\/td><td>Juridisk r\u00e5dgjevar<\/td><\/tr><tr><td>Arbeidsstad<\/td><td>H\u00f8gskulen i Volda<\/td><\/tr><tr><td>Fritidsaktivitetar<\/td><td>Tur i n\u00e6rleiken, matlaging, b\u00f8ker<\/td><\/tr><tr><td>Kvifor kommunepolitikar?<\/td><td>Ynskjer \u00e5 bidra til at Volda kommune er ein flott plass \u00e5 bu for b\u00e5de store og sm\u00e5<\/td><\/tr><tr><td>Kvifor H\u00f8gre?<\/td><td>Volda H\u00f8gre har dyktige mennesker som jobbar for dei beste l\u00f8ysingane innan b\u00e5de oppvekst og n\u00e6ring. Dette er noko eg brenn for<\/td><\/tr><\/tbody><\/table><\/figure>\n\n","protected":false},"excerpt":{"rendered":"","protected":false},"author":41878,"featured_media":0,"parent":0,"menu_order":0,"comment_status":"closed","ping_status":"closed","template":"","meta":{"teft_cards_image_url":"","teft_cards_custom_pretitle":"","teft_cards_image_id":0,"teft_cards_image_focal_point_x":0,"teft_cards_image_focal_point_y":0,"teft_cards_title":"","teft_cards_excerpt":"","teft_show_chapters":false,"footnotes":""},"class_list":["post-244","page","type-page","status-publish","hentry"],"yoast_head":"<!-- This site is optimized with the Yoast SEO plugin v26.6 - https:\/\/yoast.com\/wordpress\/plugins\/seo\/ -->\n<title>Heidi Berg-Rusten Grevstad - Volda H\u00f8gre<\/title>\n<meta name=\"robots\" content=\"index, follow, max-snippet:-1, max-image-preview:large, max-video-preview:-1\" \/>\n<link rel=\"canonical\" href=\"https:\/\/hoyre.no\/volda\/heidi-berg-rusten-grevstad\/\" \/>\n<meta property=\"og:locale\" content=\"nn_NO\" \/>\n<meta property=\"og:type\" content=\"article\" \/>\n<meta property=\"og:title\" content=\"Heidi Berg-Rusten Grevstad - Volda H\u00f8gre\" \/>\n<meta property=\"og:url\" content=\"https:\/\/hoyre.no\/volda\/heidi-berg-rusten-grevstad\/\" \/>\n<meta property=\"og:site_name\" content=\"Volda H\u00f8gre\" \/>\n<meta property=\"og:image\" content=\"https:\/\/hoyre.no\/content\/uploads\/sites\/89\/2022\/11\/Hoyres-logo.png\" \/>\n\t<meta property=\"og:image:width\" content=\"1000\" \/>\n\t<meta property=\"og:image:height\" content=\"1000\" \/>\n\t<meta property=\"og:image:type\" content=\"image\/png\" \/>\n<meta name=\"twitter:card\" content=\"summary_large_image\" \/>\n<meta name=\"twitter:label1\" content=\"Est. reading time\" \/>\n\t<meta name=\"twitter:data1\" content=\"1 minutt\" \/>\n<script type=\"application\/ld+json\" class=\"yoast-schema-graph\">{\"@context\":\"https:\/\/schema.org\",\"@graph\":[{\"@type\":\"WebPage\",\"@id\":\"https:\/\/hoyre.no\/volda\/heidi-berg-rusten-grevstad\/\",\"url\":\"https:\/\/hoyre.no\/volda\/heidi-berg-rusten-grevstad\/\",\"name\":\"Heidi Berg-Rusten Grevstad - Volda H\u00f8gre\",\"isPartOf\":{\"@id\":\"https:\/\/hoyre.no\/volda\/#website\"},\"datePublished\":\"2023-07-03T18:15:31+00:00\",\"breadcrumb\":{\"@id\":\"https:\/\/hoyre.no\/volda\/heidi-berg-rusten-grevstad\/#breadcrumb\"},\"inLanguage\":\"nn-NO\",\"potentialAction\":[{\"@type\":\"ReadAction\",\"target\":[\"https:\/\/hoyre.no\/volda\/heidi-berg-rusten-grevstad\/\"]}]},{\"@type\":\"BreadcrumbList\",\"@id\":\"https:\/\/hoyre.no\/volda\/heidi-berg-rusten-grevstad\/#breadcrumb\",\"itemListElement\":[{\"@type\":\"ListItem\",\"position\":1,\"name\":\"Til hoyre.no\",\"item\":\"https:\/\/hoyre.no\"},{\"@type\":\"ListItem\",\"position\":2,\"name\":\"Hjem\",\"item\":\"https:\/\/hoyre.no\/volda\/\"},{\"@type\":\"ListItem\",\"position\":3,\"name\":\"Heidi Berg-Rusten Grevstad\"}]},{\"@type\":\"WebSite\",\"@id\":\"https:\/\/hoyre.no\/volda\/#website\",\"url\":\"https:\/\/hoyre.no\/volda\/\",\"name\":\"Volda H\u00f8gre\",\"description\":\"Bare enda et H\u00f8yres nettsteder-nettsted\",\"inLanguage\":\"nn-NO\"}]}<\/script>\n<!-- \/ Yoast SEO plugin. -->","yoast_head_json":{"title":"Heidi Berg-Rusten Grevstad - Volda H\u00f8gre","robots":{"index":"index","follow":"follow","max-snippet":"max-snippet:-1","max-image-preview":"max-image-preview:large","max-video-preview":"max-video-preview:-1"},"canonical":"https:\/\/hoyre.no\/volda\/heidi-berg-rusten-grevstad\/","og_locale":"nn_NO","og_type":"article","og_title":"Heidi Berg-Rusten Grevstad - Volda H\u00f8gre","og_url":"https:\/\/hoyre.no\/volda\/heidi-berg-rusten-grevstad\/","og_site_name":"Volda H\u00f8gre","og_image":[{"width":1000,"height":1000,"url":"https:\/\/hoyre.no\/content\/uploads\/sites\/89\/2022\/11\/Hoyres-logo.png","type":"image\/png"}],"twitter_card":"summary_large_image","twitter_misc":{"Est. reading time":"1 minutt"},"schema":{"@context":"https:\/\/schema.org","@graph":[{"@type":"WebPage","@id":"https:\/\/hoyre.no\/volda\/heidi-berg-rusten-grevstad\/","url":"https:\/\/hoyre.no\/volda\/heidi-berg-rusten-grevstad\/","name":"Heidi Berg-Rusten Grevstad - Volda H\u00f8gre","isPartOf":{"@id":"https:\/\/hoyre.no\/volda\/#website"},"datePublished":"2023-07-03T18:15:31+00:00","breadcrumb":{"@id":"https:\/\/hoyre.no\/volda\/heidi-berg-rusten-grevstad\/#breadcrumb"},"inLanguage":"nn-NO","potentialAction":[{"@type":"ReadAction","target":["https:\/\/hoyre.no\/volda\/heidi-berg-rusten-grevstad\/"]}]},{"@type":"BreadcrumbList","@id":"https:\/\/hoyre.no\/volda\/heidi-berg-rusten-grevstad\/#breadcrumb","itemListElement":[{"@type":"ListItem","position":1,"name":"Til hoyre.no","item":"https:\/\/hoyre.no"},{"@type":"ListItem","position":2,"name":"Hjem","item":"https:\/\/hoyre.no\/volda\/"},{"@type":"ListItem","position":3,"name":"Heidi Berg-Rusten Grevstad"}]},{"@type":"WebSite","@id":"https:\/\/hoyre.no\/volda\/#website","url":"https:\/\/hoyre.no\/volda\/","name":"Volda H\u00f8gre","description":"Bare enda et H\u00f8yres nettsteder-nettsted","inLanguage":"nn-NO"}]}},"distributor_meta":false,"distributor_terms":false,"distributor_media":false,"distributor_original_site_name":"Volda H\u00f8gre","distributor_original_site_url":"https:\/\/hoyre.no\/volda","push-errors":false,"_links":{"self":[{"href":"https:\/\/hoyre.no\/volda\/wp-json\/wp\/v2\/pages\/244","targetHints":{"allow":["GET"]}}],"collection":[{"href":"https:\/\/hoyre.no\/volda\/wp-json\/wp\/v2\/pages"}],"about":[{"href":"https:\/\/hoyre.no\/volda\/wp-json\/wp\/v2\/types\/page"}],"author":[{"embeddable":true,"href":"https:\/\/hoyre.no\/volda\/wp-json\/wp\/v2\/users\/41878"}],"replies":[{"embeddable":true,"href":"https:\/\/hoyre.no\/volda\/wp-json\/wp\/v2\/comments?post=244"}],"version-history":[{"count":1,"href":"https:\/\/hoyre.no\/volda\/wp-json\/wp\/v2\/pages\/244\/revisions"}],"predecessor-version":[{"id":245,"href":"https:\/\/hoyre.no\/volda\/wp-json\/wp\/v2\/pages\/244\/revisions\/245"}],"wp:attachment":[{"href":"https:\/\/hoyre.no\/volda\/wp-json\/wp\/v2\/media?parent=244"}],"curies":[{"name":"wp","href":"https:\/\/api.w.org\/{rel}","templated":true}]}}