{"id":248,"date":"2023-07-03T20:25:09","date_gmt":"2023-07-03T18:25:09","guid":{"rendered":"https:\/\/hoyre.no\/volda\/?page_id=248"},"modified":"2023-07-07T09:33:54","modified_gmt":"2023-07-07T07:33:54","slug":"dan-helge-bjorneset","status":"publish","type":"page","link":"https:\/\/hoyre.no\/volda\/dan-helge-bjorneset\/","title":{"rendered":"Dan Helge Bj\u00f8rneset"},"content":{"rendered":"\n<div class=\"wp-block-hoyre-hero with-image-gradient text-color-light  alignfull has-background\"><div class=\"hoyre-hero \"><h1 class=\"title\"><strong>Dan Helge Bj\u00f8rneset<\/strong><\/h1><\/div><\/div>\n\n\n\n\n<figure class=\"wp-block-table\"><table><tbody><tr><td>Alder<\/td><td>65 \u00e5r (1958)<\/td><\/tr><tr><td>Bur<\/td><td>Volda sentrum<\/td><\/tr><tr><td>Sivilstatus<\/td><td>Gift, tre born, fire barnebarn<\/td><\/tr><tr><td>Bakgrunn<\/td><td>Dan er oppvaksen i Volda sentrum<\/td><\/tr><tr><td>Utdanning<\/td><td>Bedrifts\u00f8konom, BI \u00c5lesund<\/td><\/tr><tr><td>Jobb<\/td><td>Dagleg leiar<\/td><\/tr><tr><td>Arbeidsstad<\/td><td>Leikeland AS m.fl.<\/td><\/tr><tr><td>Fritidsaktivitetar<\/td><td>Musikk; Volda Hornmusikk, Ulstein Storband og Mixmasters.&nbsp; Spelar Saxofon og klarinett.Familieliv, hus og hage.Dan har vore aktiv i kommunepolitikk i tre perioder s\u00e5 langt og sit i kommunestyret og formannskapet. Dan er gruppeleiar for H\u00f8gre i inneverande periode.<\/td><\/tr><tr><td>Kvifor kommunepolitikar?<\/td><td>Viktig \u00e5 engasjere seg i lokalsamfunnet v\u00e5rt der ein gjennom bl.a. politikken kan vere med \u00e5 bidra til gode kommunale tenester og utviklinga i Volda generelt.<\/td><\/tr><tr><td>Kvifor H\u00f8gre?<\/td><td>H\u00f8gre sin liberalkonservative ideologi som bygg p\u00e5 at vi er ulike menneske med ulike behov, men at alle skal ha lik mulegheit til \u00e5 lykkast i livet er vesentleg.&nbsp; Og n\u00e5r H\u00f8gre ogs\u00e5 gjennom lang tid har bevist at dette ogs\u00e5 ligg til grunn i den praktiske politikken, d\u00e5 er valget lett for meg.<\/td><\/tr><\/tbody><\/table><\/figure>\n\n","protected":false},"excerpt":{"rendered":"","protected":false},"author":41878,"featured_media":0,"parent":0,"menu_order":0,"comment_status":"closed","ping_status":"closed","template":"","meta":{"teft_cards_image_url":"","teft_cards_custom_pretitle":"","teft_cards_image_id":0,"teft_cards_image_focal_point_x":0,"teft_cards_image_focal_point_y":0,"teft_cards_title":"","teft_cards_excerpt":"","teft_show_chapters":false,"footnotes":""},"class_list":["post-248","page","type-page","status-publish","hentry"],"yoast_head":"<!-- This site is optimized with the Yoast SEO plugin v26.6 - https:\/\/yoast.com\/wordpress\/plugins\/seo\/ -->\n<title>Dan Helge Bj\u00f8rneset - Volda H\u00f8gre<\/title>\n<meta name=\"robots\" content=\"index, follow, max-snippet:-1, max-image-preview:large, max-video-preview:-1\" \/>\n<link rel=\"canonical\" href=\"https:\/\/hoyre.no\/volda\/dan-helge-bjorneset\/\" \/>\n<meta property=\"og:locale\" content=\"nn_NO\" \/>\n<meta property=\"og:type\" content=\"article\" \/>\n<meta property=\"og:title\" content=\"Dan Helge Bj\u00f8rneset - Volda H\u00f8gre\" \/>\n<meta property=\"og:url\" content=\"https:\/\/hoyre.no\/volda\/dan-helge-bjorneset\/\" \/>\n<meta property=\"og:site_name\" content=\"Volda H\u00f8gre\" \/>\n<meta property=\"article:modified_time\" content=\"2023-07-07T07:33:54+00:00\" \/>\n<meta property=\"og:image\" content=\"https:\/\/hoyre.no\/content\/uploads\/sites\/89\/2022\/11\/Hoyres-logo.png\" \/>\n\t<meta property=\"og:image:width\" content=\"1000\" \/>\n\t<meta property=\"og:image:height\" content=\"1000\" \/>\n\t<meta property=\"og:image:type\" content=\"image\/png\" \/>\n<meta name=\"twitter:card\" content=\"summary_large_image\" \/>\n<meta name=\"twitter:label1\" content=\"Est. reading time\" \/>\n\t<meta name=\"twitter:data1\" content=\"1 minutt\" \/>\n<script type=\"application\/ld+json\" class=\"yoast-schema-graph\">{\"@context\":\"https:\/\/schema.org\",\"@graph\":[{\"@type\":\"WebPage\",\"@id\":\"https:\/\/hoyre.no\/volda\/dan-helge-bjorneset\/\",\"url\":\"https:\/\/hoyre.no\/volda\/dan-helge-bjorneset\/\",\"name\":\"Dan Helge Bj\u00f8rneset - Volda H\u00f8gre\",\"isPartOf\":{\"@id\":\"https:\/\/hoyre.no\/volda\/#website\"},\"datePublished\":\"2023-07-03T18:25:09+00:00\",\"dateModified\":\"2023-07-07T07:33:54+00:00\",\"breadcrumb\":{\"@id\":\"https:\/\/hoyre.no\/volda\/dan-helge-bjorneset\/#breadcrumb\"},\"inLanguage\":\"nn-NO\",\"potentialAction\":[{\"@type\":\"ReadAction\",\"target\":[\"https:\/\/hoyre.no\/volda\/dan-helge-bjorneset\/\"]}]},{\"@type\":\"BreadcrumbList\",\"@id\":\"https:\/\/hoyre.no\/volda\/dan-helge-bjorneset\/#breadcrumb\",\"itemListElement\":[{\"@type\":\"ListItem\",\"position\":1,\"name\":\"Til hoyre.no\",\"item\":\"https:\/\/hoyre.no\"},{\"@type\":\"ListItem\",\"position\":2,\"name\":\"Hjem\",\"item\":\"https:\/\/hoyre.no\/volda\/\"},{\"@type\":\"ListItem\",\"position\":3,\"name\":\"Dan Helge Bj\u00f8rneset\"}]},{\"@type\":\"WebSite\",\"@id\":\"https:\/\/hoyre.no\/volda\/#website\",\"url\":\"https:\/\/hoyre.no\/volda\/\",\"name\":\"Volda H\u00f8gre\",\"description\":\"Bare enda et H\u00f8yres nettsteder-nettsted\",\"inLanguage\":\"nn-NO\"}]}<\/script>\n<!-- \/ Yoast SEO plugin. -->","yoast_head_json":{"title":"Dan Helge Bj\u00f8rneset - Volda H\u00f8gre","robots":{"index":"index","follow":"follow","max-snippet":"max-snippet:-1","max-image-preview":"max-image-preview:large","max-video-preview":"max-video-preview:-1"},"canonical":"https:\/\/hoyre.no\/volda\/dan-helge-bjorneset\/","og_locale":"nn_NO","og_type":"article","og_title":"Dan Helge Bj\u00f8rneset - Volda H\u00f8gre","og_url":"https:\/\/hoyre.no\/volda\/dan-helge-bjorneset\/","og_site_name":"Volda H\u00f8gre","article_modified_time":"2023-07-07T07:33:54+00:00","og_image":[{"width":1000,"height":1000,"url":"https:\/\/hoyre.no\/content\/uploads\/sites\/89\/2022\/11\/Hoyres-logo.png","type":"image\/png"}],"twitter_card":"summary_large_image","twitter_misc":{"Est. reading time":"1 minutt"},"schema":{"@context":"https:\/\/schema.org","@graph":[{"@type":"WebPage","@id":"https:\/\/hoyre.no\/volda\/dan-helge-bjorneset\/","url":"https:\/\/hoyre.no\/volda\/dan-helge-bjorneset\/","name":"Dan Helge Bj\u00f8rneset - Volda H\u00f8gre","isPartOf":{"@id":"https:\/\/hoyre.no\/volda\/#website"},"datePublished":"2023-07-03T18:25:09+00:00","dateModified":"2023-07-07T07:33:54+00:00","breadcrumb":{"@id":"https:\/\/hoyre.no\/volda\/dan-helge-bjorneset\/#breadcrumb"},"inLanguage":"nn-NO","potentialAction":[{"@type":"ReadAction","target":["https:\/\/hoyre.no\/volda\/dan-helge-bjorneset\/"]}]},{"@type":"BreadcrumbList","@id":"https:\/\/hoyre.no\/volda\/dan-helge-bjorneset\/#breadcrumb","itemListElement":[{"@type":"ListItem","position":1,"name":"Til hoyre.no","item":"https:\/\/hoyre.no"},{"@type":"ListItem","position":2,"name":"Hjem","item":"https:\/\/hoyre.no\/volda\/"},{"@type":"ListItem","position":3,"name":"Dan Helge Bj\u00f8rneset"}]},{"@type":"WebSite","@id":"https:\/\/hoyre.no\/volda\/#website","url":"https:\/\/hoyre.no\/volda\/","name":"Volda H\u00f8gre","description":"Bare enda et H\u00f8yres nettsteder-nettsted","inLanguage":"nn-NO"}]}},"distributor_meta":false,"distributor_terms":false,"distributor_media":false,"distributor_original_site_name":"Volda H\u00f8gre","distributor_original_site_url":"https:\/\/hoyre.no\/volda","push-errors":false,"_links":{"self":[{"href":"https:\/\/hoyre.no\/volda\/wp-json\/wp\/v2\/pages\/248","targetHints":{"allow":["GET"]}}],"collection":[{"href":"https:\/\/hoyre.no\/volda\/wp-json\/wp\/v2\/pages"}],"about":[{"href":"https:\/\/hoyre.no\/volda\/wp-json\/wp\/v2\/types\/page"}],"author":[{"embeddable":true,"href":"https:\/\/hoyre.no\/volda\/wp-json\/wp\/v2\/users\/41878"}],"replies":[{"embeddable":true,"href":"https:\/\/hoyre.no\/volda\/wp-json\/wp\/v2\/comments?post=248"}],"version-history":[{"count":3,"href":"https:\/\/hoyre.no\/volda\/wp-json\/wp\/v2\/pages\/248\/revisions"}],"predecessor-version":[{"id":410,"href":"https:\/\/hoyre.no\/volda\/wp-json\/wp\/v2\/pages\/248\/revisions\/410"}],"wp:attachment":[{"href":"https:\/\/hoyre.no\/volda\/wp-json\/wp\/v2\/media?parent=248"}],"curies":[{"name":"wp","href":"https:\/\/api.w.org\/{rel}","templated":true}]}}