{"id":268,"date":"2023-07-03T20:45:38","date_gmt":"2023-07-03T18:45:38","guid":{"rendered":"https:\/\/hoyre.no\/volda\/?page_id=268"},"modified":"2023-07-03T20:45:39","modified_gmt":"2023-07-03T18:45:39","slug":"edvin-dale","status":"publish","type":"page","link":"https:\/\/hoyre.no\/volda\/edvin-dale\/","title":{"rendered":"Edvin Dale"},"content":{"rendered":"\n<div class=\"wp-block-hoyre-hero with-image-gradient text-color-light  alignfull has-background\"><div class=\"hoyre-hero \"><h1 class=\"title\">Edvin Dale<\/h1><\/div><\/div>\n\n\n\n\n<figure class=\"wp-block-table\"><table><tbody><tr><td>Alder<\/td><td>48 \u00e5r (1975)<\/td><\/tr><tr><td>Bur<\/td><td>Ulvestad<\/td><\/tr><tr><td>Sivilstatus<\/td><td>Gift med Cecilie Dale, to born<\/td><\/tr><tr><td>Bakgrunn<\/td><td>Edvin er oppvaksen p\u00e5 Dale i Dalsfjorden. Har budd vekke ifbm studier i Stryn og \u00c5lesund. Seinare ei periode i Steinsvika Dalsfjord, og bur no p\u00e5 Ulvestad<br>Har lang erfaring som anleggsentrepren\u00f8r, har vore innom anleggsledelse og prosjektledelse. Men hovedfokus har vore geomatikk.<br>Jobbar i dag som selgar, support, service og mont\u00f8r av anleggsteknologi med hovednedslagsfelt p\u00e5 maskinentrepren\u00f8rar.<br>Kommunestyrerepresentant i to f\u00f8reg\u00e5ande perioder. Og har site som leiar for THO siste perioda.<\/td><\/tr><tr><td>Utdanning<\/td><td>Ingeni\u00f8r Bygg, NTNU \u00c5lesund<\/td><\/tr><tr><td>Jobb<\/td><td>Salgsteknikar<\/td><\/tr><tr><td>Arbeidsstad<\/td><td>Hella Maskin AS<\/td><\/tr><tr><td>Fritidsaktivitetar<\/td><td>Kan delta p\u00e5 det meste l\u00f8p, ski og sykkel. Er generelt glad i alle treningstilbuda hj\u00e5 Family i Volda.Aktiv campingvogn brukar, b\u00e5de ferieturar og helgekos.Har end\u00e5 rikelig med hageprosjekt rundt eige hus, som eg gledar meg n\u00e5r eg f\u00e5r tid til \u00e5 styre med.<\/td><\/tr><tr><td>Kvifor kommunepolitikar?<\/td><td>Fordi eg trur p\u00e5verknad ut til enkeltmennesket skjer i eit samspel mellom administrasjon og kommunestyret. Eg som politikar i Volda so kan eg f\u00e5 vere med p\u00e5 \u00e5 forme dette til gode tenester.<\/td><\/tr><tr><td>Kvifor H\u00f8gre?<\/td><td>H\u00f8gre har eit breidt program til \u00e5 dekke alle tenester Volda kommune skal gi.<\/td><\/tr><\/tbody><\/table><\/figure>\n\n","protected":false},"excerpt":{"rendered":"","protected":false},"author":41878,"featured_media":0,"parent":0,"menu_order":0,"comment_status":"closed","ping_status":"closed","template":"","meta":{"teft_cards_image_url":"","teft_cards_custom_pretitle":"","teft_cards_image_id":0,"teft_cards_image_focal_point_x":0,"teft_cards_image_focal_point_y":0,"teft_cards_title":"","teft_cards_excerpt":"","teft_show_chapters":false,"footnotes":""},"class_list":["post-268","page","type-page","status-publish","hentry"],"yoast_head":"<!-- This site is optimized with the Yoast SEO plugin v26.6 - https:\/\/yoast.com\/wordpress\/plugins\/seo\/ -->\n<title>Edvin Dale - Volda H\u00f8gre<\/title>\n<meta name=\"robots\" content=\"index, follow, max-snippet:-1, max-image-preview:large, max-video-preview:-1\" \/>\n<link rel=\"canonical\" href=\"https:\/\/hoyre.no\/volda\/edvin-dale\/\" \/>\n<meta property=\"og:locale\" content=\"nn_NO\" \/>\n<meta property=\"og:type\" content=\"article\" \/>\n<meta property=\"og:title\" content=\"Edvin Dale - Volda H\u00f8gre\" \/>\n<meta property=\"og:url\" content=\"https:\/\/hoyre.no\/volda\/edvin-dale\/\" \/>\n<meta property=\"og:site_name\" content=\"Volda H\u00f8gre\" \/>\n<meta property=\"article:modified_time\" content=\"2023-07-03T18:45:39+00:00\" \/>\n<meta property=\"og:image\" content=\"https:\/\/hoyre.no\/content\/uploads\/sites\/89\/2022\/11\/Hoyres-logo.png\" \/>\n\t<meta property=\"og:image:width\" content=\"1000\" \/>\n\t<meta property=\"og:image:height\" content=\"1000\" \/>\n\t<meta property=\"og:image:type\" content=\"image\/png\" \/>\n<meta name=\"twitter:card\" content=\"summary_large_image\" \/>\n<meta name=\"twitter:label1\" content=\"Est. reading time\" \/>\n\t<meta name=\"twitter:data1\" content=\"2 minutt\" \/>\n<script type=\"application\/ld+json\" class=\"yoast-schema-graph\">{\"@context\":\"https:\/\/schema.org\",\"@graph\":[{\"@type\":\"WebPage\",\"@id\":\"https:\/\/hoyre.no\/volda\/edvin-dale\/\",\"url\":\"https:\/\/hoyre.no\/volda\/edvin-dale\/\",\"name\":\"Edvin Dale - Volda H\u00f8gre\",\"isPartOf\":{\"@id\":\"https:\/\/hoyre.no\/volda\/#website\"},\"datePublished\":\"2023-07-03T18:45:38+00:00\",\"dateModified\":\"2023-07-03T18:45:39+00:00\",\"breadcrumb\":{\"@id\":\"https:\/\/hoyre.no\/volda\/edvin-dale\/#breadcrumb\"},\"inLanguage\":\"nn-NO\",\"potentialAction\":[{\"@type\":\"ReadAction\",\"target\":[\"https:\/\/hoyre.no\/volda\/edvin-dale\/\"]}]},{\"@type\":\"BreadcrumbList\",\"@id\":\"https:\/\/hoyre.no\/volda\/edvin-dale\/#breadcrumb\",\"itemListElement\":[{\"@type\":\"ListItem\",\"position\":1,\"name\":\"Til hoyre.no\",\"item\":\"https:\/\/hoyre.no\"},{\"@type\":\"ListItem\",\"position\":2,\"name\":\"Hjem\",\"item\":\"https:\/\/hoyre.no\/volda\/\"},{\"@type\":\"ListItem\",\"position\":3,\"name\":\"Edvin Dale\"}]},{\"@type\":\"WebSite\",\"@id\":\"https:\/\/hoyre.no\/volda\/#website\",\"url\":\"https:\/\/hoyre.no\/volda\/\",\"name\":\"Volda H\u00f8gre\",\"description\":\"Bare enda et H\u00f8yres nettsteder-nettsted\",\"inLanguage\":\"nn-NO\"}]}<\/script>\n<!-- \/ Yoast SEO plugin. -->","yoast_head_json":{"title":"Edvin Dale - Volda H\u00f8gre","robots":{"index":"index","follow":"follow","max-snippet":"max-snippet:-1","max-image-preview":"max-image-preview:large","max-video-preview":"max-video-preview:-1"},"canonical":"https:\/\/hoyre.no\/volda\/edvin-dale\/","og_locale":"nn_NO","og_type":"article","og_title":"Edvin Dale - Volda H\u00f8gre","og_url":"https:\/\/hoyre.no\/volda\/edvin-dale\/","og_site_name":"Volda H\u00f8gre","article_modified_time":"2023-07-03T18:45:39+00:00","og_image":[{"width":1000,"height":1000,"url":"https:\/\/hoyre.no\/content\/uploads\/sites\/89\/2022\/11\/Hoyres-logo.png","type":"image\/png"}],"twitter_card":"summary_large_image","twitter_misc":{"Est. reading time":"2 minutt"},"schema":{"@context":"https:\/\/schema.org","@graph":[{"@type":"WebPage","@id":"https:\/\/hoyre.no\/volda\/edvin-dale\/","url":"https:\/\/hoyre.no\/volda\/edvin-dale\/","name":"Edvin Dale - Volda H\u00f8gre","isPartOf":{"@id":"https:\/\/hoyre.no\/volda\/#website"},"datePublished":"2023-07-03T18:45:38+00:00","dateModified":"2023-07-03T18:45:39+00:00","breadcrumb":{"@id":"https:\/\/hoyre.no\/volda\/edvin-dale\/#breadcrumb"},"inLanguage":"nn-NO","potentialAction":[{"@type":"ReadAction","target":["https:\/\/hoyre.no\/volda\/edvin-dale\/"]}]},{"@type":"BreadcrumbList","@id":"https:\/\/hoyre.no\/volda\/edvin-dale\/#breadcrumb","itemListElement":[{"@type":"ListItem","position":1,"name":"Til hoyre.no","item":"https:\/\/hoyre.no"},{"@type":"ListItem","position":2,"name":"Hjem","item":"https:\/\/hoyre.no\/volda\/"},{"@type":"ListItem","position":3,"name":"Edvin Dale"}]},{"@type":"WebSite","@id":"https:\/\/hoyre.no\/volda\/#website","url":"https:\/\/hoyre.no\/volda\/","name":"Volda H\u00f8gre","description":"Bare enda et H\u00f8yres nettsteder-nettsted","inLanguage":"nn-NO"}]}},"distributor_meta":false,"distributor_terms":false,"distributor_media":false,"distributor_original_site_name":"Volda H\u00f8gre","distributor_original_site_url":"https:\/\/hoyre.no\/volda","push-errors":false,"_links":{"self":[{"href":"https:\/\/hoyre.no\/volda\/wp-json\/wp\/v2\/pages\/268","targetHints":{"allow":["GET"]}}],"collection":[{"href":"https:\/\/hoyre.no\/volda\/wp-json\/wp\/v2\/pages"}],"about":[{"href":"https:\/\/hoyre.no\/volda\/wp-json\/wp\/v2\/types\/page"}],"author":[{"embeddable":true,"href":"https:\/\/hoyre.no\/volda\/wp-json\/wp\/v2\/users\/41878"}],"replies":[{"embeddable":true,"href":"https:\/\/hoyre.no\/volda\/wp-json\/wp\/v2\/comments?post=268"}],"version-history":[{"count":1,"href":"https:\/\/hoyre.no\/volda\/wp-json\/wp\/v2\/pages\/268\/revisions"}],"predecessor-version":[{"id":269,"href":"https:\/\/hoyre.no\/volda\/wp-json\/wp\/v2\/pages\/268\/revisions\/269"}],"wp:attachment":[{"href":"https:\/\/hoyre.no\/volda\/wp-json\/wp\/v2\/media?parent=268"}],"curies":[{"name":"wp","href":"https:\/\/api.w.org\/{rel}","templated":true}]}}