{"id":289,"date":"2023-07-03T20:59:04","date_gmt":"2023-07-03T18:59:04","guid":{"rendered":"https:\/\/hoyre.no\/volda\/?page_id=289"},"modified":"2023-07-03T21:57:46","modified_gmt":"2023-07-03T19:57:46","slug":"synnove-berg-rusten-grevstad","status":"publish","type":"page","link":"https:\/\/hoyre.no\/volda\/synnove-berg-rusten-grevstad\/","title":{"rendered":"Synn\u00f8ve Berg-Rusten\u00a0 Grevstad"},"content":{"rendered":"\n<div class=\"wp-block-hoyre-hero with-image-gradient text-color-light  alignfull has-background\"><div class=\"hoyre-hero \"><h1 class=\"title\"><strong>Synn\u00f8ve Berg-Rusten\u00a0 Grevstad<\/strong><\/h1><\/div><\/div>\n\n\n\n\n<figure class=\"wp-block-table\"><table><tbody><tr><td>Alder<\/td><td>43 \u00e5r (1980)<\/td><\/tr><tr><td>Bur<\/td><td>Volda sentrum<\/td><\/tr><tr><td>Sivilstatus<\/td><td>Sambuar, to born<\/td><\/tr><tr><td>Bakgrunn<\/td><td>Synn\u00f8ve er oppvaksen i Volda<\/td><\/tr><tr><td>Utdanning<\/td><td>Barnehagel\u00e6rar, H\u00f8gskulen i Volda<\/td><\/tr><tr><td>Jobb<\/td><td>Pedagogisk leiar<\/td><\/tr><tr><td>Arbeidsstad<\/td><td>Folkestad Barnehage<\/td><\/tr><tr><td>Fritidsaktivitetar<\/td><td>Lese b\u00f8ker, strikke, fjellturer og turer i skog og mark, familien, speider, organisere og rydde, frivillig arbeid, venner, trening. Selgar for Tupperware<\/td><\/tr><tr><td>Kvifor kommunepolitikar?<\/td><td>Eg ville l\u00e6re meir, engasjere meg og gjere Volda til ein bedre plass \u00e5 bu, samt treffe nye engasjerte folk som eg kan l\u00e6re meir av<\/td><\/tr><tr><td>Kvifor H\u00f8gre?<\/td><td>Alle parti vil mykje det samme med ulike m\u00e5ter \u00e5 komme dit p\u00e5. F\u00f8rst og fremst liker eg menneska som er her. Det er eit parti med gamle og unge, arbeidstakerar og uf\u00f8re, folk som jobber i staten og folk som jobber privat &#8211; det er et parti for alle.<br><br>Det aller viktigste syns eg er barnehage og skulepolitikken til H\u00f8gre. Ein skule tilrettelagt for alle, ogs\u00e5 for dei som ikkje er teoretisk &laquo;flinke&raquo;, og at dei vil ha meir yrkesfag inn i skulen. Det er eit parti som ser b\u00e5de dei som jobber i stat og dei som jobber privat, og at vi skal jobber meir sammen for \u00e5 f\u00e5 ett bedre tilbud til kvar enkelt.<br><br>H\u00f8gre jobber og for eit betre skattesystem som gjer at vi sit igjen med meir av l\u00f8na v\u00e5r, noko eg trur blir viktig framover med auka prisar\/renter\/levekostnader.<br><br>P\u00e5 kommunalt niv\u00e5 likar eg at her er takh\u00f8yde for at vi er ulike og uenige i nokre saker, men at vi kan diskutere det rolig og saklig. Vi er ulike som menneske og det er takh\u00f8gde for at vi er ulike. Born og oppvekst er viktig for meg og lokalt vil me jobbe for ein betre skule der ein ser kvar enkelt elev. Jobbe for betre psykisk helsevern, og at alle barn skal f\u00e5 ha muligheit til \u00e5 g\u00e5 p\u00e5 ein fritidsaktivitet. Eg brenn for at barn skal ha det bra og at alle skal ha ein god og trygg barndom.<\/td><\/tr><\/tbody><\/table><\/figure>\n\n","protected":false},"excerpt":{"rendered":"","protected":false},"author":41878,"featured_media":0,"parent":0,"menu_order":0,"comment_status":"closed","ping_status":"closed","template":"","meta":{"teft_cards_image_url":"","teft_cards_custom_pretitle":"","teft_cards_image_id":0,"teft_cards_image_focal_point_x":0,"teft_cards_image_focal_point_y":0,"teft_cards_title":"","teft_cards_excerpt":"","teft_show_chapters":false,"footnotes":""},"class_list":["post-289","page","type-page","status-publish","hentry"],"yoast_head":"<!-- This site is optimized with the Yoast SEO plugin v26.6 - https:\/\/yoast.com\/wordpress\/plugins\/seo\/ -->\n<title>Synn\u00f8ve Berg-Rusten\u00a0 Grevstad - Volda H\u00f8gre<\/title>\n<meta name=\"robots\" content=\"index, follow, max-snippet:-1, max-image-preview:large, max-video-preview:-1\" \/>\n<link rel=\"canonical\" href=\"https:\/\/hoyre.no\/volda\/synnove-berg-rusten-grevstad\/\" \/>\n<meta property=\"og:locale\" content=\"nn_NO\" \/>\n<meta property=\"og:type\" content=\"article\" \/>\n<meta property=\"og:title\" content=\"Synn\u00f8ve Berg-Rusten\u00a0 Grevstad - Volda H\u00f8gre\" \/>\n<meta property=\"og:url\" content=\"https:\/\/hoyre.no\/volda\/synnove-berg-rusten-grevstad\/\" \/>\n<meta property=\"og:site_name\" content=\"Volda H\u00f8gre\" \/>\n<meta property=\"article:modified_time\" content=\"2023-07-03T19:57:46+00:00\" \/>\n<meta property=\"og:image\" content=\"https:\/\/hoyre.no\/content\/uploads\/sites\/89\/2022\/11\/Hoyres-logo.png\" \/>\n\t<meta property=\"og:image:width\" content=\"1000\" \/>\n\t<meta property=\"og:image:height\" content=\"1000\" \/>\n\t<meta property=\"og:image:type\" content=\"image\/png\" \/>\n<meta name=\"twitter:card\" content=\"summary_large_image\" \/>\n<meta name=\"twitter:label1\" content=\"Est. reading time\" \/>\n\t<meta name=\"twitter:data1\" content=\"2 minutt\" \/>\n<script type=\"application\/ld+json\" class=\"yoast-schema-graph\">{\"@context\":\"https:\/\/schema.org\",\"@graph\":[{\"@type\":\"WebPage\",\"@id\":\"https:\/\/hoyre.no\/volda\/synnove-berg-rusten-grevstad\/\",\"url\":\"https:\/\/hoyre.no\/volda\/synnove-berg-rusten-grevstad\/\",\"name\":\"Synn\u00f8ve Berg-Rusten\u00a0 Grevstad - Volda H\u00f8gre\",\"isPartOf\":{\"@id\":\"https:\/\/hoyre.no\/volda\/#website\"},\"datePublished\":\"2023-07-03T18:59:04+00:00\",\"dateModified\":\"2023-07-03T19:57:46+00:00\",\"breadcrumb\":{\"@id\":\"https:\/\/hoyre.no\/volda\/synnove-berg-rusten-grevstad\/#breadcrumb\"},\"inLanguage\":\"nn-NO\",\"potentialAction\":[{\"@type\":\"ReadAction\",\"target\":[\"https:\/\/hoyre.no\/volda\/synnove-berg-rusten-grevstad\/\"]}]},{\"@type\":\"BreadcrumbList\",\"@id\":\"https:\/\/hoyre.no\/volda\/synnove-berg-rusten-grevstad\/#breadcrumb\",\"itemListElement\":[{\"@type\":\"ListItem\",\"position\":1,\"name\":\"Til hoyre.no\",\"item\":\"https:\/\/hoyre.no\"},{\"@type\":\"ListItem\",\"position\":2,\"name\":\"Hjem\",\"item\":\"https:\/\/hoyre.no\/volda\/\"},{\"@type\":\"ListItem\",\"position\":3,\"name\":\"Synn\u00f8ve Berg-Rusten\u00a0 Grevstad\"}]},{\"@type\":\"WebSite\",\"@id\":\"https:\/\/hoyre.no\/volda\/#website\",\"url\":\"https:\/\/hoyre.no\/volda\/\",\"name\":\"Volda H\u00f8gre\",\"description\":\"Bare enda et H\u00f8yres nettsteder-nettsted\",\"inLanguage\":\"nn-NO\"}]}<\/script>\n<!-- \/ Yoast SEO plugin. -->","yoast_head_json":{"title":"Synn\u00f8ve Berg-Rusten\u00a0 Grevstad - Volda H\u00f8gre","robots":{"index":"index","follow":"follow","max-snippet":"max-snippet:-1","max-image-preview":"max-image-preview:large","max-video-preview":"max-video-preview:-1"},"canonical":"https:\/\/hoyre.no\/volda\/synnove-berg-rusten-grevstad\/","og_locale":"nn_NO","og_type":"article","og_title":"Synn\u00f8ve Berg-Rusten\u00a0 Grevstad - Volda H\u00f8gre","og_url":"https:\/\/hoyre.no\/volda\/synnove-berg-rusten-grevstad\/","og_site_name":"Volda H\u00f8gre","article_modified_time":"2023-07-03T19:57:46+00:00","og_image":[{"width":1000,"height":1000,"url":"https:\/\/hoyre.no\/content\/uploads\/sites\/89\/2022\/11\/Hoyres-logo.png","type":"image\/png"}],"twitter_card":"summary_large_image","twitter_misc":{"Est. reading time":"2 minutt"},"schema":{"@context":"https:\/\/schema.org","@graph":[{"@type":"WebPage","@id":"https:\/\/hoyre.no\/volda\/synnove-berg-rusten-grevstad\/","url":"https:\/\/hoyre.no\/volda\/synnove-berg-rusten-grevstad\/","name":"Synn\u00f8ve Berg-Rusten\u00a0 Grevstad - Volda H\u00f8gre","isPartOf":{"@id":"https:\/\/hoyre.no\/volda\/#website"},"datePublished":"2023-07-03T18:59:04+00:00","dateModified":"2023-07-03T19:57:46+00:00","breadcrumb":{"@id":"https:\/\/hoyre.no\/volda\/synnove-berg-rusten-grevstad\/#breadcrumb"},"inLanguage":"nn-NO","potentialAction":[{"@type":"ReadAction","target":["https:\/\/hoyre.no\/volda\/synnove-berg-rusten-grevstad\/"]}]},{"@type":"BreadcrumbList","@id":"https:\/\/hoyre.no\/volda\/synnove-berg-rusten-grevstad\/#breadcrumb","itemListElement":[{"@type":"ListItem","position":1,"name":"Til hoyre.no","item":"https:\/\/hoyre.no"},{"@type":"ListItem","position":2,"name":"Hjem","item":"https:\/\/hoyre.no\/volda\/"},{"@type":"ListItem","position":3,"name":"Synn\u00f8ve Berg-Rusten\u00a0 Grevstad"}]},{"@type":"WebSite","@id":"https:\/\/hoyre.no\/volda\/#website","url":"https:\/\/hoyre.no\/volda\/","name":"Volda H\u00f8gre","description":"Bare enda et H\u00f8yres nettsteder-nettsted","inLanguage":"nn-NO"}]}},"distributor_meta":false,"distributor_terms":false,"distributor_media":false,"distributor_original_site_name":"Volda H\u00f8gre","distributor_original_site_url":"https:\/\/hoyre.no\/volda","push-errors":false,"_links":{"self":[{"href":"https:\/\/hoyre.no\/volda\/wp-json\/wp\/v2\/pages\/289","targetHints":{"allow":["GET"]}}],"collection":[{"href":"https:\/\/hoyre.no\/volda\/wp-json\/wp\/v2\/pages"}],"about":[{"href":"https:\/\/hoyre.no\/volda\/wp-json\/wp\/v2\/types\/page"}],"author":[{"embeddable":true,"href":"https:\/\/hoyre.no\/volda\/wp-json\/wp\/v2\/users\/41878"}],"replies":[{"embeddable":true,"href":"https:\/\/hoyre.no\/volda\/wp-json\/wp\/v2\/comments?post=289"}],"version-history":[{"count":2,"href":"https:\/\/hoyre.no\/volda\/wp-json\/wp\/v2\/pages\/289\/revisions"}],"predecessor-version":[{"id":396,"href":"https:\/\/hoyre.no\/volda\/wp-json\/wp\/v2\/pages\/289\/revisions\/396"}],"wp:attachment":[{"href":"https:\/\/hoyre.no\/volda\/wp-json\/wp\/v2\/media?parent=289"}],"curies":[{"name":"wp","href":"https:\/\/api.w.org\/{rel}","templated":true}]}}