{"id":353,"date":"2023-07-03T21:31:17","date_gmt":"2023-07-03T19:31:17","guid":{"rendered":"https:\/\/hoyre.no\/volda\/?page_id=353"},"modified":"2023-07-16T08:17:52","modified_gmt":"2023-07-16T06:17:52","slug":"dace-d-ose","status":"publish","type":"page","link":"https:\/\/hoyre.no\/volda\/dace-d-ose\/","title":{"rendered":"Dace D. Ose"},"content":{"rendered":"\n<div class=\"wp-block-hoyre-hero with-image-gradient text-color-light  alignfull has-background\"><div class=\"hoyre-hero \"><h1 class=\"title\"><strong>Dace D. Ose<\/strong><\/h1><\/div><\/div>\n\n\n\n\n<figure class=\"wp-block-table\"><table><tbody><tr><td>Alder<\/td><td>53 \u00e5r (1970)<\/td><\/tr><tr><td>Bur<\/td><td>Volda sentrum<\/td><\/tr><tr><td>Sivilstatus<\/td><td>Gift, to born<\/td><\/tr><tr><td>Bakgrunn<\/td><td>Dace er opprinnelig fr\u00e5 Riga, Latvia og har framleis eit sterkt engasjement for heimlandet. Ho kom til Volda for \u00e5 studere og har vorte buande her.<br><br>I to \u00e5r jobba eg p\u00e5 den norske ambassaden i Riga med bla norsk n\u00e6ringsliv og bilaterale forbindingar mellom Norge og Latvia.<br>Byen Saldus, i Latvia, er vennskapskommunen til Volda. Det har tidlegare vore eit samarbeid mellom folkedansgruppa i Saldus og Volda Frylinde Ungdomslag si folkedansgruppe, KFUM Volda volleyball og volleyballskulen i Riga og Saldus, samt Volda mannskor og skulekorps i Volda. Volda Lionsklubb har ogs\u00e5 engasjert seg i Saldus, og andre delar av Latvia. Eg har engasjert meg og bidratt her p\u00e5 ulike m\u00e5tar, ogs\u00e5 som tolk.<\/td><\/tr><tr><td>Utdanning<\/td><td>Master i Medievitenskap, Universitetet i Oslo<\/td><\/tr><tr><td>Jobb<\/td><td>Lektor&nbsp;<\/td><\/tr><tr><td>Arbeidsstad<\/td><td>Volda vidareg\u00e5ande skule<\/td><\/tr><tr><td>Fritidsaktivitetar<\/td><td>Likar \u00e5 reise og \u00e5 bli kjent med andre land og kulturar. Andre interesser \u2013 litteratur, opera, teater, snorkling, grafikk og quilting.<\/td><\/tr><tr><td>Kvifor kommunepolitikar?<\/td><td>Eg ble oppfordra til \u00e5 stille, har ikkje tidlegare vore engasjert i kommunepolitikken og vil gjerne bidra med noko.<\/td><\/tr><tr><td>Kvifor H\u00f8gre?<\/td><td>Det er viktig at lokalt n\u00e6ringsliv f\u00e5r utvikle seg og at nye arbeidsplassar blir skapt. Det er ogs\u00e5 viktig med ei forutsigbarheit for n\u00e6ringslivet. Vi treng b\u00e5de det private og det offentlege. I forhold til andre partier er det H\u00f8gre sin sikkerhets- og utenrikspolitikk eg er mest enig i, noko som er aktuelt og relevant for verdssituasjonen i dag.<\/td><\/tr><\/tbody><\/table><\/figure>\n\n","protected":false},"excerpt":{"rendered":"","protected":false},"author":41878,"featured_media":0,"parent":0,"menu_order":0,"comment_status":"closed","ping_status":"closed","template":"","meta":{"teft_cards_image_url":"","teft_cards_custom_pretitle":"","teft_cards_image_id":0,"teft_cards_image_focal_point_x":0,"teft_cards_image_focal_point_y":0,"teft_cards_title":"","teft_cards_excerpt":"","teft_show_chapters":false,"footnotes":""},"class_list":["post-353","page","type-page","status-publish","hentry"],"yoast_head":"<!-- This site is optimized with the Yoast SEO plugin v26.6 - https:\/\/yoast.com\/wordpress\/plugins\/seo\/ -->\n<title>Dace D. Ose - Volda H\u00f8gre<\/title>\n<meta name=\"robots\" content=\"index, follow, max-snippet:-1, max-image-preview:large, max-video-preview:-1\" \/>\n<link rel=\"canonical\" href=\"https:\/\/hoyre.no\/volda\/dace-d-ose\/\" \/>\n<meta property=\"og:locale\" content=\"nn_NO\" \/>\n<meta property=\"og:type\" content=\"article\" \/>\n<meta property=\"og:title\" content=\"Dace D. Ose - Volda H\u00f8gre\" \/>\n<meta property=\"og:url\" content=\"https:\/\/hoyre.no\/volda\/dace-d-ose\/\" \/>\n<meta property=\"og:site_name\" content=\"Volda H\u00f8gre\" \/>\n<meta property=\"article:modified_time\" content=\"2023-07-16T06:17:52+00:00\" \/>\n<meta property=\"og:image\" content=\"https:\/\/hoyre.no\/content\/uploads\/sites\/89\/2022\/11\/Hoyres-logo.png\" \/>\n\t<meta property=\"og:image:width\" content=\"1000\" \/>\n\t<meta property=\"og:image:height\" content=\"1000\" \/>\n\t<meta property=\"og:image:type\" content=\"image\/png\" \/>\n<meta name=\"twitter:card\" content=\"summary_large_image\" \/>\n<meta name=\"twitter:label1\" content=\"Est. reading time\" \/>\n\t<meta name=\"twitter:data1\" content=\"2 minutt\" \/>\n<script type=\"application\/ld+json\" class=\"yoast-schema-graph\">{\"@context\":\"https:\/\/schema.org\",\"@graph\":[{\"@type\":\"WebPage\",\"@id\":\"https:\/\/hoyre.no\/volda\/dace-d-ose\/\",\"url\":\"https:\/\/hoyre.no\/volda\/dace-d-ose\/\",\"name\":\"Dace D. Ose - Volda H\u00f8gre\",\"isPartOf\":{\"@id\":\"https:\/\/hoyre.no\/volda\/#website\"},\"datePublished\":\"2023-07-03T19:31:17+00:00\",\"dateModified\":\"2023-07-16T06:17:52+00:00\",\"breadcrumb\":{\"@id\":\"https:\/\/hoyre.no\/volda\/dace-d-ose\/#breadcrumb\"},\"inLanguage\":\"nn-NO\",\"potentialAction\":[{\"@type\":\"ReadAction\",\"target\":[\"https:\/\/hoyre.no\/volda\/dace-d-ose\/\"]}]},{\"@type\":\"BreadcrumbList\",\"@id\":\"https:\/\/hoyre.no\/volda\/dace-d-ose\/#breadcrumb\",\"itemListElement\":[{\"@type\":\"ListItem\",\"position\":1,\"name\":\"Til hoyre.no\",\"item\":\"https:\/\/hoyre.no\"},{\"@type\":\"ListItem\",\"position\":2,\"name\":\"Hjem\",\"item\":\"https:\/\/hoyre.no\/volda\/\"},{\"@type\":\"ListItem\",\"position\":3,\"name\":\"Dace D. Ose\"}]},{\"@type\":\"WebSite\",\"@id\":\"https:\/\/hoyre.no\/volda\/#website\",\"url\":\"https:\/\/hoyre.no\/volda\/\",\"name\":\"Volda H\u00f8gre\",\"description\":\"Bare enda et H\u00f8yres nettsteder-nettsted\",\"inLanguage\":\"nn-NO\"}]}<\/script>\n<!-- \/ Yoast SEO plugin. -->","yoast_head_json":{"title":"Dace D. Ose - Volda H\u00f8gre","robots":{"index":"index","follow":"follow","max-snippet":"max-snippet:-1","max-image-preview":"max-image-preview:large","max-video-preview":"max-video-preview:-1"},"canonical":"https:\/\/hoyre.no\/volda\/dace-d-ose\/","og_locale":"nn_NO","og_type":"article","og_title":"Dace D. Ose - Volda H\u00f8gre","og_url":"https:\/\/hoyre.no\/volda\/dace-d-ose\/","og_site_name":"Volda H\u00f8gre","article_modified_time":"2023-07-16T06:17:52+00:00","og_image":[{"width":1000,"height":1000,"url":"https:\/\/hoyre.no\/content\/uploads\/sites\/89\/2022\/11\/Hoyres-logo.png","type":"image\/png"}],"twitter_card":"summary_large_image","twitter_misc":{"Est. reading time":"2 minutt"},"schema":{"@context":"https:\/\/schema.org","@graph":[{"@type":"WebPage","@id":"https:\/\/hoyre.no\/volda\/dace-d-ose\/","url":"https:\/\/hoyre.no\/volda\/dace-d-ose\/","name":"Dace D. Ose - Volda H\u00f8gre","isPartOf":{"@id":"https:\/\/hoyre.no\/volda\/#website"},"datePublished":"2023-07-03T19:31:17+00:00","dateModified":"2023-07-16T06:17:52+00:00","breadcrumb":{"@id":"https:\/\/hoyre.no\/volda\/dace-d-ose\/#breadcrumb"},"inLanguage":"nn-NO","potentialAction":[{"@type":"ReadAction","target":["https:\/\/hoyre.no\/volda\/dace-d-ose\/"]}]},{"@type":"BreadcrumbList","@id":"https:\/\/hoyre.no\/volda\/dace-d-ose\/#breadcrumb","itemListElement":[{"@type":"ListItem","position":1,"name":"Til hoyre.no","item":"https:\/\/hoyre.no"},{"@type":"ListItem","position":2,"name":"Hjem","item":"https:\/\/hoyre.no\/volda\/"},{"@type":"ListItem","position":3,"name":"Dace D. Ose"}]},{"@type":"WebSite","@id":"https:\/\/hoyre.no\/volda\/#website","url":"https:\/\/hoyre.no\/volda\/","name":"Volda H\u00f8gre","description":"Bare enda et H\u00f8yres nettsteder-nettsted","inLanguage":"nn-NO"}]}},"distributor_meta":false,"distributor_terms":false,"distributor_media":false,"distributor_original_site_name":"Volda H\u00f8gre","distributor_original_site_url":"https:\/\/hoyre.no\/volda","push-errors":false,"_links":{"self":[{"href":"https:\/\/hoyre.no\/volda\/wp-json\/wp\/v2\/pages\/353","targetHints":{"allow":["GET"]}}],"collection":[{"href":"https:\/\/hoyre.no\/volda\/wp-json\/wp\/v2\/pages"}],"about":[{"href":"https:\/\/hoyre.no\/volda\/wp-json\/wp\/v2\/types\/page"}],"author":[{"embeddable":true,"href":"https:\/\/hoyre.no\/volda\/wp-json\/wp\/v2\/users\/41878"}],"replies":[{"embeddable":true,"href":"https:\/\/hoyre.no\/volda\/wp-json\/wp\/v2\/comments?post=353"}],"version-history":[{"count":3,"href":"https:\/\/hoyre.no\/volda\/wp-json\/wp\/v2\/pages\/353\/revisions"}],"predecessor-version":[{"id":433,"href":"https:\/\/hoyre.no\/volda\/wp-json\/wp\/v2\/pages\/353\/revisions\/433"}],"wp:attachment":[{"href":"https:\/\/hoyre.no\/volda\/wp-json\/wp\/v2\/media?parent=353"}],"curies":[{"name":"wp","href":"https:\/\/api.w.org\/{rel}","templated":true}]}}