{"id":372,"date":"2023-07-03T21:41:46","date_gmt":"2023-07-03T19:41:46","guid":{"rendered":"https:\/\/hoyre.no\/volda\/?page_id=372"},"modified":"2023-07-03T21:41:46","modified_gmt":"2023-07-03T19:41:46","slug":"lin-storm-traagstad","status":"publish","type":"page","link":"https:\/\/hoyre.no\/volda\/lin-storm-traagstad\/","title":{"rendered":"Lin Storm Traagstad"},"content":{"rendered":"\n<div class=\"wp-block-hoyre-hero with-image-gradient text-color-light  alignfull has-background\"><div class=\"hoyre-hero \"><h1 class=\"title\"><strong>Lin Storm Traagstad<\/strong><\/h1><\/div><\/div>\n\n\n\n\n<figure class=\"wp-block-table\"><table><tbody><tr><td>Alder<\/td><td>52 \u00e5r (1971)<\/td><\/tr><tr><td>Bur<\/td><td>Volda sentrum<\/td><\/tr><tr><td>Sivilstatus<\/td><td>Gift<\/td><\/tr><tr><td>Bakgrunn<\/td><td>Lin vaks opp i Porsgrunn og flytta til Volda for \u00e5 begynne p\u00e5 L\u00e6rarskulen. Har budd her i nydelige Volda i 27 \u00e5r.<\/td><\/tr><tr><td>Utdanning<\/td><td>L\u00e6rarutdanning\/Adjunkt, H\u00f8gskulen i Volda<\/td><\/tr><tr><td>Jobb<\/td><td>Adjunkt<\/td><\/tr><tr><td>Arbeidsstad<\/td><td>Bratteberg skule<\/td><\/tr><tr><td>Fritidsaktivitetar<\/td><td>Jeg liker godt \u00e5 lese ei god bok, gjerne krim. Liker ogs\u00e5 \u00e5 g\u00e5 p\u00e5 fjellet, b\u00e5de p\u00e5 beina og p\u00e5 ski! Er ogs\u00e5 veldig glad i \u00e5 reise og oppleve nye ting.<\/td><\/tr><tr><td>Kvifor kommunepolitikar?<\/td><td>Jeg er ei engasjert dame som alltid har synes politikk har v\u00e6rt kjempespennende. Har nok arvet denne interessen fra moren min. Og som l\u00e6rer er jeg veldig opptatt av at barn &#8211; og unge skal ha gode oppvekstvilk\u00e5r &#8211; det st\u00e5r mitt hjerte n\u00e6r! De unge er framtida v\u00e5r &#8211; det er viktig \u00e5 huske p\u00e5!<\/td><\/tr><tr><td>Kvifor H\u00f8gre?<\/td><td>H\u00f8yre har alltid v\u00e6rt mitt parti &#8211; jeg synes de har gode verdier og som bryr seg om alle i samfunnet. H\u00f8yre har ogs\u00e5 en meget fornuftig n\u00e6ringspolitikk som vil bidra til at Norge skal v\u00e6re konkurransedyktige i skatte og avgiftsniv\u00e5et &#8211; det er viktig for \u00e5 skape og beholde arbeidsplasser vi har!&nbsp; H\u00f8yre vil ogs\u00e5 ha et helsevesen som setter pasienten i sentrum og da m\u00e5 det offentlige tilbudet samarbeide med det private slik at l\u00f8sningene blir best mulig for pasienten.<\/td><\/tr><\/tbody><\/table><\/figure>\n\n","protected":false},"excerpt":{"rendered":"","protected":false},"author":41878,"featured_media":0,"parent":0,"menu_order":0,"comment_status":"closed","ping_status":"closed","template":"","meta":{"teft_cards_image_url":"","teft_cards_custom_pretitle":"","teft_cards_image_id":0,"teft_cards_image_focal_point_x":0,"teft_cards_image_focal_point_y":0,"teft_cards_title":"","teft_cards_excerpt":"","teft_show_chapters":false,"footnotes":""},"class_list":["post-372","page","type-page","status-publish","hentry"],"yoast_head":"<!-- This site is optimized with the Yoast SEO plugin v26.6 - https:\/\/yoast.com\/wordpress\/plugins\/seo\/ -->\n<title>Lin Storm Traagstad - Volda H\u00f8gre<\/title>\n<meta name=\"robots\" content=\"index, follow, max-snippet:-1, max-image-preview:large, max-video-preview:-1\" \/>\n<link rel=\"canonical\" href=\"https:\/\/hoyre.no\/volda\/lin-storm-traagstad\/\" \/>\n<meta property=\"og:locale\" content=\"nn_NO\" \/>\n<meta property=\"og:type\" content=\"article\" \/>\n<meta property=\"og:title\" content=\"Lin Storm Traagstad - Volda H\u00f8gre\" \/>\n<meta property=\"og:url\" content=\"https:\/\/hoyre.no\/volda\/lin-storm-traagstad\/\" \/>\n<meta property=\"og:site_name\" content=\"Volda H\u00f8gre\" \/>\n<meta property=\"og:image\" content=\"https:\/\/hoyre.no\/content\/uploads\/sites\/89\/2022\/11\/Hoyres-logo.png\" \/>\n\t<meta property=\"og:image:width\" content=\"1000\" \/>\n\t<meta property=\"og:image:height\" content=\"1000\" \/>\n\t<meta property=\"og:image:type\" content=\"image\/png\" \/>\n<meta name=\"twitter:card\" content=\"summary_large_image\" \/>\n<meta name=\"twitter:label1\" content=\"Est. reading time\" \/>\n\t<meta name=\"twitter:data1\" content=\"2 minutt\" \/>\n<script type=\"application\/ld+json\" class=\"yoast-schema-graph\">{\"@context\":\"https:\/\/schema.org\",\"@graph\":[{\"@type\":\"WebPage\",\"@id\":\"https:\/\/hoyre.no\/volda\/lin-storm-traagstad\/\",\"url\":\"https:\/\/hoyre.no\/volda\/lin-storm-traagstad\/\",\"name\":\"Lin Storm Traagstad - Volda H\u00f8gre\",\"isPartOf\":{\"@id\":\"https:\/\/hoyre.no\/volda\/#website\"},\"datePublished\":\"2023-07-03T19:41:46+00:00\",\"breadcrumb\":{\"@id\":\"https:\/\/hoyre.no\/volda\/lin-storm-traagstad\/#breadcrumb\"},\"inLanguage\":\"nn-NO\",\"potentialAction\":[{\"@type\":\"ReadAction\",\"target\":[\"https:\/\/hoyre.no\/volda\/lin-storm-traagstad\/\"]}]},{\"@type\":\"BreadcrumbList\",\"@id\":\"https:\/\/hoyre.no\/volda\/lin-storm-traagstad\/#breadcrumb\",\"itemListElement\":[{\"@type\":\"ListItem\",\"position\":1,\"name\":\"Til hoyre.no\",\"item\":\"https:\/\/hoyre.no\"},{\"@type\":\"ListItem\",\"position\":2,\"name\":\"Hjem\",\"item\":\"https:\/\/hoyre.no\/volda\/\"},{\"@type\":\"ListItem\",\"position\":3,\"name\":\"Lin Storm Traagstad\"}]},{\"@type\":\"WebSite\",\"@id\":\"https:\/\/hoyre.no\/volda\/#website\",\"url\":\"https:\/\/hoyre.no\/volda\/\",\"name\":\"Volda H\u00f8gre\",\"description\":\"Bare enda et H\u00f8yres nettsteder-nettsted\",\"inLanguage\":\"nn-NO\"}]}<\/script>\n<!-- \/ Yoast SEO plugin. -->","yoast_head_json":{"title":"Lin Storm Traagstad - Volda H\u00f8gre","robots":{"index":"index","follow":"follow","max-snippet":"max-snippet:-1","max-image-preview":"max-image-preview:large","max-video-preview":"max-video-preview:-1"},"canonical":"https:\/\/hoyre.no\/volda\/lin-storm-traagstad\/","og_locale":"nn_NO","og_type":"article","og_title":"Lin Storm Traagstad - Volda H\u00f8gre","og_url":"https:\/\/hoyre.no\/volda\/lin-storm-traagstad\/","og_site_name":"Volda H\u00f8gre","og_image":[{"width":1000,"height":1000,"url":"https:\/\/hoyre.no\/content\/uploads\/sites\/89\/2022\/11\/Hoyres-logo.png","type":"image\/png"}],"twitter_card":"summary_large_image","twitter_misc":{"Est. reading time":"2 minutt"},"schema":{"@context":"https:\/\/schema.org","@graph":[{"@type":"WebPage","@id":"https:\/\/hoyre.no\/volda\/lin-storm-traagstad\/","url":"https:\/\/hoyre.no\/volda\/lin-storm-traagstad\/","name":"Lin Storm Traagstad - Volda H\u00f8gre","isPartOf":{"@id":"https:\/\/hoyre.no\/volda\/#website"},"datePublished":"2023-07-03T19:41:46+00:00","breadcrumb":{"@id":"https:\/\/hoyre.no\/volda\/lin-storm-traagstad\/#breadcrumb"},"inLanguage":"nn-NO","potentialAction":[{"@type":"ReadAction","target":["https:\/\/hoyre.no\/volda\/lin-storm-traagstad\/"]}]},{"@type":"BreadcrumbList","@id":"https:\/\/hoyre.no\/volda\/lin-storm-traagstad\/#breadcrumb","itemListElement":[{"@type":"ListItem","position":1,"name":"Til hoyre.no","item":"https:\/\/hoyre.no"},{"@type":"ListItem","position":2,"name":"Hjem","item":"https:\/\/hoyre.no\/volda\/"},{"@type":"ListItem","position":3,"name":"Lin Storm Traagstad"}]},{"@type":"WebSite","@id":"https:\/\/hoyre.no\/volda\/#website","url":"https:\/\/hoyre.no\/volda\/","name":"Volda H\u00f8gre","description":"Bare enda et H\u00f8yres nettsteder-nettsted","inLanguage":"nn-NO"}]}},"distributor_meta":false,"distributor_terms":false,"distributor_media":false,"distributor_original_site_name":"Volda H\u00f8gre","distributor_original_site_url":"https:\/\/hoyre.no\/volda","push-errors":false,"_links":{"self":[{"href":"https:\/\/hoyre.no\/volda\/wp-json\/wp\/v2\/pages\/372","targetHints":{"allow":["GET"]}}],"collection":[{"href":"https:\/\/hoyre.no\/volda\/wp-json\/wp\/v2\/pages"}],"about":[{"href":"https:\/\/hoyre.no\/volda\/wp-json\/wp\/v2\/types\/page"}],"author":[{"embeddable":true,"href":"https:\/\/hoyre.no\/volda\/wp-json\/wp\/v2\/users\/41878"}],"replies":[{"embeddable":true,"href":"https:\/\/hoyre.no\/volda\/wp-json\/wp\/v2\/comments?post=372"}],"version-history":[{"count":1,"href":"https:\/\/hoyre.no\/volda\/wp-json\/wp\/v2\/pages\/372\/revisions"}],"predecessor-version":[{"id":373,"href":"https:\/\/hoyre.no\/volda\/wp-json\/wp\/v2\/pages\/372\/revisions\/373"}],"wp:attachment":[{"href":"https:\/\/hoyre.no\/volda\/wp-json\/wp\/v2\/media?parent=372"}],"curies":[{"name":"wp","href":"https:\/\/api.w.org\/{rel}","templated":true}]}}