{"id":382,"date":"2023-07-03T21:46:17","date_gmt":"2023-07-03T19:46:17","guid":{"rendered":"https:\/\/hoyre.no\/volda\/?page_id=382"},"modified":"2023-07-03T21:46:17","modified_gmt":"2023-07-03T19:46:17","slug":"norunn-lindvik-velsvik","status":"publish","type":"page","link":"https:\/\/hoyre.no\/volda\/norunn-lindvik-velsvik\/","title":{"rendered":"Norunn Lindvik Velsvik"},"content":{"rendered":"\n<div class=\"wp-block-hoyre-hero with-image-gradient text-color-light  alignfull has-background\"><div class=\"hoyre-hero \"><h1 class=\"title\">N<strong>orunn Lindvik Velsvik<\/strong><\/h1><\/div><\/div>\n\n\n\n\n<figure class=\"wp-block-table\"><table><tbody><tr><td>Alder<\/td><td>60 \u00e5r (1963)<\/td><\/tr><tr><td>Bur<\/td><td>\u00d8vre Rotset, Volda sentrum<\/td><\/tr><tr><td>Sivilstatus<\/td><td>Gift, tre barn og fem barnebarn<\/td><\/tr><tr><td>Bakgrunn<\/td><td>Norunn er oppvaksen i Bremanger, og har budd i Volda sidan 1983.<\/td><\/tr><tr><td>Utdanning<\/td><td>L\u00e6rar og leiing, H\u00f8gskulen i Volda<\/td><\/tr><tr><td>Jobb<\/td><td>Rektor<\/td><\/tr><tr><td>Arbeidsstad<\/td><td>Her\u00f8y kommune<\/td><\/tr><tr><td>Fritidsaktivitetar<\/td><td>Eg er mykje i lag med familie og vener. I helgar og feriar blir det ofte turar i skog og mark, fjellturar og mykje b\u00e5tliv. Mannen min og eg liker \u00e5 reise. Vi har gjerne b\u00e5de storbyar, eksotiske og varme strok som reisem\u00e5l. N\u00e5r eg er heime trivast eg godt p\u00e5 kj\u00f8kenet, og i godstolen med eit strikk i hendene. Eg er glad i \u00e5 lese, og kosar meg mest med gode b\u00f8ker n\u00e5r eg har ferie.<\/td><\/tr><tr><td>Kvifor kommunepolitikar?<\/td><td>Dei viktigaste tenestene i kommunen ligg innanfor utdanning og helse. Eg er oppteken av det beste for b\u00e5de barn og unge, og gamle. For \u00e5 lukkast med det treng vi engasjement, samhandling, erfaringar og kompetanse. Eg meiner eg kan bidra med noko av dette, og tenkjer det er viktig \u00e5 delta i prosessar som kjem innbyggarane til gode.<\/td><\/tr><tr><td>Kvifor H\u00f8gre?<\/td><td>H\u00f8gre er eit parti som er stort nok til \u00e5 kunne p\u00e5verke. Vi har gode lokale politikarar i partiet.<\/td><\/tr><\/tbody><\/table><\/figure>\n\n","protected":false},"excerpt":{"rendered":"","protected":false},"author":41878,"featured_media":0,"parent":0,"menu_order":0,"comment_status":"closed","ping_status":"closed","template":"","meta":{"teft_cards_image_url":"","teft_cards_custom_pretitle":"","teft_cards_image_id":0,"teft_cards_image_focal_point_x":0,"teft_cards_image_focal_point_y":0,"teft_cards_title":"","teft_cards_excerpt":"","teft_show_chapters":false,"footnotes":""},"class_list":["post-382","page","type-page","status-publish","hentry"],"yoast_head":"<!-- This site is optimized with the Yoast SEO plugin v26.6 - https:\/\/yoast.com\/wordpress\/plugins\/seo\/ -->\n<title>Norunn Lindvik Velsvik - Volda H\u00f8gre<\/title>\n<meta name=\"robots\" content=\"index, follow, max-snippet:-1, max-image-preview:large, max-video-preview:-1\" \/>\n<link rel=\"canonical\" href=\"https:\/\/hoyre.no\/volda\/norunn-lindvik-velsvik\/\" \/>\n<meta property=\"og:locale\" content=\"nn_NO\" \/>\n<meta property=\"og:type\" content=\"article\" \/>\n<meta property=\"og:title\" content=\"Norunn Lindvik Velsvik - Volda H\u00f8gre\" \/>\n<meta property=\"og:url\" content=\"https:\/\/hoyre.no\/volda\/norunn-lindvik-velsvik\/\" \/>\n<meta property=\"og:site_name\" content=\"Volda H\u00f8gre\" \/>\n<meta property=\"og:image\" content=\"https:\/\/hoyre.no\/content\/uploads\/sites\/89\/2022\/11\/Hoyres-logo.png\" \/>\n\t<meta property=\"og:image:width\" content=\"1000\" \/>\n\t<meta property=\"og:image:height\" content=\"1000\" \/>\n\t<meta property=\"og:image:type\" content=\"image\/png\" \/>\n<meta name=\"twitter:card\" content=\"summary_large_image\" \/>\n<meta name=\"twitter:label1\" content=\"Est. reading time\" \/>\n\t<meta name=\"twitter:data1\" content=\"2 minutt\" \/>\n<script type=\"application\/ld+json\" class=\"yoast-schema-graph\">{\"@context\":\"https:\/\/schema.org\",\"@graph\":[{\"@type\":\"WebPage\",\"@id\":\"https:\/\/hoyre.no\/volda\/norunn-lindvik-velsvik\/\",\"url\":\"https:\/\/hoyre.no\/volda\/norunn-lindvik-velsvik\/\",\"name\":\"Norunn Lindvik Velsvik - Volda H\u00f8gre\",\"isPartOf\":{\"@id\":\"https:\/\/hoyre.no\/volda\/#website\"},\"datePublished\":\"2023-07-03T19:46:17+00:00\",\"breadcrumb\":{\"@id\":\"https:\/\/hoyre.no\/volda\/norunn-lindvik-velsvik\/#breadcrumb\"},\"inLanguage\":\"nn-NO\",\"potentialAction\":[{\"@type\":\"ReadAction\",\"target\":[\"https:\/\/hoyre.no\/volda\/norunn-lindvik-velsvik\/\"]}]},{\"@type\":\"BreadcrumbList\",\"@id\":\"https:\/\/hoyre.no\/volda\/norunn-lindvik-velsvik\/#breadcrumb\",\"itemListElement\":[{\"@type\":\"ListItem\",\"position\":1,\"name\":\"Til hoyre.no\",\"item\":\"https:\/\/hoyre.no\"},{\"@type\":\"ListItem\",\"position\":2,\"name\":\"Hjem\",\"item\":\"https:\/\/hoyre.no\/volda\/\"},{\"@type\":\"ListItem\",\"position\":3,\"name\":\"Norunn Lindvik Velsvik\"}]},{\"@type\":\"WebSite\",\"@id\":\"https:\/\/hoyre.no\/volda\/#website\",\"url\":\"https:\/\/hoyre.no\/volda\/\",\"name\":\"Volda H\u00f8gre\",\"description\":\"Bare enda et H\u00f8yres nettsteder-nettsted\",\"inLanguage\":\"nn-NO\"}]}<\/script>\n<!-- \/ Yoast SEO plugin. -->","yoast_head_json":{"title":"Norunn Lindvik Velsvik - Volda H\u00f8gre","robots":{"index":"index","follow":"follow","max-snippet":"max-snippet:-1","max-image-preview":"max-image-preview:large","max-video-preview":"max-video-preview:-1"},"canonical":"https:\/\/hoyre.no\/volda\/norunn-lindvik-velsvik\/","og_locale":"nn_NO","og_type":"article","og_title":"Norunn Lindvik Velsvik - Volda H\u00f8gre","og_url":"https:\/\/hoyre.no\/volda\/norunn-lindvik-velsvik\/","og_site_name":"Volda H\u00f8gre","og_image":[{"width":1000,"height":1000,"url":"https:\/\/hoyre.no\/content\/uploads\/sites\/89\/2022\/11\/Hoyres-logo.png","type":"image\/png"}],"twitter_card":"summary_large_image","twitter_misc":{"Est. reading time":"2 minutt"},"schema":{"@context":"https:\/\/schema.org","@graph":[{"@type":"WebPage","@id":"https:\/\/hoyre.no\/volda\/norunn-lindvik-velsvik\/","url":"https:\/\/hoyre.no\/volda\/norunn-lindvik-velsvik\/","name":"Norunn Lindvik Velsvik - Volda H\u00f8gre","isPartOf":{"@id":"https:\/\/hoyre.no\/volda\/#website"},"datePublished":"2023-07-03T19:46:17+00:00","breadcrumb":{"@id":"https:\/\/hoyre.no\/volda\/norunn-lindvik-velsvik\/#breadcrumb"},"inLanguage":"nn-NO","potentialAction":[{"@type":"ReadAction","target":["https:\/\/hoyre.no\/volda\/norunn-lindvik-velsvik\/"]}]},{"@type":"BreadcrumbList","@id":"https:\/\/hoyre.no\/volda\/norunn-lindvik-velsvik\/#breadcrumb","itemListElement":[{"@type":"ListItem","position":1,"name":"Til hoyre.no","item":"https:\/\/hoyre.no"},{"@type":"ListItem","position":2,"name":"Hjem","item":"https:\/\/hoyre.no\/volda\/"},{"@type":"ListItem","position":3,"name":"Norunn Lindvik Velsvik"}]},{"@type":"WebSite","@id":"https:\/\/hoyre.no\/volda\/#website","url":"https:\/\/hoyre.no\/volda\/","name":"Volda H\u00f8gre","description":"Bare enda et H\u00f8yres nettsteder-nettsted","inLanguage":"nn-NO"}]}},"distributor_meta":false,"distributor_terms":false,"distributor_media":false,"distributor_original_site_name":"Volda H\u00f8gre","distributor_original_site_url":"https:\/\/hoyre.no\/volda","push-errors":false,"_links":{"self":[{"href":"https:\/\/hoyre.no\/volda\/wp-json\/wp\/v2\/pages\/382","targetHints":{"allow":["GET"]}}],"collection":[{"href":"https:\/\/hoyre.no\/volda\/wp-json\/wp\/v2\/pages"}],"about":[{"href":"https:\/\/hoyre.no\/volda\/wp-json\/wp\/v2\/types\/page"}],"author":[{"embeddable":true,"href":"https:\/\/hoyre.no\/volda\/wp-json\/wp\/v2\/users\/41878"}],"replies":[{"embeddable":true,"href":"https:\/\/hoyre.no\/volda\/wp-json\/wp\/v2\/comments?post=382"}],"version-history":[{"count":1,"href":"https:\/\/hoyre.no\/volda\/wp-json\/wp\/v2\/pages\/382\/revisions"}],"predecessor-version":[{"id":383,"href":"https:\/\/hoyre.no\/volda\/wp-json\/wp\/v2\/pages\/382\/revisions\/383"}],"wp:attachment":[{"href":"https:\/\/hoyre.no\/volda\/wp-json\/wp\/v2\/media?parent=382"}],"curies":[{"name":"wp","href":"https:\/\/api.w.org\/{rel}","templated":true}]}}