{"id":43,"date":"2023-06-07T22:00:01","date_gmt":"2023-06-07T20:00:01","guid":{"rendered":"https:\/\/hoyre.no\/volda\/?page_id=43"},"modified":"2025-01-23T12:20:55","modified_gmt":"2025-01-23T11:20:55","slug":"ordforerkandidat","status":"publish","type":"page","link":"https:\/\/hoyre.no\/volda\/ordforerkandidat\/","title":{"rendered":"Sindre Rotevatn &#8211; ordf\u00f8rerkandidat"},"content":{"rendered":"\n<div class=\"wp-block-hoyre-hero with-image-gradient text-color-light  has-media alignfull has-background\"><div class=\"hoyre-hero has-image\"><h1 class=\"title\">Sindre Rotevatn &#8211; gruppeleiar<\/h1><p class=\"preamble\">Kvifor du skal gi H\u00f8gre og meg di stemme i Volda kommune?<\/p>\t\t\t<div class=\"post-meta wp-block teft-byline-wrapper\">\n\t\t\t\t<div class=\"top\">\n\t\t\t\t\t<div class=\"signature\">\n\t\t\t\t\t\t<div class=\"teft-byline\">\n\t\t\t\t\t\t\t\t\t\t\t\t\t\t<div>\n\t\t\t\t\t\t\t\t<h3>H\u00f8yres redaksjon<\/h3>\t\t\t\t\t\t\t\t\n\t\t\t\t\t\t\t\t\t\t\t\t\t\t\t\t\t<span class=\"date\">Sist oppdatert: 23. januar 2025<\/span>\n\t\t\t\t\t\t\t\t\t\t\t\t\t\t\t\t\t\t\t\t\t\t\t\t\t<span class=\"reading-time\" itemprop=\"timeRequired\" content=\"PT2M\"><em>Ca. 2 minutter lesetid<\/em><\/span>\n\t\t\t\t\t\t\t\t\t\t\t\t\t\t\t<\/div>\n\t\t\t\t\t\t<\/div>\n\t\t\t\t\t<\/div>\n\t\t\t\t\t\t<div class=\"sharing\">\n\t\t<a class=\"share-button share-link copy-link\" data-copy=\"https:\/\/hoyre.no\/volda\/ordforerkandidat\/\" target=\"_blank\"><span class=\"screen-reader-text\">Del link<\/span><\/a>\n\t\t<a class=\"share-button share-twitter\" href=\"http:\/\/twitter.com\/share?text=Sindre Rotevatn &#8211; ordf\u00f8rerkandidat&#038;url=https:\/\/hoyre.no\/volda\/ordforerkandidat\/&#038;hashtags=Hoyre\" target=\"_blank\"><span class=\"screen-reader-text\">Del p\u00e5 twitter<\/span><\/a>\n\t\t<a class=\"share-button share-facebook\" href=\"https:\/\/www.facebook.com\/sharer\/sharer.php?u=https:\/\/hoyre.no\/volda\/ordforerkandidat\/\" target=\"_blank\"><span class=\"screen-reader-text\">Del p\u00e5 facebook<\/span><\/a>\n\t<\/div>\n\t\t\t\t\t<\/div>\n\t\t\t<\/div>\n\n\t\t\t<figure class=\"hoyre-image-wrapper\"><div class=\"hoyre-image\"><img loading=\"lazy\" decoding=\"async\" width=\"2500\" height=\"1406\" src=\"https:\/\/hoyre.no\/content\/uploads\/sites\/89\/2023\/07\/20230607_113147-scaled.jpg\" class=\"attachment-scaled size-scaled\" alt=\"\" style=\"object-position: 50% 50%\" srcset=\"https:\/\/hoyre.no\/content\/uploads\/sites\/89\/2023\/07\/20230607_113147-scaled.jpg 2500w, https:\/\/hoyre.no\/content\/uploads\/sites\/89\/2023\/07\/20230607_113147-300x169.jpg 300w, https:\/\/hoyre.no\/content\/uploads\/sites\/89\/2023\/07\/20230607_113147-1024x576.jpg 1024w, https:\/\/hoyre.no\/content\/uploads\/sites\/89\/2023\/07\/20230607_113147-768x432.jpg 768w, https:\/\/hoyre.no\/content\/uploads\/sites\/89\/2023\/07\/20230607_113147-1536x864.jpg 1536w, https:\/\/hoyre.no\/content\/uploads\/sites\/89\/2023\/07\/20230607_113147-2048x1152.jpg 2048w\" sizes=\"auto, (max-width: 2500px) 100vw, 2500px\" \/><\/div><\/figure><\/div><\/div>\n\n\n\n\n<div class=\"wp-block-buttons is-content-justification-center is-layout-flex wp-container-core-buttons-is-layout-16018d1d wp-block-buttons-is-layout-flex\">\n<div class=\"wp-block-button\"><a class=\"wp-block-button__link wp-element-button\" href=\"https:\/\/hoyre.no\/nyhetsbrev\/\">abonner p\u00e5 h\u00f8gre sitt nyhendebrev<\/a><\/div>\n\n\n\n<div class=\"wp-block-button\"><a class=\"wp-block-button__link wp-element-button\" href=\"https:\/\/hoyre.no\/personprofiler\/sindre-rotevatn\/\">kom i kontakt med sindre<\/a><\/div>\n\n\n\n<div class=\"wp-block-button\"><a class=\"wp-block-button__link wp-element-button\" href=\"https:\/\/www.facebook.com\/voldahogre\">f\u00f8lg Volda h\u00f8gre p\u00e5 facebook<\/a><\/div>\n<\/div>\n\n\n\n<div class=\"wp-block-hoyre-banner undefined has-icon-title icon-heart is-style-blue\"><div class=\"banner-inner\"><figure class=\"hoyre-image-wrapper\"><div class=\"hoyre-image\"><img loading=\"lazy\" decoding=\"async\" width=\"2500\" height=\"1406\" src=\"https:\/\/hoyre.no\/content\/uploads\/sites\/89\/2023\/06\/20230607_112939-scaled.jpg\" class=\"attachment-scaled size-scaled\" alt=\"\" style=\"object-position: 40% 42%\" srcset=\"https:\/\/hoyre.no\/content\/uploads\/sites\/89\/2023\/06\/20230607_112939-scaled.jpg 2500w, https:\/\/hoyre.no\/content\/uploads\/sites\/89\/2023\/06\/20230607_112939-300x169.jpg 300w, https:\/\/hoyre.no\/content\/uploads\/sites\/89\/2023\/06\/20230607_112939-1024x576.jpg 1024w, https:\/\/hoyre.no\/content\/uploads\/sites\/89\/2023\/06\/20230607_112939-768x432.jpg 768w, https:\/\/hoyre.no\/content\/uploads\/sites\/89\/2023\/06\/20230607_112939-1536x864.jpg 1536w, https:\/\/hoyre.no\/content\/uploads\/sites\/89\/2023\/06\/20230607_112939-2048x1152.jpg 2048w\" sizes=\"auto, (max-width: 2500px) 100vw, 2500px\" \/><\/div><\/figure><div class=\"banner-content\"><div class=\"entry-content\">\n<h2 class=\"wp-block-heading has-text-align-center\" id=\"h-bli-bedre-kjent-med-navn\">Bli betre kjend med Sindre!<\/h2>\n\n\n\n<p class=\"has-text-align-left\"><strong>Bustad:<\/strong> Vikebygda<\/p>\n\n\n\n<p class=\"has-text-align-left\"><strong>Sivilstatus:<\/strong> Gift<\/p>\n\n\n\n<p class=\"has-text-align-left\"><strong>Jobb:<\/strong> Senior Finance Manager i Hexagon Composites ASA<\/p>\n\n\n\n<p class=\"has-text-align-left\"><strong>Bakgrunn:<\/strong> Sindre er oppvaksen p\u00e5 Rotevatn i Vikebygda, budde i Oslo i studietida og ei periode i \u00d8rsta. Han har lang erfaring innan industri og bank, lokalt og internasjonalt, s\u00e6rleg innanfor felta \u00f8konomistyring og -leiing, organisasjons- og prosessutvikling, IT-verkt\u00f8y og generell selskapsleing. Lang erfaring med styrearbeid i store og sm\u00e5 verksemder, inkludert styreleiar i Tussa Kraft.<\/p>\n\n\n\n<p class=\"has-text-align-left\"><strong>Politisk erfaring:<\/strong> Kommunestyrerepresentant i to tidligare perioder, vara til Formannskapet.<\/p>\n\n\n\n<p class=\"has-text-align-left\"><strong>Kvifor er H\u00f8gre rett parti for deg?<\/strong> H\u00f8gre ser det enkelte mennesket sine behov og har fokus p\u00e5 at vi er alle ulike og likeverdige. Samtidig kan velgarane kjenne igjen H\u00f8gre over tid ved ein st\u00f8 kurs og trygg styring.<\/p>\n\n\n\n<p class=\"has-text-align-left\"><strong>Det er laurdag, klokka n\u00e6rmar seg 19.00. Kva et du helst til middag?<\/strong> Fisk, gjerne laks, men ogs\u00e5 kvit fisk, med gode gr\u00f8nsaker.<\/p>\n\n\n\n<p class=\"has-text-align-left\"><strong>Konsert eller idrettsarrangement?<\/strong> Ja takk, absolutt begge deler.<\/p>\n\n\n\n<p class=\"has-text-align-left\"><strong>Hvis du skulle velge ein, kva er din favorittartist?<\/strong> D\u00e5 m\u00e5 vi tilbake til 70- eller 80-talet. Kunne sagt mange, men for tida h\u00f8yrer eg mykje p\u00e5 Dire Straits og Mark Knopfler.<\/p>\n\n\n\n<p class=\"has-text-align-left\"><strong>Funfact?<\/strong> Eg er ganske god til \u00e5 bake br\u00f8d &#8230;<\/p>\n\n\n\n<p class=\"has-text-align-left\"><strong>Kva er din favorittplass i kommunen og utenfor kommunen?<\/strong>&nbsp;Heime er best, men Brundalen er ei perle. Vi har hytte p\u00e5 Grotli og der er det fint \u00e5 vere.<\/p>\n\n\n\n<div class=\"wp-block-buttons is-layout-flex wp-block-buttons-is-layout-flex\"><\/div>\n<\/div><\/div><\/div><\/div>\n\n\n\n<h2 class=\"wp-block-heading has-text-align-center\">Sindre sine hjartesaker<\/h2>\n\n\n\n<h3 class=\"wp-block-heading\">\ud83d\udc99 <strong>For alle<\/strong><\/h3>\n\n\n\n<p>Kjerneoppg\u00e5vene er viktigast. St\u00f8dig styring av kommunen er n\u00f8dvendig. Tilrettelegging, planar og initiativ er avgjerande. I samarbeid f\u00e5r vi til meir. <\/p>\n\n\n\n<figure class=\"wp-block-teft-gallery columns-3 count-3 rows-2 is-cropped\"><ul class=\"teft-gallery-grid\"><li class=\"teft-gallery-item \"><figure><a href=\"https:\/\/res.cloudinary.com\/hoyre\/images\/v1607434042\/Nye%20hoyre.no\/Hovedside\/2020_RGB_hoyre_logo_profilbilde_01_14862029458\/2020_RGB_hoyre_logo_profilbilde_01_14862029458.png?_i=AA\" data-size=\"1000x1000\"><\/a><\/figure><\/li><li class=\"teft-gallery-item \"><figure><a href=\"https:\/\/res.cloudinary.com\/hoyre\/images\/v1607438265\/Nye%20hoyre.no\/Hovedside\/2020_RGB_hoyre_logo_profilbilde_01_161697e40a\/2020_RGB_hoyre_logo_profilbilde_01_161697e40a.png?_i=AA\" data-size=\"1000x1000\"><\/a><\/figure><\/li><li class=\"teft-gallery-item \"><figure><a href=\"https:\/\/res.cloudinary.com\/hoyre\/images\/v1607500832\/Nye%20hoyre.no\/Hovedside\/Design-uten-navn-4_1219163575\/Design-uten-navn-4_1219163575.png?_i=AA\" data-size=\"2880x1620\"><\/a><\/figure><\/li><\/ul><\/figure>\n\n","protected":false},"excerpt":{"rendered":"","protected":false},"author":41878,"featured_media":0,"parent":0,"menu_order":0,"comment_status":"closed","ping_status":"closed","template":"","meta":{"teft_cards_image_url":"","teft_cards_custom_pretitle":"","teft_cards_image_id":74,"teft_cards_image_focal_point_x":0.41,"teft_cards_image_focal_point_y":0.45,"teft_cards_title":"ordf\u00f8rerkandidat Sindre Rotevatn","teft_cards_excerpt":"","teft_show_chapters":false,"footnotes":""},"class_list":["post-43","page","type-page","status-publish","hentry"],"yoast_head":"<!-- This site is optimized with the Yoast SEO plugin v26.6 - https:\/\/yoast.com\/wordpress\/plugins\/seo\/ -->\n<title>Sindre Rotevatn - ordf\u00f8rerkandidat - Volda H\u00f8gre<\/title>\n<meta name=\"robots\" content=\"index, follow, max-snippet:-1, max-image-preview:large, max-video-preview:-1\" \/>\n<link rel=\"canonical\" href=\"https:\/\/hoyre.no\/volda\/ordforerkandidat\/\" \/>\n<meta property=\"og:locale\" content=\"nn_NO\" \/>\n<meta property=\"og:type\" content=\"article\" \/>\n<meta property=\"og:title\" content=\"Sindre Rotevatn - ordf\u00f8rerkandidat - Volda H\u00f8gre\" \/>\n<meta property=\"og:url\" content=\"https:\/\/hoyre.no\/volda\/ordforerkandidat\/\" \/>\n<meta property=\"og:site_name\" content=\"Volda H\u00f8gre\" \/>\n<meta property=\"article:modified_time\" content=\"2025-01-23T11:20:55+00:00\" \/>\n<meta property=\"og:image\" content=\"https:\/\/hoyre.no\/content\/uploads\/sites\/89\/2023\/06\/20230607_112939-1024x576.jpg\" \/>\n<meta name=\"twitter:card\" content=\"summary_large_image\" \/>\n<meta name=\"twitter:label1\" content=\"Est. reading time\" \/>\n\t<meta name=\"twitter:data1\" content=\"2 minutt\" \/>\n<script type=\"application\/ld+json\" class=\"yoast-schema-graph\">{\"@context\":\"https:\/\/schema.org\",\"@graph\":[{\"@type\":\"WebPage\",\"@id\":\"https:\/\/hoyre.no\/volda\/ordforerkandidat\/\",\"url\":\"https:\/\/hoyre.no\/volda\/ordforerkandidat\/\",\"name\":\"Sindre Rotevatn - ordf\u00f8rerkandidat - Volda H\u00f8gre\",\"isPartOf\":{\"@id\":\"https:\/\/hoyre.no\/volda\/#website\"},\"datePublished\":\"2023-06-07T20:00:01+00:00\",\"dateModified\":\"2025-01-23T11:20:55+00:00\",\"breadcrumb\":{\"@id\":\"https:\/\/hoyre.no\/volda\/ordforerkandidat\/#breadcrumb\"},\"inLanguage\":\"nn-NO\",\"potentialAction\":[{\"@type\":\"ReadAction\",\"target\":[\"https:\/\/hoyre.no\/volda\/ordforerkandidat\/\"]}]},{\"@type\":\"BreadcrumbList\",\"@id\":\"https:\/\/hoyre.no\/volda\/ordforerkandidat\/#breadcrumb\",\"itemListElement\":[{\"@type\":\"ListItem\",\"position\":1,\"name\":\"Til hoyre.no\",\"item\":\"https:\/\/hoyre.no\"},{\"@type\":\"ListItem\",\"position\":2,\"name\":\"Hjem\",\"item\":\"https:\/\/hoyre.no\/volda\/\"},{\"@type\":\"ListItem\",\"position\":3,\"name\":\"Sindre Rotevatn &#8211; ordf\u00f8rerkandidat\"}]},{\"@type\":\"WebSite\",\"@id\":\"https:\/\/hoyre.no\/volda\/#website\",\"url\":\"https:\/\/hoyre.no\/volda\/\",\"name\":\"Volda H\u00f8gre\",\"description\":\"Bare enda et H\u00f8yres nettsteder-nettsted\",\"inLanguage\":\"nn-NO\"}]}<\/script>\n<!-- \/ Yoast SEO plugin. -->","yoast_head_json":{"title":"Sindre Rotevatn - ordf\u00f8rerkandidat - Volda H\u00f8gre","robots":{"index":"index","follow":"follow","max-snippet":"max-snippet:-1","max-image-preview":"max-image-preview:large","max-video-preview":"max-video-preview:-1"},"canonical":"https:\/\/hoyre.no\/volda\/ordforerkandidat\/","og_locale":"nn_NO","og_type":"article","og_title":"Sindre Rotevatn - ordf\u00f8rerkandidat - Volda H\u00f8gre","og_url":"https:\/\/hoyre.no\/volda\/ordforerkandidat\/","og_site_name":"Volda H\u00f8gre","article_modified_time":"2025-01-23T11:20:55+00:00","og_image":[{"url":"https:\/\/hoyre.no\/content\/uploads\/sites\/89\/2023\/06\/20230607_112939-1024x576.jpg","width":"","height":"","type":""}],"twitter_card":"summary_large_image","twitter_misc":{"Est. reading time":"2 minutt"},"schema":{"@context":"https:\/\/schema.org","@graph":[{"@type":"WebPage","@id":"https:\/\/hoyre.no\/volda\/ordforerkandidat\/","url":"https:\/\/hoyre.no\/volda\/ordforerkandidat\/","name":"Sindre Rotevatn - ordf\u00f8rerkandidat - Volda H\u00f8gre","isPartOf":{"@id":"https:\/\/hoyre.no\/volda\/#website"},"datePublished":"2023-06-07T20:00:01+00:00","dateModified":"2025-01-23T11:20:55+00:00","breadcrumb":{"@id":"https:\/\/hoyre.no\/volda\/ordforerkandidat\/#breadcrumb"},"inLanguage":"nn-NO","potentialAction":[{"@type":"ReadAction","target":["https:\/\/hoyre.no\/volda\/ordforerkandidat\/"]}]},{"@type":"BreadcrumbList","@id":"https:\/\/hoyre.no\/volda\/ordforerkandidat\/#breadcrumb","itemListElement":[{"@type":"ListItem","position":1,"name":"Til hoyre.no","item":"https:\/\/hoyre.no"},{"@type":"ListItem","position":2,"name":"Hjem","item":"https:\/\/hoyre.no\/volda\/"},{"@type":"ListItem","position":3,"name":"Sindre Rotevatn &#8211; ordf\u00f8rerkandidat"}]},{"@type":"WebSite","@id":"https:\/\/hoyre.no\/volda\/#website","url":"https:\/\/hoyre.no\/volda\/","name":"Volda H\u00f8gre","description":"Bare enda et H\u00f8yres nettsteder-nettsted","inLanguage":"nn-NO"}]}},"distributor_meta":false,"distributor_terms":false,"distributor_media":false,"distributor_original_site_name":"Volda H\u00f8gre","distributor_original_site_url":"https:\/\/hoyre.no\/volda","push-errors":false,"_links":{"self":[{"href":"https:\/\/hoyre.no\/volda\/wp-json\/wp\/v2\/pages\/43","targetHints":{"allow":["GET"]}}],"collection":[{"href":"https:\/\/hoyre.no\/volda\/wp-json\/wp\/v2\/pages"}],"about":[{"href":"https:\/\/hoyre.no\/volda\/wp-json\/wp\/v2\/types\/page"}],"author":[{"embeddable":true,"href":"https:\/\/hoyre.no\/volda\/wp-json\/wp\/v2\/users\/41878"}],"replies":[{"embeddable":true,"href":"https:\/\/hoyre.no\/volda\/wp-json\/wp\/v2\/comments?post=43"}],"version-history":[{"count":9,"href":"https:\/\/hoyre.no\/volda\/wp-json\/wp\/v2\/pages\/43\/revisions"}],"predecessor-version":[{"id":496,"href":"https:\/\/hoyre.no\/volda\/wp-json\/wp\/v2\/pages\/43\/revisions\/496"}],"wp:attachment":[{"href":"https:\/\/hoyre.no\/volda\/wp-json\/wp\/v2\/media?parent=43"}],"curies":[{"name":"wp","href":"https:\/\/api.w.org\/{rel}","templated":true}]}}